{"id":589,"date":"2017-07-18T01:22:58","date_gmt":"2017-07-17T23:22:58","guid":{"rendered":"http:\/\/test.grandascot.pl\/?page_id=589"},"modified":"2022-03-17T22:02:09","modified_gmt":"2022-03-17T21:02:09","slug":"sullhotel","status":"publish","type":"page","link":"https:\/\/grandascot.pl\/it\/sullhotel\/","title":{"rendered":"Sull&#8217;hotel"},"content":{"rendered":"\t<div class=\"section article article--align-center section--default\">\n\t\t<div class=\"section__content\"><\/p>\n<p class=\"supheading\">Grand Ascot \u00e8 sinonimo di prestigio<\/p>\n<h2 class=\"heading\">Il Vostro posto nel cuore di Cracovia<\/h2>\n<p>Scegliendo l\u2019Hotel Grand Ascot si pu\u00f2 sempre contare su una perfetta atmosfera e un servizio cordiale. Risiederete in un moderno ed elegante hotel di altissimo livello, dove il comfort e il benessere dei clienti sono priorit\u00e0 assolute. La nostra struttura \u00e8 situata in una via tranquilla e affascinante nel cuore di Cracovia. Di conseguenza, pur essendo sempre al centro degli eventi, il rumore della vivace citt\u00e0 non disturber\u00e0 il vostro riposo.<br \/>\nAgli ospiti che viaggiano in auto, offriamo l&#8217;opportunit\u00e0 di usufruire di un parcheggio sotterraneo a pagamento.<br \/>\n<\/div>\n\t<\/div>\n\t\n    <div class=\"side-image side-image--side-left side-image--color-default\">\n        <div class=\"side-image__content\">\n            <div class=\"row side-image__row\">\n                <div class=\"col side-image__col side-image__col--content\">\n\t\t\t\t\t<\/p>\n<p class=\"supheading\">Garantiamo<\/p>\n<h2 class=\"heading\">Gli standard pi\u00f9 elevati<\/h2>\n<p>L\u2019Hotel Grand Ascot \u00e8 un hotel prestigioso con i pi\u00f9 alti standard. L\u2019accostamento di un edificio storico ristrutturato con un nuovo edificio ha prodotto una perfetta combinazione di eleganza e modernit\u00e0. Gli interni arredati con gusto e le confortevoli camere vi garantiranno un soggiorno rilassante. Nel tempo libero, potrete rigenerarvi usufruendo della sauna o della sala fitness perfettamente attrezzata.<br \/>\n                <\/div>\n                <div class=\"col side-image__col side-image__col--image\">\n\t\t\t\t\t                        <img decoding=\"async\" data-src=\"https:\/\/grandascot.pl\/wp-content\/uploads\/2019\/04\/GrandAscot_09195.jpg\" alt=\"Grand Ascot Hotel - un boutique hotel nel centro di Cracovia\" height=\"420\" width=\"auto\" src=\"data:image\/svg+xml;base64,PHN2ZyB3aWR0aD0iMSIgaGVpZ2h0PSIxIiB4bWxucz0iaHR0cDovL3d3dy53My5vcmcvMjAwMC9zdmciPjwvc3ZnPg==\" class=\"lazyload\" style=\"--smush-placeholder-width: 1382px; --smush-placeholder-aspect-ratio: 1382\/922;\" \/>\n\t\t\t\t\t\n                <\/div>\n            <\/div>\n        <\/div>\n    <\/div>\n\t\n    <div class=\"side-image side-image--side-right side-image--color-white\">\n        <div class=\"side-image__content\">\n            <div class=\"row side-image__row\">\n                <div class=\"col side-image__col side-image__col--content\">\n\t\t\t\t\t<\/p>\n<p class=\"supheading\">Eccezionale<\/p>\n<h2 class=\"heading\">Localizzazione<\/h2>\n<p>L\u2019Hotel Grand Ascot \u00e8 situato in una via tranquilla e affascinante, nel cuore del centro storico di Cracovia. La nostra eccellente posizione vi far\u00e0 risparmiare tempo e vi consentir\u00e0 di organizzare in modo efficiente gli incontri con i vostri cari. Le maggiori attrazioni turistiche, come la Piazza principale [Rynek G\u0142\u00f3wny], il Palazzo dei Tessuti [Sukiennice] e il Castello di Wawel, sono a portata di mano, e la magia del centro storico e l&#8217;atmosfera unica di Cracovia le incontrate gi\u00e0 all\u2019uscita dall&#8217;hotel.<\/p>\n<p class=\"extra\">Piazza principale &#8211;\u00a0<strong>600 m<br \/>\n<\/strong>Castello Wawel &#8211;\u00a0<strong>1,3 km<\/strong><br \/>\nStazione principale &#8211;\u00a0<strong>1,5 km<\/strong><\/p>\n<p><a class=\"more\" href=\"https:\/\/grandascot.pl\/it\/contatto\/#mapa\">Consulta la mappa<\/a><br \/>\n                <\/div>\n                <div class=\"col side-image__col side-image__col--image\">\n\t\t\t\t\t                        <img decoding=\"async\" data-src=\"https:\/\/grandascot.pl\/wp-content\/uploads\/2019\/04\/GrandAscot_04705.jpg\" alt=\"Grand Ascot Hotel - un boutique hotel nel centro di Cracovia\" height=\"420\" width=\"auto\" src=\"data:image\/svg+xml;base64,PHN2ZyB3aWR0aD0iMSIgaGVpZ2h0PSIxIiB4bWxucz0iaHR0cDovL3d3dy53My5vcmcvMjAwMC9zdmciPjwvc3ZnPg==\" class=\"lazyload\" style=\"--smush-placeholder-width: 1382px; --smush-placeholder-aspect-ratio: 1382\/922;\" \/>\n\t\t\t\t\t\n                <\/div>\n            <\/div>\n        <\/div>\n    <\/div>\n\t\n    <div class=\"side-image side-image--side-left side-image--color-default\">\n        <div class=\"side-image__content\">\n            <div class=\"row side-image__row\">\n                <div class=\"col side-image__col side-image__col--content\">\n\t\t\t\t\t<\/p>\n<p class=\"supheading\">L\u2019Hotel Grand Ascot \u00e8&#8230;<\/p>\n<h2 class=\"heading\">Il miglior servizio<\/h2>\n<p>Il personale del Grand Ascot far\u00e0 del suo meglio affinch\u00e9 vi sentiate speciali e affinch\u00e9 il soggiorno nel nostro hotel soddisfi tutte le vostre aspettative. Ci prendiamo cura del vostro comfort, offrendo sempre camere pulite e piatti deliziosi. Saremo lieti di aiutarvi a organizzare il vostro tempo libero a Cracovia e nei dintorni, in modo che non dobbiate rinunciare ad alcuna tra le tante attrazioni; ci occupiamo delle gite e dei biglietti per le destinazioni turistiche pi\u00f9 famose. Offriamo suggerimenti su cosa vedere o dove trascorrere una serata libera.<br \/>\n                <\/div>\n                <div class=\"col side-image__col side-image__col--image\">\n\t\t\t\t\t                        <img decoding=\"async\" data-src=\"https:\/\/grandascot.pl\/wp-content\/uploads\/2019\/04\/GrandAscot_05878.jpg\" alt=\"Grand Ascot Hotel - un boutique hotel nel centro di Cracovia\" height=\"420\" width=\"auto\" src=\"data:image\/svg+xml;base64,PHN2ZyB3aWR0aD0iMSIgaGVpZ2h0PSIxIiB4bWxucz0iaHR0cDovL3d3dy53My5vcmcvMjAwMC9zdmciPjwvc3ZnPg==\" class=\"lazyload\" style=\"--smush-placeholder-width: 1382px; --smush-placeholder-aspect-ratio: 1382\/922;\" \/>\n\t\t\t\t\t\n                <\/div>\n            <\/div>\n        <\/div>\n    <\/div>\n\t\n\t<div class=\"testimonials\">\n\t\t<div class=\"testimonials__slider owl-carousel\">\n\t\t\t\t<div class=\"testimonial\">\n\t\t<div class=\"testimonial__content\">\n\t\t\tBella camera, elegante e pulita. Se dovessi tornare a Cracovia ritornerei sicuramente in questo hotel di nuovo.\t\t<\/div>\n\t\t<div class=\"testimonial__author\">\n\t\t\t- Marina dall'Italia, via Tripadvisor\t\t<\/div>\n\t<\/div>\n\t\t<div class=\"testimonial\">\n\t\t<div class=\"testimonial__content\">\n\t\t\tPulito e moderno hotel con un ottimo personale. Colazione meravigliosa.\t\t<\/div>\n\t\t<div class=\"testimonial__author\">\n\t\t\t- Noel Da Stati Uniti, via Booking.com\t\t<\/div>\n\t<\/div>\n\t\t<div class=\"testimonial\">\n\t\t<div class=\"testimonial__content\">\n\t\t\tBellissimo hotel. Posizione stupenda. Il personale era brillante. Ritorner\u00f2 sicuramente.\t\t<\/div>\n\t\t<div class=\"testimonial__author\">\n\t\t\t- Katie Dalla Gran Bretagna, via Booking.com\t\t<\/div>\n\t<\/div>\n\t\t<div class=\"testimonial\">\n\t\t<div class=\"testimonial__content\">\n\t\t\tLa colazione era deliziosa! Abbondanza di scelta, pancetta, uova, fagioli, continentale, cereali, pane, frutta, yogurt.\t\t<\/div>\n\t\t<div class=\"testimonial__author\">\n\t\t\t- Louise Dal Regno Unito, via Tripadvisor\t\t<\/div>\n\t<\/div>\n\t\t<div class=\"testimonial\">\n\t\t<div class=\"testimonial__content\">\n\t\t\tEdificio moderno, buona colazione, personale gentile servizio, a 5 minuti dalla Piazza del Mercato.\t\t<\/div>\n\t\t<div class=\"testimonial__author\">\n\t\t\t- Antonino dall'Italia, via Booking.com\t\t<\/div>\n\t<\/div>\n\t\t\t<\/div>\n\t<\/div>\n\t\n    <div class=\"slide-gallery\">\n        <h2 class=\"slide-gallery__title\">Galleria<\/h2>\n        <ul class=\"slide-gallery__list owl-carousel\">\n\t\t\t                <li class=\"slide-gallery__item\">\n                    <img decoding=\"async\" data-src=\"https:\/\/grandascot.pl\/wp-content\/uploads\/2019\/04\/GrandAscot_04708.jpg\"\n                         alt=\"Fasada budynku hotelu Grand Ascot w Krakowie\"\n                         width=\"1382\" height=\"922\" src=\"data:image\/svg+xml;base64,PHN2ZyB3aWR0aD0iMSIgaGVpZ2h0PSIxIiB4bWxucz0iaHR0cDovL3d3dy53My5vcmcvMjAwMC9zdmciPjwvc3ZnPg==\" class=\"lazyload\" style=\"--smush-placeholder-width: 1382px; --smush-placeholder-aspect-ratio: 1382\/922;\">\n                <\/li>\n\t\t\t                <li class=\"slide-gallery__item\">\n                    <img decoding=\"async\" data-src=\"https:\/\/grandascot.pl\/wp-content\/uploads\/2022\/03\/Restauracja-Four-sala.jpg\"\n                         alt=\"Sala Four inny widok\"\n                         width=\"1376\" height=\"917\" src=\"data:image\/svg+xml;base64,PHN2ZyB3aWR0aD0iMSIgaGVpZ2h0PSIxIiB4bWxucz0iaHR0cDovL3d3dy53My5vcmcvMjAwMC9zdmciPjwvc3ZnPg==\" class=\"lazyload\" style=\"--smush-placeholder-width: 1376px; --smush-placeholder-aspect-ratio: 1376\/917;\">\n                <\/li>\n\t\t\t                <li class=\"slide-gallery__item\">\n                    <img decoding=\"async\" data-src=\"https:\/\/grandascot.pl\/wp-content\/uploads\/2022\/03\/GrandAscot-sniadania-bufet.jpg\"\n                         alt=\"Dania na \u015bniadanie\"\n                         width=\"1376\" height=\"917\" src=\"data:image\/svg+xml;base64,PHN2ZyB3aWR0aD0iMSIgaGVpZ2h0PSIxIiB4bWxucz0iaHR0cDovL3d3dy53My5vcmcvMjAwMC9zdmciPjwvc3ZnPg==\" class=\"lazyload\" style=\"--smush-placeholder-width: 1376px; --smush-placeholder-aspect-ratio: 1376\/917;\">\n                <\/li>\n\t\t\t                <li class=\"slide-gallery__item\">\n                    <img decoding=\"async\" data-src=\"https:\/\/grandascot.pl\/wp-content\/uploads\/2022\/03\/RestauracjaFour-danie4.jpg\"\n                         alt=\"Danie w Four\"\n                         width=\"1376\" height=\"917\" src=\"data:image\/svg+xml;base64,PHN2ZyB3aWR0aD0iMSIgaGVpZ2h0PSIxIiB4bWxucz0iaHR0cDovL3d3dy53My5vcmcvMjAwMC9zdmciPjwvc3ZnPg==\" class=\"lazyload\" style=\"--smush-placeholder-width: 1376px; --smush-placeholder-aspect-ratio: 1376\/917;\">\n                <\/li>\n\t\t\t                <li class=\"slide-gallery__item\">\n                    <img decoding=\"async\" data-src=\"https:\/\/grandascot.pl\/wp-content\/uploads\/2022\/03\/GrandAscot-Wine-Bar.jpg\"\n                         alt=\"Wine & Spirits Bar\"\n                         width=\"1376\" height=\"917\" src=\"data:image\/svg+xml;base64,PHN2ZyB3aWR0aD0iMSIgaGVpZ2h0PSIxIiB4bWxucz0iaHR0cDovL3d3dy53My5vcmcvMjAwMC9zdmciPjwvc3ZnPg==\" class=\"lazyload\" style=\"--smush-placeholder-width: 1376px; --smush-placeholder-aspect-ratio: 1376\/917;\">\n                <\/li>\n\t\t\t                <li class=\"slide-gallery__item\">\n                    <img decoding=\"async\" data-src=\"https:\/\/grandascot.pl\/wp-content\/uploads\/2019\/04\/GrandAscot_02513.jpg\"\n                         alt=\"Strefa fitness w hotelu Grand Ascot w Krakowie\"\n                         width=\"1382\" height=\"922\" src=\"data:image\/svg+xml;base64,PHN2ZyB3aWR0aD0iMSIgaGVpZ2h0PSIxIiB4bWxucz0iaHR0cDovL3d3dy53My5vcmcvMjAwMC9zdmciPjwvc3ZnPg==\" class=\"lazyload\" style=\"--smush-placeholder-width: 1382px; --smush-placeholder-aspect-ratio: 1382\/922;\">\n                <\/li>\n\t\t\t                <li class=\"slide-gallery__item\">\n                    <img decoding=\"async\" data-src=\"https:\/\/grandascot.pl\/wp-content\/uploads\/2019\/04\/GrandAscot_08997.jpg\"\n                         alt=\"Sala konferencyjna w hotelu Grand Ascot\"\n                         width=\"1376\" height=\"918\" src=\"data:image\/svg+xml;base64,PHN2ZyB3aWR0aD0iMSIgaGVpZ2h0PSIxIiB4bWxucz0iaHR0cDovL3d3dy53My5vcmcvMjAwMC9zdmciPjwvc3ZnPg==\" class=\"lazyload\" style=\"--smush-placeholder-width: 1376px; --smush-placeholder-aspect-ratio: 1376\/918;\">\n                <\/li>\n\t\t\t                <li class=\"slide-gallery__item\">\n                    <img decoding=\"async\" data-src=\"https:\/\/grandascot.pl\/wp-content\/uploads\/2019\/04\/GrandAscot_04914.jpg\"\n                         alt=\"Luksusowy pok\u00f3j hotelowy z tarasem w centrum Krakowa - hotel klasy premium Grand Ascot w Krakowie\"\n                         width=\"1382\" height=\"922\" src=\"data:image\/svg+xml;base64,PHN2ZyB3aWR0aD0iMSIgaGVpZ2h0PSIxIiB4bWxucz0iaHR0cDovL3d3dy53My5vcmcvMjAwMC9zdmciPjwvc3ZnPg==\" class=\"lazyload\" style=\"--smush-placeholder-width: 1382px; --smush-placeholder-aspect-ratio: 1382\/922;\">\n                <\/li>\n\t\t\t                <li class=\"slide-gallery__item\">\n                    <img decoding=\"async\" data-src=\"https:\/\/grandascot.pl\/wp-content\/uploads\/2019\/04\/GrandAscot_04683.jpg\"\n                         alt=\"Ogr\u00f3dek w Restauracji Four w Krakowie\"\n                         width=\"1366\" height=\"910\" src=\"data:image\/svg+xml;base64,PHN2ZyB3aWR0aD0iMSIgaGVpZ2h0PSIxIiB4bWxucz0iaHR0cDovL3d3dy53My5vcmcvMjAwMC9zdmciPjwvc3ZnPg==\" class=\"lazyload\" style=\"--smush-placeholder-width: 1366px; --smush-placeholder-aspect-ratio: 1366\/910;\">\n                <\/li>\n\t\t\t        <\/ul>\n\n\t\t            <div class=\"slide-gallery__more\">\n                <a href=\"https:\/\/grandascot.pl\/it\/galleria\" class=\"more\">Guarda altre fotografie<\/a>\n            <\/div>\n\t\t    <\/div>\n\t\n","protected":false},"excerpt":{"rendered":"","protected":false},"author":1,"featured_media":0,"parent":0,"menu_order":0,"comment_status":"closed","ping_status":"closed","template":"","meta":{"_acf_changed":false,"footnotes":""},"class_list":["post-589","page","type-page","status-publish","hentry"],"acf":[],"yoast_head":"<!-- This site is optimized with the Yoast SEO Premium plugin v26.8 (Yoast SEO v27.4) - https:\/\/yoast.com\/product\/yoast-seo-premium-wordpress\/ -->\n<title>Un boutique hotel nel centro di Cracovia | Grand Ascot Hotel<\/title>\n<meta name=\"description\" content=\"Un boutique hotel nel centro di Cracovia. Al Grand Ascot puoi sempre contare su un&#039;ottima atmosfera e un servizio cordiale. In questo hotel moderno ed elegante, la convenienza e il benessere degli ospiti sono la massima priorit\u00e0.\" \/>\n<meta name=\"robots\" content=\"index, follow, max-snippet:-1, max-image-preview:large, max-video-preview:-1\" \/>\n<link rel=\"canonical\" href=\"https:\/\/grandascot.pl\/it\/sullhotel\/\" \/>\n<meta property=\"og:locale\" content=\"it_IT\" \/>\n<meta property=\"og:type\" content=\"article\" \/>\n<meta property=\"og:title\" content=\"Grand Ascot Hotel - un boutique hotel nel centro di Cracovia\" \/>\n<meta property=\"og:description\" content=\"Un boutique hotel nel centro di Cracovia. Al Grand Ascot puoi sempre contare su un&#039;ottima atmosfera e un servizio cordiale. In questo hotel moderno ed elegante, la convenienza e il benessere degli ospiti sono la massima priorit\u00e0.\" \/>\n<meta property=\"og:url\" content=\"https:\/\/grandascot.pl\/it\/sullhotel\/\" \/>\n<meta property=\"og:site_name\" content=\"Grand Ascot Hotel\" \/>\n<meta property=\"article:publisher\" content=\"https:\/\/www.facebook.com\/grandascothotel\/\" \/>\n<meta property=\"article:modified_time\" content=\"2022-03-17T21:02:09+00:00\" \/>\n<meta property=\"og:image\" content=\"https:\/\/grandascot.pl\/wp-content\/uploads\/2017\/07\/PM_05878.jpg\" \/>\n<meta name=\"twitter:card\" content=\"summary_large_image\" \/>\n<meta name=\"twitter:title\" content=\"Grand Ascot Hotel - un boutique hotel nel centro di Cracovia\" \/>\n<meta name=\"twitter:site\" content=\"@GrandAscot\" \/>\n<meta name=\"twitter:label1\" content=\"Tempo di lettura stimato\" \/>\n\t<meta name=\"twitter:data1\" content=\"3 minuto\" \/>\n<script type=\"application\/ld+json\" class=\"yoast-schema-graph\">{\"@context\":\"https:\\\/\\\/schema.org\",\"@graph\":[{\"@type\":\"WebPage\",\"@id\":\"https:\\\/\\\/grandascot.pl\\\/it\\\/sullhotel\\\/\",\"url\":\"https:\\\/\\\/grandascot.pl\\\/it\\\/sullhotel\\\/\",\"name\":\"Un boutique hotel nel centro di Cracovia | Grand Ascot Hotel\",\"isPartOf\":{\"@id\":\"https:\\\/\\\/grandascot.pl\\\/#website\"},\"datePublished\":\"2017-07-17T23:22:58+00:00\",\"dateModified\":\"2022-03-17T21:02:09+00:00\",\"description\":\"Un boutique hotel nel centro di Cracovia. Al Grand Ascot puoi sempre contare su un'ottima atmosfera e un servizio cordiale. In questo hotel moderno ed elegante, la convenienza e il benessere degli ospiti sono la massima priorit\u00e0.\",\"breadcrumb\":{\"@id\":\"https:\\\/\\\/grandascot.pl\\\/it\\\/sullhotel\\\/#breadcrumb\"},\"inLanguage\":\"it-IT\",\"potentialAction\":[{\"@type\":\"ReadAction\",\"target\":[\"https:\\\/\\\/grandascot.pl\\\/it\\\/sullhotel\\\/\"]}]},{\"@type\":\"BreadcrumbList\",\"@id\":\"https:\\\/\\\/grandascot.pl\\\/it\\\/sullhotel\\\/#breadcrumb\",\"itemListElement\":[{\"@type\":\"ListItem\",\"position\":1,\"name\":\"Strona g\u0142\u00f3wna\",\"item\":\"https:\\\/\\\/grandascot.pl\\\/it\\\/\"},{\"@type\":\"ListItem\",\"position\":2,\"name\":\"Sull&#8217;hotel\"}]},{\"@type\":\"WebSite\",\"@id\":\"https:\\\/\\\/grandascot.pl\\\/#website\",\"url\":\"https:\\\/\\\/grandascot.pl\\\/\",\"name\":\"Grand Ascot Hotel\",\"description\":\"Twoje miejsce w sercu Krakowa\",\"publisher\":{\"@id\":\"https:\\\/\\\/grandascot.pl\\\/#organization\"},\"potentialAction\":[{\"@type\":\"SearchAction\",\"target\":{\"@type\":\"EntryPoint\",\"urlTemplate\":\"https:\\\/\\\/grandascot.pl\\\/?s={search_term_string}\"},\"query-input\":{\"@type\":\"PropertyValueSpecification\",\"valueRequired\":true,\"valueName\":\"search_term_string\"}}],\"inLanguage\":\"it-IT\"},{\"@type\":\"Organization\",\"@id\":\"https:\\\/\\\/grandascot.pl\\\/#organization\",\"name\":\"Grand Ascot Hotel\",\"url\":\"https:\\\/\\\/grandascot.pl\\\/\",\"logo\":{\"@type\":\"ImageObject\",\"inLanguage\":\"it-IT\",\"@id\":\"https:\\\/\\\/grandascot.pl\\\/#\\\/schema\\\/logo\\\/image\\\/\",\"url\":\"https:\\\/\\\/grandascot.pl\\\/wp-content\\\/uploads\\\/2017\\\/12\\\/Grand-Ascot-logo-04.jpg\",\"contentUrl\":\"https:\\\/\\\/grandascot.pl\\\/wp-content\\\/uploads\\\/2017\\\/12\\\/Grand-Ascot-logo-04.jpg\",\"width\":1667,\"height\":1667,\"caption\":\"Grand Ascot Hotel\"},\"image\":{\"@id\":\"https:\\\/\\\/grandascot.pl\\\/#\\\/schema\\\/logo\\\/image\\\/\"},\"sameAs\":[\"https:\\\/\\\/www.facebook.com\\\/grandascothotel\\\/\",\"https:\\\/\\\/x.com\\\/GrandAscot\",\"https:\\\/\\\/www.instagram.com\\\/grandascot\\\/\",\"https:\\\/\\\/www.linkedin.com\\\/in\\\/grandascothotel\",\"https:\\\/\\\/www.youtube.com\\\/channel\\\/UCg9pe9yfqzzna8MahLl5PMQ\\\/\"]}]}<\/script>\n<!-- \/ Yoast SEO Premium plugin. -->","yoast_head_json":{"title":"Un boutique hotel nel centro di Cracovia | Grand Ascot Hotel","description":"Un boutique hotel nel centro di Cracovia. Al Grand Ascot puoi sempre contare su un'ottima atmosfera e un servizio cordiale. In questo hotel moderno ed elegante, la convenienza e il benessere degli ospiti sono la massima priorit\u00e0.","robots":{"index":"index","follow":"follow","max-snippet":"max-snippet:-1","max-image-preview":"max-image-preview:large","max-video-preview":"max-video-preview:-1"},"canonical":"https:\/\/grandascot.pl\/it\/sullhotel\/","og_locale":"it_IT","og_type":"article","og_title":"Grand Ascot Hotel - un boutique hotel nel centro di Cracovia","og_description":"Un boutique hotel nel centro di Cracovia. Al Grand Ascot puoi sempre contare su un'ottima atmosfera e un servizio cordiale. In questo hotel moderno ed elegante, la convenienza e il benessere degli ospiti sono la massima priorit\u00e0.","og_url":"https:\/\/grandascot.pl\/it\/sullhotel\/","og_site_name":"Grand Ascot Hotel","article_publisher":"https:\/\/www.facebook.com\/grandascothotel\/","article_modified_time":"2022-03-17T21:02:09+00:00","og_image":[{"url":"https:\/\/grandascot.pl\/wp-content\/uploads\/2017\/07\/PM_05878.jpg","type":"","width":"","height":""}],"twitter_card":"summary_large_image","twitter_title":"Grand Ascot Hotel - un boutique hotel nel centro di Cracovia","twitter_site":"@GrandAscot","twitter_misc":{"Tempo di lettura stimato":"3 minuto"},"schema":{"@context":"https:\/\/schema.org","@graph":[{"@type":"WebPage","@id":"https:\/\/grandascot.pl\/it\/sullhotel\/","url":"https:\/\/grandascot.pl\/it\/sullhotel\/","name":"Un boutique hotel nel centro di Cracovia | Grand Ascot Hotel","isPartOf":{"@id":"https:\/\/grandascot.pl\/#website"},"datePublished":"2017-07-17T23:22:58+00:00","dateModified":"2022-03-17T21:02:09+00:00","description":"Un boutique hotel nel centro di Cracovia. Al Grand Ascot puoi sempre contare su un'ottima atmosfera e un servizio cordiale. In questo hotel moderno ed elegante, la convenienza e il benessere degli ospiti sono la massima priorit\u00e0.","breadcrumb":{"@id":"https:\/\/grandascot.pl\/it\/sullhotel\/#breadcrumb"},"inLanguage":"it-IT","potentialAction":[{"@type":"ReadAction","target":["https:\/\/grandascot.pl\/it\/sullhotel\/"]}]},{"@type":"BreadcrumbList","@id":"https:\/\/grandascot.pl\/it\/sullhotel\/#breadcrumb","itemListElement":[{"@type":"ListItem","position":1,"name":"Strona g\u0142\u00f3wna","item":"https:\/\/grandascot.pl\/it\/"},{"@type":"ListItem","position":2,"name":"Sull&#8217;hotel"}]},{"@type":"WebSite","@id":"https:\/\/grandascot.pl\/#website","url":"https:\/\/grandascot.pl\/","name":"Grand Ascot Hotel","description":"Twoje miejsce w sercu Krakowa","publisher":{"@id":"https:\/\/grandascot.pl\/#organization"},"potentialAction":[{"@type":"SearchAction","target":{"@type":"EntryPoint","urlTemplate":"https:\/\/grandascot.pl\/?s={search_term_string}"},"query-input":{"@type":"PropertyValueSpecification","valueRequired":true,"valueName":"search_term_string"}}],"inLanguage":"it-IT"},{"@type":"Organization","@id":"https:\/\/grandascot.pl\/#organization","name":"Grand Ascot Hotel","url":"https:\/\/grandascot.pl\/","logo":{"@type":"ImageObject","inLanguage":"it-IT","@id":"https:\/\/grandascot.pl\/#\/schema\/logo\/image\/","url":"https:\/\/grandascot.pl\/wp-content\/uploads\/2017\/12\/Grand-Ascot-logo-04.jpg","contentUrl":"https:\/\/grandascot.pl\/wp-content\/uploads\/2017\/12\/Grand-Ascot-logo-04.jpg","width":1667,"height":1667,"caption":"Grand Ascot Hotel"},"image":{"@id":"https:\/\/grandascot.pl\/#\/schema\/logo\/image\/"},"sameAs":["https:\/\/www.facebook.com\/grandascothotel\/","https:\/\/x.com\/GrandAscot","https:\/\/www.instagram.com\/grandascot\/","https:\/\/www.linkedin.com\/in\/grandascothotel","https:\/\/www.youtube.com\/channel\/UCg9pe9yfqzzna8MahLl5PMQ\/"]}]}},"_links":{"self":[{"href":"https:\/\/grandascot.pl\/it\/wp-json\/wp\/v2\/pages\/589","targetHints":{"allow":["GET"]}}],"collection":[{"href":"https:\/\/grandascot.pl\/it\/wp-json\/wp\/v2\/pages"}],"about":[{"href":"https:\/\/grandascot.pl\/it\/wp-json\/wp\/v2\/types\/page"}],"author":[{"embeddable":true,"href":"https:\/\/grandascot.pl\/it\/wp-json\/wp\/v2\/users\/1"}],"replies":[{"embeddable":true,"href":"https:\/\/grandascot.pl\/it\/wp-json\/wp\/v2\/comments?post=589"}],"version-history":[{"count":13,"href":"https:\/\/grandascot.pl\/it\/wp-json\/wp\/v2\/pages\/589\/revisions"}],"predecessor-version":[{"id":4399,"href":"https:\/\/grandascot.pl\/it\/wp-json\/wp\/v2\/pages\/589\/revisions\/4399"}],"wp:attachment":[{"href":"https:\/\/grandascot.pl\/it\/wp-json\/wp\/v2\/media?parent=589"}],"curies":[{"name":"wp","href":"https:\/\/api.w.org\/{rel}","templated":true}]}}