{"id":581,"date":"2017-07-18T00:55:07","date_gmt":"2017-07-17T22:55:07","guid":{"rendered":"http:\/\/test.grandascot.pl\/?page_id=581"},"modified":"2020-09-28T16:25:09","modified_gmt":"2020-09-28T14:25:09","slug":"feste-e-convegni","status":"publish","type":"page","link":"https:\/\/grandascot.pl\/it\/feste-e-convegni\/","title":{"rendered":"Ricevimenti e conferenze"},"content":{"rendered":"\t<div class=\"section article article--align-center section--default\">\n\t\t<div class=\"section__content\"><\/p>\n<p class=\"supheading\">Ambienti per riunioni<\/p>\n<h2 class=\"heading\">Servizio professionale e attento<\/h2>\n<p>L\u2019Hotel Grand Ascot offre strutture attrezzate per conferenze, organizzazione professionale di conferenze, riunioni e celebrazioni familiari, con un servizio gastronomico completo.<br \/>\nLe nostre sale moderne ed eleganti, con aria condizionata sono ideali per grandi ricevimenti o riunioni di lavoro ristrette. Forniamo attrezzature tecniche professionali con illuminazione adeguata, dispositivi multimediali di alta qualit\u00e0 e accesso a Internet ad alta velocit\u00e0 (cablato e wireless). Ci occupiamo noi delle bevande e dei deliziosi piatti. Il menu, che \u00e8 di competenza del nostro rinomato chef, sar\u00e0 su misura per le esigenze della riunione.<\/p>\n<p class=\"subheading\">Offriamo, a Vostra disposizione:<\/p>\n<p>\t<div class=\"features\">\n\t\t<div class=\"owl-carousel\">\n\t\t\t\t<div class=\"feature\">\n\t\t<div class=\"feature__bg\">\n\t\t\t4\t\t<\/div>\n\t\t<div class=\"feature__body\">\n\t\t\t<div class=\"v-center\">\n\t\t\t\t<div class=\"v-center__content\">\n\t\t\t\t\t<div class=\"feature__content\">\n\t\t\t\t\t\tSale per conferenze\t\t\t\t\t<\/div>\n\t\t\t\t<\/div>\n\t\t\t<\/div>\n\t\t<\/div>\n\t<\/div>\n\t\t<div class=\"feature\">\n\t\t<div class=\"feature__bg\">\n\t\t\t130\t\t<\/div>\n\t\t<div class=\"feature__body\">\n\t\t\t<div class=\"v-center\">\n\t\t\t\t<div class=\"v-center__content\">\n\t\t\t\t\t<div class=\"feature__content\">\n\t\t\t\t\t\tPosti a sedere\t\t\t\t\t<\/div>\n\t\t\t\t<\/div>\n\t\t\t<\/div>\n\t\t<\/div>\n\t<\/div>\n\t\t<div class=\"feature\">\n\t\t<div class=\"feature__bg\">\n\t\t\t3\t\t<\/div>\n\t\t<div class=\"feature__body\">\n\t\t\t<div class=\"v-center\">\n\t\t\t\t<div class=\"v-center__content\">\n\t\t\t\t\t<div class=\"feature__content\">\n\t\t\t\t\t\tElementi di consumo\t\t\t\t\t<\/div>\n\t\t\t\t<\/div>\n\t\t\t<\/div>\n\t\t<\/div>\n\t<\/div>\n\t\t\t<\/div>\n\t<\/div>\n\t<br \/>\n<\/div>\n\t<\/div>\n\t\n    <div class=\"side-image side-image--side-left side-image--color-default\">\n        <div class=\"side-image__content\">\n            <div class=\"row side-image__row\">\n                <div class=\"col side-image__col side-image__col--content\">\n\t\t\t\t\t<\/p>\n<p class=\"supheading\">Sala con 100 posti<\/p>\n<h2 class=\"heading\">Copernicus<\/h2>\n<p>Perfetta per grandi celebrazioni familiari, conferenze e corsi di formazione. Troverete in essa tutte le attrezzature necessarie durante le presentazioni: proiettore multimediale, schermo, pannello per il controllo dei dispositivi e dell&#8217;illuminazione, sistema audio e lavagna a fogli mobili. Gli eleganti interni climatizzati e i dispositivi di alta qualit\u00e0 impressioneranno gli invitati, mentre le attrezzature moderne e la connessione Internet ad alta velocit\u00e0 garantiranno il regolare svolgimento degli incontri.<\/p>\n<p class=\"foot\"><a class=\"more\" href=\"#konferencje\">Verifica la disponibilit\u00e0<\/a><\/p>\n<p>                <\/div>\n                <div class=\"col side-image__col side-image__col--image\">\n\t\t\t\t\t                        <ul class=\"side-image__slider owl-carousel\">\n\t\t\t\t\t\t\t                                <div class=\"side-image__slider-item\">\n                                    <img decoding=\"async\" data-src=\"https:\/\/grandascot.pl\/wp-content\/uploads\/2019\/04\/GrandAscot_08997.jpg\" alt=\"Sala konferencyjna w hotelu Grand Ascot\"\n                                         width=\"1376\" height=\"918\" src=\"data:image\/svg+xml;base64,PHN2ZyB3aWR0aD0iMSIgaGVpZ2h0PSIxIiB4bWxucz0iaHR0cDovL3d3dy53My5vcmcvMjAwMC9zdmciPjwvc3ZnPg==\" class=\"lazyload\" style=\"--smush-placeholder-width: 1376px; --smush-placeholder-aspect-ratio: 1376\/918;\">\n                                <\/div>\n\t\t\t\t\t\t\t\t                                <div class=\"side-image__slider-item\">\n                                    <img decoding=\"async\" data-src=\"https:\/\/grandascot.pl\/wp-content\/uploads\/2019\/04\/GrandAscot_09131.jpg\" alt=\"Materia\u0142y na konferencji w hotelu w centrum Krakowa\"\n                                         width=\"1382\" height=\"922\" src=\"data:image\/svg+xml;base64,PHN2ZyB3aWR0aD0iMSIgaGVpZ2h0PSIxIiB4bWxucz0iaHR0cDovL3d3dy53My5vcmcvMjAwMC9zdmciPjwvc3ZnPg==\" class=\"lazyload\" style=\"--smush-placeholder-width: 1382px; --smush-placeholder-aspect-ratio: 1382\/922;\">\n                                <\/div>\n\t\t\t\t\t\t\t\t                                <div class=\"side-image__slider-item\">\n                                    <img decoding=\"async\" data-src=\"https:\/\/grandascot.pl\/wp-content\/uploads\/2019\/04\/GrandAscot_09091.jpg\" alt=\"Sala konferencyjna w hotelu Grand Ascot\"\n                                         width=\"1382\" height=\"922\" src=\"data:image\/svg+xml;base64,PHN2ZyB3aWR0aD0iMSIgaGVpZ2h0PSIxIiB4bWxucz0iaHR0cDovL3d3dy53My5vcmcvMjAwMC9zdmciPjwvc3ZnPg==\" class=\"lazyload\" style=\"--smush-placeholder-width: 1382px; --smush-placeholder-aspect-ratio: 1382\/922;\">\n                                <\/div>\n\t\t\t\t\t\t\t\t                                <div class=\"side-image__slider-item\">\n                                    <img decoding=\"async\" data-src=\"https:\/\/grandascot.pl\/wp-content\/uploads\/2019\/04\/GrandAscot_08874.jpg\" alt=\"Sala konferencyjna w hotelu Grand Ascot w Krakowie\"\n                                         width=\"1371\" height=\"914\" src=\"data:image\/svg+xml;base64,PHN2ZyB3aWR0aD0iMSIgaGVpZ2h0PSIxIiB4bWxucz0iaHR0cDovL3d3dy53My5vcmcvMjAwMC9zdmciPjwvc3ZnPg==\" class=\"lazyload\" style=\"--smush-placeholder-width: 1371px; --smush-placeholder-aspect-ratio: 1371\/914;\">\n                                <\/div>\n\t\t\t\t\t\t\t\t                        <\/ul>\n\t\t\t\t\t\n                <\/div>\n            <\/div>\n        <\/div>\n    <\/div>\n\t\n    <div class=\"side-image side-image--side-right side-image--color-white\">\n        <div class=\"side-image__content\">\n            <div class=\"row side-image__row\">\n                <div class=\"col side-image__col side-image__col--content\">\n\t\t\t\t\t<\/p>\n<p class=\"supheading\">Sala con 24 posti<\/p>\n<h2 class=\"heading\">Einstein<\/h2>\n<p>Una sala elegante e raccolta, decisamente appropriata per piccoli corsi di formazione e grandi incontri d\u2019affari. L\u2019ambiente confortevole, con climatizzazione, garantisce ai partecipanti il comfort anche in caso di riunioni di lunga durata, mentre le attrezzature audiovisive di alta qualit\u00e0 e l\u2019accesso a Internet ad alta velocit\u00e0 introducono negli incontri una dimensione moderna.<\/p>\n<p class=\"foot\"><a class=\"more\" href=\"#konferencje\">Verifica la disponibilit\u00e0<\/a><\/p>\n<p>                <\/div>\n                <div class=\"col side-image__col side-image__col--image\">\n\t\t\t\t\t                        <ul class=\"side-image__slider owl-carousel\">\n\t\t\t\t\t\t\t                                <div class=\"side-image__slider-item\">\n                                    <img decoding=\"async\" data-src=\"https:\/\/grandascot.pl\/wp-content\/uploads\/2019\/04\/GrandAscot_03999.jpg\" alt=\"Kameralna sala konferencyjna w hotelu Grand Ascot\"\n                                         width=\"1200\" height=\"800\" src=\"data:image\/svg+xml;base64,PHN2ZyB3aWR0aD0iMSIgaGVpZ2h0PSIxIiB4bWxucz0iaHR0cDovL3d3dy53My5vcmcvMjAwMC9zdmciPjwvc3ZnPg==\" class=\"lazyload\" style=\"--smush-placeholder-width: 1200px; --smush-placeholder-aspect-ratio: 1200\/800;\">\n                                <\/div>\n\t\t\t\t\t\t\t\t                        <\/ul>\n\t\t\t\t\t\n                <\/div>\n            <\/div>\n        <\/div>\n    <\/div>\n\t\n    <div class=\"side-image side-image--side-left side-image--color-default\">\n        <div class=\"side-image__content\">\n            <div class=\"row side-image__row\">\n                <div class=\"col side-image__col side-image__col--content\">\n\t\t\t\t\t<\/p>\n<p class=\"supheading\">Sala con 6 posti<\/p>\n<h2 class=\"heading\">Newton<\/h2>\n<p>Moderno ambiente arredato con gusto, ideale per riunioni di piccoli gruppi. Dotato di un tavolo da conferenza, di comodi posti a sedere e di un televisore LCD, crea l&#8217;atmosfera ideale per gli incontri d\u2019affari.<\/p>\n<p class=\"foot\"><a class=\"more\" href=\"#konferencje\">Verifica la disponibilit\u00e0<\/a><\/p>\n<p>                <\/div>\n                <div class=\"col side-image__col side-image__col--image\">\n\t\t\t\t\t                        <ul class=\"side-image__slider owl-carousel\">\n\t\t\t\t\t\t\t                                <div class=\"side-image__slider-item\">\n                                    <img decoding=\"async\" data-src=\"https:\/\/grandascot.pl\/wp-content\/uploads\/2019\/04\/GrandAscot_04515.jpg\" alt=\"Meeting room w hotelu w centrum Krakowa\"\n                                         width=\"1200\" height=\"800\" src=\"data:image\/svg+xml;base64,PHN2ZyB3aWR0aD0iMSIgaGVpZ2h0PSIxIiB4bWxucz0iaHR0cDovL3d3dy53My5vcmcvMjAwMC9zdmciPjwvc3ZnPg==\" class=\"lazyload\" style=\"--smush-placeholder-width: 1200px; --smush-placeholder-aspect-ratio: 1200\/800;\">\n                                <\/div>\n\t\t\t\t\t\t\t\t                        <\/ul>\n\t\t\t\t\t\n                <\/div>\n            <\/div>\n        <\/div>\n    <\/div>\n\t\n    <div class=\"side-image side-image--side-right side-image--color-white\">\n        <div class=\"side-image__content\">\n            <div class=\"row side-image__row\">\n                <div class=\"col side-image__col side-image__col--content\">\n\t\t\t\t\t<\/p>\n<p class=\"supheading\">Sala con 4 posti<\/p>\n<h2 class=\"heading\">Edison<\/h2>\n<p>Rilassatevi in un ambiente arredato con gusto, dotato di televisore LCD, con un divano elegante e comode poltrone. Questa sala \u00e8 ideale per ristretti incontri privati in piccoli gruppi.<\/p>\n<p class=\"foot\"><a class=\"more\" href=\"#konferencje\">Verifica la disponibilit\u00e0<\/a><\/p>\n<p>                <\/div>\n                <div class=\"col side-image__col side-image__col--image\">\n\t\t\t\t\t                        <ul class=\"side-image__slider owl-carousel\">\n\t\t\t\t\t\t\t                                <div class=\"side-image__slider-item\">\n                                    <img decoding=\"async\" data-src=\"https:\/\/grandascot.pl\/wp-content\/uploads\/2019\/04\/GrandAscot_04419.jpg\" alt=\"Grand Ascot Edison room\"\n                                         width=\"1200\" height=\"800\" src=\"data:image\/svg+xml;base64,PHN2ZyB3aWR0aD0iMSIgaGVpZ2h0PSIxIiB4bWxucz0iaHR0cDovL3d3dy53My5vcmcvMjAwMC9zdmciPjwvc3ZnPg==\" class=\"lazyload\" style=\"--smush-placeholder-width: 1200px; --smush-placeholder-aspect-ratio: 1200\/800;\">\n                                <\/div>\n\t\t\t\t\t\t\t\t                        <\/ul>\n\t\t\t\t\t\n                <\/div>\n            <\/div>\n        <\/div>\n    <\/div>\n\t\n    <div class=\"side-image side-image--side-left side-image--color-default\">\n        <div class=\"side-image__content\">\n            <div class=\"row side-image__row\">\n                <div class=\"col side-image__col side-image__col--content\">\n\t\t\t\t\t<\/p>\n<p class=\"supheading\">Ulteriori servizi<\/p>\n<h2 class=\"heading\">Servizio di ristorazione<\/h2>\n<p>L\u2019Hotel Grand Ascot \u00e8 il luogo in cui trovare una cucina eccellente e un&#8217;atmosfera unica. Gli interni moderni ed eleganti impressioneranno i vostri ospiti e il men\u00f9 di prelibatezze della cucina europea, sulla cui preparazione sovrintende il nostro chef, sar\u00e0 in grado di soddisfare sia gli amanti dei piatti tradizionali polacchi che di altre proposte pi\u00f9 esotiche.<br \/>\nIl nostro elegante e spazioso Ristorante Four pu\u00f2 ospitare fino a 70 persone, cosicch\u00e9 \u00e8 possibile organizzare sia ricevimenti per matrimoni e compleanni, che feste aziendali. A seconda delle esigenze, offriamo anche la possibilit\u00e0 di preparare e servire bevande e pasti nel Wine &#038; Spirits Bar dell&#8217;hotel, o direttamente nelle sale per conferenze e banchetti.<\/p>\n<p>                <\/div>\n                <div class=\"col side-image__col side-image__col--image\">\n\t\t\t\t\t                        <ul class=\"side-image__slider owl-carousel\">\n\t\t\t\t\t\t\t                                <div class=\"side-image__slider-item\">\n                                    <img decoding=\"async\" data-src=\"https:\/\/grandascot.pl\/wp-content\/uploads\/2019\/04\/GrandAscot_04059.jpg\" alt=\"Lunch w hotelu Grand Ascot w centrum Krakowa\"\n                                         width=\"1200\" height=\"800\" src=\"data:image\/svg+xml;base64,PHN2ZyB3aWR0aD0iMSIgaGVpZ2h0PSIxIiB4bWxucz0iaHR0cDovL3d3dy53My5vcmcvMjAwMC9zdmciPjwvc3ZnPg==\" class=\"lazyload\" style=\"--smush-placeholder-width: 1200px; --smush-placeholder-aspect-ratio: 1200\/800;\">\n                                <\/div>\n\t\t\t\t\t\t\t\t                        <\/ul>\n\t\t\t\t\t\n                <\/div>\n            <\/div>\n        <\/div>\n    <\/div>\n\t\n","protected":false},"excerpt":{"rendered":"","protected":false},"author":1,"featured_media":0,"parent":0,"menu_order":0,"comment_status":"closed","ping_status":"closed","template":"","meta":{"_acf_changed":false,"footnotes":""},"class_list":["post-581","page","type-page","status-publish","hentry"],"acf":[],"yoast_head":"<!-- This site is optimized with the Yoast SEO Premium plugin v26.8 (Yoast SEO v27.4) - https:\/\/yoast.com\/product\/yoast-seo-premium-wordpress\/ -->\n<title>Grand Ascot Hotel - Sale per conferenze Cracovia Centro<\/title>\n<meta name=\"description\" content=\"Sale per conferenze Cracovia Centro. Offriamo sale per conferenze e banchetti moderne, eleganti e con aria condizionata, ideali per grandi feste e riunioni di lavoro. Forniamo strutture per conferenze ben attrezzate, offriamo assistenza professionale nell&#039;organizzazione di conferenze, riunioni e feste di famiglia, nonch\u00e9 i loro servizi di catering completi.\" \/>\n<meta name=\"robots\" content=\"index, follow, max-snippet:-1, max-image-preview:large, max-video-preview:-1\" \/>\n<link rel=\"canonical\" href=\"https:\/\/grandascot.pl\/it\/feste-e-convegni\/\" \/>\n<meta property=\"og:locale\" content=\"it_IT\" \/>\n<meta property=\"og:type\" content=\"article\" \/>\n<meta property=\"og:title\" content=\"Grand Ascot Hotel - Sale per conferenze Cracovia Centro\" \/>\n<meta property=\"og:description\" content=\"Sale per conferenze Cracovia Centro. Offriamo sale per conferenze e banchetti moderne, eleganti e con aria condizionata, ideali per grandi feste e riunioni di lavoro. Forniamo strutture per conferenze ben attrezzate, offriamo assistenza professionale nell&#039;organizzazione di conferenze, riunioni e feste di famiglia, nonch\u00e9 i loro servizi di catering completi.\" \/>\n<meta property=\"og:url\" content=\"https:\/\/grandascot.pl\/it\/feste-e-convegni\/\" \/>\n<meta property=\"og:site_name\" content=\"Grand Ascot Hotel\" \/>\n<meta property=\"article:publisher\" content=\"https:\/\/www.facebook.com\/grandascothotel\/\" \/>\n<meta property=\"article:modified_time\" content=\"2020-09-28T14:25:09+00:00\" \/>\n<meta property=\"og:image\" content=\"https:\/\/grandascot.pl\/wp-content\/uploads\/2017\/07\/PM_08997-1.jpg\" \/>\n<meta name=\"twitter:card\" content=\"summary_large_image\" \/>\n<meta name=\"twitter:title\" content=\"Grand Ascot Hotel - Sale per conferenze Cracovia Centro\" \/>\n<meta name=\"twitter:site\" content=\"@GrandAscot\" \/>\n<meta name=\"twitter:label1\" content=\"Tempo di lettura stimato\" \/>\n\t<meta name=\"twitter:data1\" content=\"2 minuto\" \/>\n<script type=\"application\/ld+json\" class=\"yoast-schema-graph\">{\"@context\":\"https:\\\/\\\/schema.org\",\"@graph\":[{\"@type\":\"WebPage\",\"@id\":\"https:\\\/\\\/grandascot.pl\\\/it\\\/feste-e-convegni\\\/\",\"url\":\"https:\\\/\\\/grandascot.pl\\\/it\\\/feste-e-convegni\\\/\",\"name\":\"Grand Ascot Hotel - Sale per conferenze Cracovia Centro\",\"isPartOf\":{\"@id\":\"https:\\\/\\\/grandascot.pl\\\/#website\"},\"datePublished\":\"2017-07-17T22:55:07+00:00\",\"dateModified\":\"2020-09-28T14:25:09+00:00\",\"description\":\"Sale per conferenze Cracovia Centro. Offriamo sale per conferenze e banchetti moderne, eleganti e con aria condizionata, ideali per grandi feste e riunioni di lavoro. Forniamo strutture per conferenze ben attrezzate, offriamo assistenza professionale nell'organizzazione di conferenze, riunioni e feste di famiglia, nonch\u00e9 i loro servizi di catering completi.\",\"breadcrumb\":{\"@id\":\"https:\\\/\\\/grandascot.pl\\\/it\\\/feste-e-convegni\\\/#breadcrumb\"},\"inLanguage\":\"it-IT\",\"potentialAction\":[{\"@type\":\"ReadAction\",\"target\":[\"https:\\\/\\\/grandascot.pl\\\/it\\\/feste-e-convegni\\\/\"]}]},{\"@type\":\"BreadcrumbList\",\"@id\":\"https:\\\/\\\/grandascot.pl\\\/it\\\/feste-e-convegni\\\/#breadcrumb\",\"itemListElement\":[{\"@type\":\"ListItem\",\"position\":1,\"name\":\"Strona g\u0142\u00f3wna\",\"item\":\"https:\\\/\\\/grandascot.pl\\\/it\\\/\"},{\"@type\":\"ListItem\",\"position\":2,\"name\":\"Ricevimenti e conferenze\"}]},{\"@type\":\"WebSite\",\"@id\":\"https:\\\/\\\/grandascot.pl\\\/#website\",\"url\":\"https:\\\/\\\/grandascot.pl\\\/\",\"name\":\"Grand Ascot Hotel\",\"description\":\"Twoje miejsce w sercu Krakowa\",\"publisher\":{\"@id\":\"https:\\\/\\\/grandascot.pl\\\/#organization\"},\"potentialAction\":[{\"@type\":\"SearchAction\",\"target\":{\"@type\":\"EntryPoint\",\"urlTemplate\":\"https:\\\/\\\/grandascot.pl\\\/?s={search_term_string}\"},\"query-input\":{\"@type\":\"PropertyValueSpecification\",\"valueRequired\":true,\"valueName\":\"search_term_string\"}}],\"inLanguage\":\"it-IT\"},{\"@type\":\"Organization\",\"@id\":\"https:\\\/\\\/grandascot.pl\\\/#organization\",\"name\":\"Grand Ascot Hotel\",\"url\":\"https:\\\/\\\/grandascot.pl\\\/\",\"logo\":{\"@type\":\"ImageObject\",\"inLanguage\":\"it-IT\",\"@id\":\"https:\\\/\\\/grandascot.pl\\\/#\\\/schema\\\/logo\\\/image\\\/\",\"url\":\"https:\\\/\\\/grandascot.pl\\\/wp-content\\\/uploads\\\/2017\\\/12\\\/Grand-Ascot-logo-04.jpg\",\"contentUrl\":\"https:\\\/\\\/grandascot.pl\\\/wp-content\\\/uploads\\\/2017\\\/12\\\/Grand-Ascot-logo-04.jpg\",\"width\":1667,\"height\":1667,\"caption\":\"Grand Ascot Hotel\"},\"image\":{\"@id\":\"https:\\\/\\\/grandascot.pl\\\/#\\\/schema\\\/logo\\\/image\\\/\"},\"sameAs\":[\"https:\\\/\\\/www.facebook.com\\\/grandascothotel\\\/\",\"https:\\\/\\\/x.com\\\/GrandAscot\",\"https:\\\/\\\/www.instagram.com\\\/grandascot\\\/\",\"https:\\\/\\\/www.linkedin.com\\\/in\\\/grandascothotel\",\"https:\\\/\\\/www.youtube.com\\\/channel\\\/UCg9pe9yfqzzna8MahLl5PMQ\\\/\"]}]}<\/script>\n<!-- \/ Yoast SEO Premium plugin. -->","yoast_head_json":{"title":"Grand Ascot Hotel - Sale per conferenze Cracovia Centro","description":"Sale per conferenze Cracovia Centro. Offriamo sale per conferenze e banchetti moderne, eleganti e con aria condizionata, ideali per grandi feste e riunioni di lavoro. Forniamo strutture per conferenze ben attrezzate, offriamo assistenza professionale nell'organizzazione di conferenze, riunioni e feste di famiglia, nonch\u00e9 i loro servizi di catering completi.","robots":{"index":"index","follow":"follow","max-snippet":"max-snippet:-1","max-image-preview":"max-image-preview:large","max-video-preview":"max-video-preview:-1"},"canonical":"https:\/\/grandascot.pl\/it\/feste-e-convegni\/","og_locale":"it_IT","og_type":"article","og_title":"Grand Ascot Hotel - Sale per conferenze Cracovia Centro","og_description":"Sale per conferenze Cracovia Centro. Offriamo sale per conferenze e banchetti moderne, eleganti e con aria condizionata, ideali per grandi feste e riunioni di lavoro. Forniamo strutture per conferenze ben attrezzate, offriamo assistenza professionale nell'organizzazione di conferenze, riunioni e feste di famiglia, nonch\u00e9 i loro servizi di catering completi.","og_url":"https:\/\/grandascot.pl\/it\/feste-e-convegni\/","og_site_name":"Grand Ascot Hotel","article_publisher":"https:\/\/www.facebook.com\/grandascothotel\/","article_modified_time":"2020-09-28T14:25:09+00:00","og_image":[{"url":"https:\/\/grandascot.pl\/wp-content\/uploads\/2017\/07\/PM_08997-1.jpg","type":"","width":"","height":""}],"twitter_card":"summary_large_image","twitter_title":"Grand Ascot Hotel - Sale per conferenze Cracovia Centro","twitter_site":"@GrandAscot","twitter_misc":{"Tempo di lettura stimato":"2 minuto"},"schema":{"@context":"https:\/\/schema.org","@graph":[{"@type":"WebPage","@id":"https:\/\/grandascot.pl\/it\/feste-e-convegni\/","url":"https:\/\/grandascot.pl\/it\/feste-e-convegni\/","name":"Grand Ascot Hotel - Sale per conferenze Cracovia Centro","isPartOf":{"@id":"https:\/\/grandascot.pl\/#website"},"datePublished":"2017-07-17T22:55:07+00:00","dateModified":"2020-09-28T14:25:09+00:00","description":"Sale per conferenze Cracovia Centro. Offriamo sale per conferenze e banchetti moderne, eleganti e con aria condizionata, ideali per grandi feste e riunioni di lavoro. Forniamo strutture per conferenze ben attrezzate, offriamo assistenza professionale nell'organizzazione di conferenze, riunioni e feste di famiglia, nonch\u00e9 i loro servizi di catering completi.","breadcrumb":{"@id":"https:\/\/grandascot.pl\/it\/feste-e-convegni\/#breadcrumb"},"inLanguage":"it-IT","potentialAction":[{"@type":"ReadAction","target":["https:\/\/grandascot.pl\/it\/feste-e-convegni\/"]}]},{"@type":"BreadcrumbList","@id":"https:\/\/grandascot.pl\/it\/feste-e-convegni\/#breadcrumb","itemListElement":[{"@type":"ListItem","position":1,"name":"Strona g\u0142\u00f3wna","item":"https:\/\/grandascot.pl\/it\/"},{"@type":"ListItem","position":2,"name":"Ricevimenti e conferenze"}]},{"@type":"WebSite","@id":"https:\/\/grandascot.pl\/#website","url":"https:\/\/grandascot.pl\/","name":"Grand Ascot Hotel","description":"Twoje miejsce w sercu Krakowa","publisher":{"@id":"https:\/\/grandascot.pl\/#organization"},"potentialAction":[{"@type":"SearchAction","target":{"@type":"EntryPoint","urlTemplate":"https:\/\/grandascot.pl\/?s={search_term_string}"},"query-input":{"@type":"PropertyValueSpecification","valueRequired":true,"valueName":"search_term_string"}}],"inLanguage":"it-IT"},{"@type":"Organization","@id":"https:\/\/grandascot.pl\/#organization","name":"Grand Ascot Hotel","url":"https:\/\/grandascot.pl\/","logo":{"@type":"ImageObject","inLanguage":"it-IT","@id":"https:\/\/grandascot.pl\/#\/schema\/logo\/image\/","url":"https:\/\/grandascot.pl\/wp-content\/uploads\/2017\/12\/Grand-Ascot-logo-04.jpg","contentUrl":"https:\/\/grandascot.pl\/wp-content\/uploads\/2017\/12\/Grand-Ascot-logo-04.jpg","width":1667,"height":1667,"caption":"Grand Ascot Hotel"},"image":{"@id":"https:\/\/grandascot.pl\/#\/schema\/logo\/image\/"},"sameAs":["https:\/\/www.facebook.com\/grandascothotel\/","https:\/\/x.com\/GrandAscot","https:\/\/www.instagram.com\/grandascot\/","https:\/\/www.linkedin.com\/in\/grandascothotel","https:\/\/www.youtube.com\/channel\/UCg9pe9yfqzzna8MahLl5PMQ\/"]}]}},"_links":{"self":[{"href":"https:\/\/grandascot.pl\/it\/wp-json\/wp\/v2\/pages\/581","targetHints":{"allow":["GET"]}}],"collection":[{"href":"https:\/\/grandascot.pl\/it\/wp-json\/wp\/v2\/pages"}],"about":[{"href":"https:\/\/grandascot.pl\/it\/wp-json\/wp\/v2\/types\/page"}],"author":[{"embeddable":true,"href":"https:\/\/grandascot.pl\/it\/wp-json\/wp\/v2\/users\/1"}],"replies":[{"embeddable":true,"href":"https:\/\/grandascot.pl\/it\/wp-json\/wp\/v2\/comments?post=581"}],"version-history":[{"count":7,"href":"https:\/\/grandascot.pl\/it\/wp-json\/wp\/v2\/pages\/581\/revisions"}],"predecessor-version":[{"id":1990,"href":"https:\/\/grandascot.pl\/it\/wp-json\/wp\/v2\/pages\/581\/revisions\/1990"}],"wp:attachment":[{"href":"https:\/\/grandascot.pl\/it\/wp-json\/wp\/v2\/media?parent=581"}],"curies":[{"name":"wp","href":"https:\/\/api.w.org\/{rel}","templated":true}]}}