{"id":1099,"date":"2018-06-28T15:37:27","date_gmt":"2018-06-28T13:37:27","guid":{"rendered":"http:\/\/grandascot.pl\/?page_id=1099"},"modified":"2024-03-12T19:20:40","modified_gmt":"2024-03-12T18:20:40","slug":"politica-della-privacy","status":"publish","type":"page","link":"https:\/\/grandascot.pl\/it\/politica-della-privacy\/","title":{"rendered":"Politica della privacy"},"content":{"rendered":"<h2>1. Informazioni generali<\/h2>\n<ol>\n<li>Il gestore del sito\u00a0<a href=\"https:\/\/grandascot.pl\/it\">grandascot.pl<\/a> (di seguito: il Sito) e l&#8217;amministratore dei dati personali raccolti nel Sito \u00e8 Grand Ascot Wrzecionek Sp\u00f3\u0142ka Jawna con sede legale a Cracovia (31-123), in ul. J\u00f3zefa Szujskiego 4, iscritto nel registro del commercio tenuto dal tribunale distrettuale per Krak\u00f3w \u2013 \u015ar\u00f3dmie\u015bcie a Cracovia, XI Sezione Commerciale del Registro Nazionale delle Imprese [KRS], con il numero KRS 0000768091 (di seguito: Gestore del Sito).<\/li>\n<li>Gestore del Sito garantisce la conformit\u00e0 del trattamento dei fati personali degli utenti del Sito (di seguito: Utente) con le norme in vigore, tra cui il regolamento (UE) n. 2016\/679 del Parlamento europeo e del Consiglio, del 27 aprile 2016, relativo alla protezione delle persone fisiche con riguardo al trattamento dei dati personali.<\/li>\n<li>Il Sito esegue le funzioni di raccolta di informazioni sugli Utenti e sul loro comportamento<br \/>\nnel seguente modo:<\/p>\n<ul>\n<li>mediante informazioni volontariamente inserite nei moduli,<\/li>\n<li>mediante i file cookie memorizzati sui dispositivi finali,<\/li>\n<li>raccogliendo i log del server web che opera all&#8217;indirizzo\u00a0<a href=\"https:\/\/grandascot.pl\/it\">grandascot.pl<\/a><\/li>\n<\/ul>\n<\/li>\n<li>Sul Sito sono presenti anche collegamenti a portali di social network; per informazioni sulle politiche della privacy applicati da tali portali, vi invitiamo a visitare i siti web dei soggetti che gestiscono tali servizi.<\/li>\n<li>Il Sito non prende decisioni automatizzate sulla base di dati personali, cos\u00ec come non esegue la profilazione.<\/li>\n<\/ol>\n<h2>2. Informazioni nei moduli<\/h2>\n<ol>\n<li>Il Sito raccoglie informazioni fornite su base volontaria dall&#8217;Utente.<\/li>\n<li>Il Sito pu\u00f2 inoltre memorizzare informazioni sui parametri di connessione (data e ora, indirizzo IP).<\/li>\n<li>I dati forniti nel modulo vengono trattati ai fini legati alla funzionalit\u00e0 di un dato modulo, ad esempio per l&#8217;elaborazione del processo di prenotazione di servizi alberghieri e servizi aggiuntivi, richieste di disponibilit\u00e0, contatti commerciali, servizi di pagamento.<\/li>\n<\/ol>\n<h2>3. Finalit\u00e0 del trattamento dei dati<\/h2>\n<ol>\n<li>Il conferimento dei dati personali da parte dell&#8217;Utente \u00e8 avviene su base volontaria, ma \u00e8 necessario per effettuare richieste di disponibilit\u00e0, prenotare i servizi e realizzarli, registrarsi in un hotel gestito dal Gestore del Sito (di seguito: hotel), realizzare servizi forniti presso l&#8217;hotel, rispondere a domande relative ai servizi. Il conferimento dei dati personali \u00e8 un obbligo contrattuale nonch\u00e9 legale (documentando il servizio con la fattura). Il mancato conferimento dei dati personali render\u00e0 impossibile effettuare prenotazioni, stipulare un contratto con l&#8217;hotel, registrarsi presso l&#8217;hotel, emettere fatture e realizzare i servizi aggiuntivi forniti dall&#8217;hotel.<\/li>\n<li>I dati personali degli Utenti sono trattati dal Gestore del Sito per le finalit\u00e0 legate alla realizzazione di servizi alberghieri o altri servizi simili, che sono forniti su richiesta dell&#8217;Utente in hotel, anche in particolare per al fine di:\n<ul>\n<li>richiedere la disponibilit\u00e0 dei servizi,<\/li>\n<li>consentire di rispondere alle domande sui servizi e sulla loro realizzazione,<\/li>\n<li>effettuare prenotazioni di servizi,<\/li>\n<li>realizzare tutti i servizi forniti presso l&#8217;hotel,<\/li>\n<li>garantire la sicurezza,<\/li>\n<li>concludere o eseguire un contratto di cui l&#8217;Utente \u00e8 parte o agire su richiesta dell&#8217;Utente prima della stipula del contratto, inviare informazioni commerciali mediante comunicazione elettronica,<\/li>\n<li>documentare l&#8217;esecuzione dei servizi a fini fiscali,<\/li>\n<li>presentare ricorsi,<\/li>\n<li>soddisfare l&#8217;obbligo legale a carico del Gestore del Sito,<\/li>\n<li>inviare offerte commerciali e di marketing qualora l&#8217;Utente abbia acconsentito al trattamento dei dati personali per finalit\u00e0 di marketing.<\/li>\n<\/ul>\n<\/li>\n<li>Inoltre, i dati personali possono essere trattati mediante videosorveglianza utilizzata dall&#8217;hotel per proteggere la propriet\u00e0 e la sicurezza degli ospiti e delle persone presenti presso l&#8217;hotel. La base giuridica per il trattamento dei dati mediante videosorveglianza \u00e8 la tutela degli interessi vitali degli ospiti dell&#8217;hotel e di altre persone fisiche, nonch\u00e9 interesse legittimo del Gestore del Sito.<\/li>\n<\/ol>\n<h2>4. Condivisione, memorizzazione e accesso ai dati<\/h2>\n<ol>\n<li>I dati degli Utenti sono resi disponibili a soggetti terzi solo nei limiti consentiti dalla legge.<\/li>\n<li>I dati personali dell&#8217;Utente possono essere messi a disposizione in particolare alle seguenti categorie di destinatari:\n<ul>\n<li>studi contabili, compagnie assicurative e studi legali che collaborano con il Gestore del Sito,<\/li>\n<li>corrieri e societ\u00e0 postali,<\/li>\n<li>agenzie di viaggi che collaborano con il Gestore del Sito,<\/li>\n<li>societ\u00e0 di hosting e IT, nonch\u00e9 societ\u00e0 che forniscono supporto nella gestione dell&#8217;infrastruttura informatica del Gestore del Sito,<\/li>\n<li>soggetti che partecipano alle procedure di supporto necessarie per la realizzazione dei servizi dell&#8217;hotel, compresi servizi di pagamento e servizi forniti per via elettronica,<\/li>\n<li>collaboratori del Gestore del Sito che forniscono servizi, in particolare quelli relativi alla gestione e alla realizzazione diretta delle prenotazioni,<\/li>\n<li>autorit\u00e0 pubbliche od organismi che eseguono funzioni pubbliche, legittimati in conformit\u00e0 alle norme applicabili a ricevere dati personali.<\/li>\n<\/ul>\n<\/li>\n<li>Il Gestore del Sito non condivide i dati degli Utenti con soggetti terzi per finalit\u00e0 di marketing n\u00e9 li trasmette a soggetti di paesi non appartenenti all&#8217;Unione Europea, a meno che tali paesi non garantiscano una un&#8217;equivalente protezione dei dati personali.<\/li>\n<li>Il Gestore del Sito collabora con portali finalizzati alla prenotazione di alloggi online (es. <a href=\"https:\/\/www.booking.com\">booking.com<\/a>) ed \u00e8 responsabile del contenuto del sito web al fine di consentire le prenotazioni di servizi alberghieri direttamente attraverso tali portali, tuttavia le prenotazioni vengono elaborate dai portali di prenotazione. In questo modo, le informazioni fornite dagli utenti sui portali di prenotazione saranno condivise con tali portali e con i partner ad essi associati.<\/li>\n<li>In caso di consenso al trattamento dei dati da parte dell&#8217;Utente, il Gestore del Sito memorizza tali dati fino al loro ritiro. Negli altri casi, il Gestore del Sito memorizza i dati per il tempo necessario a realizzare lo scopo per il quale sono stati raccolti, in particolare fino alla scadenza dei termini di prescrizione dei crediti fiscali o di azioni risarcitorie di diritto civile relativi ai servizi realizzati dal Gestore del Sito.<\/li>\n<li>All&#8217;Utente spetta il diritto di:\n<ul>\n<li>accedere al contenuto dei propri dati personali, ovvero ha la possibilit\u00e0 di richiedere al Gestore del Sito il tipo di dati dell&#8217;Utente trattati e di ottenere informazioni sulle finalit\u00e0, la categoria dei dati trattati e i destinatari dei dati dell&#8217;utente,<\/li>\n<li>esigere la rettifica dei propri dati qualora siano inesatti o incompleti,<\/li>\n<li>revocare il consenso al trattamento dei dati in qualsiasi momento, fatta salva la legittimit\u00e0 del trattamento effettuato prima della revoca del consenso,<\/li>\n<li>opporsi al trattamento dei dati se il Gestore del Sito intende trattarli per finalit\u00e0 di marketing o per trasmettere i dati ad un altro amministratore dei dati,<\/li>\n<li>esigere la cancellazione dei propri dati quando non sono pi\u00f9 necessari alle finalit\u00e0 per i quali sono stati raccolti, o quando l&#8217;Utente ha revocato il consenso su cui si basa il trattamento e non esiste altra base giuridica per il trattamento, o quando i dati sono trattati in modo non conforme alla legge,<\/li>\n<li>richiedere la limitazione del trattamento dei propri dati nell&#8217;ambito specificato dalla legge e il trasferimento dei propri dati a un altro amministratore o allo Stato,<\/li>\n<li>presentare un reclamo presso l&#8217;autorit\u00e0 di controllo \u2013 il Presidente dell&#8217;Ufficio per la Protezione dei Dati Personali, contro le violazioni delle norme sulla protezione dei dati personali.<\/li>\n<\/ul>\n<\/li>\n<li>Per le questioni riguardanti il trattamento dei dati personali dell&#8217;Utente, \u00e8 possibile contattarci al seguente indirizzo e-mail: <a href=\"mailto:biuro@grandascot.pl\">biuro@grandascot.pl<\/a>.<\/li>\n<\/ol>\n<h2>5. Informativa sui cookie<\/h2>\n<ol>\n<li>Il Sito utilizza i file cookie.<\/li>\n<li>I cookies costituiscono dati informatici, in particolare file di testo, che vengono memorizzati nel dispositivo finale dell&#8217;Utente e sono destinati ad essere utilizzati da parte dei siti web del Sito. I cookie contengono solitamente il nome del sito web da cui provengono, la durata della loro memorizzazione sul dispositivo finale e un numero univoco.<\/li>\n<li>Il soggetto che inserisce i cookie sul dispositivo finale dell&#8217;Utente e che ottiene l&#8217;accesso \u00e8 il Gestore del Sito.<\/li>\n<li>I cookie vengono utilizzati per i seguenti scopi:\n<ul>\n<li>adattare il contenuto delle pagine del Sito alle preferenze dell&#8217;Utente e ottimizzare l&#8217;utilizzo del Sito; in particolare, questi file consentono di riconoscere il dispositivo dell&#8217;Utente del Sito e di visualizzare adeguatamente il sito web adattato alle sue esigenze individuali,<\/li>\n<li>statistici, che consentono di migliorare la struttura e il contenuto del Sito; l&#8217;analisi delle statistiche \u00e8 anonima e permette di adattare il Sito alle tendenze prevalenti, e viene altres\u00ec utilizzata per valutare la popolarit\u00e0 della pagina web del Sito,<\/li>\n<li>mantenere la sessione dell&#8217;Utente del Sito (dopo l&#8217;accesso), grazie alla quale egli non dovr\u00e0 reinserire il login e la password su ogni sottopagina del Sito,<\/li>\n<li>opportunit\u00e0 di intraprendere azioni di marketing<\/li>\n<li>a seconda della finalit\u00e0 del trattamento, affidiamo i dati raccolti ai nostri partner:<\/li>\n<ul>\n<li>Delante Marketing Sp z o.o. \u2013 per ottimizzare il nostro sito web grandascot.pl<\/li>\n<li>Sojern Intl Ltd \u2013 per utilizzare strumenti e campagne di remarketing, inclusi i social media<\/li>\n<li>Google LLC \u2013 per utilizzare servizi come Google Analitics, Google Tag Manager, Google Search Console<\/li>\n<li>Meta, Inc. \u2013 per utilizzare servizi di remarketing, come Meta Pixel<\/li>\n<\/ul>\n<\/ul>\n<\/li>\n<li>All&#8217;interno del Sito vengono utilizzati due tipi principali di cookie: &#8220;di sessione&#8221; (session cookies) e cookie &#8220;permanenti&#8221; (persistent cookies).I cookie &#8220;di sessione&#8221; sono file temporanei che vengono memorizzati sul dispositivo finale dell&#8217;Utente fino a quando non si disconnette, abbandona la pagina web o spegne il software (browser).I cookie &#8220;permanenti&#8221; vengono memorizzati nel dispositivo finale dell&#8217;Utente per il periodo specificato nei parametri dei file cookie o fino a quando non vengono eliminati dall&#8217;Utente.<\/li>\n<li>Per impostazione predefinita, il software di navigazione web (browser) solitamente consente di memorizzare i cookie sul dispositivo finale dell&#8217;Utente. Gli utenti del Sito possono modificare le impostazioni in questo ambito. Il browser consente di eliminare i cookie. \u00c8 possibile anche bloccare automaticamente i cookie. Per ulteriori informazioni in proposito, consultare la guida o la documentazione del browser internet.<\/li>\n<li>Le restrizioni sull&#8217;uso dei cookie possono influire su alcune funzionalit\u00e0 disponibili sulle pagine web del Sito.<\/li>\n<li>I cookies presenti nel dispositivo finale dell&#8217;Utente del Sito possono essere utilizzati anche da inserzionisti e partner che collaborano con il Gestore del Sito \u2013 le loro pagine web operano indipendentemente dal Sito e non sono in alcun modo supervisionati dal Gestore del Sito, e il Gestore del Servizio non si assume la responsabilit\u00e0 per le regole di trattamento dei dati all&#8217;interno di tali pagine. Si consiglia di prendere conoscenza delle politiche della privacy di queste aziende per scoprire le regole di utilizzo i cookie utilizzati nelle statistiche: Politica di protezione della privacy Google Analytics.<\/li>\n<li>I cookie possono essere utilizzati da reti pubblicitarie, in particolare dalla rete Google, per visualizzare annunci pubblicitari adattati su misura per l&#8217;utilizzo del Sito da parte dell&#8217;Utente. A tal fine, possono memorizzare informazioni sul percorso di navigazione dell&#8217;Utente o sul tempo di permanenza in una determinata pagina. Per quanto riguarda le informazioni sulle preferenze dell&#8217;Utente raccolte dalla rete pubblicitaria di Google, l&#8217;Utente pu\u00f2 visualizzare e modificare le informazioni risultanti dai cookie utilizzando il seguente strumento: <a href=\"https:\/\/www.google.com\/ads\/preferences\">https:\/\/www.google.com\/ads\/preferences<\/a>.<\/li>\n<\/ol>\n<h2>6. Log del Sito<\/h2>\n<ol>\n<li>Le informazioni su determinati comportamenti degli Utenti sono soggette all&#8217;accesso a livello di server. Tali dati vengono utilizzati allo scopo esclusivo di amministrare il Sito e di garantire un supporto quanto pi\u00f9 efficiente dei servizi di hosting forniti.<\/li>\n<li>\u00a0Le risorse visualizzate sono identificate attraverso gli indirizzi URL. Inoltre, possono essere soggetti a registrazione:\n<ul>\n<li>data e ora della richiesta,<\/li>\n<li>data e ora della risposta,<\/li>\n<li>nome della stazione del client \u2013 identificazione eseguita tramite protocollo HTTP o HTTPS,<\/li>\n<li>informazioni sugli errori verificatisi nell&#8217;esecuzione di operazioni HTTP o HTTPS,<\/li>\n<li>indirizzo URL della pagina precedentemente visitata dall&#8217;Utente (referer link) \u2013 nel caso in cui l&#8217;accesso al Servizio sia stato effettuato tramite un link,<\/li>\n<li>informazioni sul browser dell&#8217;Utente,<\/li>\n<li>informazioni sull&#8217;indirizzo IP dell&#8217;Utente.<\/li>\n<\/ul>\n<\/li>\n<li>I suddetti dati non sono associati a persone specifiche che navigano sul sito.<\/li>\n<li>Questi dati vengono utilizzati solo per finalit\u00e0 di amministrazione del server.<\/li>\n<\/ol>\n<h2>7. Modifica della politica della privacy<\/h2>\n<p>La politica della privacy viene verificata su base continuativa e, se necessario, aggiornata. Ci riserviamo il diritto di modificare e aggiornare la politica della privacy pubblicando nuovi contenuti sul nostro sito web, se richiesto dalla legge applicabile o dalle condizioni tecnologiche di funzionamento del Sito. Invitiamo a controllare regolarmente il nostro sito web per eventuali aggiornamenti alla nostra politica della privacy.<\/p>\n<p>I nostri dati di contatto, compresi quelli per le questioni relative alla presente politica della privacy, sono forniti nella sezione\u00a0<a href=\"https:\/\/grandascot.pl\/it\/contatto\/\">Contatti<\/a> del sito web del Sito.<\/p>\n","protected":false},"excerpt":{"rendered":"<p>1. Informazioni generali Il gestore del sito\u00a0grandascot.pl (di seguito: il Sito) e l&#8217;amministratore dei dati personali raccolti nel Sito \u00e8 Grand Ascot Wrzecionek Sp\u00f3\u0142ka Jawna con sede legale a Cracovia (31-123), in ul. J\u00f3zefa Szujskiego 4, iscritto nel registro del commercio tenuto dal tribunale distrettuale per Krak\u00f3w \u2013 \u015ar\u00f3dmie\u015bcie a Cracovia, XI Sezione Commerciale del [&hellip;]<\/p>\n","protected":false},"author":2,"featured_media":0,"parent":0,"menu_order":0,"comment_status":"closed","ping_status":"closed","template":"polityka-prywatnosci.php","meta":{"_acf_changed":false,"footnotes":""},"class_list":["post-1099","page","type-page","status-publish","hentry"],"acf":[],"yoast_head":"<!-- This site is optimized with the Yoast SEO Premium plugin v26.8 (Yoast SEO v27.3) - https:\/\/yoast.com\/product\/yoast-seo-premium-wordpress\/ -->\n<title>Politica della privacy | Grand Ascot Hotel<\/title>\n<meta name=\"description\" content=\"Politica della privacy grandascot.pl\" \/>\n<meta name=\"robots\" content=\"noindex, nofollow\" \/>\n<meta property=\"og:locale\" content=\"it_IT\" \/>\n<meta property=\"og:type\" content=\"article\" \/>\n<meta property=\"og:title\" content=\"Politica della privacy\" \/>\n<meta property=\"og:description\" content=\"Politica della privacy grandascot.pl\" \/>\n<meta property=\"og:url\" content=\"https:\/\/grandascot.pl\/it\/politica-della-privacy\/\" \/>\n<meta property=\"og:site_name\" content=\"Grand Ascot Hotel\" \/>\n<meta property=\"article:publisher\" content=\"https:\/\/www.facebook.com\/grandascothotel\/\" \/>\n<meta property=\"article:modified_time\" content=\"2024-03-12T18:20:40+00:00\" \/>\n<meta name=\"twitter:card\" content=\"summary_large_image\" \/>\n<meta name=\"twitter:site\" content=\"@GrandAscot\" \/>\n<meta name=\"twitter:label1\" content=\"Tempo di lettura stimato\" \/>\n\t<meta name=\"twitter:data1\" content=\"12 minuto\" \/>\n<script type=\"application\/ld+json\" class=\"yoast-schema-graph\">{\"@context\":\"https:\\\/\\\/schema.org\",\"@graph\":[{\"@type\":\"WebPage\",\"@id\":\"https:\\\/\\\/grandascot.pl\\\/it\\\/politica-della-privacy\\\/\",\"url\":\"https:\\\/\\\/grandascot.pl\\\/it\\\/politica-della-privacy\\\/\",\"name\":\"Politica della privacy | Grand Ascot Hotel\",\"isPartOf\":{\"@id\":\"https:\\\/\\\/grandascot.pl\\\/#website\"},\"datePublished\":\"2018-06-28T13:37:27+00:00\",\"dateModified\":\"2024-03-12T18:20:40+00:00\",\"description\":\"Politica della privacy grandascot.pl\",\"breadcrumb\":{\"@id\":\"https:\\\/\\\/grandascot.pl\\\/it\\\/politica-della-privacy\\\/#breadcrumb\"},\"inLanguage\":\"it-IT\",\"potentialAction\":[{\"@type\":\"ReadAction\",\"target\":[\"https:\\\/\\\/grandascot.pl\\\/it\\\/politica-della-privacy\\\/\"]}]},{\"@type\":\"BreadcrumbList\",\"@id\":\"https:\\\/\\\/grandascot.pl\\\/it\\\/politica-della-privacy\\\/#breadcrumb\",\"itemListElement\":[{\"@type\":\"ListItem\",\"position\":1,\"name\":\"Strona g\u0142\u00f3wna\",\"item\":\"https:\\\/\\\/grandascot.pl\\\/it\\\/\"},{\"@type\":\"ListItem\",\"position\":2,\"name\":\"Politica della privacy\"}]},{\"@type\":\"WebSite\",\"@id\":\"https:\\\/\\\/grandascot.pl\\\/#website\",\"url\":\"https:\\\/\\\/grandascot.pl\\\/\",\"name\":\"Grand Ascot Hotel\",\"description\":\"Twoje miejsce w sercu Krakowa\",\"publisher\":{\"@id\":\"https:\\\/\\\/grandascot.pl\\\/#organization\"},\"potentialAction\":[{\"@type\":\"SearchAction\",\"target\":{\"@type\":\"EntryPoint\",\"urlTemplate\":\"https:\\\/\\\/grandascot.pl\\\/?s={search_term_string}\"},\"query-input\":{\"@type\":\"PropertyValueSpecification\",\"valueRequired\":true,\"valueName\":\"search_term_string\"}}],\"inLanguage\":\"it-IT\"},{\"@type\":\"Organization\",\"@id\":\"https:\\\/\\\/grandascot.pl\\\/#organization\",\"name\":\"Grand Ascot Hotel\",\"url\":\"https:\\\/\\\/grandascot.pl\\\/\",\"logo\":{\"@type\":\"ImageObject\",\"inLanguage\":\"it-IT\",\"@id\":\"https:\\\/\\\/grandascot.pl\\\/#\\\/schema\\\/logo\\\/image\\\/\",\"url\":\"https:\\\/\\\/grandascot.pl\\\/wp-content\\\/uploads\\\/2017\\\/12\\\/Grand-Ascot-logo-04.jpg\",\"contentUrl\":\"https:\\\/\\\/grandascot.pl\\\/wp-content\\\/uploads\\\/2017\\\/12\\\/Grand-Ascot-logo-04.jpg\",\"width\":1667,\"height\":1667,\"caption\":\"Grand Ascot Hotel\"},\"image\":{\"@id\":\"https:\\\/\\\/grandascot.pl\\\/#\\\/schema\\\/logo\\\/image\\\/\"},\"sameAs\":[\"https:\\\/\\\/www.facebook.com\\\/grandascothotel\\\/\",\"https:\\\/\\\/x.com\\\/GrandAscot\",\"https:\\\/\\\/www.instagram.com\\\/grandascot\\\/\",\"https:\\\/\\\/www.linkedin.com\\\/in\\\/grandascothotel\",\"https:\\\/\\\/www.youtube.com\\\/channel\\\/UCg9pe9yfqzzna8MahLl5PMQ\\\/\"]}]}<\/script>\n<!-- \/ Yoast SEO Premium plugin. -->","yoast_head_json":{"title":"Politica della privacy | Grand Ascot Hotel","description":"Politica della privacy grandascot.pl","robots":{"index":"noindex","follow":"nofollow"},"og_locale":"it_IT","og_type":"article","og_title":"Politica della privacy","og_description":"Politica della privacy grandascot.pl","og_url":"https:\/\/grandascot.pl\/it\/politica-della-privacy\/","og_site_name":"Grand Ascot Hotel","article_publisher":"https:\/\/www.facebook.com\/grandascothotel\/","article_modified_time":"2024-03-12T18:20:40+00:00","twitter_card":"summary_large_image","twitter_site":"@GrandAscot","twitter_misc":{"Tempo di lettura stimato":"12 minuto"},"schema":{"@context":"https:\/\/schema.org","@graph":[{"@type":"WebPage","@id":"https:\/\/grandascot.pl\/it\/politica-della-privacy\/","url":"https:\/\/grandascot.pl\/it\/politica-della-privacy\/","name":"Politica della privacy | Grand Ascot Hotel","isPartOf":{"@id":"https:\/\/grandascot.pl\/#website"},"datePublished":"2018-06-28T13:37:27+00:00","dateModified":"2024-03-12T18:20:40+00:00","description":"Politica della privacy grandascot.pl","breadcrumb":{"@id":"https:\/\/grandascot.pl\/it\/politica-della-privacy\/#breadcrumb"},"inLanguage":"it-IT","potentialAction":[{"@type":"ReadAction","target":["https:\/\/grandascot.pl\/it\/politica-della-privacy\/"]}]},{"@type":"BreadcrumbList","@id":"https:\/\/grandascot.pl\/it\/politica-della-privacy\/#breadcrumb","itemListElement":[{"@type":"ListItem","position":1,"name":"Strona g\u0142\u00f3wna","item":"https:\/\/grandascot.pl\/it\/"},{"@type":"ListItem","position":2,"name":"Politica della privacy"}]},{"@type":"WebSite","@id":"https:\/\/grandascot.pl\/#website","url":"https:\/\/grandascot.pl\/","name":"Grand Ascot Hotel","description":"Twoje miejsce w sercu Krakowa","publisher":{"@id":"https:\/\/grandascot.pl\/#organization"},"potentialAction":[{"@type":"SearchAction","target":{"@type":"EntryPoint","urlTemplate":"https:\/\/grandascot.pl\/?s={search_term_string}"},"query-input":{"@type":"PropertyValueSpecification","valueRequired":true,"valueName":"search_term_string"}}],"inLanguage":"it-IT"},{"@type":"Organization","@id":"https:\/\/grandascot.pl\/#organization","name":"Grand Ascot Hotel","url":"https:\/\/grandascot.pl\/","logo":{"@type":"ImageObject","inLanguage":"it-IT","@id":"https:\/\/grandascot.pl\/#\/schema\/logo\/image\/","url":"https:\/\/grandascot.pl\/wp-content\/uploads\/2017\/12\/Grand-Ascot-logo-04.jpg","contentUrl":"https:\/\/grandascot.pl\/wp-content\/uploads\/2017\/12\/Grand-Ascot-logo-04.jpg","width":1667,"height":1667,"caption":"Grand Ascot Hotel"},"image":{"@id":"https:\/\/grandascot.pl\/#\/schema\/logo\/image\/"},"sameAs":["https:\/\/www.facebook.com\/grandascothotel\/","https:\/\/x.com\/GrandAscot","https:\/\/www.instagram.com\/grandascot\/","https:\/\/www.linkedin.com\/in\/grandascothotel","https:\/\/www.youtube.com\/channel\/UCg9pe9yfqzzna8MahLl5PMQ\/"]}]}},"_links":{"self":[{"href":"https:\/\/grandascot.pl\/it\/wp-json\/wp\/v2\/pages\/1099","targetHints":{"allow":["GET"]}}],"collection":[{"href":"https:\/\/grandascot.pl\/it\/wp-json\/wp\/v2\/pages"}],"about":[{"href":"https:\/\/grandascot.pl\/it\/wp-json\/wp\/v2\/types\/page"}],"author":[{"embeddable":true,"href":"https:\/\/grandascot.pl\/it\/wp-json\/wp\/v2\/users\/2"}],"replies":[{"embeddable":true,"href":"https:\/\/grandascot.pl\/it\/wp-json\/wp\/v2\/comments?post=1099"}],"version-history":[{"count":8,"href":"https:\/\/grandascot.pl\/it\/wp-json\/wp\/v2\/pages\/1099\/revisions"}],"predecessor-version":[{"id":6889,"href":"https:\/\/grandascot.pl\/it\/wp-json\/wp\/v2\/pages\/1099\/revisions\/6889"}],"wp:attachment":[{"href":"https:\/\/grandascot.pl\/it\/wp-json\/wp\/v2\/media?parent=1099"}],"curies":[{"name":"wp","href":"https:\/\/api.w.org\/{rel}","templated":true}]}}