{"id":472,"date":"2017-07-14T04:45:37","date_gmt":"2017-07-14T02:45:37","guid":{"rendered":"http:\/\/test.grandascot.pl\/?page_id=472"},"modified":"2020-09-28T16:24:30","modified_gmt":"2020-09-28T14:24:30","slug":"receptions-et-conferences","status":"publish","type":"page","link":"https:\/\/grandascot.pl\/fr\/receptions-et-conferences\/","title":{"rendered":"R\u00e9ceptions et conf\u00e9rences"},"content":{"rendered":"\t<div class=\"section article article--align-center section--default\">\n\t\t<div class=\"section__content\"><\/p>\n<p class=\"supheading\">Lieux de rencontres<\/p>\n<h2 class=\"heading\">Service professionnel et attentionn\u00e9<\/h2>\n<p>L\u2019h\u00f4tel Grand Ascot offre des installations de conf\u00e9rence professionnelles, l\u2019organisation experte de conf\u00e9rences, r\u00e9unions et f\u00eates de famille, ainsi que le service de restauration complet lors de ces \u00e9v\u00e9nements.<br \/>\nNos salles climatis\u00e9es, modernes et \u00e9l\u00e9gantes, sont id\u00e9ales pour de grandes r\u00e9ceptions et de petites r\u00e9unions d\u2019affaires. Nous assurons les installations techniques professionnelles : \u00e9clairage appropri\u00e9, \u00e9quipement multim\u00e9dia haut de gamme et acc\u00e8s rapide \u00e0 Internet (par c\u00e2ble et sans fil). Nous nous occuperons des boissons, des plats savoureux, et le menu, auquel veille un chef de cuisine renomm\u00e9, sera adapt\u00e9 aux besoins de la rencontre.<\/p>\n<p class=\"subheading\">Nous mettons \u00e0 votre disposition:<\/p>\n<p>\t<div class=\"features\">\n\t\t<div class=\"owl-carousel\">\n\t\t\t\t<div class=\"feature\">\n\t\t<div class=\"feature__bg\">\n\t\t\t4\t\t<\/div>\n\t\t<div class=\"feature__body\">\n\t\t\t<div class=\"v-center\">\n\t\t\t\t<div class=\"v-center__content\">\n\t\t\t\t\t<div class=\"feature__content\">\n\t\t\t\t\t\tSalles de conf\u00e9rence \t\t\t\t\t<\/div>\n\t\t\t\t<\/div>\n\t\t\t<\/div>\n\t\t<\/div>\n\t<\/div>\n\t\t<div class=\"feature\">\n\t\t<div class=\"feature__bg\">\n\t\t\t130\t\t<\/div>\n\t\t<div class=\"feature__body\">\n\t\t\t<div class=\"v-center\">\n\t\t\t\t<div class=\"v-center__content\">\n\t\t\t\t\t<div class=\"feature__content\">\n\t\t\t\t\t\tPlaces\t\t\t\t\t<\/div>\n\t\t\t\t<\/div>\n\t\t\t<\/div>\n\t\t<\/div>\n\t<\/div>\n\t\t<div class=\"feature\">\n\t\t<div class=\"feature__bg\">\n\t\t\t3\t\t<\/div>\n\t\t<div class=\"feature__body\">\n\t\t\t<div class=\"v-center\">\n\t\t\t\t<div class=\"v-center__content\">\n\t\t\t\t\t<div class=\"feature__content\">\n\t\t\t\t\t\tCoins repas\t\t\t\t\t<\/div>\n\t\t\t\t<\/div>\n\t\t\t<\/div>\n\t\t<\/div>\n\t<\/div>\n\t\t\t<\/div>\n\t<\/div>\n\t<br \/>\n<\/div>\n\t<\/div>\n\t\n    <div class=\"side-image side-image--side-left side-image--color-default\">\n        <div class=\"side-image__content\">\n            <div class=\"row side-image__row\">\n                <div class=\"col side-image__col side-image__col--content\">\n\t\t\t\t\t<\/p>\n<p class=\"supheading\">Salle pour 100 personnes<\/p>\n<h2 class=\"heading\">Copernicus<\/h2>\n<p>Id\u00e9ale pour de grandes f\u00eates de famille, conf\u00e9rences et cours de formation. Vous y trouverez tous les dispositifs indispensables lors d\u2019une pr\u00e9sentation : projecteur multim\u00e9dia, \u00e9cran, panneau de commande pour l\u2019\u00e9quipement et l\u2019\u00e9clairage, mat\u00e9riel de sonorisation et tableau de conf\u00e9rence. Les h\u00f4tes invit\u00e9s seront impressionn\u00e9s par les int\u00e9rieurs \u00e9l\u00e9gants et climatis\u00e9s, ainsi que par l\u2019\u00e9quipement de haute qualit\u00e9, tandis que le mat\u00e9riel moderne et l&rsquo;Internet rapide assureront que rien ne perturbe la r\u00e9union. <\/p>\n<p class=\"foot\"><a class=\"more\" href=\"#konferencje\">Renseignez-vous sur la disponibilit\u00e9<\/a><\/p>\n<p>                <\/div>\n                <div class=\"col side-image__col side-image__col--image\">\n\t\t\t\t\t                        <ul class=\"side-image__slider owl-carousel\">\n\t\t\t\t\t\t\t                                <div class=\"side-image__slider-item\">\n                                    <img decoding=\"async\" data-src=\"https:\/\/grandascot.pl\/wp-content\/uploads\/2019\/04\/GrandAscot_08997.jpg\" alt=\"Sala konferencyjna w hotelu Grand Ascot\"\n                                         width=\"1376\" height=\"918\" src=\"data:image\/svg+xml;base64,PHN2ZyB3aWR0aD0iMSIgaGVpZ2h0PSIxIiB4bWxucz0iaHR0cDovL3d3dy53My5vcmcvMjAwMC9zdmciPjwvc3ZnPg==\" class=\"lazyload\" style=\"--smush-placeholder-width: 1376px; --smush-placeholder-aspect-ratio: 1376\/918;\">\n                                <\/div>\n\t\t\t\t\t\t\t\t                                <div class=\"side-image__slider-item\">\n                                    <img decoding=\"async\" data-src=\"https:\/\/grandascot.pl\/wp-content\/uploads\/2019\/04\/GrandAscot_09131.jpg\" alt=\"Materia\u0142y na konferencji w hotelu w centrum Krakowa\"\n                                         width=\"1382\" height=\"922\" src=\"data:image\/svg+xml;base64,PHN2ZyB3aWR0aD0iMSIgaGVpZ2h0PSIxIiB4bWxucz0iaHR0cDovL3d3dy53My5vcmcvMjAwMC9zdmciPjwvc3ZnPg==\" class=\"lazyload\" style=\"--smush-placeholder-width: 1382px; --smush-placeholder-aspect-ratio: 1382\/922;\">\n                                <\/div>\n\t\t\t\t\t\t\t\t                                <div class=\"side-image__slider-item\">\n                                    <img decoding=\"async\" data-src=\"https:\/\/grandascot.pl\/wp-content\/uploads\/2019\/04\/GrandAscot_09091.jpg\" alt=\"Sala konferencyjna w hotelu Grand Ascot\"\n                                         width=\"1382\" height=\"922\" src=\"data:image\/svg+xml;base64,PHN2ZyB3aWR0aD0iMSIgaGVpZ2h0PSIxIiB4bWxucz0iaHR0cDovL3d3dy53My5vcmcvMjAwMC9zdmciPjwvc3ZnPg==\" class=\"lazyload\" style=\"--smush-placeholder-width: 1382px; --smush-placeholder-aspect-ratio: 1382\/922;\">\n                                <\/div>\n\t\t\t\t\t\t\t\t                                <div class=\"side-image__slider-item\">\n                                    <img decoding=\"async\" data-src=\"https:\/\/grandascot.pl\/wp-content\/uploads\/2019\/04\/GrandAscot_08874.jpg\" alt=\"Sala konferencyjna w hotelu Grand Ascot w Krakowie\"\n                                         width=\"1371\" height=\"914\" src=\"data:image\/svg+xml;base64,PHN2ZyB3aWR0aD0iMSIgaGVpZ2h0PSIxIiB4bWxucz0iaHR0cDovL3d3dy53My5vcmcvMjAwMC9zdmciPjwvc3ZnPg==\" class=\"lazyload\" style=\"--smush-placeholder-width: 1371px; --smush-placeholder-aspect-ratio: 1371\/914;\">\n                                <\/div>\n\t\t\t\t\t\t\t\t                        <\/ul>\n\t\t\t\t\t\n                <\/div>\n            <\/div>\n        <\/div>\n    <\/div>\n\t\n    <div class=\"side-image side-image--side-right side-image--color-white\">\n        <div class=\"side-image__content\">\n            <div class=\"row side-image__row\">\n                <div class=\"col side-image__col side-image__col--content\">\n\t\t\t\t\t<\/p>\n<p class=\"supheading\">Salle pour 24 personnes<\/p>\n<h2 class=\"heading\">Einstein<\/h2>\n<p>Une salle douillette et \u00e9l\u00e9gante qui s\u2019av\u00e9rera parfaite pour de petits cours de formation et des discussions d\u2019affaires avec plus de participants. Les int\u00e9rieurs climatis\u00e9s et confortables garantiront que les participants se sentent \u00e0 l\u2019aise m\u00eame pendant des s\u00e9ances de plusieurs heures, tandis que l\u2019\u00e9quipement audiovisuel de haute qualit\u00e9 et l\u2019acc\u00e8s rapide \u00e0 Internet donneront une dimension moderne aux r\u00e9unions.<\/p>\n<p class=\"foot\"><a class=\"more\" href=\"#konferencje\">Renseignez-vous sur la disponibilit\u00e9<\/a><\/p>\n<p>                <\/div>\n                <div class=\"col side-image__col side-image__col--image\">\n\t\t\t\t\t                        <ul class=\"side-image__slider owl-carousel\">\n\t\t\t\t\t\t\t                                <div class=\"side-image__slider-item\">\n                                    <img decoding=\"async\" data-src=\"https:\/\/grandascot.pl\/wp-content\/uploads\/2019\/04\/GrandAscot_03999.jpg\" alt=\"Kameralna sala konferencyjna w hotelu Grand Ascot\"\n                                         width=\"1200\" height=\"800\" src=\"data:image\/svg+xml;base64,PHN2ZyB3aWR0aD0iMSIgaGVpZ2h0PSIxIiB4bWxucz0iaHR0cDovL3d3dy53My5vcmcvMjAwMC9zdmciPjwvc3ZnPg==\" class=\"lazyload\" style=\"--smush-placeholder-width: 1200px; --smush-placeholder-aspect-ratio: 1200\/800;\">\n                                <\/div>\n\t\t\t\t\t\t\t\t                        <\/ul>\n\t\t\t\t\t\n                <\/div>\n            <\/div>\n        <\/div>\n    <\/div>\n\t\n    <div class=\"side-image side-image--side-left side-image--color-default\">\n        <div class=\"side-image__content\">\n            <div class=\"row side-image__row\">\n                <div class=\"col side-image__col side-image__col--content\">\n\t\t\t\t\t<\/p>\n<p class=\"supheading\">Salle pour 6 personnes<\/p>\n<h2 class=\"heading\">Newton<\/h2>\n<p>Une pi\u00e8ce moderne, am\u00e9nag\u00e9e avec go\u00fbt, id\u00e9ale pour des r\u00e9unions en petit groupe. \u00c9quip\u00e9e d\u2019une table de conf\u00e9rence, de si\u00e8ges confortables et d\u2019un t\u00e9l\u00e9viseur LCD, elle cr\u00e9e une ambiance parfaite pour des discussions d\u2019affaires.<\/p>\n<p class=\"foot\"><a class=\"more\" href=\"#konferencje\">Renseignez-vous sur la disponibilit\u00e9<\/a><\/p>\n<p>                <\/div>\n                <div class=\"col side-image__col side-image__col--image\">\n\t\t\t\t\t                        <ul class=\"side-image__slider owl-carousel\">\n\t\t\t\t\t\t\t                                <div class=\"side-image__slider-item\">\n                                    <img decoding=\"async\" data-src=\"https:\/\/grandascot.pl\/wp-content\/uploads\/2019\/04\/GrandAscot_04515.jpg\" alt=\"Meeting room w hotelu w centrum Krakowa\"\n                                         width=\"1200\" height=\"800\" src=\"data:image\/svg+xml;base64,PHN2ZyB3aWR0aD0iMSIgaGVpZ2h0PSIxIiB4bWxucz0iaHR0cDovL3d3dy53My5vcmcvMjAwMC9zdmciPjwvc3ZnPg==\" class=\"lazyload\" style=\"--smush-placeholder-width: 1200px; --smush-placeholder-aspect-ratio: 1200\/800;\">\n                                <\/div>\n\t\t\t\t\t\t\t\t                        <\/ul>\n\t\t\t\t\t\n                <\/div>\n            <\/div>\n        <\/div>\n    <\/div>\n\t\n    <div class=\"side-image side-image--side-right side-image--color-white\">\n        <div class=\"side-image__content\">\n            <div class=\"row side-image__row\">\n                <div class=\"col side-image__col side-image__col--content\">\n\t\t\t\t\t<\/p>\n<p class=\"supheading\">Salle pour 4 personnes<\/p>\n<h2 class=\"heading\">Edison<\/h2>\n<p>D\u00e9tendez-vous dans un espace am\u00e9nag\u00e9 avec go\u00fbt, \u00e9quip\u00e9 d\u2019un t\u00e9l\u00e9viseur LCD, d\u2019un sofa design et de fauteuils confortables. Cette pi\u00e8ce est id\u00e9ale pour des r\u00e9unions intimes et priv\u00e9es en petit groupe.<\/p>\n<p class=\"foot\"><a class=\"more\" href=\"#konferencje\">Renseignez-vous sur la disponibilit\u00e9<\/a><\/p>\n<p>                <\/div>\n                <div class=\"col side-image__col side-image__col--image\">\n\t\t\t\t\t                        <ul class=\"side-image__slider owl-carousel\">\n\t\t\t\t\t\t\t                                <div class=\"side-image__slider-item\">\n                                    <img decoding=\"async\" data-src=\"https:\/\/grandascot.pl\/wp-content\/uploads\/2019\/04\/GrandAscot_04419.jpg\" alt=\"Grand Ascot Edison room\"\n                                         width=\"1200\" height=\"800\" src=\"data:image\/svg+xml;base64,PHN2ZyB3aWR0aD0iMSIgaGVpZ2h0PSIxIiB4bWxucz0iaHR0cDovL3d3dy53My5vcmcvMjAwMC9zdmciPjwvc3ZnPg==\" class=\"lazyload\" style=\"--smush-placeholder-width: 1200px; --smush-placeholder-aspect-ratio: 1200\/800;\">\n                                <\/div>\n\t\t\t\t\t\t\t\t                        <\/ul>\n\t\t\t\t\t\n                <\/div>\n            <\/div>\n        <\/div>\n    <\/div>\n\t\n    <div class=\"side-image side-image--side-left side-image--color-default\">\n        <div class=\"side-image__content\">\n            <div class=\"row side-image__row\">\n                <div class=\"col side-image__col side-image__col--content\">\n\t\t\t\t\t<\/p>\n<p class=\"supheading\">En plus<\/p>\n<h2 class=\"heading\">Restauration<\/h2>\n<p>L\u2019h\u00f4tel Grand Ascot se caract\u00e9rise par une cuisine excellente et une ambiance extraordinaire. Vos h\u00f4tes seront impressionn\u00e9s par les int\u00e9rieurs modernes et recherch\u00e9s, et le menu avec friandises de la cuisine europ\u00e9enne, auquel veille notre chef de cuisine, satisfera les go\u00fbts des amateurs des plats traditionnels polonais et d\u2019autres propositions plus exotiques.<br \/>\nNotre Restaurant Four, \u00e9l\u00e9gant et spacieux, peut accommoder jusqu\u2019\u00e0 70 personnes, il est donc possible d\u2019y organiser des mariages aussi bien qu\u2019une r\u00e9ception d\u2019anniversaire ou une soir\u00e9e d\u2019int\u00e9gration. En fonction des besoins, nous offrons \u00e9galement la possibilit\u00e9 de pr\u00e9parer et de servir des boissons et des plats dans le Wine &#038; Spirits Bar de l\u2019h\u00f4tel ou directement dans les salles de conf\u00e9rence et de banquet.<\/p>\n<p>                <\/div>\n                <div class=\"col side-image__col side-image__col--image\">\n\t\t\t\t\t                        <ul class=\"side-image__slider owl-carousel\">\n\t\t\t\t\t\t\t                                <div class=\"side-image__slider-item\">\n                                    <img decoding=\"async\" data-src=\"https:\/\/grandascot.pl\/wp-content\/uploads\/2019\/04\/GrandAscot_04059.jpg\" alt=\"Lunch w hotelu Grand Ascot w centrum Krakowa\"\n                                         width=\"1200\" height=\"800\" src=\"data:image\/svg+xml;base64,PHN2ZyB3aWR0aD0iMSIgaGVpZ2h0PSIxIiB4bWxucz0iaHR0cDovL3d3dy53My5vcmcvMjAwMC9zdmciPjwvc3ZnPg==\" class=\"lazyload\" style=\"--smush-placeholder-width: 1200px; --smush-placeholder-aspect-ratio: 1200\/800;\">\n                                <\/div>\n\t\t\t\t\t\t\t\t                        <\/ul>\n\t\t\t\t\t\n                <\/div>\n            <\/div>\n        <\/div>\n    <\/div>\n\t\n","protected":false},"excerpt":{"rendered":"","protected":false},"author":1,"featured_media":0,"parent":0,"menu_order":0,"comment_status":"closed","ping_status":"closed","template":"","meta":{"_acf_changed":false,"footnotes":""},"class_list":["post-472","page","type-page","status-publish","hentry"],"acf":[],"yoast_head":"<!-- This site is optimized with the Yoast SEO Premium plugin v26.8 (Yoast SEO v27.3) - https:\/\/yoast.com\/product\/yoast-seo-premium-wordpress\/ -->\n<title>Grand Ascot Hotel - Salles de conf\u00e9rences Cracovie Centre<\/title>\n<meta name=\"description\" content=\"Salles de conf\u00e9rences Cracovie Centre. Nous proposons des salles de conf\u00e9rence et de banquet modernes, \u00e9l\u00e9gantes et climatis\u00e9es, id\u00e9ales pour les grandes f\u00eates et les r\u00e9unions d&#039;affaires. Nous fournissons des installations de conf\u00e9rence bien \u00e9quip\u00e9es, nous offrons une assistance professionnelle dans l&#039;organisation de conf\u00e9rences, r\u00e9unions et f\u00eates de famille ainsi que leurs services complets de restauration.\" \/>\n<meta name=\"robots\" content=\"index, follow, max-snippet:-1, max-image-preview:large, max-video-preview:-1\" \/>\n<link rel=\"canonical\" href=\"https:\/\/grandascot.pl\/fr\/receptions-et-conferences\/\" \/>\n<meta property=\"og:locale\" content=\"fr_FR\" \/>\n<meta property=\"og:type\" content=\"article\" \/>\n<meta property=\"og:title\" content=\"Grand Ascot Hotel - Salles de conf\u00e9rences Cracovie Centre\" \/>\n<meta property=\"og:description\" content=\"Salles de conf\u00e9rences Cracovie Centre. Nous proposons des salles de conf\u00e9rence et de banquet modernes, \u00e9l\u00e9gantes et climatis\u00e9es, id\u00e9ales pour les grandes f\u00eates et les r\u00e9unions d&#039;affaires. Nous fournissons des installations de conf\u00e9rence bien \u00e9quip\u00e9es, nous offrons une assistance professionnelle dans l&#039;organisation de conf\u00e9rences, r\u00e9unions et f\u00eates de famille ainsi que leurs services complets de restauration.\" \/>\n<meta property=\"og:url\" content=\"https:\/\/grandascot.pl\/fr\/receptions-et-conferences\/\" \/>\n<meta property=\"og:site_name\" content=\"Grand Ascot Hotel\" \/>\n<meta property=\"article:publisher\" content=\"https:\/\/www.facebook.com\/grandascothotel\/\" \/>\n<meta property=\"article:modified_time\" content=\"2020-09-28T14:24:30+00:00\" \/>\n<meta property=\"og:image\" content=\"https:\/\/grandascot.pl\/wp-content\/uploads\/2017\/07\/PM_08997-1.jpg\" \/>\n<meta name=\"twitter:card\" content=\"summary_large_image\" \/>\n<meta name=\"twitter:title\" content=\"Grand Ascot Hotel - Salles de conf\u00e9rences Cracovie Centre\" \/>\n<meta name=\"twitter:site\" content=\"@GrandAscot\" \/>\n<meta name=\"twitter:label1\" content=\"Dur\u00e9e de lecture estim\u00e9e\" \/>\n\t<meta name=\"twitter:data1\" content=\"3 minutes\" \/>\n<script type=\"application\/ld+json\" class=\"yoast-schema-graph\">{\"@context\":\"https:\\\/\\\/schema.org\",\"@graph\":[{\"@type\":\"WebPage\",\"@id\":\"https:\\\/\\\/grandascot.pl\\\/fr\\\/receptions-et-conferences\\\/\",\"url\":\"https:\\\/\\\/grandascot.pl\\\/fr\\\/receptions-et-conferences\\\/\",\"name\":\"Grand Ascot Hotel - Salles de conf\u00e9rences Cracovie Centre\",\"isPartOf\":{\"@id\":\"https:\\\/\\\/grandascot.pl\\\/#website\"},\"datePublished\":\"2017-07-14T02:45:37+00:00\",\"dateModified\":\"2020-09-28T14:24:30+00:00\",\"description\":\"Salles de conf\u00e9rences Cracovie Centre. Nous proposons des salles de conf\u00e9rence et de banquet modernes, \u00e9l\u00e9gantes et climatis\u00e9es, id\u00e9ales pour les grandes f\u00eates et les r\u00e9unions d'affaires. Nous fournissons des installations de conf\u00e9rence bien \u00e9quip\u00e9es, nous offrons une assistance professionnelle dans l'organisation de conf\u00e9rences, r\u00e9unions et f\u00eates de famille ainsi que leurs services complets de restauration.\",\"breadcrumb\":{\"@id\":\"https:\\\/\\\/grandascot.pl\\\/fr\\\/receptions-et-conferences\\\/#breadcrumb\"},\"inLanguage\":\"fr-FR\",\"potentialAction\":[{\"@type\":\"ReadAction\",\"target\":[\"https:\\\/\\\/grandascot.pl\\\/fr\\\/receptions-et-conferences\\\/\"]}]},{\"@type\":\"BreadcrumbList\",\"@id\":\"https:\\\/\\\/grandascot.pl\\\/fr\\\/receptions-et-conferences\\\/#breadcrumb\",\"itemListElement\":[{\"@type\":\"ListItem\",\"position\":1,\"name\":\"Strona g\u0142\u00f3wna\",\"item\":\"https:\\\/\\\/grandascot.pl\\\/fr\\\/\"},{\"@type\":\"ListItem\",\"position\":2,\"name\":\"R\u00e9ceptions et conf\u00e9rences\"}]},{\"@type\":\"WebSite\",\"@id\":\"https:\\\/\\\/grandascot.pl\\\/#website\",\"url\":\"https:\\\/\\\/grandascot.pl\\\/\",\"name\":\"Grand Ascot Hotel\",\"description\":\"Twoje miejsce w sercu Krakowa\",\"publisher\":{\"@id\":\"https:\\\/\\\/grandascot.pl\\\/#organization\"},\"potentialAction\":[{\"@type\":\"SearchAction\",\"target\":{\"@type\":\"EntryPoint\",\"urlTemplate\":\"https:\\\/\\\/grandascot.pl\\\/?s={search_term_string}\"},\"query-input\":{\"@type\":\"PropertyValueSpecification\",\"valueRequired\":true,\"valueName\":\"search_term_string\"}}],\"inLanguage\":\"fr-FR\"},{\"@type\":\"Organization\",\"@id\":\"https:\\\/\\\/grandascot.pl\\\/#organization\",\"name\":\"Grand Ascot Hotel\",\"url\":\"https:\\\/\\\/grandascot.pl\\\/\",\"logo\":{\"@type\":\"ImageObject\",\"inLanguage\":\"fr-FR\",\"@id\":\"https:\\\/\\\/grandascot.pl\\\/#\\\/schema\\\/logo\\\/image\\\/\",\"url\":\"https:\\\/\\\/grandascot.pl\\\/wp-content\\\/uploads\\\/2017\\\/12\\\/Grand-Ascot-logo-04.jpg\",\"contentUrl\":\"https:\\\/\\\/grandascot.pl\\\/wp-content\\\/uploads\\\/2017\\\/12\\\/Grand-Ascot-logo-04.jpg\",\"width\":1667,\"height\":1667,\"caption\":\"Grand Ascot Hotel\"},\"image\":{\"@id\":\"https:\\\/\\\/grandascot.pl\\\/#\\\/schema\\\/logo\\\/image\\\/\"},\"sameAs\":[\"https:\\\/\\\/www.facebook.com\\\/grandascothotel\\\/\",\"https:\\\/\\\/x.com\\\/GrandAscot\",\"https:\\\/\\\/www.instagram.com\\\/grandascot\\\/\",\"https:\\\/\\\/www.linkedin.com\\\/in\\\/grandascothotel\",\"https:\\\/\\\/www.youtube.com\\\/channel\\\/UCg9pe9yfqzzna8MahLl5PMQ\\\/\"]}]}<\/script>\n<!-- \/ Yoast SEO Premium plugin. -->","yoast_head_json":{"title":"Grand Ascot Hotel - Salles de conf\u00e9rences Cracovie Centre","description":"Salles de conf\u00e9rences Cracovie Centre. Nous proposons des salles de conf\u00e9rence et de banquet modernes, \u00e9l\u00e9gantes et climatis\u00e9es, id\u00e9ales pour les grandes f\u00eates et les r\u00e9unions d'affaires. Nous fournissons des installations de conf\u00e9rence bien \u00e9quip\u00e9es, nous offrons une assistance professionnelle dans l'organisation de conf\u00e9rences, r\u00e9unions et f\u00eates de famille ainsi que leurs services complets de restauration.","robots":{"index":"index","follow":"follow","max-snippet":"max-snippet:-1","max-image-preview":"max-image-preview:large","max-video-preview":"max-video-preview:-1"},"canonical":"https:\/\/grandascot.pl\/fr\/receptions-et-conferences\/","og_locale":"fr_FR","og_type":"article","og_title":"Grand Ascot Hotel - Salles de conf\u00e9rences Cracovie Centre","og_description":"Salles de conf\u00e9rences Cracovie Centre. Nous proposons des salles de conf\u00e9rence et de banquet modernes, \u00e9l\u00e9gantes et climatis\u00e9es, id\u00e9ales pour les grandes f\u00eates et les r\u00e9unions d'affaires. Nous fournissons des installations de conf\u00e9rence bien \u00e9quip\u00e9es, nous offrons une assistance professionnelle dans l'organisation de conf\u00e9rences, r\u00e9unions et f\u00eates de famille ainsi que leurs services complets de restauration.","og_url":"https:\/\/grandascot.pl\/fr\/receptions-et-conferences\/","og_site_name":"Grand Ascot Hotel","article_publisher":"https:\/\/www.facebook.com\/grandascothotel\/","article_modified_time":"2020-09-28T14:24:30+00:00","og_image":[{"url":"https:\/\/grandascot.pl\/wp-content\/uploads\/2017\/07\/PM_08997-1.jpg","type":"","width":"","height":""}],"twitter_card":"summary_large_image","twitter_title":"Grand Ascot Hotel - Salles de conf\u00e9rences Cracovie Centre","twitter_site":"@GrandAscot","twitter_misc":{"Dur\u00e9e de lecture estim\u00e9e":"3 minutes"},"schema":{"@context":"https:\/\/schema.org","@graph":[{"@type":"WebPage","@id":"https:\/\/grandascot.pl\/fr\/receptions-et-conferences\/","url":"https:\/\/grandascot.pl\/fr\/receptions-et-conferences\/","name":"Grand Ascot Hotel - Salles de conf\u00e9rences Cracovie Centre","isPartOf":{"@id":"https:\/\/grandascot.pl\/#website"},"datePublished":"2017-07-14T02:45:37+00:00","dateModified":"2020-09-28T14:24:30+00:00","description":"Salles de conf\u00e9rences Cracovie Centre. Nous proposons des salles de conf\u00e9rence et de banquet modernes, \u00e9l\u00e9gantes et climatis\u00e9es, id\u00e9ales pour les grandes f\u00eates et les r\u00e9unions d'affaires. Nous fournissons des installations de conf\u00e9rence bien \u00e9quip\u00e9es, nous offrons une assistance professionnelle dans l'organisation de conf\u00e9rences, r\u00e9unions et f\u00eates de famille ainsi que leurs services complets de restauration.","breadcrumb":{"@id":"https:\/\/grandascot.pl\/fr\/receptions-et-conferences\/#breadcrumb"},"inLanguage":"fr-FR","potentialAction":[{"@type":"ReadAction","target":["https:\/\/grandascot.pl\/fr\/receptions-et-conferences\/"]}]},{"@type":"BreadcrumbList","@id":"https:\/\/grandascot.pl\/fr\/receptions-et-conferences\/#breadcrumb","itemListElement":[{"@type":"ListItem","position":1,"name":"Strona g\u0142\u00f3wna","item":"https:\/\/grandascot.pl\/fr\/"},{"@type":"ListItem","position":2,"name":"R\u00e9ceptions et conf\u00e9rences"}]},{"@type":"WebSite","@id":"https:\/\/grandascot.pl\/#website","url":"https:\/\/grandascot.pl\/","name":"Grand Ascot Hotel","description":"Twoje miejsce w sercu Krakowa","publisher":{"@id":"https:\/\/grandascot.pl\/#organization"},"potentialAction":[{"@type":"SearchAction","target":{"@type":"EntryPoint","urlTemplate":"https:\/\/grandascot.pl\/?s={search_term_string}"},"query-input":{"@type":"PropertyValueSpecification","valueRequired":true,"valueName":"search_term_string"}}],"inLanguage":"fr-FR"},{"@type":"Organization","@id":"https:\/\/grandascot.pl\/#organization","name":"Grand Ascot Hotel","url":"https:\/\/grandascot.pl\/","logo":{"@type":"ImageObject","inLanguage":"fr-FR","@id":"https:\/\/grandascot.pl\/#\/schema\/logo\/image\/","url":"https:\/\/grandascot.pl\/wp-content\/uploads\/2017\/12\/Grand-Ascot-logo-04.jpg","contentUrl":"https:\/\/grandascot.pl\/wp-content\/uploads\/2017\/12\/Grand-Ascot-logo-04.jpg","width":1667,"height":1667,"caption":"Grand Ascot Hotel"},"image":{"@id":"https:\/\/grandascot.pl\/#\/schema\/logo\/image\/"},"sameAs":["https:\/\/www.facebook.com\/grandascothotel\/","https:\/\/x.com\/GrandAscot","https:\/\/www.instagram.com\/grandascot\/","https:\/\/www.linkedin.com\/in\/grandascothotel","https:\/\/www.youtube.com\/channel\/UCg9pe9yfqzzna8MahLl5PMQ\/"]}]}},"_links":{"self":[{"href":"https:\/\/grandascot.pl\/fr\/wp-json\/wp\/v2\/pages\/472","targetHints":{"allow":["GET"]}}],"collection":[{"href":"https:\/\/grandascot.pl\/fr\/wp-json\/wp\/v2\/pages"}],"about":[{"href":"https:\/\/grandascot.pl\/fr\/wp-json\/wp\/v2\/types\/page"}],"author":[{"embeddable":true,"href":"https:\/\/grandascot.pl\/fr\/wp-json\/wp\/v2\/users\/1"}],"replies":[{"embeddable":true,"href":"https:\/\/grandascot.pl\/fr\/wp-json\/wp\/v2\/comments?post=472"}],"version-history":[{"count":8,"href":"https:\/\/grandascot.pl\/fr\/wp-json\/wp\/v2\/pages\/472\/revisions"}],"predecessor-version":[{"id":1992,"href":"https:\/\/grandascot.pl\/fr\/wp-json\/wp\/v2\/pages\/472\/revisions\/1992"}],"wp:attachment":[{"href":"https:\/\/grandascot.pl\/fr\/wp-json\/wp\/v2\/media?parent=472"}],"curies":[{"name":"wp","href":"https:\/\/api.w.org\/{rel}","templated":true}]}}