{"id":458,"date":"2017-07-14T04:05:45","date_gmt":"2017-07-14T02:05:45","guid":{"rendered":"http:\/\/test.grandascot.pl\/?page_id=458"},"modified":"2022-03-17T22:01:35","modified_gmt":"2022-03-17T21:01:35","slug":"hotel","status":"publish","type":"page","link":"https:\/\/grandascot.pl\/fr\/hotel\/","title":{"rendered":"H\u00f4tel"},"content":{"rendered":"\t<div class=\"section article article--align-center section--default\">\n\t\t<div class=\"section__content\"><\/p>\n<p class=\"supheading\">Le Grand Ascot, h\u00f4tel de prestige<\/p>\n<h2 class=\"heading\">Votre lieu au c\u0153ur de Cracovie<\/h2>\n<p>En choisissant l\u2019h\u00f4tel Grand Ascot, vous pouvez toujours compter sur une ambiance formidable et un personnel accueillant. Vous s\u00e9journerez dans un h\u00f4tel moderne et \u00e9l\u00e9gant du plus grand luxe, o\u00f9 le confort et la bonne humeur des h\u00f4tes sont toujours la priorit\u00e9 principale. Notre immeuble est situ\u00e9 dans une rue tranquille et charmante au c\u0153ur m\u00eame de Cracovie. Gr\u00e2ce \u00e0 cela, vous serez toujours au centre de l\u2019action, mais le bruit de la ville active ne troublera pas votre repos.<br \/>\nPour les h\u00f4tes qui voyagent en voiture, nous disposons d&rsquo;un parking souterrain.<\/p>\n<p><\/div>\n\t<\/div>\n\t\n    <div class=\"side-image side-image--side-left side-image--color-default\">\n        <div class=\"side-image__content\">\n            <div class=\"row side-image__row\">\n                <div class=\"col side-image__col side-image__col--content\">\n\t\t\t\t\t<\/p>\n<p class=\"supheading\">Nous assurons<\/p>\n<h2 class=\"heading\">Le standard supr\u00eame<\/h2>\n<p>Le Grand Ascot est un h\u00f4tel haut de gamme. Gr\u00e2ce \u00e0 la combinaison d\u2019un immeuble historique r\u00e9nov\u00e9 et d\u2019un b\u00e2timent r\u00e9cent, il unit l\u2019\u00e9l\u00e9gance et la modernit\u00e9. Des int\u00e9rieurs am\u00e9nag\u00e9s avec go\u00fbt et des chambres agr\u00e9ables vous garantiront un repos confortable. Pendant votre temps libre, vous pourrez vous d\u00e9tendre dans le sauna ou la salle de fitness tr\u00e8s bien \u00e9quip\u00e9e.<br \/>\n                <\/div>\n                <div class=\"col side-image__col side-image__col--image\">\n\t\t\t\t\t                        <img decoding=\"async\" data-src=\"https:\/\/grandascot.pl\/wp-content\/uploads\/2019\/04\/GrandAscot_09195.jpg\" alt=\"Grand Ascot Hotel - un h\u00f4tel de charme dans le centre de Cracovie\" height=\"420\" width=\"auto\" src=\"data:image\/svg+xml;base64,PHN2ZyB3aWR0aD0iMSIgaGVpZ2h0PSIxIiB4bWxucz0iaHR0cDovL3d3dy53My5vcmcvMjAwMC9zdmciPjwvc3ZnPg==\" class=\"lazyload\" style=\"--smush-placeholder-width: 1382px; --smush-placeholder-aspect-ratio: 1382\/922;\" \/>\n\t\t\t\t\t\n                <\/div>\n            <\/div>\n        <\/div>\n    <\/div>\n\t\n    <div class=\"side-image side-image--side-right side-image--color-white\">\n        <div class=\"side-image__content\">\n            <div class=\"row side-image__row\">\n                <div class=\"col side-image__col side-image__col--content\">\n\t\t\t\t\t<\/p>\n<p class=\"supheading\">Exceptionnelle<\/p>\n<h2 class=\"heading\">Localisation<\/h2>\n<p>L\u2019h\u00f4tel Grand Ascot est situ\u00e9 dans une rue tranquille et charmante au c\u0153ur du centre historique de Cracovie. Notre localisation id\u00e9ale vous permettra d\u2019\u00e9conomiser du temps et d&rsquo;organiser des rencontres avec vos proches de mani\u00e8re beaucoup plus efficace. Les attractions touristiques les plus importantes, telles que la Place de March\u00e9 (Rynek G\u0142\u00f3wny), les Halles aux draps (Sukiennice) ou le ch\u00e2teau de Wawel, sont tout pr\u00e8s, la magie de la Vieille Ville et l\u2019ambiance extraordinaire de Cracovie sont perceptibles d\u00e8s la sortie de l\u2019h\u00f4tel.<\/p>\n<p class=\"extra\">Rynek G\u0142\u00f3wny &#8211;\u00a0<strong>600 m<\/strong><br \/>\nWawel &#8211;\u00a0<strong>1,3 km<\/strong><br \/>\nGare centrale &#8211;\u00a0<strong>1,5 km<\/strong><\/p>\n<p><a class=\"more\" href=\"https:\/\/grandascot.pl\/fr\/contact\/#mapa\">Voyez la carte<\/a><br \/>\n                <\/div>\n                <div class=\"col side-image__col side-image__col--image\">\n\t\t\t\t\t                        <img decoding=\"async\" data-src=\"https:\/\/grandascot.pl\/wp-content\/uploads\/2019\/04\/GrandAscot_04705.jpg\" alt=\"Grand Ascot Hotel - un h\u00f4tel de charme dans le centre de Cracovie\" height=\"420\" width=\"auto\" src=\"data:image\/svg+xml;base64,PHN2ZyB3aWR0aD0iMSIgaGVpZ2h0PSIxIiB4bWxucz0iaHR0cDovL3d3dy53My5vcmcvMjAwMC9zdmciPjwvc3ZnPg==\" class=\"lazyload\" style=\"--smush-placeholder-width: 1382px; --smush-placeholder-aspect-ratio: 1382\/922;\" \/>\n\t\t\t\t\t\n                <\/div>\n            <\/div>\n        <\/div>\n    <\/div>\n\t\n    <div class=\"side-image side-image--side-left side-image--color-default\">\n        <div class=\"side-image__content\">\n            <div class=\"row side-image__row\">\n                <div class=\"col side-image__col side-image__col--content\">\n\t\t\t\t\t<\/p>\n<p class=\"supheading\">L\u2019h\u00f4tel Grand Ascot, c&rsquo;est&#8230;<\/p>\n<h2 class=\"heading\">Le meilleur service<\/h2>\n<p>Le personnel du Grand Ascot fera tout son possible pour que vous vous sentiez exceptionnellement appr\u00e9ci\u00e9 et pour que votre s\u00e9jour dans notre h\u00f4tel satisfasse toutes vos attentes. Nous veillerons \u00e0 votre confort, \u00e0 la propret\u00e9 des chambres et au go\u00fbt sublime des plats. Nous vous aiderons avec plaisir \u00e0 organiser votre temps libre \u00e0 Cracovie et environs pour que vous ne deviez renoncer \u00e0 aucune attraction : nous organiserons des excursions, avec r\u00e9servation des billets, dans les lieux les plus touristiques. Nous vous soufflerons des id\u00e9es \u00e0 propos des lieux qui valent le d\u00e9tour et o\u00f9 il est possible de passer une soir\u00e9e agr\u00e9able.<br \/>\n                <\/div>\n                <div class=\"col side-image__col side-image__col--image\">\n\t\t\t\t\t                        <img decoding=\"async\" data-src=\"https:\/\/grandascot.pl\/wp-content\/uploads\/2019\/04\/GrandAscot_05878.jpg\" alt=\"Grand Ascot Hotel - un h\u00f4tel de charme dans le centre de Cracovie\" height=\"420\" width=\"auto\" src=\"data:image\/svg+xml;base64,PHN2ZyB3aWR0aD0iMSIgaGVpZ2h0PSIxIiB4bWxucz0iaHR0cDovL3d3dy53My5vcmcvMjAwMC9zdmciPjwvc3ZnPg==\" class=\"lazyload\" style=\"--smush-placeholder-width: 1382px; --smush-placeholder-aspect-ratio: 1382\/922;\" \/>\n\t\t\t\t\t\n                <\/div>\n            <\/div>\n        <\/div>\n    <\/div>\n\t\n\t<div class=\"testimonials\">\n\t\t<div class=\"testimonials__slider owl-carousel\">\n\t\t\t\t<div class=\"testimonial\">\n\t\t<div class=\"testimonial__content\">\n\t\t\tBelle chambre, \u00e9l\u00e9gante et propre. Si je devais retourner \u00e0 Cracovie, je reviendrais certainement dans cet h\u00f4tel.\t\t<\/div>\n\t\t<div class=\"testimonial__author\">\n\t\t\t- Marina d'Italie, via Tripadvisor\t\t<\/div>\n\t<\/div>\n\t\t<div class=\"testimonial\">\n\t\t<div class=\"testimonial__content\">\n\t\t\tH\u00f4tel propre et moderne avec un personnel formidable. Un merveilleux petit-d\u00e9jeuner.\t\t<\/div>\n\t\t<div class=\"testimonial__author\">\n\t\t\t- Noel des Etats-Unis, via Booking.com\t\t<\/div>\n\t<\/div>\n\t\t<div class=\"testimonial\">\n\t\t<div class=\"testimonial__content\">\n\t\t\tBel h\u00f4tel. Emplacement incroyable. Le personnel \u00e9tait g\u00e9nial. Je reviens certainement.\t\t<\/div>\n\t\t<div class=\"testimonial__author\">\n\t\t\t- Katie De Grande-Bretagne, via Booking.com\t\t<\/div>\n\t<\/div>\n\t\t<div class=\"testimonial\">\n\t\t<div class=\"testimonial__content\">\n\t\t\tLe petit d\u00e9jeuner \u00e9tait d\u00e9licieux! Beaucoup de choix, bacon, oeufs, haricots, continental, c\u00e9r\u00e9ales, pains, fruits, yaourts.\t\t<\/div>\n\t\t<div class=\"testimonial__author\">\n\t\t\t- Louise du Royaume-Uni, via Tripadvisor\t\t<\/div>\n\t<\/div>\n\t\t<div class=\"testimonial\">\n\t\t<div class=\"testimonial__content\">\n\t\t\tB\u00e2timent moderne, bon petit d\u00e9jeuner, bon service du personnel, \u00e0 5 minutes de la place du march\u00e9.\t\t<\/div>\n\t\t<div class=\"testimonial__author\">\n\t\t\t- Antonino d'Italie, via Booking.com\t\t<\/div>\n\t<\/div>\n\t\t\t<\/div>\n\t<\/div>\n\t\n    <div class=\"slide-gallery\">\n        <h2 class=\"slide-gallery__title\">Galerie<\/h2>\n        <ul class=\"slide-gallery__list owl-carousel\">\n\t\t\t                <li class=\"slide-gallery__item\">\n                    <img decoding=\"async\" data-src=\"https:\/\/grandascot.pl\/wp-content\/uploads\/2019\/04\/GrandAscot_04708.jpg\"\n                         alt=\"Fasada budynku hotelu Grand Ascot w Krakowie\"\n                         width=\"1382\" height=\"922\" src=\"data:image\/svg+xml;base64,PHN2ZyB3aWR0aD0iMSIgaGVpZ2h0PSIxIiB4bWxucz0iaHR0cDovL3d3dy53My5vcmcvMjAwMC9zdmciPjwvc3ZnPg==\" class=\"lazyload\" style=\"--smush-placeholder-width: 1382px; --smush-placeholder-aspect-ratio: 1382\/922;\">\n                <\/li>\n\t\t\t                <li class=\"slide-gallery__item\">\n                    <img decoding=\"async\" data-src=\"https:\/\/grandascot.pl\/wp-content\/uploads\/2022\/03\/Restauracja-Four-sala.jpg\"\n                         alt=\"Sala Four inny widok\"\n                         width=\"1376\" height=\"917\" src=\"data:image\/svg+xml;base64,PHN2ZyB3aWR0aD0iMSIgaGVpZ2h0PSIxIiB4bWxucz0iaHR0cDovL3d3dy53My5vcmcvMjAwMC9zdmciPjwvc3ZnPg==\" class=\"lazyload\" style=\"--smush-placeholder-width: 1376px; --smush-placeholder-aspect-ratio: 1376\/917;\">\n                <\/li>\n\t\t\t                <li class=\"slide-gallery__item\">\n                    <img decoding=\"async\" data-src=\"https:\/\/grandascot.pl\/wp-content\/uploads\/2022\/03\/GrandAscot-sniadania-bufet.jpg\"\n                         alt=\"Dania na \u015bniadanie\"\n                         width=\"1376\" height=\"917\" src=\"data:image\/svg+xml;base64,PHN2ZyB3aWR0aD0iMSIgaGVpZ2h0PSIxIiB4bWxucz0iaHR0cDovL3d3dy53My5vcmcvMjAwMC9zdmciPjwvc3ZnPg==\" class=\"lazyload\" style=\"--smush-placeholder-width: 1376px; --smush-placeholder-aspect-ratio: 1376\/917;\">\n                <\/li>\n\t\t\t                <li class=\"slide-gallery__item\">\n                    <img decoding=\"async\" data-src=\"https:\/\/grandascot.pl\/wp-content\/uploads\/2022\/03\/RestauracjaFour-danie4.jpg\"\n                         alt=\"Danie w Four\"\n                         width=\"1376\" height=\"917\" src=\"data:image\/svg+xml;base64,PHN2ZyB3aWR0aD0iMSIgaGVpZ2h0PSIxIiB4bWxucz0iaHR0cDovL3d3dy53My5vcmcvMjAwMC9zdmciPjwvc3ZnPg==\" class=\"lazyload\" style=\"--smush-placeholder-width: 1376px; --smush-placeholder-aspect-ratio: 1376\/917;\">\n                <\/li>\n\t\t\t                <li class=\"slide-gallery__item\">\n                    <img decoding=\"async\" data-src=\"https:\/\/grandascot.pl\/wp-content\/uploads\/2022\/03\/GrandAscot-Wine-Bar.jpg\"\n                         alt=\"Wine & Spirits Bar\"\n                         width=\"1376\" height=\"917\" src=\"data:image\/svg+xml;base64,PHN2ZyB3aWR0aD0iMSIgaGVpZ2h0PSIxIiB4bWxucz0iaHR0cDovL3d3dy53My5vcmcvMjAwMC9zdmciPjwvc3ZnPg==\" class=\"lazyload\" style=\"--smush-placeholder-width: 1376px; --smush-placeholder-aspect-ratio: 1376\/917;\">\n                <\/li>\n\t\t\t                <li class=\"slide-gallery__item\">\n                    <img decoding=\"async\" data-src=\"https:\/\/grandascot.pl\/wp-content\/uploads\/2019\/04\/GrandAscot_02513.jpg\"\n                         alt=\"Strefa fitness w hotelu Grand Ascot w Krakowie\"\n                         width=\"1382\" height=\"922\" src=\"data:image\/svg+xml;base64,PHN2ZyB3aWR0aD0iMSIgaGVpZ2h0PSIxIiB4bWxucz0iaHR0cDovL3d3dy53My5vcmcvMjAwMC9zdmciPjwvc3ZnPg==\" class=\"lazyload\" style=\"--smush-placeholder-width: 1382px; --smush-placeholder-aspect-ratio: 1382\/922;\">\n                <\/li>\n\t\t\t                <li class=\"slide-gallery__item\">\n                    <img decoding=\"async\" data-src=\"https:\/\/grandascot.pl\/wp-content\/uploads\/2019\/04\/GrandAscot_08997.jpg\"\n                         alt=\"Sala konferencyjna w hotelu Grand Ascot\"\n                         width=\"1376\" height=\"918\" src=\"data:image\/svg+xml;base64,PHN2ZyB3aWR0aD0iMSIgaGVpZ2h0PSIxIiB4bWxucz0iaHR0cDovL3d3dy53My5vcmcvMjAwMC9zdmciPjwvc3ZnPg==\" class=\"lazyload\" style=\"--smush-placeholder-width: 1376px; --smush-placeholder-aspect-ratio: 1376\/918;\">\n                <\/li>\n\t\t\t                <li class=\"slide-gallery__item\">\n                    <img decoding=\"async\" data-src=\"https:\/\/grandascot.pl\/wp-content\/uploads\/2019\/04\/GrandAscot_04914.jpg\"\n                         alt=\"Luksusowy pok\u00f3j hotelowy z tarasem w centrum Krakowa - hotel klasy premium Grand Ascot w Krakowie\"\n                         width=\"1382\" height=\"922\" src=\"data:image\/svg+xml;base64,PHN2ZyB3aWR0aD0iMSIgaGVpZ2h0PSIxIiB4bWxucz0iaHR0cDovL3d3dy53My5vcmcvMjAwMC9zdmciPjwvc3ZnPg==\" class=\"lazyload\" style=\"--smush-placeholder-width: 1382px; --smush-placeholder-aspect-ratio: 1382\/922;\">\n                <\/li>\n\t\t\t                <li class=\"slide-gallery__item\">\n                    <img decoding=\"async\" data-src=\"https:\/\/grandascot.pl\/wp-content\/uploads\/2019\/04\/GrandAscot_04683.jpg\"\n                         alt=\"Ogr\u00f3dek w Restauracji Four w Krakowie\"\n                         width=\"1366\" height=\"910\" src=\"data:image\/svg+xml;base64,PHN2ZyB3aWR0aD0iMSIgaGVpZ2h0PSIxIiB4bWxucz0iaHR0cDovL3d3dy53My5vcmcvMjAwMC9zdmciPjwvc3ZnPg==\" class=\"lazyload\" style=\"--smush-placeholder-width: 1366px; --smush-placeholder-aspect-ratio: 1366\/910;\">\n                <\/li>\n\t\t\t        <\/ul>\n\n\t\t            <div class=\"slide-gallery__more\">\n                <a href=\"https:\/\/grandascot.pl\/fr\/galerie\" class=\"more\">Voir plus de photos<\/a>\n            <\/div>\n\t\t    <\/div>\n\t\n","protected":false},"excerpt":{"rendered":"","protected":false},"author":1,"featured_media":0,"parent":0,"menu_order":0,"comment_status":"closed","ping_status":"closed","template":"","meta":{"_acf_changed":false,"footnotes":""},"class_list":["post-458","page","type-page","status-publish","hentry"],"acf":[],"yoast_head":"<!-- This site is optimized with the Yoast SEO Premium plugin v26.8 (Yoast SEO v27.4) - https:\/\/yoast.com\/product\/yoast-seo-premium-wordpress\/ -->\n<title>Un h\u00f4tel de charme dans le centre de Cracovie | Grand Ascot Hotel<\/title>\n<meta name=\"description\" content=\"Un h\u00f4tel de charme dans le centre de Cracovie. \u00c0 Grand Ascot, vous pouvez toujours compter sur une excellente ambiance et un service amical. Dans cet h\u00f4tel moderne et \u00e9l\u00e9gant, la commodit\u00e9 et le bien-\u00eatre des clients sont la priorit\u00e9 absolue.\" \/>\n<meta name=\"robots\" content=\"index, follow, max-snippet:-1, max-image-preview:large, max-video-preview:-1\" \/>\n<link rel=\"canonical\" href=\"https:\/\/grandascot.pl\/fr\/hotel\/\" \/>\n<meta property=\"og:locale\" content=\"fr_FR\" \/>\n<meta property=\"og:type\" content=\"article\" \/>\n<meta property=\"og:title\" content=\"Grand Ascot Hotel - un h\u00f4tel de charme dans le centre de Cracovie\" \/>\n<meta property=\"og:description\" content=\"Un h\u00f4tel de charme dans le centre de Cracovie. \u00c0 Grand Ascot, vous pouvez toujours compter sur une excellente ambiance et un service amical. Dans cet h\u00f4tel moderne et \u00e9l\u00e9gant, la commodit\u00e9 et le bien-\u00eatre des clients sont la priorit\u00e9 absolue.\" \/>\n<meta property=\"og:url\" content=\"https:\/\/grandascot.pl\/fr\/hotel\/\" \/>\n<meta property=\"og:site_name\" content=\"Grand Ascot Hotel\" \/>\n<meta property=\"article:publisher\" content=\"https:\/\/www.facebook.com\/grandascothotel\/\" \/>\n<meta property=\"article:modified_time\" content=\"2022-03-17T21:01:35+00:00\" \/>\n<meta property=\"og:image\" content=\"https:\/\/grandascot.pl\/wp-content\/uploads\/2017\/07\/PM_05878.jpg\" \/>\n<meta name=\"twitter:card\" content=\"summary_large_image\" \/>\n<meta name=\"twitter:title\" content=\"Grand Ascot Hotel - un h\u00f4tel de charme dans le centre de Cracovie\" \/>\n<meta name=\"twitter:site\" content=\"@GrandAscot\" \/>\n<meta name=\"twitter:label1\" content=\"Dur\u00e9e de lecture estim\u00e9e\" \/>\n\t<meta name=\"twitter:data1\" content=\"3 minutes\" \/>\n<script type=\"application\/ld+json\" class=\"yoast-schema-graph\">{\"@context\":\"https:\\\/\\\/schema.org\",\"@graph\":[{\"@type\":\"WebPage\",\"@id\":\"https:\\\/\\\/grandascot.pl\\\/fr\\\/hotel\\\/\",\"url\":\"https:\\\/\\\/grandascot.pl\\\/fr\\\/hotel\\\/\",\"name\":\"Un h\u00f4tel de charme dans le centre de Cracovie | Grand Ascot Hotel\",\"isPartOf\":{\"@id\":\"https:\\\/\\\/grandascot.pl\\\/#website\"},\"datePublished\":\"2017-07-14T02:05:45+00:00\",\"dateModified\":\"2022-03-17T21:01:35+00:00\",\"description\":\"Un h\u00f4tel de charme dans le centre de Cracovie. \u00c0 Grand Ascot, vous pouvez toujours compter sur une excellente ambiance et un service amical. Dans cet h\u00f4tel moderne et \u00e9l\u00e9gant, la commodit\u00e9 et le bien-\u00eatre des clients sont la priorit\u00e9 absolue.\",\"breadcrumb\":{\"@id\":\"https:\\\/\\\/grandascot.pl\\\/fr\\\/hotel\\\/#breadcrumb\"},\"inLanguage\":\"fr-FR\",\"potentialAction\":[{\"@type\":\"ReadAction\",\"target\":[\"https:\\\/\\\/grandascot.pl\\\/fr\\\/hotel\\\/\"]}]},{\"@type\":\"BreadcrumbList\",\"@id\":\"https:\\\/\\\/grandascot.pl\\\/fr\\\/hotel\\\/#breadcrumb\",\"itemListElement\":[{\"@type\":\"ListItem\",\"position\":1,\"name\":\"Strona g\u0142\u00f3wna\",\"item\":\"https:\\\/\\\/grandascot.pl\\\/fr\\\/\"},{\"@type\":\"ListItem\",\"position\":2,\"name\":\"H\u00f4tel\"}]},{\"@type\":\"WebSite\",\"@id\":\"https:\\\/\\\/grandascot.pl\\\/#website\",\"url\":\"https:\\\/\\\/grandascot.pl\\\/\",\"name\":\"Grand Ascot Hotel\",\"description\":\"Twoje miejsce w sercu Krakowa\",\"publisher\":{\"@id\":\"https:\\\/\\\/grandascot.pl\\\/#organization\"},\"potentialAction\":[{\"@type\":\"SearchAction\",\"target\":{\"@type\":\"EntryPoint\",\"urlTemplate\":\"https:\\\/\\\/grandascot.pl\\\/?s={search_term_string}\"},\"query-input\":{\"@type\":\"PropertyValueSpecification\",\"valueRequired\":true,\"valueName\":\"search_term_string\"}}],\"inLanguage\":\"fr-FR\"},{\"@type\":\"Organization\",\"@id\":\"https:\\\/\\\/grandascot.pl\\\/#organization\",\"name\":\"Grand Ascot Hotel\",\"url\":\"https:\\\/\\\/grandascot.pl\\\/\",\"logo\":{\"@type\":\"ImageObject\",\"inLanguage\":\"fr-FR\",\"@id\":\"https:\\\/\\\/grandascot.pl\\\/#\\\/schema\\\/logo\\\/image\\\/\",\"url\":\"https:\\\/\\\/grandascot.pl\\\/wp-content\\\/uploads\\\/2017\\\/12\\\/Grand-Ascot-logo-04.jpg\",\"contentUrl\":\"https:\\\/\\\/grandascot.pl\\\/wp-content\\\/uploads\\\/2017\\\/12\\\/Grand-Ascot-logo-04.jpg\",\"width\":1667,\"height\":1667,\"caption\":\"Grand Ascot Hotel\"},\"image\":{\"@id\":\"https:\\\/\\\/grandascot.pl\\\/#\\\/schema\\\/logo\\\/image\\\/\"},\"sameAs\":[\"https:\\\/\\\/www.facebook.com\\\/grandascothotel\\\/\",\"https:\\\/\\\/x.com\\\/GrandAscot\",\"https:\\\/\\\/www.instagram.com\\\/grandascot\\\/\",\"https:\\\/\\\/www.linkedin.com\\\/in\\\/grandascothotel\",\"https:\\\/\\\/www.youtube.com\\\/channel\\\/UCg9pe9yfqzzna8MahLl5PMQ\\\/\"]}]}<\/script>\n<!-- \/ Yoast SEO Premium plugin. -->","yoast_head_json":{"title":"Un h\u00f4tel de charme dans le centre de Cracovie | Grand Ascot Hotel","description":"Un h\u00f4tel de charme dans le centre de Cracovie. \u00c0 Grand Ascot, vous pouvez toujours compter sur une excellente ambiance et un service amical. Dans cet h\u00f4tel moderne et \u00e9l\u00e9gant, la commodit\u00e9 et le bien-\u00eatre des clients sont la priorit\u00e9 absolue.","robots":{"index":"index","follow":"follow","max-snippet":"max-snippet:-1","max-image-preview":"max-image-preview:large","max-video-preview":"max-video-preview:-1"},"canonical":"https:\/\/grandascot.pl\/fr\/hotel\/","og_locale":"fr_FR","og_type":"article","og_title":"Grand Ascot Hotel - un h\u00f4tel de charme dans le centre de Cracovie","og_description":"Un h\u00f4tel de charme dans le centre de Cracovie. \u00c0 Grand Ascot, vous pouvez toujours compter sur une excellente ambiance et un service amical. Dans cet h\u00f4tel moderne et \u00e9l\u00e9gant, la commodit\u00e9 et le bien-\u00eatre des clients sont la priorit\u00e9 absolue.","og_url":"https:\/\/grandascot.pl\/fr\/hotel\/","og_site_name":"Grand Ascot Hotel","article_publisher":"https:\/\/www.facebook.com\/grandascothotel\/","article_modified_time":"2022-03-17T21:01:35+00:00","og_image":[{"url":"https:\/\/grandascot.pl\/wp-content\/uploads\/2017\/07\/PM_05878.jpg","type":"","width":"","height":""}],"twitter_card":"summary_large_image","twitter_title":"Grand Ascot Hotel - un h\u00f4tel de charme dans le centre de Cracovie","twitter_site":"@GrandAscot","twitter_misc":{"Dur\u00e9e de lecture estim\u00e9e":"3 minutes"},"schema":{"@context":"https:\/\/schema.org","@graph":[{"@type":"WebPage","@id":"https:\/\/grandascot.pl\/fr\/hotel\/","url":"https:\/\/grandascot.pl\/fr\/hotel\/","name":"Un h\u00f4tel de charme dans le centre de Cracovie | Grand Ascot Hotel","isPartOf":{"@id":"https:\/\/grandascot.pl\/#website"},"datePublished":"2017-07-14T02:05:45+00:00","dateModified":"2022-03-17T21:01:35+00:00","description":"Un h\u00f4tel de charme dans le centre de Cracovie. \u00c0 Grand Ascot, vous pouvez toujours compter sur une excellente ambiance et un service amical. Dans cet h\u00f4tel moderne et \u00e9l\u00e9gant, la commodit\u00e9 et le bien-\u00eatre des clients sont la priorit\u00e9 absolue.","breadcrumb":{"@id":"https:\/\/grandascot.pl\/fr\/hotel\/#breadcrumb"},"inLanguage":"fr-FR","potentialAction":[{"@type":"ReadAction","target":["https:\/\/grandascot.pl\/fr\/hotel\/"]}]},{"@type":"BreadcrumbList","@id":"https:\/\/grandascot.pl\/fr\/hotel\/#breadcrumb","itemListElement":[{"@type":"ListItem","position":1,"name":"Strona g\u0142\u00f3wna","item":"https:\/\/grandascot.pl\/fr\/"},{"@type":"ListItem","position":2,"name":"H\u00f4tel"}]},{"@type":"WebSite","@id":"https:\/\/grandascot.pl\/#website","url":"https:\/\/grandascot.pl\/","name":"Grand Ascot Hotel","description":"Twoje miejsce w sercu Krakowa","publisher":{"@id":"https:\/\/grandascot.pl\/#organization"},"potentialAction":[{"@type":"SearchAction","target":{"@type":"EntryPoint","urlTemplate":"https:\/\/grandascot.pl\/?s={search_term_string}"},"query-input":{"@type":"PropertyValueSpecification","valueRequired":true,"valueName":"search_term_string"}}],"inLanguage":"fr-FR"},{"@type":"Organization","@id":"https:\/\/grandascot.pl\/#organization","name":"Grand Ascot Hotel","url":"https:\/\/grandascot.pl\/","logo":{"@type":"ImageObject","inLanguage":"fr-FR","@id":"https:\/\/grandascot.pl\/#\/schema\/logo\/image\/","url":"https:\/\/grandascot.pl\/wp-content\/uploads\/2017\/12\/Grand-Ascot-logo-04.jpg","contentUrl":"https:\/\/grandascot.pl\/wp-content\/uploads\/2017\/12\/Grand-Ascot-logo-04.jpg","width":1667,"height":1667,"caption":"Grand Ascot Hotel"},"image":{"@id":"https:\/\/grandascot.pl\/#\/schema\/logo\/image\/"},"sameAs":["https:\/\/www.facebook.com\/grandascothotel\/","https:\/\/x.com\/GrandAscot","https:\/\/www.instagram.com\/grandascot\/","https:\/\/www.linkedin.com\/in\/grandascothotel","https:\/\/www.youtube.com\/channel\/UCg9pe9yfqzzna8MahLl5PMQ\/"]}]}},"_links":{"self":[{"href":"https:\/\/grandascot.pl\/fr\/wp-json\/wp\/v2\/pages\/458","targetHints":{"allow":["GET"]}}],"collection":[{"href":"https:\/\/grandascot.pl\/fr\/wp-json\/wp\/v2\/pages"}],"about":[{"href":"https:\/\/grandascot.pl\/fr\/wp-json\/wp\/v2\/types\/page"}],"author":[{"embeddable":true,"href":"https:\/\/grandascot.pl\/fr\/wp-json\/wp\/v2\/users\/1"}],"replies":[{"embeddable":true,"href":"https:\/\/grandascot.pl\/fr\/wp-json\/wp\/v2\/comments?post=458"}],"version-history":[{"count":15,"href":"https:\/\/grandascot.pl\/fr\/wp-json\/wp\/v2\/pages\/458\/revisions"}],"predecessor-version":[{"id":4397,"href":"https:\/\/grandascot.pl\/fr\/wp-json\/wp\/v2\/pages\/458\/revisions\/4397"}],"wp:attachment":[{"href":"https:\/\/grandascot.pl\/fr\/wp-json\/wp\/v2\/media?parent=458"}],"curies":[{"name":"wp","href":"https:\/\/api.w.org\/{rel}","templated":true}]}}