{"id":1196,"date":"2019-03-29T14:27:11","date_gmt":"2019-03-29T13:27:11","guid":{"rendered":"http:\/\/grandascot.pl\/?page_id=1196"},"modified":"2025-12-05T17:27:25","modified_gmt":"2025-12-05T16:27:25","slug":"offres-speciales","status":"publish","type":"page","link":"https:\/\/grandascot.pl\/fr\/offres-speciales\/","title":{"rendered":"Offres sp\u00e9ciales et promotions \u2013 H\u00f4tel \u00e0 Cracovie"},"content":{"rendered":"","protected":false},"excerpt":{"rendered":"","protected":false},"author":1,"featured_media":0,"parent":0,"menu_order":0,"comment_status":"closed","ping_status":"closed","template":"","meta":{"_acf_changed":false,"footnotes":""},"class_list":["post-1196","page","type-page","status-publish","hentry"],"acf":[],"yoast_head":"<!-- This site is optimized with the Yoast SEO Premium plugin v26.8 (Yoast SEO v27.4) - https:\/\/yoast.com\/product\/yoast-seo-premium-wordpress\/ -->\n<title>Offres sp\u00e9ciales | La vieille ville de Cracovie | Grand Ascot Hotel<\/title>\n<meta name=\"description\" content=\"Nos offres sp\u00e9ciales proposent des conditions de r\u00e9servation exceptionnellement avantageuses. Planifiez vos vacances et profitez d&#039;un s\u00e9jour plus abordable dans le centre de Cracovie, \u00e0 proximit\u00e9 des principaux sites touristiques.\" \/>\n<meta name=\"robots\" content=\"index, follow, max-snippet:-1, max-image-preview:large, max-video-preview:-1\" \/>\n<link rel=\"canonical\" href=\"https:\/\/grandascot.pl\/fr\/offres-speciales\/\" \/>\n<meta property=\"og:locale\" content=\"fr_FR\" \/>\n<meta property=\"og:type\" content=\"article\" \/>\n<meta property=\"og:title\" content=\"Offres sp\u00e9ciales et promotions \u2013 H\u00f4tel \u00e0 Cracovie\" \/>\n<meta property=\"og:description\" content=\"Nos offres sp\u00e9ciales proposent des conditions de r\u00e9servation exceptionnellement avantageuses. Planifiez vos vacances et profitez d&#039;un s\u00e9jour plus abordable dans le centre de Cracovie, \u00e0 proximit\u00e9 des principaux sites touristiques.\" \/>\n<meta property=\"og:url\" content=\"https:\/\/grandascot.pl\/fr\/offres-speciales\/\" \/>\n<meta property=\"og:site_name\" content=\"Grand Ascot Hotel\" \/>\n<meta property=\"article:publisher\" content=\"https:\/\/www.facebook.com\/grandascothotel\/\" \/>\n<meta property=\"article:modified_time\" content=\"2025-12-05T16:27:25+00:00\" \/>\n<meta name=\"twitter:card\" content=\"summary_large_image\" \/>\n<meta name=\"twitter:site\" content=\"@GrandAscot\" \/>\n<script type=\"application\/ld+json\" class=\"yoast-schema-graph\">{\"@context\":\"https:\\\/\\\/schema.org\",\"@graph\":[{\"@type\":\"WebPage\",\"@id\":\"https:\\\/\\\/grandascot.pl\\\/fr\\\/offres-speciales\\\/\",\"url\":\"https:\\\/\\\/grandascot.pl\\\/fr\\\/offres-speciales\\\/\",\"name\":\"Offres sp\u00e9ciales | La vieille ville de Cracovie | Grand Ascot Hotel\",\"isPartOf\":{\"@id\":\"https:\\\/\\\/grandascot.pl\\\/#website\"},\"datePublished\":\"2019-03-29T13:27:11+00:00\",\"dateModified\":\"2025-12-05T16:27:25+00:00\",\"description\":\"Nos offres sp\u00e9ciales proposent des conditions de r\u00e9servation exceptionnellement avantageuses. Planifiez vos vacances et profitez d'un s\u00e9jour plus abordable dans le centre de Cracovie, \u00e0 proximit\u00e9 des principaux sites touristiques.\",\"breadcrumb\":{\"@id\":\"https:\\\/\\\/grandascot.pl\\\/fr\\\/offres-speciales\\\/#breadcrumb\"},\"inLanguage\":\"fr-FR\",\"potentialAction\":[{\"@type\":\"ReadAction\",\"target\":[\"https:\\\/\\\/grandascot.pl\\\/fr\\\/offres-speciales\\\/\"]}]},{\"@type\":\"BreadcrumbList\",\"@id\":\"https:\\\/\\\/grandascot.pl\\\/fr\\\/offres-speciales\\\/#breadcrumb\",\"itemListElement\":[{\"@type\":\"ListItem\",\"position\":1,\"name\":\"Strona g\u0142\u00f3wna\",\"item\":\"https:\\\/\\\/grandascot.pl\\\/fr\\\/\"},{\"@type\":\"ListItem\",\"position\":2,\"name\":\"Offres sp\u00e9ciales et promotions \u2013 H\u00f4tel \u00e0 Cracovie\"}]},{\"@type\":\"WebSite\",\"@id\":\"https:\\\/\\\/grandascot.pl\\\/#website\",\"url\":\"https:\\\/\\\/grandascot.pl\\\/\",\"name\":\"Grand Ascot Hotel\",\"description\":\"Twoje miejsce w sercu Krakowa\",\"publisher\":{\"@id\":\"https:\\\/\\\/grandascot.pl\\\/#organization\"},\"potentialAction\":[{\"@type\":\"SearchAction\",\"target\":{\"@type\":\"EntryPoint\",\"urlTemplate\":\"https:\\\/\\\/grandascot.pl\\\/?s={search_term_string}\"},\"query-input\":{\"@type\":\"PropertyValueSpecification\",\"valueRequired\":true,\"valueName\":\"search_term_string\"}}],\"inLanguage\":\"fr-FR\"},{\"@type\":\"Organization\",\"@id\":\"https:\\\/\\\/grandascot.pl\\\/#organization\",\"name\":\"Grand Ascot Hotel\",\"url\":\"https:\\\/\\\/grandascot.pl\\\/\",\"logo\":{\"@type\":\"ImageObject\",\"inLanguage\":\"fr-FR\",\"@id\":\"https:\\\/\\\/grandascot.pl\\\/#\\\/schema\\\/logo\\\/image\\\/\",\"url\":\"https:\\\/\\\/grandascot.pl\\\/wp-content\\\/uploads\\\/2017\\\/12\\\/Grand-Ascot-logo-04.jpg\",\"contentUrl\":\"https:\\\/\\\/grandascot.pl\\\/wp-content\\\/uploads\\\/2017\\\/12\\\/Grand-Ascot-logo-04.jpg\",\"width\":1667,\"height\":1667,\"caption\":\"Grand Ascot Hotel\"},\"image\":{\"@id\":\"https:\\\/\\\/grandascot.pl\\\/#\\\/schema\\\/logo\\\/image\\\/\"},\"sameAs\":[\"https:\\\/\\\/www.facebook.com\\\/grandascothotel\\\/\",\"https:\\\/\\\/x.com\\\/GrandAscot\",\"https:\\\/\\\/www.instagram.com\\\/grandascot\\\/\",\"https:\\\/\\\/www.linkedin.com\\\/in\\\/grandascothotel\",\"https:\\\/\\\/www.youtube.com\\\/channel\\\/UCg9pe9yfqzzna8MahLl5PMQ\\\/\"]}]}<\/script>\n<!-- \/ Yoast SEO Premium plugin. -->","yoast_head_json":{"title":"Offres sp\u00e9ciales | La vieille ville de Cracovie | Grand Ascot Hotel","description":"Nos offres sp\u00e9ciales proposent des conditions de r\u00e9servation exceptionnellement avantageuses. Planifiez vos vacances et profitez d'un s\u00e9jour plus abordable dans le centre de Cracovie, \u00e0 proximit\u00e9 des principaux sites touristiques.","robots":{"index":"index","follow":"follow","max-snippet":"max-snippet:-1","max-image-preview":"max-image-preview:large","max-video-preview":"max-video-preview:-1"},"canonical":"https:\/\/grandascot.pl\/fr\/offres-speciales\/","og_locale":"fr_FR","og_type":"article","og_title":"Offres sp\u00e9ciales et promotions \u2013 H\u00f4tel \u00e0 Cracovie","og_description":"Nos offres sp\u00e9ciales proposent des conditions de r\u00e9servation exceptionnellement avantageuses. Planifiez vos vacances et profitez d'un s\u00e9jour plus abordable dans le centre de Cracovie, \u00e0 proximit\u00e9 des principaux sites touristiques.","og_url":"https:\/\/grandascot.pl\/fr\/offres-speciales\/","og_site_name":"Grand Ascot Hotel","article_publisher":"https:\/\/www.facebook.com\/grandascothotel\/","article_modified_time":"2025-12-05T16:27:25+00:00","twitter_card":"summary_large_image","twitter_site":"@GrandAscot","schema":{"@context":"https:\/\/schema.org","@graph":[{"@type":"WebPage","@id":"https:\/\/grandascot.pl\/fr\/offres-speciales\/","url":"https:\/\/grandascot.pl\/fr\/offres-speciales\/","name":"Offres sp\u00e9ciales | La vieille ville de Cracovie | Grand Ascot Hotel","isPartOf":{"@id":"https:\/\/grandascot.pl\/#website"},"datePublished":"2019-03-29T13:27:11+00:00","dateModified":"2025-12-05T16:27:25+00:00","description":"Nos offres sp\u00e9ciales proposent des conditions de r\u00e9servation exceptionnellement avantageuses. Planifiez vos vacances et profitez d'un s\u00e9jour plus abordable dans le centre de Cracovie, \u00e0 proximit\u00e9 des principaux sites touristiques.","breadcrumb":{"@id":"https:\/\/grandascot.pl\/fr\/offres-speciales\/#breadcrumb"},"inLanguage":"fr-FR","potentialAction":[{"@type":"ReadAction","target":["https:\/\/grandascot.pl\/fr\/offres-speciales\/"]}]},{"@type":"BreadcrumbList","@id":"https:\/\/grandascot.pl\/fr\/offres-speciales\/#breadcrumb","itemListElement":[{"@type":"ListItem","position":1,"name":"Strona g\u0142\u00f3wna","item":"https:\/\/grandascot.pl\/fr\/"},{"@type":"ListItem","position":2,"name":"Offres sp\u00e9ciales et promotions \u2013 H\u00f4tel \u00e0 Cracovie"}]},{"@type":"WebSite","@id":"https:\/\/grandascot.pl\/#website","url":"https:\/\/grandascot.pl\/","name":"Grand Ascot Hotel","description":"Twoje miejsce w sercu Krakowa","publisher":{"@id":"https:\/\/grandascot.pl\/#organization"},"potentialAction":[{"@type":"SearchAction","target":{"@type":"EntryPoint","urlTemplate":"https:\/\/grandascot.pl\/?s={search_term_string}"},"query-input":{"@type":"PropertyValueSpecification","valueRequired":true,"valueName":"search_term_string"}}],"inLanguage":"fr-FR"},{"@type":"Organization","@id":"https:\/\/grandascot.pl\/#organization","name":"Grand Ascot Hotel","url":"https:\/\/grandascot.pl\/","logo":{"@type":"ImageObject","inLanguage":"fr-FR","@id":"https:\/\/grandascot.pl\/#\/schema\/logo\/image\/","url":"https:\/\/grandascot.pl\/wp-content\/uploads\/2017\/12\/Grand-Ascot-logo-04.jpg","contentUrl":"https:\/\/grandascot.pl\/wp-content\/uploads\/2017\/12\/Grand-Ascot-logo-04.jpg","width":1667,"height":1667,"caption":"Grand Ascot Hotel"},"image":{"@id":"https:\/\/grandascot.pl\/#\/schema\/logo\/image\/"},"sameAs":["https:\/\/www.facebook.com\/grandascothotel\/","https:\/\/x.com\/GrandAscot","https:\/\/www.instagram.com\/grandascot\/","https:\/\/www.linkedin.com\/in\/grandascothotel","https:\/\/www.youtube.com\/channel\/UCg9pe9yfqzzna8MahLl5PMQ\/"]}]}},"_links":{"self":[{"href":"https:\/\/grandascot.pl\/fr\/wp-json\/wp\/v2\/pages\/1196","targetHints":{"allow":["GET"]}}],"collection":[{"href":"https:\/\/grandascot.pl\/fr\/wp-json\/wp\/v2\/pages"}],"about":[{"href":"https:\/\/grandascot.pl\/fr\/wp-json\/wp\/v2\/types\/page"}],"author":[{"embeddable":true,"href":"https:\/\/grandascot.pl\/fr\/wp-json\/wp\/v2\/users\/1"}],"replies":[{"embeddable":true,"href":"https:\/\/grandascot.pl\/fr\/wp-json\/wp\/v2\/comments?post=1196"}],"version-history":[{"count":2,"href":"https:\/\/grandascot.pl\/fr\/wp-json\/wp\/v2\/pages\/1196\/revisions"}],"predecessor-version":[{"id":8818,"href":"https:\/\/grandascot.pl\/fr\/wp-json\/wp\/v2\/pages\/1196\/revisions\/8818"}],"wp:attachment":[{"href":"https:\/\/grandascot.pl\/fr\/wp-json\/wp\/v2\/media?parent=1196"}],"curies":[{"name":"wp","href":"https:\/\/api.w.org\/{rel}","templated":true}]}}