{"id":623,"date":"2017-07-18T03:04:36","date_gmt":"2017-07-18T01:04:36","guid":{"rendered":"http:\/\/test.grandascot.pl\/?page_id=623"},"modified":"2022-02-04T16:58:39","modified_gmt":"2022-02-04T15:58:39","slug":"bar-y-restaurante","status":"publish","type":"page","link":"https:\/\/grandascot.pl\/es\/bar-y-restaurante\/","title":{"rendered":"Restaurante Four"},"content":{"rendered":"\t<div class=\"section article article--align-center section--default\">\n\t\t<div class=\"section__content\"><\/p>\n<p class=\"supheading\">Inspiraciones culinarias en el coraz\u00f3n de Cracovia<\/p>\n<h2 class=\"heading\">Sabores y ambiente \u00fanicos<\/h2>\n<p>El jefe de cocina que sabe c\u00f3mo preparar aut\u00e9nticos manjares, interiores modernos e impresionantes&#8230; En Grand Ascot sabemos c\u00f3mo deleitar a los hu\u00e9spedes y lo hacemos con placer.<br \/>\nLos desayunos de productos frescos y de alta calidad, almuerzos originales y cenas servidas en un ambiente especial complementan perfectamente el d\u00eda. A su vez, los interiores c\u00f3modos y descanso con acompa\u00f1amiento de una buena m\u00fasica y su c\u00f3ctel favorito permiten olvidarse de las dificultades del d\u00eda.<br \/>\n<\/div>\n\t<\/div>\n\t\n    <div class=\"side-image side-image--side-left side-image--color-default\">\n        <div class=\"side-image__content\">\n            <div class=\"row side-image__row\">\n                <div class=\"col side-image__col side-image__col--content\">\n\t\t\t\t\t<\/p>\n<p class=\"supheading\">Cocina excelente<\/p>\n<h2 class=\"heading\">Restaurante Four<\/h2>\n<p>En el Restaurante Four deleitaremos todos tus sentidos. En la carta encontrar\u00e1s tanto los cl\u00e1sicos de la cocina polaca como los platos m\u00e1s t\u00edpicos de las mayores capitales europeas. De tus papilas gustativas se ocupar\u00e1 nuestro maestro de cocina, mientras que los interiores elegantes y el equipamiento de la mayor calidad har\u00e1n que el tiempo dedicado a la degustaci\u00f3n de las propuestas de nuestro men\u00fa sea a\u00fan m\u00e1s agradable.<br \/>\nEl jefe de cocina, los b\u00e1rmanes con experiencia y el agradable servicio velar\u00e1n por que los sabrosos platos y perfectamente compuestos se conviertan en los puntos fijos de tu estancia en el hotel Grand Ascot. <\/p>\n<p class=\"foot\"><a class=\"more\" href=\"https:\/\/restauracjafour.pl\" target=\"_blank\" title=\"Restaurante Four\" rel=\"noopener noreferrer\">Ir al sitio web Restaurante Four<\/a><\/p>\n<p>                <\/div>\n                <div class=\"col side-image__col side-image__col--image\">\n\t\t\t\t\t                        <ul class=\"side-image__slider owl-carousel\">\n\t\t\t\t\t\t\t                                <div class=\"side-image__slider-item\">\n                                    <img decoding=\"async\" data-src=\"https:\/\/grandascot.pl\/wp-content\/uploads\/2022\/02\/smaczne-dania-Four.jpg\" alt=\"Talerz a sa\u0142atk\u0105\"\n                                         width=\"700\" height=\"559\" src=\"data:image\/svg+xml;base64,PHN2ZyB3aWR0aD0iMSIgaGVpZ2h0PSIxIiB4bWxucz0iaHR0cDovL3d3dy53My5vcmcvMjAwMC9zdmciPjwvc3ZnPg==\" class=\"lazyload\" style=\"--smush-placeholder-width: 700px; --smush-placeholder-aspect-ratio: 700\/559;\">\n                                <\/div>\n\t\t\t\t\t\t\t\t                                <div class=\"side-image__slider-item\">\n                                    <img decoding=\"async\" data-src=\"https:\/\/grandascot.pl\/wp-content\/uploads\/2022\/02\/Restauracja-Four-w-Krakowie.jpg\" alt=\"Restauracja Four\"\n                                         width=\"699\" height=\"479\" src=\"data:image\/svg+xml;base64,PHN2ZyB3aWR0aD0iMSIgaGVpZ2h0PSIxIiB4bWxucz0iaHR0cDovL3d3dy53My5vcmcvMjAwMC9zdmciPjwvc3ZnPg==\" class=\"lazyload\" style=\"--smush-placeholder-width: 699px; --smush-placeholder-aspect-ratio: 699\/479;\">\n                                <\/div>\n\t\t\t\t\t\t\t\t                                <div class=\"side-image__slider-item\">\n                                    <img decoding=\"async\" data-src=\"https:\/\/grandascot.pl\/wp-content\/uploads\/2022\/02\/Pysznosci-w-Four.jpg\" alt=\"Pyszno\u015bci na talerzu\"\n                                         width=\"700\" height=\"466\" src=\"data:image\/svg+xml;base64,PHN2ZyB3aWR0aD0iMSIgaGVpZ2h0PSIxIiB4bWxucz0iaHR0cDovL3d3dy53My5vcmcvMjAwMC9zdmciPjwvc3ZnPg==\" class=\"lazyload\" style=\"--smush-placeholder-width: 700px; --smush-placeholder-aspect-ratio: 700\/466;\">\n                                <\/div>\n\t\t\t\t\t\t\t\t                                <div class=\"side-image__slider-item\">\n                                    <img decoding=\"async\" data-src=\"https:\/\/grandascot.pl\/wp-content\/uploads\/2022\/02\/Organizacja-uroczystosci-rodzinnych.jpg\" alt=\"Sala Four\"\n                                         width=\"700\" height=\"466\" src=\"data:image\/svg+xml;base64,PHN2ZyB3aWR0aD0iMSIgaGVpZ2h0PSIxIiB4bWxucz0iaHR0cDovL3d3dy53My5vcmcvMjAwMC9zdmciPjwvc3ZnPg==\" class=\"lazyload\" style=\"--smush-placeholder-width: 700px; --smush-placeholder-aspect-ratio: 700\/466;\">\n                                <\/div>\n\t\t\t\t\t\t\t\t                                <div class=\"side-image__slider-item\">\n                                    <img decoding=\"async\" data-src=\"https:\/\/grandascot.pl\/wp-content\/uploads\/2022\/02\/Urodziny-w-hotelu.jpg\" alt=\"Urodziny-w-hotelu\"\n                                         width=\"700\" height=\"466\" src=\"data:image\/svg+xml;base64,PHN2ZyB3aWR0aD0iMSIgaGVpZ2h0PSIxIiB4bWxucz0iaHR0cDovL3d3dy53My5vcmcvMjAwMC9zdmciPjwvc3ZnPg==\" class=\"lazyload\" style=\"--smush-placeholder-width: 700px; --smush-placeholder-aspect-ratio: 700\/466;\">\n                                <\/div>\n\t\t\t\t\t\t\t\t                                <div class=\"side-image__slider-item\">\n                                    <img decoding=\"async\" data-src=\"https:\/\/grandascot.pl\/wp-content\/uploads\/2022\/02\/Four-Restaurant-Krakow.jpg\" alt=\"Dania w Four\"\n                                         width=\"700\" height=\"495\" src=\"data:image\/svg+xml;base64,PHN2ZyB3aWR0aD0iMSIgaGVpZ2h0PSIxIiB4bWxucz0iaHR0cDovL3d3dy53My5vcmcvMjAwMC9zdmciPjwvc3ZnPg==\" class=\"lazyload\" style=\"--smush-placeholder-width: 700px; --smush-placeholder-aspect-ratio: 700\/495;\">\n                                <\/div>\n\t\t\t\t\t\t\t\t                        <\/ul>\n\t\t\t\t\t\n                <\/div>\n            <\/div>\n        <\/div>\n    <\/div>\n\t\n    <div class=\"side-image side-image--side-right side-image--color-white\">\n        <div class=\"side-image__content\">\n            <div class=\"row side-image__row\">\n                <div class=\"col side-image__col side-image__col--content\">\n\t\t\t\t\t<\/p>\n<p class=\"supheading\">Reuniones con buen ambiente<\/p>\n<h2 class=\"heading\">Wine &#038; Spirits Bar <br \/>by Grand Ascot<\/h2>\n<p>Independientemente de si visitas la ciudad con fines profesionales o tur\u00edsticos, despu\u00e9s de un largo y ajetreado d\u00eda es agradable sentarse c\u00f3modamente y descansar con el acompa\u00f1amiento de una buena m\u00fasica y un c\u00f3ctel favorito. La rica oferta de bebidas alcoh\u00f3licas y no alcoh\u00f3licas responder\u00e1 tanto a las expectativas de los aficionados a los sabores cl\u00e1sicos como a las fusiones inusuales. Todo esto lo completar\u00e1n tentempi\u00e9s excelentes, postres y un delicioso caf\u00e9 o t\u00e9. <\/p>\n<p class=\"foot\"><!--<a class=\"more\" href=\"https:\/\/grandascot.pl\/wp-content\/uploads\/2017\/07\/Grand-Ascot-Lobby-Bar-Menu.pdf\">Ver men\u00fa actual<\/a>-->\n<\/p>\n<p>                <\/div>\n                <div class=\"col side-image__col side-image__col--image\">\n\t\t\t\t\t                        <ul class=\"side-image__slider owl-carousel\">\n\t\t\t\t\t\t\t                                <div class=\"side-image__slider-item\">\n                                    <img decoding=\"async\" data-src=\"https:\/\/grandascot.pl\/wp-content\/uploads\/2022\/02\/Four-wyjatkowe-spotkania.jpg\" alt=\"Widok baru Four\"\n                                         width=\"760\" height=\"440\" src=\"data:image\/svg+xml;base64,PHN2ZyB3aWR0aD0iMSIgaGVpZ2h0PSIxIiB4bWxucz0iaHR0cDovL3d3dy53My5vcmcvMjAwMC9zdmciPjwvc3ZnPg==\" class=\"lazyload\" style=\"--smush-placeholder-width: 760px; --smush-placeholder-aspect-ratio: 760\/440;\">\n                                <\/div>\n\t\t\t\t\t\t\t\t                                <div class=\"side-image__slider-item\">\n                                    <img decoding=\"async\" data-src=\"https:\/\/grandascot.pl\/wp-content\/uploads\/2022\/02\/Drink-Wine-Spirits-Bar-Four.jpg\" alt=\"Drink na barze\"\n                                         width=\"700\" height=\"466\" src=\"data:image\/svg+xml;base64,PHN2ZyB3aWR0aD0iMSIgaGVpZ2h0PSIxIiB4bWxucz0iaHR0cDovL3d3dy53My5vcmcvMjAwMC9zdmciPjwvc3ZnPg==\" class=\"lazyload\" style=\"--smush-placeholder-width: 700px; --smush-placeholder-aspect-ratio: 700\/466;\">\n                                <\/div>\n\t\t\t\t\t\t\t\t                                <div class=\"side-image__slider-item\">\n                                    <img decoding=\"async\" data-src=\"https:\/\/grandascot.pl\/wp-content\/uploads\/2019\/04\/GrandAscot_05356.jpg\" alt=\"Grand Ascot lobby bar\"\n                                         width=\"1382\" height=\"922\" src=\"data:image\/svg+xml;base64,PHN2ZyB3aWR0aD0iMSIgaGVpZ2h0PSIxIiB4bWxucz0iaHR0cDovL3d3dy53My5vcmcvMjAwMC9zdmciPjwvc3ZnPg==\" class=\"lazyload\" style=\"--smush-placeholder-width: 1382px; --smush-placeholder-aspect-ratio: 1382\/922;\">\n                                <\/div>\n\t\t\t\t\t\t\t\t                                <div class=\"side-image__slider-item\">\n                                    <img decoding=\"async\" data-src=\"https:\/\/grandascot.pl\/wp-content\/uploads\/2019\/04\/GrandAscot_05240.jpg\" alt=\"Lobby bar w hotelu Grand Ascot\"\n                                         width=\"1382\" height=\"922\" src=\"data:image\/svg+xml;base64,PHN2ZyB3aWR0aD0iMSIgaGVpZ2h0PSIxIiB4bWxucz0iaHR0cDovL3d3dy53My5vcmcvMjAwMC9zdmciPjwvc3ZnPg==\" class=\"lazyload\" style=\"--smush-placeholder-width: 1382px; --smush-placeholder-aspect-ratio: 1382\/922;\">\n                                <\/div>\n\t\t\t\t\t\t\t\t                                <div class=\"side-image__slider-item\">\n                                    <img decoding=\"async\" data-src=\"https:\/\/grandascot.pl\/wp-content\/uploads\/2022\/02\/Wine-Spirits-Bar-Drink.jpg\" alt=\"Kieliszek na barze\"\n                                         width=\"700\" height=\"466\" src=\"data:image\/svg+xml;base64,PHN2ZyB3aWR0aD0iMSIgaGVpZ2h0PSIxIiB4bWxucz0iaHR0cDovL3d3dy53My5vcmcvMjAwMC9zdmciPjwvc3ZnPg==\" class=\"lazyload\" style=\"--smush-placeholder-width: 700px; --smush-placeholder-aspect-ratio: 700\/466;\">\n                                <\/div>\n\t\t\t\t\t\t\t\t                                <div class=\"side-image__slider-item\">\n                                    <img decoding=\"async\" data-src=\"https:\/\/grandascot.pl\/wp-content\/uploads\/2019\/04\/GrandAscot_05271.jpg\" alt=\"Lobby bar w hotelu w centrum Krakowa\"\n                                         width=\"1382\" height=\"922\" src=\"data:image\/svg+xml;base64,PHN2ZyB3aWR0aD0iMSIgaGVpZ2h0PSIxIiB4bWxucz0iaHR0cDovL3d3dy53My5vcmcvMjAwMC9zdmciPjwvc3ZnPg==\" class=\"lazyload\" style=\"--smush-placeholder-width: 1382px; --smush-placeholder-aspect-ratio: 1382\/922;\">\n                                <\/div>\n\t\t\t\t\t\t\t\t                        <\/ul>\n\t\t\t\t\t\n                <\/div>\n            <\/div>\n        <\/div>\n    <\/div>\n\t\n","protected":false},"excerpt":{"rendered":"","protected":false},"author":1,"featured_media":0,"parent":0,"menu_order":0,"comment_status":"closed","ping_status":"closed","template":"","meta":{"_acf_changed":false,"footnotes":""},"class_list":["post-623","page","type-page","status-publish","hentry"],"acf":[],"yoast_head":"<!-- This site is optimized with the Yoast SEO Premium plugin v26.8 (Yoast SEO v27.3) - https:\/\/yoast.com\/product\/yoast-seo-premium-wordpress\/ -->\n<title>Sabores \u00fanicos en el centro de Cracovia | Grand Ascot Hotel<\/title>\n<meta name=\"description\" content=\"Sabores \u00fanicos en el centro de Cracovia. En el Four Restaurant, mimaremos todos sus sentidos: aqu\u00ed encontrar\u00e1 cl\u00e1sicos de la cocina polaca y platos procedentes de las ciudades europeas m\u00e1s famosas. Una generosa selecci\u00f3n de licores y refrescos satisfar\u00e1 tanto a los hu\u00e9spedes que buscan sabores cl\u00e1sicos como a los que aprecian combinaciones m\u00e1s inesperadas.\" \/>\n<meta name=\"robots\" content=\"index, follow, max-snippet:-1, max-image-preview:large, max-video-preview:-1\" \/>\n<link rel=\"canonical\" href=\"https:\/\/grandascot.pl\/es\/bar-y-restaurante\/\" \/>\n<meta property=\"og:locale\" content=\"es_ES\" \/>\n<meta property=\"og:type\" content=\"article\" \/>\n<meta property=\"og:title\" content=\"Grand Ascot Hotel - Sabores \u00fanicos en el centro de Cracovia\" \/>\n<meta property=\"og:description\" content=\"Sabores \u00fanicos en el centro de Cracovia. En el Four Restaurant, mimaremos todos sus sentidos: aqu\u00ed encontrar\u00e1 cl\u00e1sicos de la cocina polaca y platos procedentes de las ciudades europeas m\u00e1s famosas. Una generosa selecci\u00f3n de licores y refrescos satisfar\u00e1 tanto a los hu\u00e9spedes que buscan sabores cl\u00e1sicos como a los que aprecian combinaciones m\u00e1s inesperadas.\" \/>\n<meta property=\"og:url\" content=\"https:\/\/grandascot.pl\/es\/bar-y-restaurante\/\" \/>\n<meta property=\"og:site_name\" content=\"Grand Ascot Hotel\" \/>\n<meta property=\"article:publisher\" content=\"https:\/\/www.facebook.com\/grandascothotel\/\" \/>\n<meta property=\"article:modified_time\" content=\"2022-02-04T15:58:39+00:00\" \/>\n<meta property=\"og:image\" content=\"https:\/\/grandascot.pl\/wp-content\/uploads\/2017\/07\/PM_04133.jpg\" \/>\n<meta name=\"twitter:card\" content=\"summary_large_image\" \/>\n<meta name=\"twitter:title\" content=\"Grand Ascot Hotel - Sabores \u00fanicos en el centro de Cracovia\" \/>\n<meta name=\"twitter:site\" content=\"@GrandAscot\" \/>\n<meta name=\"twitter:label1\" content=\"Tiempo de lectura\" \/>\n\t<meta name=\"twitter:data1\" content=\"2 minuto\" \/>\n<script type=\"application\/ld+json\" class=\"yoast-schema-graph\">{\"@context\":\"https:\\\/\\\/schema.org\",\"@graph\":[{\"@type\":\"WebPage\",\"@id\":\"https:\\\/\\\/grandascot.pl\\\/es\\\/bar-y-restaurante\\\/\",\"url\":\"https:\\\/\\\/grandascot.pl\\\/es\\\/bar-y-restaurante\\\/\",\"name\":\"Sabores \u00fanicos en el centro de Cracovia | Grand Ascot Hotel\",\"isPartOf\":{\"@id\":\"https:\\\/\\\/grandascot.pl\\\/#website\"},\"datePublished\":\"2017-07-18T01:04:36+00:00\",\"dateModified\":\"2022-02-04T15:58:39+00:00\",\"description\":\"Sabores \u00fanicos en el centro de Cracovia. En el Four Restaurant, mimaremos todos sus sentidos: aqu\u00ed encontrar\u00e1 cl\u00e1sicos de la cocina polaca y platos procedentes de las ciudades europeas m\u00e1s famosas. Una generosa selecci\u00f3n de licores y refrescos satisfar\u00e1 tanto a los hu\u00e9spedes que buscan sabores cl\u00e1sicos como a los que aprecian combinaciones m\u00e1s inesperadas.\",\"breadcrumb\":{\"@id\":\"https:\\\/\\\/grandascot.pl\\\/es\\\/bar-y-restaurante\\\/#breadcrumb\"},\"inLanguage\":\"es\",\"potentialAction\":[{\"@type\":\"ReadAction\",\"target\":[\"https:\\\/\\\/grandascot.pl\\\/es\\\/bar-y-restaurante\\\/\"]}]},{\"@type\":\"BreadcrumbList\",\"@id\":\"https:\\\/\\\/grandascot.pl\\\/es\\\/bar-y-restaurante\\\/#breadcrumb\",\"itemListElement\":[{\"@type\":\"ListItem\",\"position\":1,\"name\":\"Strona g\u0142\u00f3wna\",\"item\":\"https:\\\/\\\/grandascot.pl\\\/es\\\/\"},{\"@type\":\"ListItem\",\"position\":2,\"name\":\"Restaurante Four\"}]},{\"@type\":\"WebSite\",\"@id\":\"https:\\\/\\\/grandascot.pl\\\/#website\",\"url\":\"https:\\\/\\\/grandascot.pl\\\/\",\"name\":\"Grand Ascot Hotel\",\"description\":\"Twoje miejsce w sercu Krakowa\",\"publisher\":{\"@id\":\"https:\\\/\\\/grandascot.pl\\\/#organization\"},\"potentialAction\":[{\"@type\":\"SearchAction\",\"target\":{\"@type\":\"EntryPoint\",\"urlTemplate\":\"https:\\\/\\\/grandascot.pl\\\/?s={search_term_string}\"},\"query-input\":{\"@type\":\"PropertyValueSpecification\",\"valueRequired\":true,\"valueName\":\"search_term_string\"}}],\"inLanguage\":\"es\"},{\"@type\":\"Organization\",\"@id\":\"https:\\\/\\\/grandascot.pl\\\/#organization\",\"name\":\"Grand Ascot Hotel\",\"url\":\"https:\\\/\\\/grandascot.pl\\\/\",\"logo\":{\"@type\":\"ImageObject\",\"inLanguage\":\"es\",\"@id\":\"https:\\\/\\\/grandascot.pl\\\/#\\\/schema\\\/logo\\\/image\\\/\",\"url\":\"https:\\\/\\\/grandascot.pl\\\/wp-content\\\/uploads\\\/2017\\\/12\\\/Grand-Ascot-logo-04.jpg\",\"contentUrl\":\"https:\\\/\\\/grandascot.pl\\\/wp-content\\\/uploads\\\/2017\\\/12\\\/Grand-Ascot-logo-04.jpg\",\"width\":1667,\"height\":1667,\"caption\":\"Grand Ascot Hotel\"},\"image\":{\"@id\":\"https:\\\/\\\/grandascot.pl\\\/#\\\/schema\\\/logo\\\/image\\\/\"},\"sameAs\":[\"https:\\\/\\\/www.facebook.com\\\/grandascothotel\\\/\",\"https:\\\/\\\/x.com\\\/GrandAscot\",\"https:\\\/\\\/www.instagram.com\\\/grandascot\\\/\",\"https:\\\/\\\/www.linkedin.com\\\/in\\\/grandascothotel\",\"https:\\\/\\\/www.youtube.com\\\/channel\\\/UCg9pe9yfqzzna8MahLl5PMQ\\\/\"]}]}<\/script>\n<!-- \/ Yoast SEO Premium plugin. -->","yoast_head_json":{"title":"Sabores \u00fanicos en el centro de Cracovia | Grand Ascot Hotel","description":"Sabores \u00fanicos en el centro de Cracovia. En el Four Restaurant, mimaremos todos sus sentidos: aqu\u00ed encontrar\u00e1 cl\u00e1sicos de la cocina polaca y platos procedentes de las ciudades europeas m\u00e1s famosas. Una generosa selecci\u00f3n de licores y refrescos satisfar\u00e1 tanto a los hu\u00e9spedes que buscan sabores cl\u00e1sicos como a los que aprecian combinaciones m\u00e1s inesperadas.","robots":{"index":"index","follow":"follow","max-snippet":"max-snippet:-1","max-image-preview":"max-image-preview:large","max-video-preview":"max-video-preview:-1"},"canonical":"https:\/\/grandascot.pl\/es\/bar-y-restaurante\/","og_locale":"es_ES","og_type":"article","og_title":"Grand Ascot Hotel - Sabores \u00fanicos en el centro de Cracovia","og_description":"Sabores \u00fanicos en el centro de Cracovia. En el Four Restaurant, mimaremos todos sus sentidos: aqu\u00ed encontrar\u00e1 cl\u00e1sicos de la cocina polaca y platos procedentes de las ciudades europeas m\u00e1s famosas. Una generosa selecci\u00f3n de licores y refrescos satisfar\u00e1 tanto a los hu\u00e9spedes que buscan sabores cl\u00e1sicos como a los que aprecian combinaciones m\u00e1s inesperadas.","og_url":"https:\/\/grandascot.pl\/es\/bar-y-restaurante\/","og_site_name":"Grand Ascot Hotel","article_publisher":"https:\/\/www.facebook.com\/grandascothotel\/","article_modified_time":"2022-02-04T15:58:39+00:00","og_image":[{"url":"https:\/\/grandascot.pl\/wp-content\/uploads\/2017\/07\/PM_04133.jpg","type":"","width":"","height":""}],"twitter_card":"summary_large_image","twitter_title":"Grand Ascot Hotel - Sabores \u00fanicos en el centro de Cracovia","twitter_site":"@GrandAscot","twitter_misc":{"Tiempo de lectura":"2 minuto"},"schema":{"@context":"https:\/\/schema.org","@graph":[{"@type":"WebPage","@id":"https:\/\/grandascot.pl\/es\/bar-y-restaurante\/","url":"https:\/\/grandascot.pl\/es\/bar-y-restaurante\/","name":"Sabores \u00fanicos en el centro de Cracovia | Grand Ascot Hotel","isPartOf":{"@id":"https:\/\/grandascot.pl\/#website"},"datePublished":"2017-07-18T01:04:36+00:00","dateModified":"2022-02-04T15:58:39+00:00","description":"Sabores \u00fanicos en el centro de Cracovia. En el Four Restaurant, mimaremos todos sus sentidos: aqu\u00ed encontrar\u00e1 cl\u00e1sicos de la cocina polaca y platos procedentes de las ciudades europeas m\u00e1s famosas. Una generosa selecci\u00f3n de licores y refrescos satisfar\u00e1 tanto a los hu\u00e9spedes que buscan sabores cl\u00e1sicos como a los que aprecian combinaciones m\u00e1s inesperadas.","breadcrumb":{"@id":"https:\/\/grandascot.pl\/es\/bar-y-restaurante\/#breadcrumb"},"inLanguage":"es","potentialAction":[{"@type":"ReadAction","target":["https:\/\/grandascot.pl\/es\/bar-y-restaurante\/"]}]},{"@type":"BreadcrumbList","@id":"https:\/\/grandascot.pl\/es\/bar-y-restaurante\/#breadcrumb","itemListElement":[{"@type":"ListItem","position":1,"name":"Strona g\u0142\u00f3wna","item":"https:\/\/grandascot.pl\/es\/"},{"@type":"ListItem","position":2,"name":"Restaurante Four"}]},{"@type":"WebSite","@id":"https:\/\/grandascot.pl\/#website","url":"https:\/\/grandascot.pl\/","name":"Grand Ascot Hotel","description":"Twoje miejsce w sercu Krakowa","publisher":{"@id":"https:\/\/grandascot.pl\/#organization"},"potentialAction":[{"@type":"SearchAction","target":{"@type":"EntryPoint","urlTemplate":"https:\/\/grandascot.pl\/?s={search_term_string}"},"query-input":{"@type":"PropertyValueSpecification","valueRequired":true,"valueName":"search_term_string"}}],"inLanguage":"es"},{"@type":"Organization","@id":"https:\/\/grandascot.pl\/#organization","name":"Grand Ascot Hotel","url":"https:\/\/grandascot.pl\/","logo":{"@type":"ImageObject","inLanguage":"es","@id":"https:\/\/grandascot.pl\/#\/schema\/logo\/image\/","url":"https:\/\/grandascot.pl\/wp-content\/uploads\/2017\/12\/Grand-Ascot-logo-04.jpg","contentUrl":"https:\/\/grandascot.pl\/wp-content\/uploads\/2017\/12\/Grand-Ascot-logo-04.jpg","width":1667,"height":1667,"caption":"Grand Ascot Hotel"},"image":{"@id":"https:\/\/grandascot.pl\/#\/schema\/logo\/image\/"},"sameAs":["https:\/\/www.facebook.com\/grandascothotel\/","https:\/\/x.com\/GrandAscot","https:\/\/www.instagram.com\/grandascot\/","https:\/\/www.linkedin.com\/in\/grandascothotel","https:\/\/www.youtube.com\/channel\/UCg9pe9yfqzzna8MahLl5PMQ\/"]}]}},"_links":{"self":[{"href":"https:\/\/grandascot.pl\/es\/wp-json\/wp\/v2\/pages\/623","targetHints":{"allow":["GET"]}}],"collection":[{"href":"https:\/\/grandascot.pl\/es\/wp-json\/wp\/v2\/pages"}],"about":[{"href":"https:\/\/grandascot.pl\/es\/wp-json\/wp\/v2\/types\/page"}],"author":[{"embeddable":true,"href":"https:\/\/grandascot.pl\/es\/wp-json\/wp\/v2\/users\/1"}],"replies":[{"embeddable":true,"href":"https:\/\/grandascot.pl\/es\/wp-json\/wp\/v2\/comments?post=623"}],"version-history":[{"count":12,"href":"https:\/\/grandascot.pl\/es\/wp-json\/wp\/v2\/pages\/623\/revisions"}],"predecessor-version":[{"id":4059,"href":"https:\/\/grandascot.pl\/es\/wp-json\/wp\/v2\/pages\/623\/revisions\/4059"}],"wp:attachment":[{"href":"https:\/\/grandascot.pl\/es\/wp-json\/wp\/v2\/media?parent=623"}],"curies":[{"name":"wp","href":"https:\/\/api.w.org\/{rel}","templated":true}]}}