{"id":621,"date":"2017-07-18T03:01:32","date_gmt":"2017-07-18T01:01:32","guid":{"rendered":"http:\/\/test.grandascot.pl\/?page_id=621"},"modified":"2020-09-28T16:25:25","modified_gmt":"2020-09-28T14:25:25","slug":"recepciones-y-conferencias","status":"publish","type":"page","link":"https:\/\/grandascot.pl\/es\/recepciones-y-conferencias\/","title":{"rendered":"Recepciones y conferencias"},"content":{"rendered":"\t<div class=\"section article article--align-center section--default\">\n\t\t<div class=\"section__content\"><\/p>\n<p class=\"supheading\">Lugar de encuentros<\/p>\n<h2 class=\"heading\">Servicio profesional y atento<\/h2>\n<p>El Hotel Grand Ascot ofrece instalaciones de conferencias con equipamiento profesional, organizaci\u00f3n competente de conferencias, reuniones y celebraciones familiares, as\u00ed como servicio gastron\u00f3mico completo.<br \/>\nNuestras salas modernas y elegantes con aire acondicionado son ideales para las grandes recepciones y para las reuniones empresariales m\u00e1s \u00edntimas. Aseguramos instalaciones profesionales: iluminaci\u00f3n adecuada, equipo multimedia de alta calidad y acceso a Internet de alta velocidad (al\u00e1mbrico e inal\u00e1mbrico). Prepararemos bebidas y sabrosas comidas. El men\u00fa, por cuya calidad vela un jefe de cocina reconocido, se adaptar\u00e1 a las necesidades de la reuni\u00f3n.<\/p>\n<p class=\"subheading\">Ofrecemos a su disposici\u00f3n:<\/p>\n<p>\t<div class=\"features\">\n\t\t<div class=\"owl-carousel\">\n\t\t\t\t<div class=\"feature\">\n\t\t<div class=\"feature__bg\">\n\t\t\t4\t\t<\/div>\n\t\t<div class=\"feature__body\">\n\t\t\t<div class=\"v-center\">\n\t\t\t\t<div class=\"v-center__content\">\n\t\t\t\t\t<div class=\"feature__content\">\n\t\t\t\t\t\tsalas de conferencias\t\t\t\t\t<\/div>\n\t\t\t\t<\/div>\n\t\t\t<\/div>\n\t\t<\/div>\n\t<\/div>\n\t\t<div class=\"feature\">\n\t\t<div class=\"feature__bg\">\n\t\t\t130\t\t<\/div>\n\t\t<div class=\"feature__body\">\n\t\t\t<div class=\"v-center\">\n\t\t\t\t<div class=\"v-center__content\">\n\t\t\t\t\t<div class=\"feature__content\">\n\t\t\t\t\t\tasientos\t\t\t\t\t<\/div>\n\t\t\t\t<\/div>\n\t\t\t<\/div>\n\t\t<\/div>\n\t<\/div>\n\t\t<div class=\"feature\">\n\t\t<div class=\"feature__bg\">\n\t\t\t3\t\t<\/div>\n\t\t<div class=\"feature__body\">\n\t\t\t<div class=\"v-center\">\n\t\t\t\t<div class=\"v-center__content\">\n\t\t\t\t\t<div class=\"feature__content\">\n\t\t\t\t\t\t\u00e1reas de consumo\t\t\t\t\t<\/div>\n\t\t\t\t<\/div>\n\t\t\t<\/div>\n\t\t<\/div>\n\t<\/div>\n\t\t\t<\/div>\n\t<\/div>\n\t<br \/>\n<\/div>\n\t<\/div>\n\t\n    <div class=\"side-image side-image--side-left side-image--color-default\">\n        <div class=\"side-image__content\">\n            <div class=\"row side-image__row\">\n                <div class=\"col side-image__col side-image__col--content\">\n\t\t\t\t\t<\/p>\n<p class=\"supheading\">Sala para 100 personas<\/p>\n<h2 class=\"heading\">Copernicus<\/h2>\n<p>Ideal para grandes celebraciones familiares, conferencias y cursos de formaci\u00f3n. Aqu\u00ed encontrar\u00e1s todo lo indispensable para realizar una presentaci\u00f3n: proyector multimedia, pantalla, panel de control del equipo y de la iluminaci\u00f3n, sistema de sonido y rotafolios. Los interiores elegantes con aire acondicionado y equipamiento de alta calidad impresionar\u00e1n a los invitados, mientras que el equipo moderno y el acceso a Internet de alta velocidad asegurar\u00e1n que las reuniones transcurran sin incidentes. <\/p>\n<p class=\"foot\"><a class=\"more\" href=\"#konferencje\">Preguntar por la disponibilidad<\/a><\/p>\n<p>                <\/div>\n                <div class=\"col side-image__col side-image__col--image\">\n\t\t\t\t\t                        <ul class=\"side-image__slider owl-carousel\">\n\t\t\t\t\t\t\t                                <div class=\"side-image__slider-item\">\n                                    <img decoding=\"async\" data-src=\"https:\/\/grandascot.pl\/wp-content\/uploads\/2019\/04\/GrandAscot_08997.jpg\" alt=\"Sala konferencyjna w hotelu Grand Ascot\"\n                                         width=\"1376\" height=\"918\" src=\"data:image\/svg+xml;base64,PHN2ZyB3aWR0aD0iMSIgaGVpZ2h0PSIxIiB4bWxucz0iaHR0cDovL3d3dy53My5vcmcvMjAwMC9zdmciPjwvc3ZnPg==\" class=\"lazyload\" style=\"--smush-placeholder-width: 1376px; --smush-placeholder-aspect-ratio: 1376\/918;\">\n                                <\/div>\n\t\t\t\t\t\t\t\t                                <div class=\"side-image__slider-item\">\n                                    <img decoding=\"async\" data-src=\"https:\/\/grandascot.pl\/wp-content\/uploads\/2019\/04\/GrandAscot_09131.jpg\" alt=\"Materia\u0142y na konferencji w hotelu w centrum Krakowa\"\n                                         width=\"1382\" height=\"922\" src=\"data:image\/svg+xml;base64,PHN2ZyB3aWR0aD0iMSIgaGVpZ2h0PSIxIiB4bWxucz0iaHR0cDovL3d3dy53My5vcmcvMjAwMC9zdmciPjwvc3ZnPg==\" class=\"lazyload\" style=\"--smush-placeholder-width: 1382px; --smush-placeholder-aspect-ratio: 1382\/922;\">\n                                <\/div>\n\t\t\t\t\t\t\t\t                                <div class=\"side-image__slider-item\">\n                                    <img decoding=\"async\" data-src=\"https:\/\/grandascot.pl\/wp-content\/uploads\/2019\/04\/GrandAscot_09091.jpg\" alt=\"Sala konferencyjna w hotelu Grand Ascot\"\n                                         width=\"1382\" height=\"922\" src=\"data:image\/svg+xml;base64,PHN2ZyB3aWR0aD0iMSIgaGVpZ2h0PSIxIiB4bWxucz0iaHR0cDovL3d3dy53My5vcmcvMjAwMC9zdmciPjwvc3ZnPg==\" class=\"lazyload\" style=\"--smush-placeholder-width: 1382px; --smush-placeholder-aspect-ratio: 1382\/922;\">\n                                <\/div>\n\t\t\t\t\t\t\t\t                                <div class=\"side-image__slider-item\">\n                                    <img decoding=\"async\" data-src=\"https:\/\/grandascot.pl\/wp-content\/uploads\/2019\/04\/GrandAscot_08874.jpg\" alt=\"Sala konferencyjna w hotelu Grand Ascot w Krakowie\"\n                                         width=\"1371\" height=\"914\" src=\"data:image\/svg+xml;base64,PHN2ZyB3aWR0aD0iMSIgaGVpZ2h0PSIxIiB4bWxucz0iaHR0cDovL3d3dy53My5vcmcvMjAwMC9zdmciPjwvc3ZnPg==\" class=\"lazyload\" style=\"--smush-placeholder-width: 1371px; --smush-placeholder-aspect-ratio: 1371\/914;\">\n                                <\/div>\n\t\t\t\t\t\t\t\t                        <\/ul>\n\t\t\t\t\t\n                <\/div>\n            <\/div>\n        <\/div>\n    <\/div>\n\t\n    <div class=\"side-image side-image--side-right side-image--color-white\">\n        <div class=\"side-image__content\">\n            <div class=\"row side-image__row\">\n                <div class=\"col side-image__col side-image__col--content\">\n\t\t\t\t\t<\/p>\n<p class=\"supheading\">Sala para 24 personas<\/p>\n<h2 class=\"heading\">Einstein<\/h2>\n<p>Esta sala elegante y acogedora ser\u00e1 ideal para peque\u00f1os cursos de formaci\u00f3n y paneles empresariales m\u00e1s numerosos. Los c\u00f3modos interiores con aire acondicionado asegurar\u00e1n el confort a los participantes incluso en reuniones de muchas horas. A su vez, el equipo audiovisual de alta calidad y el acceso a Internet de alta velocidad conceder\u00e1n a los encuentros una dimensi\u00f3n moderna.<\/p>\n<p class=\"foot\"><a class=\"more\" href=\"#konferencje\">Preguntar por la disponibilidad<\/a><\/p>\n<p>                <\/div>\n                <div class=\"col side-image__col side-image__col--image\">\n\t\t\t\t\t                        <ul class=\"side-image__slider owl-carousel\">\n\t\t\t\t\t\t\t                                <div class=\"side-image__slider-item\">\n                                    <img decoding=\"async\" data-src=\"https:\/\/grandascot.pl\/wp-content\/uploads\/2019\/04\/GrandAscot_03999.jpg\" alt=\"Kameralna sala konferencyjna w hotelu Grand Ascot\"\n                                         width=\"1200\" height=\"800\" src=\"data:image\/svg+xml;base64,PHN2ZyB3aWR0aD0iMSIgaGVpZ2h0PSIxIiB4bWxucz0iaHR0cDovL3d3dy53My5vcmcvMjAwMC9zdmciPjwvc3ZnPg==\" class=\"lazyload\" style=\"--smush-placeholder-width: 1200px; --smush-placeholder-aspect-ratio: 1200\/800;\">\n                                <\/div>\n\t\t\t\t\t\t\t\t                        <\/ul>\n\t\t\t\t\t\n                <\/div>\n            <\/div>\n        <\/div>\n    <\/div>\n\t\n    <div class=\"side-image side-image--side-left side-image--color-default\">\n        <div class=\"side-image__content\">\n            <div class=\"row side-image__row\">\n                <div class=\"col side-image__col side-image__col--content\">\n\t\t\t\t\t<\/p>\n<p class=\"supheading\">Sala para 6 personas<\/p>\n<h2 class=\"heading\">Newton<\/h2>\n<p>Sala moderna, con dise\u00f1o elegante, ideal para reuniones en c\u00edrculos peque\u00f1os. Equipada con una mesa de conferencias, asientos c\u00f3modos y televisi\u00f3n LCD, crea un ambiente ideal para paneles empresariales.<\/p>\n<p class=\"foot\"><a class=\"more\" href=\"#konferencje\">Preguntar por la disponibilidad<\/a><\/p>\n<p>                <\/div>\n                <div class=\"col side-image__col side-image__col--image\">\n\t\t\t\t\t                        <ul class=\"side-image__slider owl-carousel\">\n\t\t\t\t\t\t\t                                <div class=\"side-image__slider-item\">\n                                    <img decoding=\"async\" data-src=\"https:\/\/grandascot.pl\/wp-content\/uploads\/2019\/04\/GrandAscot_04515.jpg\" alt=\"Meeting room w hotelu w centrum Krakowa\"\n                                         width=\"1200\" height=\"800\" src=\"data:image\/svg+xml;base64,PHN2ZyB3aWR0aD0iMSIgaGVpZ2h0PSIxIiB4bWxucz0iaHR0cDovL3d3dy53My5vcmcvMjAwMC9zdmciPjwvc3ZnPg==\" class=\"lazyload\" style=\"--smush-placeholder-width: 1200px; --smush-placeholder-aspect-ratio: 1200\/800;\">\n                                <\/div>\n\t\t\t\t\t\t\t\t                        <\/ul>\n\t\t\t\t\t\n                <\/div>\n            <\/div>\n        <\/div>\n    <\/div>\n\t\n    <div class=\"side-image side-image--side-right side-image--color-white\">\n        <div class=\"side-image__content\">\n            <div class=\"row side-image__row\">\n                <div class=\"col side-image__col side-image__col--content\">\n\t\t\t\t\t<\/p>\n<p class=\"supheading\">Sala para 4 personas<\/p>\n<h2 class=\"heading\">Edison<\/h2>\n<p>Rel\u00e1jate en un espacio elegante, equipado con una televisi\u00f3n LCD, un sof\u00e1 de dise\u00f1o y sillones c\u00f3modos. Esta opci\u00f3n es ideal para reuniones \u00edntimas y privadas en c\u00edrculos peque\u00f1os.<\/p>\n<p class=\"foot\"><a class=\"more\" href=\"#konferencje\">Preguntar por la disponibilidad<\/a><\/p>\n<p>                <\/div>\n                <div class=\"col side-image__col side-image__col--image\">\n\t\t\t\t\t                        <ul class=\"side-image__slider owl-carousel\">\n\t\t\t\t\t\t\t                                <div class=\"side-image__slider-item\">\n                                    <img decoding=\"async\" data-src=\"https:\/\/grandascot.pl\/wp-content\/uploads\/2019\/04\/GrandAscot_04419.jpg\" alt=\"Grand Ascot Edison room\"\n                                         width=\"1200\" height=\"800\" src=\"data:image\/svg+xml;base64,PHN2ZyB3aWR0aD0iMSIgaGVpZ2h0PSIxIiB4bWxucz0iaHR0cDovL3d3dy53My5vcmcvMjAwMC9zdmciPjwvc3ZnPg==\" class=\"lazyload\" style=\"--smush-placeholder-width: 1200px; --smush-placeholder-aspect-ratio: 1200\/800;\">\n                                <\/div>\n\t\t\t\t\t\t\t\t                        <\/ul>\n\t\t\t\t\t\n                <\/div>\n            <\/div>\n        <\/div>\n    <\/div>\n\t\n    <div class=\"side-image side-image--side-left side-image--color-default\">\n        <div class=\"side-image__content\">\n            <div class=\"row side-image__row\">\n                <div class=\"col side-image__col side-image__col--content\">\n\t\t\t\t\t<\/p>\n<p class=\"supheading\">Servicio adicional<\/p>\n<h2 class=\"heading\">Catering<\/h2>\n<p>El Hotel Grand Ascot es un lugar con una cocina excelente y ambiente \u00fanico. Los interiores modernos y elegantes impresionar\u00e1n a tus invitados, mientras que el men\u00fa con especialidades de cocina europea, por cuya calidad vela nuestro jefe de cocina, permitir\u00e1 satisfacer los gustos de los aficionados a los platos tradicionales polacos y a otras propuestas m\u00e1s ex\u00f3ticas.<br \/>\nNuestro elegante y espacioso Restaurante Four puede acoger hasta 70 personas. Gracias a ello, se puede organizar en \u00e9l tanto un banquete de boda, como un cumplea\u00f1os o una fiesta de integraci\u00f3n. Dependiendo de las necesidades, ofrecemos tambi\u00e9n la posibilidad de servir bebidas y comidas en el Wine &#038; Spirits Bar del hotel, as\u00ed como directamente en las salas de conferencias y banquetes. <\/p>\n<p>                <\/div>\n                <div class=\"col side-image__col side-image__col--image\">\n\t\t\t\t\t                        <ul class=\"side-image__slider owl-carousel\">\n\t\t\t\t\t\t\t                                <div class=\"side-image__slider-item\">\n                                    <img decoding=\"async\" data-src=\"https:\/\/grandascot.pl\/wp-content\/uploads\/2019\/04\/GrandAscot_04059.jpg\" alt=\"Lunch w hotelu Grand Ascot w centrum Krakowa\"\n                                         width=\"1200\" height=\"800\" src=\"data:image\/svg+xml;base64,PHN2ZyB3aWR0aD0iMSIgaGVpZ2h0PSIxIiB4bWxucz0iaHR0cDovL3d3dy53My5vcmcvMjAwMC9zdmciPjwvc3ZnPg==\" class=\"lazyload\" style=\"--smush-placeholder-width: 1200px; --smush-placeholder-aspect-ratio: 1200\/800;\">\n                                <\/div>\n\t\t\t\t\t\t\t\t                        <\/ul>\n\t\t\t\t\t\n                <\/div>\n            <\/div>\n        <\/div>\n    <\/div>\n\t\n","protected":false},"excerpt":{"rendered":"","protected":false},"author":1,"featured_media":0,"parent":0,"menu_order":0,"comment_status":"closed","ping_status":"closed","template":"","meta":{"_acf_changed":false,"footnotes":""},"class_list":["post-621","page","type-page","status-publish","hentry"],"acf":[],"yoast_head":"<!-- This site is optimized with the Yoast SEO Premium plugin v26.8 (Yoast SEO v27.4) - https:\/\/yoast.com\/product\/yoast-seo-premium-wordpress\/ -->\n<title>Grand Ascot Hotel - Salas de conferencias Cracovia Centro<\/title>\n<meta name=\"description\" content=\"Salas de conferencias Cracovia Centro. Ofrecemos salas de conferencias y banquetes modernas, elegantes y con aire acondicionado, ideales para grandes fiestas y reuniones de negocios \u00edntimas. Brindamos instalaciones para conferencias bien equipadas, ofrecemos asistencia profesional en la organizaci\u00f3n de conferencias, reuniones y celebraciones familiares, as\u00ed como tambi\u00e9n servicios integrales de catering.\" \/>\n<meta name=\"robots\" content=\"index, follow, max-snippet:-1, max-image-preview:large, max-video-preview:-1\" \/>\n<link rel=\"canonical\" href=\"https:\/\/grandascot.pl\/es\/recepciones-y-conferencias\/\" \/>\n<meta property=\"og:locale\" content=\"es_ES\" \/>\n<meta property=\"og:type\" content=\"article\" \/>\n<meta property=\"og:title\" content=\"Grand Ascot Hotel - Salas de conferencias Cracovia Centro\" \/>\n<meta property=\"og:description\" content=\"Salas de conferencias Cracovia Centro. Ofrecemos salas de conferencias y banquetes modernas, elegantes y con aire acondicionado, ideales para grandes fiestas y reuniones de negocios \u00edntimas. Brindamos instalaciones para conferencias bien equipadas, ofrecemos asistencia profesional en la organizaci\u00f3n de conferencias, reuniones y celebraciones familiares, as\u00ed como tambi\u00e9n servicios integrales de catering.\" \/>\n<meta property=\"og:url\" content=\"https:\/\/grandascot.pl\/es\/recepciones-y-conferencias\/\" \/>\n<meta property=\"og:site_name\" content=\"Grand Ascot Hotel\" \/>\n<meta property=\"article:publisher\" content=\"https:\/\/www.facebook.com\/grandascothotel\/\" \/>\n<meta property=\"article:modified_time\" content=\"2020-09-28T14:25:25+00:00\" \/>\n<meta property=\"og:image\" content=\"https:\/\/grandascot.pl\/wp-content\/uploads\/2017\/07\/PM_08997-1.jpg\" \/>\n<meta name=\"twitter:card\" content=\"summary_large_image\" \/>\n<meta name=\"twitter:title\" content=\"Grand Ascot Hotel - Salas de conferencias Cracovia Centro\" \/>\n<meta name=\"twitter:site\" content=\"@GrandAscot\" \/>\n<meta name=\"twitter:label1\" content=\"Tiempo de lectura\" \/>\n\t<meta name=\"twitter:data1\" content=\"3 minuto\" \/>\n<script type=\"application\/ld+json\" class=\"yoast-schema-graph\">{\"@context\":\"https:\\\/\\\/schema.org\",\"@graph\":[{\"@type\":\"WebPage\",\"@id\":\"https:\\\/\\\/grandascot.pl\\\/es\\\/recepciones-y-conferencias\\\/\",\"url\":\"https:\\\/\\\/grandascot.pl\\\/es\\\/recepciones-y-conferencias\\\/\",\"name\":\"Grand Ascot Hotel - Salas de conferencias Cracovia Centro\",\"isPartOf\":{\"@id\":\"https:\\\/\\\/grandascot.pl\\\/#website\"},\"datePublished\":\"2017-07-18T01:01:32+00:00\",\"dateModified\":\"2020-09-28T14:25:25+00:00\",\"description\":\"Salas de conferencias Cracovia Centro. Ofrecemos salas de conferencias y banquetes modernas, elegantes y con aire acondicionado, ideales para grandes fiestas y reuniones de negocios \u00edntimas. Brindamos instalaciones para conferencias bien equipadas, ofrecemos asistencia profesional en la organizaci\u00f3n de conferencias, reuniones y celebraciones familiares, as\u00ed como tambi\u00e9n servicios integrales de catering.\",\"breadcrumb\":{\"@id\":\"https:\\\/\\\/grandascot.pl\\\/es\\\/recepciones-y-conferencias\\\/#breadcrumb\"},\"inLanguage\":\"es\",\"potentialAction\":[{\"@type\":\"ReadAction\",\"target\":[\"https:\\\/\\\/grandascot.pl\\\/es\\\/recepciones-y-conferencias\\\/\"]}]},{\"@type\":\"BreadcrumbList\",\"@id\":\"https:\\\/\\\/grandascot.pl\\\/es\\\/recepciones-y-conferencias\\\/#breadcrumb\",\"itemListElement\":[{\"@type\":\"ListItem\",\"position\":1,\"name\":\"Strona g\u0142\u00f3wna\",\"item\":\"https:\\\/\\\/grandascot.pl\\\/es\\\/\"},{\"@type\":\"ListItem\",\"position\":2,\"name\":\"Recepciones y conferencias\"}]},{\"@type\":\"WebSite\",\"@id\":\"https:\\\/\\\/grandascot.pl\\\/#website\",\"url\":\"https:\\\/\\\/grandascot.pl\\\/\",\"name\":\"Grand Ascot Hotel\",\"description\":\"Twoje miejsce w sercu Krakowa\",\"publisher\":{\"@id\":\"https:\\\/\\\/grandascot.pl\\\/#organization\"},\"potentialAction\":[{\"@type\":\"SearchAction\",\"target\":{\"@type\":\"EntryPoint\",\"urlTemplate\":\"https:\\\/\\\/grandascot.pl\\\/?s={search_term_string}\"},\"query-input\":{\"@type\":\"PropertyValueSpecification\",\"valueRequired\":true,\"valueName\":\"search_term_string\"}}],\"inLanguage\":\"es\"},{\"@type\":\"Organization\",\"@id\":\"https:\\\/\\\/grandascot.pl\\\/#organization\",\"name\":\"Grand Ascot Hotel\",\"url\":\"https:\\\/\\\/grandascot.pl\\\/\",\"logo\":{\"@type\":\"ImageObject\",\"inLanguage\":\"es\",\"@id\":\"https:\\\/\\\/grandascot.pl\\\/#\\\/schema\\\/logo\\\/image\\\/\",\"url\":\"https:\\\/\\\/grandascot.pl\\\/wp-content\\\/uploads\\\/2017\\\/12\\\/Grand-Ascot-logo-04.jpg\",\"contentUrl\":\"https:\\\/\\\/grandascot.pl\\\/wp-content\\\/uploads\\\/2017\\\/12\\\/Grand-Ascot-logo-04.jpg\",\"width\":1667,\"height\":1667,\"caption\":\"Grand Ascot Hotel\"},\"image\":{\"@id\":\"https:\\\/\\\/grandascot.pl\\\/#\\\/schema\\\/logo\\\/image\\\/\"},\"sameAs\":[\"https:\\\/\\\/www.facebook.com\\\/grandascothotel\\\/\",\"https:\\\/\\\/x.com\\\/GrandAscot\",\"https:\\\/\\\/www.instagram.com\\\/grandascot\\\/\",\"https:\\\/\\\/www.linkedin.com\\\/in\\\/grandascothotel\",\"https:\\\/\\\/www.youtube.com\\\/channel\\\/UCg9pe9yfqzzna8MahLl5PMQ\\\/\"]}]}<\/script>\n<!-- \/ Yoast SEO Premium plugin. -->","yoast_head_json":{"title":"Grand Ascot Hotel - Salas de conferencias Cracovia Centro","description":"Salas de conferencias Cracovia Centro. Ofrecemos salas de conferencias y banquetes modernas, elegantes y con aire acondicionado, ideales para grandes fiestas y reuniones de negocios \u00edntimas. Brindamos instalaciones para conferencias bien equipadas, ofrecemos asistencia profesional en la organizaci\u00f3n de conferencias, reuniones y celebraciones familiares, as\u00ed como tambi\u00e9n servicios integrales de catering.","robots":{"index":"index","follow":"follow","max-snippet":"max-snippet:-1","max-image-preview":"max-image-preview:large","max-video-preview":"max-video-preview:-1"},"canonical":"https:\/\/grandascot.pl\/es\/recepciones-y-conferencias\/","og_locale":"es_ES","og_type":"article","og_title":"Grand Ascot Hotel - Salas de conferencias Cracovia Centro","og_description":"Salas de conferencias Cracovia Centro. Ofrecemos salas de conferencias y banquetes modernas, elegantes y con aire acondicionado, ideales para grandes fiestas y reuniones de negocios \u00edntimas. Brindamos instalaciones para conferencias bien equipadas, ofrecemos asistencia profesional en la organizaci\u00f3n de conferencias, reuniones y celebraciones familiares, as\u00ed como tambi\u00e9n servicios integrales de catering.","og_url":"https:\/\/grandascot.pl\/es\/recepciones-y-conferencias\/","og_site_name":"Grand Ascot Hotel","article_publisher":"https:\/\/www.facebook.com\/grandascothotel\/","article_modified_time":"2020-09-28T14:25:25+00:00","og_image":[{"url":"https:\/\/grandascot.pl\/wp-content\/uploads\/2017\/07\/PM_08997-1.jpg","type":"","width":"","height":""}],"twitter_card":"summary_large_image","twitter_title":"Grand Ascot Hotel - Salas de conferencias Cracovia Centro","twitter_site":"@GrandAscot","twitter_misc":{"Tiempo de lectura":"3 minuto"},"schema":{"@context":"https:\/\/schema.org","@graph":[{"@type":"WebPage","@id":"https:\/\/grandascot.pl\/es\/recepciones-y-conferencias\/","url":"https:\/\/grandascot.pl\/es\/recepciones-y-conferencias\/","name":"Grand Ascot Hotel - Salas de conferencias Cracovia Centro","isPartOf":{"@id":"https:\/\/grandascot.pl\/#website"},"datePublished":"2017-07-18T01:01:32+00:00","dateModified":"2020-09-28T14:25:25+00:00","description":"Salas de conferencias Cracovia Centro. Ofrecemos salas de conferencias y banquetes modernas, elegantes y con aire acondicionado, ideales para grandes fiestas y reuniones de negocios \u00edntimas. Brindamos instalaciones para conferencias bien equipadas, ofrecemos asistencia profesional en la organizaci\u00f3n de conferencias, reuniones y celebraciones familiares, as\u00ed como tambi\u00e9n servicios integrales de catering.","breadcrumb":{"@id":"https:\/\/grandascot.pl\/es\/recepciones-y-conferencias\/#breadcrumb"},"inLanguage":"es","potentialAction":[{"@type":"ReadAction","target":["https:\/\/grandascot.pl\/es\/recepciones-y-conferencias\/"]}]},{"@type":"BreadcrumbList","@id":"https:\/\/grandascot.pl\/es\/recepciones-y-conferencias\/#breadcrumb","itemListElement":[{"@type":"ListItem","position":1,"name":"Strona g\u0142\u00f3wna","item":"https:\/\/grandascot.pl\/es\/"},{"@type":"ListItem","position":2,"name":"Recepciones y conferencias"}]},{"@type":"WebSite","@id":"https:\/\/grandascot.pl\/#website","url":"https:\/\/grandascot.pl\/","name":"Grand Ascot Hotel","description":"Twoje miejsce w sercu Krakowa","publisher":{"@id":"https:\/\/grandascot.pl\/#organization"},"potentialAction":[{"@type":"SearchAction","target":{"@type":"EntryPoint","urlTemplate":"https:\/\/grandascot.pl\/?s={search_term_string}"},"query-input":{"@type":"PropertyValueSpecification","valueRequired":true,"valueName":"search_term_string"}}],"inLanguage":"es"},{"@type":"Organization","@id":"https:\/\/grandascot.pl\/#organization","name":"Grand Ascot Hotel","url":"https:\/\/grandascot.pl\/","logo":{"@type":"ImageObject","inLanguage":"es","@id":"https:\/\/grandascot.pl\/#\/schema\/logo\/image\/","url":"https:\/\/grandascot.pl\/wp-content\/uploads\/2017\/12\/Grand-Ascot-logo-04.jpg","contentUrl":"https:\/\/grandascot.pl\/wp-content\/uploads\/2017\/12\/Grand-Ascot-logo-04.jpg","width":1667,"height":1667,"caption":"Grand Ascot Hotel"},"image":{"@id":"https:\/\/grandascot.pl\/#\/schema\/logo\/image\/"},"sameAs":["https:\/\/www.facebook.com\/grandascothotel\/","https:\/\/x.com\/GrandAscot","https:\/\/www.instagram.com\/grandascot\/","https:\/\/www.linkedin.com\/in\/grandascothotel","https:\/\/www.youtube.com\/channel\/UCg9pe9yfqzzna8MahLl5PMQ\/"]}]}},"_links":{"self":[{"href":"https:\/\/grandascot.pl\/es\/wp-json\/wp\/v2\/pages\/621","targetHints":{"allow":["GET"]}}],"collection":[{"href":"https:\/\/grandascot.pl\/es\/wp-json\/wp\/v2\/pages"}],"about":[{"href":"https:\/\/grandascot.pl\/es\/wp-json\/wp\/v2\/types\/page"}],"author":[{"embeddable":true,"href":"https:\/\/grandascot.pl\/es\/wp-json\/wp\/v2\/users\/1"}],"replies":[{"embeddable":true,"href":"https:\/\/grandascot.pl\/es\/wp-json\/wp\/v2\/comments?post=621"}],"version-history":[{"count":5,"href":"https:\/\/grandascot.pl\/es\/wp-json\/wp\/v2\/pages\/621\/revisions"}],"predecessor-version":[{"id":1991,"href":"https:\/\/grandascot.pl\/es\/wp-json\/wp\/v2\/pages\/621\/revisions\/1991"}],"wp:attachment":[{"href":"https:\/\/grandascot.pl\/es\/wp-json\/wp\/v2\/media?parent=621"}],"curies":[{"name":"wp","href":"https:\/\/api.w.org\/{rel}","templated":true}]}}