{"id":609,"date":"2017-07-18T02:28:44","date_gmt":"2017-07-18T00:28:44","guid":{"rendered":"http:\/\/test.grandascot.pl\/?page_id=609"},"modified":"2022-03-17T22:02:28","modified_gmt":"2022-03-17T21:02:28","slug":"acerca-del-hotel","status":"publish","type":"page","link":"https:\/\/grandascot.pl\/es\/acerca-del-hotel\/","title":{"rendered":"Acerca del hotel"},"content":{"rendered":"\t<div class=\"section article article--align-center section--default\">\n\t\t<div class=\"section__content\"><\/p>\n<p class=\"supheading\">Grand Ascot significa prestigio<\/p>\n<h2 class=\"heading\">Tu lugar en el coraz\u00f3n de Cracovia<\/h2>\n<p>Eligiendo el Hotel Grand Ascot, siempre puedes contar con un ambiente fant\u00e1stico y un servicio amable. Te alojar\u00e1s en un hotel moderno y elegante, de est\u00e1ndar superior, donde la mayor prioridad son la comodidad y el bienestar de los hu\u00e9spedes. Nuestro establecimiento est\u00e1 ubicado en una peque\u00f1a calle pintoresca y silenciosa y, en el pleno centro de la ciudad. Gracias a ello, siempre estar\u00e1s en el centro de los acontecimientos, y el bullicio de una ciudad llena de vida no interrumpir\u00e1 tu descanso.<br \/>\nA los hu\u00e9spedes que viajan en coche les ofrecemos la posibilidad de utilizar un aparcamiento subterr\u00e1neo de pago.<\/p>\n<p><\/div>\n\t<\/div>\n\t\n    <div class=\"side-image side-image--side-left side-image--color-default\">\n        <div class=\"side-image__content\">\n            <div class=\"row side-image__row\">\n                <div class=\"col side-image__col side-image__col--content\">\n\t\t\t\t\t<\/p>\n<p class=\"supheading\">Aseguramos<\/p>\n<h2 class=\"heading\">Est\u00e1ndar superior<\/h2>\n<p>El Hotel Grand Ascot es un establecimiento de lujo de est\u00e1ndar superior. Gracias a la uni\u00f3n de una renovada vivienda hist\u00f3rica y un edificio nuevo, se mezclan la elegancia con la modernidad. Los interiores elegantes y habitaciones c\u00f3modas te asegurar\u00e1n descanso y comodidad. En el tiempo libre podr\u00e1s relajarte en la sauna o en la sala de fitness perfectamente equipada.<br \/>\n                <\/div>\n                <div class=\"col side-image__col side-image__col--image\">\n\t\t\t\t\t                        <img decoding=\"async\" data-src=\"https:\/\/grandascot.pl\/wp-content\/uploads\/2019\/04\/GrandAscot_09195.jpg\" alt=\"Grand Ascot Hotel - un hotel boutique en el centro de Cracovia\" height=\"420\" width=\"auto\" src=\"data:image\/svg+xml;base64,PHN2ZyB3aWR0aD0iMSIgaGVpZ2h0PSIxIiB4bWxucz0iaHR0cDovL3d3dy53My5vcmcvMjAwMC9zdmciPjwvc3ZnPg==\" class=\"lazyload\" style=\"--smush-placeholder-width: 1382px; --smush-placeholder-aspect-ratio: 1382\/922;\" \/>\n\t\t\t\t\t\n                <\/div>\n            <\/div>\n        <\/div>\n    <\/div>\n\t\n    <div class=\"side-image side-image--side-right side-image--color-white\">\n        <div class=\"side-image__content\">\n            <div class=\"row side-image__row\">\n                <div class=\"col side-image__col side-image__col--content\">\n\t\t\t\t\t<\/p>\n<p class=\"supheading\">Excelente<\/p>\n<h2 class=\"heading\">Ubicaci\u00f3n<\/h2>\n<p>El Hotel Grand Ascot est\u00e1 situado en una peque\u00f1a calle pintoresca y silenciosa, en el coraz\u00f3n del centro hist\u00f3rico de Cracovia. Nuestra excelente ubicaci\u00f3n permitir\u00e1 ahorrar tiempo y organizar de forma m\u00e1s eficaz las reuniones con tus familiares o amigos. Las mayores atracciones, tales como la Plaza Mayor, la Lonja de los Pa\u00f1os (Sukiennice) o Wawel est\u00e1n al alcance de la mano. La magia del casco antiguo y el fabuloso ambiente de Cracovia se pueden sentir nada m\u00e1s salir del hotel.<\/p>\n<p class=\"extra\">Plaza Mayor (Rynek G\u0142\u00f3wny) &#8211;\u00a0<strong>600 m<br \/>\n<\/strong>Wawel &#8211;\u00a0<strong>1.3 km<\/strong><br \/>\nEstaci\u00f3n Central (Dworzec G\u0142\u00f3wny) &#8211;\u00a0<strong>1.5 km<\/strong><\/p>\n<p><a class=\"more\" href=\"https:\/\/grandascot.pl\/es\/contacto\/#mapa\">Ver mapa<\/a><br \/>\n                <\/div>\n                <div class=\"col side-image__col side-image__col--image\">\n\t\t\t\t\t                        <img decoding=\"async\" data-src=\"https:\/\/grandascot.pl\/wp-content\/uploads\/2019\/04\/GrandAscot_04705.jpg\" alt=\"Grand Ascot Hotel - un hotel boutique en el centro de Cracovia\" height=\"420\" width=\"auto\" src=\"data:image\/svg+xml;base64,PHN2ZyB3aWR0aD0iMSIgaGVpZ2h0PSIxIiB4bWxucz0iaHR0cDovL3d3dy53My5vcmcvMjAwMC9zdmciPjwvc3ZnPg==\" class=\"lazyload\" style=\"--smush-placeholder-width: 1382px; --smush-placeholder-aspect-ratio: 1382\/922;\" \/>\n\t\t\t\t\t\n                <\/div>\n            <\/div>\n        <\/div>\n    <\/div>\n\t\n    <div class=\"side-image side-image--side-left side-image--color-default\">\n        <div class=\"side-image__content\">\n            <div class=\"row side-image__row\">\n                <div class=\"col side-image__col side-image__col--content\">\n\t\t\t\t\t<\/p>\n<p class=\"supheading\">El Hotel Grand Ascot es&#8230;<\/p>\n<h2 class=\"heading\">Servicio del m\u00e1s alto nivel<\/h2>\n<p>La plantilla de Grand Ascot har\u00e1 todo lo posible para que te sientas especial y que la estancia en nuestro hotel consiga satisfacer todas tus expectativas. Velaremos por tu confort, habitaciones limpias y comidas sabrosas. Con placer te ayudaremos a organizar tu tiempo libre en Cracovia y sus alrededores. As\u00ed no tendr\u00e1s que renunciar a ninguna de las numerosas atracciones de la ciudad. Organizamos excursiones y entradas para sitios de inter\u00e9s populares. Te sugeriremos qu\u00e9 merece la pena visitar y d\u00f3nde pasar una tarde libre.<br \/>\n                <\/div>\n                <div class=\"col side-image__col side-image__col--image\">\n\t\t\t\t\t                        <img decoding=\"async\" data-src=\"https:\/\/grandascot.pl\/wp-content\/uploads\/2019\/04\/GrandAscot_05878.jpg\" alt=\"Grand Ascot Hotel - un hotel boutique en el centro de Cracovia\" height=\"420\" width=\"auto\" src=\"data:image\/svg+xml;base64,PHN2ZyB3aWR0aD0iMSIgaGVpZ2h0PSIxIiB4bWxucz0iaHR0cDovL3d3dy53My5vcmcvMjAwMC9zdmciPjwvc3ZnPg==\" class=\"lazyload\" style=\"--smush-placeholder-width: 1382px; --smush-placeholder-aspect-ratio: 1382\/922;\" \/>\n\t\t\t\t\t\n                <\/div>\n            <\/div>\n        <\/div>\n    <\/div>\n\t\n\t<div class=\"testimonials\">\n\t\t<div class=\"testimonials__slider owl-carousel\">\n\t\t\t\t<div class=\"testimonial\">\n\t\t<div class=\"testimonial__content\">\n\t\t\tHermosa habitaci\u00f3n, elegante y limpio. Si tuviera que volver a Cracovia, sin duda me alojar\u00eda en este hotel de nuevo.\t\t<\/div>\n\t\t<div class=\"testimonial__author\">\n\t\t\t- Marina de Italia, via Tripadvisor\t\t<\/div>\n\t<\/div>\n\t\t<div class=\"testimonial\">\n\t\t<div class=\"testimonial__content\">\n\t\t\tLimpio y moderno hotel con un personal estupendo. Maravilloso desayuno.\t\t<\/div>\n\t\t<div class=\"testimonial__author\">\n\t\t\t- Noel de los Estados Unidos, via Booking.com\t\t<\/div>\n\t<\/div>\n\t\t<div class=\"testimonial\">\n\t\t<div class=\"testimonial__content\">\n\t\t\tPrecioso hotel. Una ubicaci\u00f3n incre\u00edble. El personal era genial. Estoy definitivamente regresando.\t\t<\/div>\n\t\t<div class=\"testimonial__author\">\n\t\t\t- Katie De Gran Breta\u00f1a, via Booking.com\t\t<\/div>\n\t<\/div>\n\t\t<div class=\"testimonial\">\n\t\t<div class=\"testimonial__content\">\n\t\t\tEl desayuno era delicioso! Hay mucha variedad, bacon, huevos, frijoles, continental, cereales, panes, frutas, yogures.\t\t<\/div>\n\t\t<div class=\"testimonial__author\">\n\t\t\t- Louise Del Reino Unido, via Tripadvisor\t\t<\/div>\n\t<\/div>\n\t\t<div class=\"testimonial\">\n\t\t<div class=\"testimonial__content\">\n\t\t\tEdificio moderno, buen desayuno, buen servicio de personal, a 5 minutos de la Plaza Mayor.\t\t<\/div>\n\t\t<div class=\"testimonial__author\">\n\t\t\t- Antonino de Italia, via Booking.com\t\t<\/div>\n\t<\/div>\n\t\t\t<\/div>\n\t<\/div>\n\t\n    <div class=\"slide-gallery\">\n        <h2 class=\"slide-gallery__title\">Galeria<\/h2>\n        <ul class=\"slide-gallery__list owl-carousel\">\n\t\t\t                <li class=\"slide-gallery__item\">\n                    <img decoding=\"async\" data-src=\"https:\/\/grandascot.pl\/wp-content\/uploads\/2019\/04\/GrandAscot_04708.jpg\"\n                         alt=\"Fasada budynku hotelu Grand Ascot w Krakowie\"\n                         width=\"1382\" height=\"922\" src=\"data:image\/svg+xml;base64,PHN2ZyB3aWR0aD0iMSIgaGVpZ2h0PSIxIiB4bWxucz0iaHR0cDovL3d3dy53My5vcmcvMjAwMC9zdmciPjwvc3ZnPg==\" class=\"lazyload\" style=\"--smush-placeholder-width: 1382px; --smush-placeholder-aspect-ratio: 1382\/922;\">\n                <\/li>\n\t\t\t                <li class=\"slide-gallery__item\">\n                    <img decoding=\"async\" data-src=\"https:\/\/grandascot.pl\/wp-content\/uploads\/2022\/03\/Restauracja-Four-sala.jpg\"\n                         alt=\"Sala Four inny widok\"\n                         width=\"1376\" height=\"917\" src=\"data:image\/svg+xml;base64,PHN2ZyB3aWR0aD0iMSIgaGVpZ2h0PSIxIiB4bWxucz0iaHR0cDovL3d3dy53My5vcmcvMjAwMC9zdmciPjwvc3ZnPg==\" class=\"lazyload\" style=\"--smush-placeholder-width: 1376px; --smush-placeholder-aspect-ratio: 1376\/917;\">\n                <\/li>\n\t\t\t                <li class=\"slide-gallery__item\">\n                    <img decoding=\"async\" data-src=\"https:\/\/grandascot.pl\/wp-content\/uploads\/2022\/03\/GrandAscot-sniadania-bufet.jpg\"\n                         alt=\"Dania na \u015bniadanie\"\n                         width=\"1376\" height=\"917\" src=\"data:image\/svg+xml;base64,PHN2ZyB3aWR0aD0iMSIgaGVpZ2h0PSIxIiB4bWxucz0iaHR0cDovL3d3dy53My5vcmcvMjAwMC9zdmciPjwvc3ZnPg==\" class=\"lazyload\" style=\"--smush-placeholder-width: 1376px; --smush-placeholder-aspect-ratio: 1376\/917;\">\n                <\/li>\n\t\t\t                <li class=\"slide-gallery__item\">\n                    <img decoding=\"async\" data-src=\"https:\/\/grandascot.pl\/wp-content\/uploads\/2022\/03\/RestauracjaFour-danie4.jpg\"\n                         alt=\"Danie w Four\"\n                         width=\"1376\" height=\"917\" src=\"data:image\/svg+xml;base64,PHN2ZyB3aWR0aD0iMSIgaGVpZ2h0PSIxIiB4bWxucz0iaHR0cDovL3d3dy53My5vcmcvMjAwMC9zdmciPjwvc3ZnPg==\" class=\"lazyload\" style=\"--smush-placeholder-width: 1376px; --smush-placeholder-aspect-ratio: 1376\/917;\">\n                <\/li>\n\t\t\t                <li class=\"slide-gallery__item\">\n                    <img decoding=\"async\" data-src=\"https:\/\/grandascot.pl\/wp-content\/uploads\/2022\/03\/GrandAscot-Wine-Bar.jpg\"\n                         alt=\"Wine & Spirits Bar\"\n                         width=\"1376\" height=\"917\" src=\"data:image\/svg+xml;base64,PHN2ZyB3aWR0aD0iMSIgaGVpZ2h0PSIxIiB4bWxucz0iaHR0cDovL3d3dy53My5vcmcvMjAwMC9zdmciPjwvc3ZnPg==\" class=\"lazyload\" style=\"--smush-placeholder-width: 1376px; --smush-placeholder-aspect-ratio: 1376\/917;\">\n                <\/li>\n\t\t\t                <li class=\"slide-gallery__item\">\n                    <img decoding=\"async\" data-src=\"https:\/\/grandascot.pl\/wp-content\/uploads\/2019\/04\/GrandAscot_02513.jpg\"\n                         alt=\"Strefa fitness w hotelu Grand Ascot w Krakowie\"\n                         width=\"1382\" height=\"922\" src=\"data:image\/svg+xml;base64,PHN2ZyB3aWR0aD0iMSIgaGVpZ2h0PSIxIiB4bWxucz0iaHR0cDovL3d3dy53My5vcmcvMjAwMC9zdmciPjwvc3ZnPg==\" class=\"lazyload\" style=\"--smush-placeholder-width: 1382px; --smush-placeholder-aspect-ratio: 1382\/922;\">\n                <\/li>\n\t\t\t                <li class=\"slide-gallery__item\">\n                    <img decoding=\"async\" data-src=\"https:\/\/grandascot.pl\/wp-content\/uploads\/2019\/04\/GrandAscot_08997.jpg\"\n                         alt=\"Sala konferencyjna w hotelu Grand Ascot\"\n                         width=\"1376\" height=\"918\" src=\"data:image\/svg+xml;base64,PHN2ZyB3aWR0aD0iMSIgaGVpZ2h0PSIxIiB4bWxucz0iaHR0cDovL3d3dy53My5vcmcvMjAwMC9zdmciPjwvc3ZnPg==\" class=\"lazyload\" style=\"--smush-placeholder-width: 1376px; --smush-placeholder-aspect-ratio: 1376\/918;\">\n                <\/li>\n\t\t\t                <li class=\"slide-gallery__item\">\n                    <img decoding=\"async\" data-src=\"https:\/\/grandascot.pl\/wp-content\/uploads\/2019\/04\/GrandAscot_04914.jpg\"\n                         alt=\"Luksusowy pok\u00f3j hotelowy z tarasem w centrum Krakowa - hotel klasy premium Grand Ascot w Krakowie\"\n                         width=\"1382\" height=\"922\" src=\"data:image\/svg+xml;base64,PHN2ZyB3aWR0aD0iMSIgaGVpZ2h0PSIxIiB4bWxucz0iaHR0cDovL3d3dy53My5vcmcvMjAwMC9zdmciPjwvc3ZnPg==\" class=\"lazyload\" style=\"--smush-placeholder-width: 1382px; --smush-placeholder-aspect-ratio: 1382\/922;\">\n                <\/li>\n\t\t\t                <li class=\"slide-gallery__item\">\n                    <img decoding=\"async\" data-src=\"https:\/\/grandascot.pl\/wp-content\/uploads\/2019\/04\/GrandAscot_04683.jpg\"\n                         alt=\"Ogr\u00f3dek w Restauracji Four w Krakowie\"\n                         width=\"1366\" height=\"910\" src=\"data:image\/svg+xml;base64,PHN2ZyB3aWR0aD0iMSIgaGVpZ2h0PSIxIiB4bWxucz0iaHR0cDovL3d3dy53My5vcmcvMjAwMC9zdmciPjwvc3ZnPg==\" class=\"lazyload\" style=\"--smush-placeholder-width: 1366px; --smush-placeholder-aspect-ratio: 1366\/910;\">\n                <\/li>\n\t\t\t        <\/ul>\n\n\t\t            <div class=\"slide-gallery__more\">\n                <a href=\"https:\/\/grandascot.pl\/es\/galeria\" class=\"more\">Ver m\u00e1s fotograf\u00edas<\/a>\n            <\/div>\n\t\t    <\/div>\n\t\n","protected":false},"excerpt":{"rendered":"","protected":false},"author":1,"featured_media":0,"parent":0,"menu_order":0,"comment_status":"closed","ping_status":"closed","template":"","meta":{"_acf_changed":false,"footnotes":""},"class_list":["post-609","page","type-page","status-publish","hentry"],"acf":[],"yoast_head":"<!-- This site is optimized with the Yoast SEO Premium plugin v26.8 (Yoast SEO v27.4) - https:\/\/yoast.com\/product\/yoast-seo-premium-wordpress\/ -->\n<title>Un hotel boutique en el centro de Cracovia | Grand Ascot Hotel<\/title>\n<meta name=\"description\" content=\"Un hotel boutique en el centro de Cracovia. En Grand Ascot siempre puedes contar con un gran ambiente y un servicio amable. En este moderno y elegante hotel, la comodidad y el bienestar de los hu\u00e9spedes son la m\u00e1s alta prioridad.\" \/>\n<meta name=\"robots\" content=\"index, follow, max-snippet:-1, max-image-preview:large, max-video-preview:-1\" \/>\n<link rel=\"canonical\" href=\"https:\/\/grandascot.pl\/es\/acerca-del-hotel\/\" \/>\n<meta property=\"og:locale\" content=\"es_ES\" \/>\n<meta property=\"og:type\" content=\"article\" \/>\n<meta property=\"og:title\" content=\"Grand Ascot Hotel - un hotel boutique en el centro de Cracovia\" \/>\n<meta property=\"og:description\" content=\"Un hotel boutique en el centro de Cracovia. En Grand Ascot siempre puedes contar con un gran ambiente y un servicio amable. En este moderno y elegante hotel, la comodidad y el bienestar de los hu\u00e9spedes son la m\u00e1s alta prioridad.\" \/>\n<meta property=\"og:url\" content=\"https:\/\/grandascot.pl\/es\/acerca-del-hotel\/\" \/>\n<meta property=\"og:site_name\" content=\"Grand Ascot Hotel\" \/>\n<meta property=\"article:publisher\" content=\"https:\/\/www.facebook.com\/grandascothotel\/\" \/>\n<meta property=\"article:modified_time\" content=\"2022-03-17T21:02:28+00:00\" \/>\n<meta property=\"og:image\" content=\"https:\/\/grandascot.pl\/wp-content\/uploads\/2017\/07\/PM_05878.jpg\" \/>\n<meta name=\"twitter:card\" content=\"summary_large_image\" \/>\n<meta name=\"twitter:title\" content=\"Grand Ascot Hotel - un hotel boutique en el centro de Cracovia\" \/>\n<meta name=\"twitter:site\" content=\"@GrandAscot\" \/>\n<meta name=\"twitter:label1\" content=\"Tiempo de lectura\" \/>\n\t<meta name=\"twitter:data1\" content=\"3 minuto\" \/>\n<script type=\"application\/ld+json\" class=\"yoast-schema-graph\">{\"@context\":\"https:\\\/\\\/schema.org\",\"@graph\":[{\"@type\":\"WebPage\",\"@id\":\"https:\\\/\\\/grandascot.pl\\\/es\\\/acerca-del-hotel\\\/\",\"url\":\"https:\\\/\\\/grandascot.pl\\\/es\\\/acerca-del-hotel\\\/\",\"name\":\"Un hotel boutique en el centro de Cracovia | Grand Ascot Hotel\",\"isPartOf\":{\"@id\":\"https:\\\/\\\/grandascot.pl\\\/#website\"},\"datePublished\":\"2017-07-18T00:28:44+00:00\",\"dateModified\":\"2022-03-17T21:02:28+00:00\",\"description\":\"Un hotel boutique en el centro de Cracovia. En Grand Ascot siempre puedes contar con un gran ambiente y un servicio amable. En este moderno y elegante hotel, la comodidad y el bienestar de los hu\u00e9spedes son la m\u00e1s alta prioridad.\",\"breadcrumb\":{\"@id\":\"https:\\\/\\\/grandascot.pl\\\/es\\\/acerca-del-hotel\\\/#breadcrumb\"},\"inLanguage\":\"es\",\"potentialAction\":[{\"@type\":\"ReadAction\",\"target\":[\"https:\\\/\\\/grandascot.pl\\\/es\\\/acerca-del-hotel\\\/\"]}]},{\"@type\":\"BreadcrumbList\",\"@id\":\"https:\\\/\\\/grandascot.pl\\\/es\\\/acerca-del-hotel\\\/#breadcrumb\",\"itemListElement\":[{\"@type\":\"ListItem\",\"position\":1,\"name\":\"Strona g\u0142\u00f3wna\",\"item\":\"https:\\\/\\\/grandascot.pl\\\/es\\\/\"},{\"@type\":\"ListItem\",\"position\":2,\"name\":\"Acerca del hotel\"}]},{\"@type\":\"WebSite\",\"@id\":\"https:\\\/\\\/grandascot.pl\\\/#website\",\"url\":\"https:\\\/\\\/grandascot.pl\\\/\",\"name\":\"Grand Ascot Hotel\",\"description\":\"Twoje miejsce w sercu Krakowa\",\"publisher\":{\"@id\":\"https:\\\/\\\/grandascot.pl\\\/#organization\"},\"potentialAction\":[{\"@type\":\"SearchAction\",\"target\":{\"@type\":\"EntryPoint\",\"urlTemplate\":\"https:\\\/\\\/grandascot.pl\\\/?s={search_term_string}\"},\"query-input\":{\"@type\":\"PropertyValueSpecification\",\"valueRequired\":true,\"valueName\":\"search_term_string\"}}],\"inLanguage\":\"es\"},{\"@type\":\"Organization\",\"@id\":\"https:\\\/\\\/grandascot.pl\\\/#organization\",\"name\":\"Grand Ascot Hotel\",\"url\":\"https:\\\/\\\/grandascot.pl\\\/\",\"logo\":{\"@type\":\"ImageObject\",\"inLanguage\":\"es\",\"@id\":\"https:\\\/\\\/grandascot.pl\\\/#\\\/schema\\\/logo\\\/image\\\/\",\"url\":\"https:\\\/\\\/grandascot.pl\\\/wp-content\\\/uploads\\\/2017\\\/12\\\/Grand-Ascot-logo-04.jpg\",\"contentUrl\":\"https:\\\/\\\/grandascot.pl\\\/wp-content\\\/uploads\\\/2017\\\/12\\\/Grand-Ascot-logo-04.jpg\",\"width\":1667,\"height\":1667,\"caption\":\"Grand Ascot Hotel\"},\"image\":{\"@id\":\"https:\\\/\\\/grandascot.pl\\\/#\\\/schema\\\/logo\\\/image\\\/\"},\"sameAs\":[\"https:\\\/\\\/www.facebook.com\\\/grandascothotel\\\/\",\"https:\\\/\\\/x.com\\\/GrandAscot\",\"https:\\\/\\\/www.instagram.com\\\/grandascot\\\/\",\"https:\\\/\\\/www.linkedin.com\\\/in\\\/grandascothotel\",\"https:\\\/\\\/www.youtube.com\\\/channel\\\/UCg9pe9yfqzzna8MahLl5PMQ\\\/\"]}]}<\/script>\n<!-- \/ Yoast SEO Premium plugin. -->","yoast_head_json":{"title":"Un hotel boutique en el centro de Cracovia | Grand Ascot Hotel","description":"Un hotel boutique en el centro de Cracovia. En Grand Ascot siempre puedes contar con un gran ambiente y un servicio amable. En este moderno y elegante hotel, la comodidad y el bienestar de los hu\u00e9spedes son la m\u00e1s alta prioridad.","robots":{"index":"index","follow":"follow","max-snippet":"max-snippet:-1","max-image-preview":"max-image-preview:large","max-video-preview":"max-video-preview:-1"},"canonical":"https:\/\/grandascot.pl\/es\/acerca-del-hotel\/","og_locale":"es_ES","og_type":"article","og_title":"Grand Ascot Hotel - un hotel boutique en el centro de Cracovia","og_description":"Un hotel boutique en el centro de Cracovia. En Grand Ascot siempre puedes contar con un gran ambiente y un servicio amable. En este moderno y elegante hotel, la comodidad y el bienestar de los hu\u00e9spedes son la m\u00e1s alta prioridad.","og_url":"https:\/\/grandascot.pl\/es\/acerca-del-hotel\/","og_site_name":"Grand Ascot Hotel","article_publisher":"https:\/\/www.facebook.com\/grandascothotel\/","article_modified_time":"2022-03-17T21:02:28+00:00","og_image":[{"url":"https:\/\/grandascot.pl\/wp-content\/uploads\/2017\/07\/PM_05878.jpg","type":"","width":"","height":""}],"twitter_card":"summary_large_image","twitter_title":"Grand Ascot Hotel - un hotel boutique en el centro de Cracovia","twitter_site":"@GrandAscot","twitter_misc":{"Tiempo de lectura":"3 minuto"},"schema":{"@context":"https:\/\/schema.org","@graph":[{"@type":"WebPage","@id":"https:\/\/grandascot.pl\/es\/acerca-del-hotel\/","url":"https:\/\/grandascot.pl\/es\/acerca-del-hotel\/","name":"Un hotel boutique en el centro de Cracovia | Grand Ascot Hotel","isPartOf":{"@id":"https:\/\/grandascot.pl\/#website"},"datePublished":"2017-07-18T00:28:44+00:00","dateModified":"2022-03-17T21:02:28+00:00","description":"Un hotel boutique en el centro de Cracovia. En Grand Ascot siempre puedes contar con un gran ambiente y un servicio amable. En este moderno y elegante hotel, la comodidad y el bienestar de los hu\u00e9spedes son la m\u00e1s alta prioridad.","breadcrumb":{"@id":"https:\/\/grandascot.pl\/es\/acerca-del-hotel\/#breadcrumb"},"inLanguage":"es","potentialAction":[{"@type":"ReadAction","target":["https:\/\/grandascot.pl\/es\/acerca-del-hotel\/"]}]},{"@type":"BreadcrumbList","@id":"https:\/\/grandascot.pl\/es\/acerca-del-hotel\/#breadcrumb","itemListElement":[{"@type":"ListItem","position":1,"name":"Strona g\u0142\u00f3wna","item":"https:\/\/grandascot.pl\/es\/"},{"@type":"ListItem","position":2,"name":"Acerca del hotel"}]},{"@type":"WebSite","@id":"https:\/\/grandascot.pl\/#website","url":"https:\/\/grandascot.pl\/","name":"Grand Ascot Hotel","description":"Twoje miejsce w sercu Krakowa","publisher":{"@id":"https:\/\/grandascot.pl\/#organization"},"potentialAction":[{"@type":"SearchAction","target":{"@type":"EntryPoint","urlTemplate":"https:\/\/grandascot.pl\/?s={search_term_string}"},"query-input":{"@type":"PropertyValueSpecification","valueRequired":true,"valueName":"search_term_string"}}],"inLanguage":"es"},{"@type":"Organization","@id":"https:\/\/grandascot.pl\/#organization","name":"Grand Ascot Hotel","url":"https:\/\/grandascot.pl\/","logo":{"@type":"ImageObject","inLanguage":"es","@id":"https:\/\/grandascot.pl\/#\/schema\/logo\/image\/","url":"https:\/\/grandascot.pl\/wp-content\/uploads\/2017\/12\/Grand-Ascot-logo-04.jpg","contentUrl":"https:\/\/grandascot.pl\/wp-content\/uploads\/2017\/12\/Grand-Ascot-logo-04.jpg","width":1667,"height":1667,"caption":"Grand Ascot Hotel"},"image":{"@id":"https:\/\/grandascot.pl\/#\/schema\/logo\/image\/"},"sameAs":["https:\/\/www.facebook.com\/grandascothotel\/","https:\/\/x.com\/GrandAscot","https:\/\/www.instagram.com\/grandascot\/","https:\/\/www.linkedin.com\/in\/grandascothotel","https:\/\/www.youtube.com\/channel\/UCg9pe9yfqzzna8MahLl5PMQ\/"]}]}},"_links":{"self":[{"href":"https:\/\/grandascot.pl\/es\/wp-json\/wp\/v2\/pages\/609","targetHints":{"allow":["GET"]}}],"collection":[{"href":"https:\/\/grandascot.pl\/es\/wp-json\/wp\/v2\/pages"}],"about":[{"href":"https:\/\/grandascot.pl\/es\/wp-json\/wp\/v2\/types\/page"}],"author":[{"embeddable":true,"href":"https:\/\/grandascot.pl\/es\/wp-json\/wp\/v2\/users\/1"}],"replies":[{"embeddable":true,"href":"https:\/\/grandascot.pl\/es\/wp-json\/wp\/v2\/comments?post=609"}],"version-history":[{"count":17,"href":"https:\/\/grandascot.pl\/es\/wp-json\/wp\/v2\/pages\/609\/revisions"}],"predecessor-version":[{"id":4400,"href":"https:\/\/grandascot.pl\/es\/wp-json\/wp\/v2\/pages\/609\/revisions\/4400"}],"wp:attachment":[{"href":"https:\/\/grandascot.pl\/es\/wp-json\/wp\/v2\/media?parent=609"}],"curies":[{"name":"wp","href":"https:\/\/api.w.org\/{rel}","templated":true}]}}