{"id":1103,"date":"2018-06-28T15:48:24","date_gmt":"2018-06-28T13:48:24","guid":{"rendered":"http:\/\/grandascot.pl\/?page_id=1103"},"modified":"2024-03-12T18:41:37","modified_gmt":"2024-03-12T17:41:37","slug":"politica-de-privacidad","status":"publish","type":"page","link":"https:\/\/grandascot.pl\/es\/politica-de-privacidad\/","title":{"rendered":"Pol\u00edtica de privacidad"},"content":{"rendered":"<h2>1. Informaciones generales<\/h2>\n<ol>\n<li>La entidad Grand Ascot Wrzecionek Sp\u00f3\u0142ka Jawna, con sede en Cracovia (31-123), c\/ J\u00f3zefa Szujskiego 4, inscrita en el Registro de Empresarios, administrado por el Juzgado de Zona de Cracovia &#8211; Srodmiescie en Cracovia, Sala XI de lo Mercantil del Registro Judicial Nacional, con n\u00famero KRS 0000768091 (en adelante: Operador del Portal) es la operadora del portal\u00a0<a href=\"https:\/\/grandascot.pl\/es\">grandascot.pl<\/a> (en adelante: Portal) y administradora de los datos personales, recopilados a trav\u00e9s del Portal.<\/li>\n<li>El Operador del Portal garantiza, que el procesamiento de los datos personales de usuarios del Portal (en adelante: Usuario), cumple las normas legales vigentes, incluyendo el Reglamento General del Parlamento Europeo y Consejo (UE) 2016\/679 del d\u00eda 27 de abril de 2016 acerca de la protecci\u00f3n de las personas f\u00edsicas en lo que respecta al tratamiento de datos personales.<\/li>\n<li>El Portal realiza la funci\u00f3n de recopilar y guardar informaciones acerca de Usuarios, mediante:\n<ul>\n<li>recopilaci\u00f3n voluntaria en formularios informativos,<\/li>\n<li>archivos cookies, que se graban en los dispositivos finales,<\/li>\n<li>los logs del servidor, que funciona bajo la direcci\u00f3n\u00a0<a href=\"https:\/\/grandascot.pl\/es\">grandascot.pl<\/a><\/li>\n<\/ul>\n<\/li>\n<li>La p\u00e1gina del Portal contiene tambi\u00e9n enlaces a portales sociales. Para conocer las pol\u00edticas de privacidad utilizadas por estos portales, recomendamos visitar las p\u00e1ginas web de las entidades administradoras de dichos servicios.<\/li>\n<li>El Portal no toma decisiones autom\u00e1ticas, en base a los datos personales y tampoco realiza perfiles de usuarios, en base a dichos datos.<\/li>\n<\/ol>\n<h2>2. Informaciones en formularios<\/h2>\n<ol>\n<li>El Portal recopila informaciones, facilitadas voluntariamente por el Usuario.<\/li>\n<li>El Portal puede guardar adem\u00e1s, informaciones acerca de los par\u00e1metros de conexi\u00f3n (marcador horario, direcci\u00f3n IP).<\/li>\n<li>Los datos facilitados en el formulario se procesan con fines resultantes de la funci\u00f3n de formulario en cuesti\u00f3n, por ejemplo: para realizar la gesti\u00f3n de una reserva hotelera y servicios complementarios, preguntas de disponibilidad, contacto comercial, gesti\u00f3n de pagos.<\/li>\n<\/ol>\n<h2>3. Objetivos de procesamiento de datos<\/h2>\n<ol>\n<li>El Usuario facilita sus datos personales de forma voluntaria. No obstante, dichos datos son imprescindibles para presentar una pregunta de disponibilidad, realizar una reserva de servicios y su realizaci\u00f3n, registrarse en el hotel administrado por el Operador del Portal (en adelante: Hotel), realizar servicios prestados en el hotel, responder a preguntas acerca de servicios. La indicaci\u00f3n de datos personales es una exigencia contractual y legal (al documentar el servicio mediante factura IVA\/VAT). Si no se facilitan los datos personales, no ser\u00e1 posible realizar una reserva, celebrar un contrato con el hotel, registrarse en el hotel, emitir factura y realizar los servicios complementarios, que presta el hotel.<\/li>\n<li>Los datos personales del Usuario ser\u00e1n procesados por el Operador del Portal, con fines vinculados con la realizaci\u00f3n de servicios hoteleros y dem\u00e1s servicios similares, que presta el hotel, a solicitud del Usuario. Particularmente, estos datos ser\u00e1n procesados para:\n<ul>\n<li>presentar preguntas de disponibilidad de servicios,<\/li>\n<li>permitir una respuesta a preguntas relativas a servicios,<\/li>\n<li>realizar una reserva de servicios,<\/li>\n<li>realizar los servicios prestados por el hotel,<\/li>\n<li>garantizar la seguridad,<\/li>\n<li>celebrar o realizar un contrato, parte del cual es el Usuario o bien, para realizar actuaciones solicitadas por el Usuario, antes de celebrar el contrato, enviar informaci\u00f3n mercantil, a trav\u00e9s de medios de comunicaci\u00f3n electr\u00f3nica,<\/li>\n<li>documentar la prestaci\u00f3n de servicios, con fines fiscales,<\/li>\n<li>presentar reclamaciones,<\/li>\n<li>realizar obligaciones legales del Operador del Portal,<\/li>\n<li>enviar ofertas comerciales y marketing, si el Usuario expres\u00f3 su consentimiento para el procesamiento de sus datos personales, con fines de marketing.<\/li>\n<\/ul>\n<\/li>\n<li>Los datos personales podr\u00e1s ser procesados tambi\u00e9n, a trav\u00e9s del sistema de video vigilancia, utilizado por el hotel, con fines de protecci\u00f3n de bienes y garantizar la seguridad de hu\u00e9spedes del hotel y otras personas que permanezcan en el hotel. La base legal, para procesar datos personales del hu\u00e9sped, recogidos por el sistema de video vigilancia, es la protecci\u00f3n de intereses vitales de hu\u00e9spedes y otras personas f\u00edsicas, as\u00ed como, inter\u00e9s justificado del Operador del Portal.<\/li>\n<\/ol>\n<h2>4. Transmisi\u00f3n, almacenamiento y acceso a los datos<\/h2>\n<ol>\n<li>Los datos personales de Usuarios ser\u00e1n transmitidos a entidades externas, solamente, dentro de los l\u00edmites y fronteras legalmente permitidas.<\/li>\n<li>Los datos personales de Usuarios ser\u00e1n facilitados a siguientes categor\u00edas de destinatarios:\n<ul>\n<li>empresas contables, aseguradoras y despachos de abogados, que cooperan con el Operador del Portal,<\/li>\n<li>empresas de mensajer\u00eda y correos,<\/li>\n<li>agencias de viajes, que cooperan con el Operador del Portal,<\/li>\n<li>empresas de hosting, empresas inform\u00e1ticas y empresas que prestan apoyo de administraci\u00f3n de la infraestructura inform\u00e1tica del Operador del Portal,<\/li>\n<li>entidades que participan en procesos de apoyo y soporte, imprescindibles para la realizaci\u00f3n de servicios hoteleros, incluyendo, servicios de pago, servicios prestados por v\u00eda electr\u00f3nica.<\/li>\n<li>cooperantes del Operador de Portal, que prestan servicios directos y gestionan las reservas,<\/li>\n<li>\u00f3rganos p\u00fablicos y entidades que realizan tareas p\u00fablicas, autorizados a recibir dichos datos personales, en base a las normas aplicables.<\/li>\n<\/ul>\n<\/li>\n<li>El Operador del portal no facilita datos personales de Usuarios a entidades ajenas, con fines de marketing. Tampoco transmite estos datos personales a entidades de pa\u00edses ajenos a la Uni\u00f3n Europea, a no ser que dichos pa\u00edses garantizan una protecci\u00f3n similar de datos personales.<\/li>\n<li>El Operador del Portal coopera con portales y p\u00e1ginas web que sirven para hacer reservas de alojamiento online (tales como:\u00a0<a href=\"https:\/\/www.booking.com\">booking.com<\/a>) y es responsable por los contenidos de la p\u00e1gina, para facilitar la realizaci\u00f3n de reservas de servicios hoteleros, directamente a trav\u00e9s de dichos p\u00e1ginas web. No obstante, estas reservas son administradas por dichas p\u00e1ginas. En consecuencia, las informaciones que los usuarios indican en las p\u00e1ginas y portales de reserva, tambi\u00e9n ser\u00e1n transmitidas a dichos portales y sus asociados.<\/li>\n<li>Si el Usuario expresa su consentimiento para procesar datos personales, el Operador del Portal guardar\u00e1 estos datos, hasta que tal consentimiento sea anulado. En dem\u00e1s casos, el Operador del Portal guarda los datos personales durante el periodo de tiempo imprescindible, para realizar los objetivos, para los cuales fueron recopilados, particularmente, hasta que finalicen las obligaciones fiscales o derechos de reclamaci\u00f3n vinculados con los servicios prestados por el Operador del Portal.<\/li>\n<li>El Usuario tiene derecho a:\n<ul>\n<li>acceder a sus datos personales, mediante un pregunta remitida al Operador del Portal, acerca del tipo de datos procesados, as\u00ed como, obtener informaci\u00f3n, acerca de los fines, categor\u00edas de datos procesados o destinatarios de datos del Usuario;<\/li>\n<li>corregir estos datos, si resultan incorrectos o incompletos,<\/li>\n<li>anular en cualquier momento, el consentimiento para procesar sus datos personales, sin afectar la legalidad de cualquier procesamiento anterior,<\/li>\n<li>oponerse al procesamiento de datos personales, si el Operador del Portal pretende procesarlos con fines de marketing o entregar dichos datos a otro administrador de datos,<\/li>\n<li>eliminar sus datos personales, si no resultan imprescindibles para los objetivos, para los cuales fueron recopilados o bien, si el Usuario retira su consentimiento para procesar los datos y no hay base legal alguna, para seguir procesando estos dato o bien, los datos procesados incumplen la ley;<\/li>\n<li>presentar una queja ante la Autoridad Nacional de Protecci\u00f3n de Datos, en caso de incumplimiento de normas de protecci\u00f3n de datos personales.<\/li>\n<\/ul>\n<\/li>\n<li>Para cualquier cuesti\u00f3n relacionada con el procesamiento de datos personales, el Usuario puede ponerse en contacto, a trav\u00e9s de la direcci\u00f3n de correo electr\u00f3nico: <a href=\"mailto:biuro@grandascot.pl\">biuro@grandascot.pl<\/a>.<\/li>\n<\/ol>\n<h2>5. Informaci\u00f3n acerca de archivos cookies<\/h2>\n<ol>\n<li>El Portal utiliza archivos cookies.<\/li>\n<li>Los archivos cookies contienen datos inform\u00e1ticos, particularmente, archivos de texto, que se guardan en el dispositivo final del Usuario y son utilizados por la p\u00e1gina web del Portal. Los archivos cookies contiene normalmente el nombre de la p\u00e1gina web de origen, tiempo de almacenamiento en dispositivo final y un n\u00famero \u00fanico.<\/li>\n<li>El Operador del Portal es la entidad que env\u00eda los archivos cookies al dispositivo final del Usuario y tiene acceso a ellos.<\/li>\n<li>Los archivos cookies se utilizan con siguientes fines:\n<ul>\n<li>adaptar el contenido de la p\u00e1gina web del Portal, a las preferencias del Usuario y optimizar el uso del Portal. Particularmente, estos archivos permiten reconocer el dispositivo del usuario del Portal y presentar adecuadamente la p\u00e1gina web, adapta a sus necesidades particulares,<\/li>\n<li>estad\u00edsticos, para mejorar la infraestructura y contenidos del Portal, realizar an\u00e1lisis estad\u00edsticos an\u00f3nimos, que permite adaptar el Portal a las tendencias actuales y valorar la popularidad del Portal;<\/li>\n<li>mantener la sesi\u00f3n del Usuario de Portal (despu\u00e9s del login), para que no tenga que indicar su login y contrase\u00f1a en cada subp\u00e1gina del Portal,<\/li>\n<li>emprender acciones de marketing<\/li>\n<li>dependiendo del prop\u00f3sito del procesamiento, confiamos los datos recopilados a nuestros socios:<\/li>\n<ul>\n<li>Delante Marketing Sp z o.o. \u2013 para optimizar nuestro sitio web grandascot.pl<\/li>\n<li>Sojern Intl Ltd &#8211; para utilizar herramientas y campa\u00f1as de remarketing, incluidas las redes sociales<\/li>\n<li>Google LLC &#8211; para utilizar servicios como Google Analitics, Google Tag Manager, Google Search Console<\/li>\n<li>Meta, Inc. \u2013 para utilizar servicios de remarketing, como Meta Pixel<\/li>\n<\/ul>\n<\/ul>\n<\/li>\n<li>El Portal recurre a dos tipos b\u00e1sicos de archivos cookies: archivos de \u00absesi\u00f3n\u00bb (session cookies) y archivos \u00abfijos\u00bb (persistent cookies). Los archivos cookies de \u00absesi\u00f3n\u00bb son archivos temporales, que se guardan en dispositivo final del Usuario, hasta que \u00e9ste cierre sesi\u00f3n, salga de la p\u00e1gina web o desconecte el software (explorador de Internet). Los archivos cookies \u00abfijos\u00bb se guardan en el dispositivo final del Usuario, por un tiempo determinado en par\u00e1metros de dichos archivos o bien, hasta que sean eliminados por el Usuario.<\/li>\n<li>El software para navegar por las p\u00e1ginas web (explorador de internet), permite normalmente que los archivos cookies sean guardados en el dispositivo final del Usuario. No obstante, los Usuarios del Portal pueden cambiar la configuraci\u00f3n, en este aspecto. El explorador de internet permite eliminar los archivos cookies. Tambi\u00e9n es posible bloquear autom\u00e1ticamente los archivos cookies. Las informaciones detalladas al respecto est\u00e1n recogidas en la secci\u00f3n de Ayuda o documentaci\u00f3n t\u00e9cnica del explorador de internet.<\/li>\n<li>Las limitaciones de uso de archivos cookies pueden afectar algunas funciones, disponibles en las p\u00e1ginas web del Portal.<\/li>\n<li>Los archivos cookies, guardados en dispositivo final del Usuario de Portal, pueden ser utilizados tambi\u00e9n por entidades cooperantes con el Operador del Portal, ya sean entidades publicitarias o socios. Las p\u00e1ginas web de dichas entidades funcionan de forma independiente al Portal y no est\u00e1n contraladas de forma alguna por el Operador del Portal. El Operador del Portal no es responsable por las normas de procesamiento de datos, vigentes en dichas p\u00e1ginas. Recomendamos familiarizarse con la pol\u00edtica privacidad de estas empresas, para conocer las normas de uso de archivos cookies, con fines estad\u00edsticos: Pol\u00edtica de protecci\u00f3n de privacidad de Google Analytics.<\/li>\n<li>Los archivos cookies puede ser utilizados por empresas publicitarias, particularmente, por las redes Google, para mostrar anuncios publicitarios adaptados a la forma de uso del Portal por parte del Usuario. Para ello, pueden guardar informaciones acerca de la ruta de navegaci\u00f3n del Usuario o tiempo de permanencia en la p\u00e1gina determinada. En cuanto a las informaciones de preferencias de Usuario, acumuladas por la red publicitaria de Google, el Usuario puede visualizar y editar las informaciones resultantes de los archivos cookies, mediante la herramienta: <a href=\"https:\/\/www.google.com\/ads\/preferences\">https:\/\/www.google.com\/ads\/preferences<\/a>.<\/li>\n<\/ol>\n<h2>6. Logs del Portal<\/h2>\n<ol>\n<li>Las informaciones relativas a ciertos comportamientos del Usuario se registran en logs del servidor. Estos datos ser\u00e1n utilizados solamente, para administrar el Portal y garantizar una gesti\u00f3n correcta de los servicios de hosteo.<\/li>\n<li>Recursos visualizados a trav\u00e9s de direcciones URL. Pueden guardarse adem\u00e1s:\n<ul>\n<li>hora de entrega de pregunta,<\/li>\n<li>tiempo de remisi\u00f3n de respuesta,<\/li>\n<li>nombre de estaci\u00f3n del cliente &#8211; identificada a trav\u00e9s del protocolo HTTP o HTTPS,<\/li>\n<li>informaciones de errores, al realizar transacciones HTTP o HTTPS,<\/li>\n<li>direcci\u00f3n URL de la p\u00e1gina anteriormente visitada por el Usuario (referer link) &#8211; si el Usuario entra en el Portal, a trav\u00e9s de un enlace externo,<\/li>\n<li>informaciones acerca del explorador de internet del Usuario,<\/li>\n<li>informaciones acerca de direcci\u00f3n IP del Usuario.<\/li>\n<\/ul>\n<\/li>\n<li>Estos datos no ser\u00e1n relacionados con personas concretas, que visitan la p\u00e1gina.<\/li>\n<li>Estos datos se utilizan solamente, con fines relacionados con la administraci\u00f3n del servidor.<\/li>\n<\/ol>\n<h2>7. Cambio de pol\u00edtica de privacidad<\/h2>\n<p>La pol\u00edtica de privacidad est\u00e1 sujeta a verificaci\u00f3n y actualizaci\u00f3n continua, se es necesaria. Nos reservamos el derecho a implementar cambios y actualizar la pol\u00edtica de privacidad, publicando contenidos nuevos en nuestra p\u00e1gina web, si as\u00ed lo requiere la ley o las condiciones tecnol\u00f3gicas de funcionamiento del Portal. Les animamos a comprobar regularmente nuestra pol\u00edtica de privacidad, publicada en la web.<\/p>\n<p>Nuestros datos de contacto, para cualquier asunto vinculado con esta pol\u00edtica de privacidad, est\u00e1n recogidos en la pesta\u00f1a\u00a0<a href=\"https:\/\/grandascot.pl\/es\/contacto\/\">Contacto<\/a><span style=\"font-weight: 400;\">, en la p\u00e1gina web del Portal.<\/span><\/p>\n","protected":false},"excerpt":{"rendered":"<p>1. Informaciones generales La entidad Grand Ascot Wrzecionek Sp\u00f3\u0142ka Jawna, con sede en Cracovia (31-123), c\/ J\u00f3zefa Szujskiego 4, inscrita en el Registro de Empresarios, administrado por el Juzgado de Zona de Cracovia &#8211; Srodmiescie en Cracovia, Sala XI de lo Mercantil del Registro Judicial Nacional, con n\u00famero KRS 0000768091 (en adelante: Operador del Portal) [&hellip;]<\/p>\n","protected":false},"author":2,"featured_media":0,"parent":0,"menu_order":0,"comment_status":"closed","ping_status":"closed","template":"polityka-prywatnosci.php","meta":{"_acf_changed":false,"footnotes":""},"class_list":["post-1103","page","type-page","status-publish","hentry"],"acf":[],"yoast_head":"<!-- This site is optimized with the Yoast SEO Premium plugin v26.8 (Yoast SEO v27.4) - https:\/\/yoast.com\/product\/yoast-seo-premium-wordpress\/ -->\n<title>Pol\u00edtica de privacidad | Grand Ascot Hotel<\/title>\n<meta name=\"description\" content=\"Pol\u00edtica de privacidad grandascot.pl\" \/>\n<meta name=\"robots\" content=\"noindex, nofollow\" \/>\n<meta property=\"og:locale\" content=\"es_ES\" \/>\n<meta property=\"og:type\" content=\"article\" \/>\n<meta property=\"og:title\" content=\"Pol\u00edtica de privacidad\" \/>\n<meta property=\"og:description\" content=\"Pol\u00edtica de privacidad grandascot.pl\" \/>\n<meta property=\"og:url\" content=\"https:\/\/grandascot.pl\/es\/politica-de-privacidad\/\" \/>\n<meta property=\"og:site_name\" content=\"Grand Ascot Hotel\" \/>\n<meta property=\"article:publisher\" content=\"https:\/\/www.facebook.com\/grandascothotel\/\" \/>\n<meta property=\"article:modified_time\" content=\"2024-03-12T17:41:37+00:00\" \/>\n<meta name=\"twitter:card\" content=\"summary_large_image\" \/>\n<meta name=\"twitter:site\" content=\"@GrandAscot\" \/>\n<meta name=\"twitter:label1\" content=\"Tiempo de lectura\" \/>\n\t<meta name=\"twitter:data1\" content=\"13 minuto\" \/>\n<script type=\"application\/ld+json\" class=\"yoast-schema-graph\">{\"@context\":\"https:\\\/\\\/schema.org\",\"@graph\":[{\"@type\":\"WebPage\",\"@id\":\"https:\\\/\\\/grandascot.pl\\\/es\\\/politica-de-privacidad\\\/\",\"url\":\"https:\\\/\\\/grandascot.pl\\\/es\\\/politica-de-privacidad\\\/\",\"name\":\"Pol\u00edtica de privacidad | Grand Ascot Hotel\",\"isPartOf\":{\"@id\":\"https:\\\/\\\/grandascot.pl\\\/#website\"},\"datePublished\":\"2018-06-28T13:48:24+00:00\",\"dateModified\":\"2024-03-12T17:41:37+00:00\",\"description\":\"Pol\u00edtica de privacidad grandascot.pl\",\"breadcrumb\":{\"@id\":\"https:\\\/\\\/grandascot.pl\\\/es\\\/politica-de-privacidad\\\/#breadcrumb\"},\"inLanguage\":\"es\",\"potentialAction\":[{\"@type\":\"ReadAction\",\"target\":[\"https:\\\/\\\/grandascot.pl\\\/es\\\/politica-de-privacidad\\\/\"]}]},{\"@type\":\"BreadcrumbList\",\"@id\":\"https:\\\/\\\/grandascot.pl\\\/es\\\/politica-de-privacidad\\\/#breadcrumb\",\"itemListElement\":[{\"@type\":\"ListItem\",\"position\":1,\"name\":\"Strona g\u0142\u00f3wna\",\"item\":\"https:\\\/\\\/grandascot.pl\\\/es\\\/\"},{\"@type\":\"ListItem\",\"position\":2,\"name\":\"Pol\u00edtica de privacidad\"}]},{\"@type\":\"WebSite\",\"@id\":\"https:\\\/\\\/grandascot.pl\\\/#website\",\"url\":\"https:\\\/\\\/grandascot.pl\\\/\",\"name\":\"Grand Ascot Hotel\",\"description\":\"Twoje miejsce w sercu Krakowa\",\"publisher\":{\"@id\":\"https:\\\/\\\/grandascot.pl\\\/#organization\"},\"potentialAction\":[{\"@type\":\"SearchAction\",\"target\":{\"@type\":\"EntryPoint\",\"urlTemplate\":\"https:\\\/\\\/grandascot.pl\\\/?s={search_term_string}\"},\"query-input\":{\"@type\":\"PropertyValueSpecification\",\"valueRequired\":true,\"valueName\":\"search_term_string\"}}],\"inLanguage\":\"es\"},{\"@type\":\"Organization\",\"@id\":\"https:\\\/\\\/grandascot.pl\\\/#organization\",\"name\":\"Grand Ascot Hotel\",\"url\":\"https:\\\/\\\/grandascot.pl\\\/\",\"logo\":{\"@type\":\"ImageObject\",\"inLanguage\":\"es\",\"@id\":\"https:\\\/\\\/grandascot.pl\\\/#\\\/schema\\\/logo\\\/image\\\/\",\"url\":\"https:\\\/\\\/grandascot.pl\\\/wp-content\\\/uploads\\\/2017\\\/12\\\/Grand-Ascot-logo-04.jpg\",\"contentUrl\":\"https:\\\/\\\/grandascot.pl\\\/wp-content\\\/uploads\\\/2017\\\/12\\\/Grand-Ascot-logo-04.jpg\",\"width\":1667,\"height\":1667,\"caption\":\"Grand Ascot Hotel\"},\"image\":{\"@id\":\"https:\\\/\\\/grandascot.pl\\\/#\\\/schema\\\/logo\\\/image\\\/\"},\"sameAs\":[\"https:\\\/\\\/www.facebook.com\\\/grandascothotel\\\/\",\"https:\\\/\\\/x.com\\\/GrandAscot\",\"https:\\\/\\\/www.instagram.com\\\/grandascot\\\/\",\"https:\\\/\\\/www.linkedin.com\\\/in\\\/grandascothotel\",\"https:\\\/\\\/www.youtube.com\\\/channel\\\/UCg9pe9yfqzzna8MahLl5PMQ\\\/\"]}]}<\/script>\n<!-- \/ Yoast SEO Premium plugin. -->","yoast_head_json":{"title":"Pol\u00edtica de privacidad | Grand Ascot Hotel","description":"Pol\u00edtica de privacidad grandascot.pl","robots":{"index":"noindex","follow":"nofollow"},"og_locale":"es_ES","og_type":"article","og_title":"Pol\u00edtica de privacidad","og_description":"Pol\u00edtica de privacidad grandascot.pl","og_url":"https:\/\/grandascot.pl\/es\/politica-de-privacidad\/","og_site_name":"Grand Ascot Hotel","article_publisher":"https:\/\/www.facebook.com\/grandascothotel\/","article_modified_time":"2024-03-12T17:41:37+00:00","twitter_card":"summary_large_image","twitter_site":"@GrandAscot","twitter_misc":{"Tiempo de lectura":"13 minuto"},"schema":{"@context":"https:\/\/schema.org","@graph":[{"@type":"WebPage","@id":"https:\/\/grandascot.pl\/es\/politica-de-privacidad\/","url":"https:\/\/grandascot.pl\/es\/politica-de-privacidad\/","name":"Pol\u00edtica de privacidad | Grand Ascot Hotel","isPartOf":{"@id":"https:\/\/grandascot.pl\/#website"},"datePublished":"2018-06-28T13:48:24+00:00","dateModified":"2024-03-12T17:41:37+00:00","description":"Pol\u00edtica de privacidad grandascot.pl","breadcrumb":{"@id":"https:\/\/grandascot.pl\/es\/politica-de-privacidad\/#breadcrumb"},"inLanguage":"es","potentialAction":[{"@type":"ReadAction","target":["https:\/\/grandascot.pl\/es\/politica-de-privacidad\/"]}]},{"@type":"BreadcrumbList","@id":"https:\/\/grandascot.pl\/es\/politica-de-privacidad\/#breadcrumb","itemListElement":[{"@type":"ListItem","position":1,"name":"Strona g\u0142\u00f3wna","item":"https:\/\/grandascot.pl\/es\/"},{"@type":"ListItem","position":2,"name":"Pol\u00edtica de privacidad"}]},{"@type":"WebSite","@id":"https:\/\/grandascot.pl\/#website","url":"https:\/\/grandascot.pl\/","name":"Grand Ascot Hotel","description":"Twoje miejsce w sercu Krakowa","publisher":{"@id":"https:\/\/grandascot.pl\/#organization"},"potentialAction":[{"@type":"SearchAction","target":{"@type":"EntryPoint","urlTemplate":"https:\/\/grandascot.pl\/?s={search_term_string}"},"query-input":{"@type":"PropertyValueSpecification","valueRequired":true,"valueName":"search_term_string"}}],"inLanguage":"es"},{"@type":"Organization","@id":"https:\/\/grandascot.pl\/#organization","name":"Grand Ascot Hotel","url":"https:\/\/grandascot.pl\/","logo":{"@type":"ImageObject","inLanguage":"es","@id":"https:\/\/grandascot.pl\/#\/schema\/logo\/image\/","url":"https:\/\/grandascot.pl\/wp-content\/uploads\/2017\/12\/Grand-Ascot-logo-04.jpg","contentUrl":"https:\/\/grandascot.pl\/wp-content\/uploads\/2017\/12\/Grand-Ascot-logo-04.jpg","width":1667,"height":1667,"caption":"Grand Ascot Hotel"},"image":{"@id":"https:\/\/grandascot.pl\/#\/schema\/logo\/image\/"},"sameAs":["https:\/\/www.facebook.com\/grandascothotel\/","https:\/\/x.com\/GrandAscot","https:\/\/www.instagram.com\/grandascot\/","https:\/\/www.linkedin.com\/in\/grandascothotel","https:\/\/www.youtube.com\/channel\/UCg9pe9yfqzzna8MahLl5PMQ\/"]}]}},"_links":{"self":[{"href":"https:\/\/grandascot.pl\/es\/wp-json\/wp\/v2\/pages\/1103","targetHints":{"allow":["GET"]}}],"collection":[{"href":"https:\/\/grandascot.pl\/es\/wp-json\/wp\/v2\/pages"}],"about":[{"href":"https:\/\/grandascot.pl\/es\/wp-json\/wp\/v2\/types\/page"}],"author":[{"embeddable":true,"href":"https:\/\/grandascot.pl\/es\/wp-json\/wp\/v2\/users\/2"}],"replies":[{"embeddable":true,"href":"https:\/\/grandascot.pl\/es\/wp-json\/wp\/v2\/comments?post=1103"}],"version-history":[{"count":9,"href":"https:\/\/grandascot.pl\/es\/wp-json\/wp\/v2\/pages\/1103\/revisions"}],"predecessor-version":[{"id":6886,"href":"https:\/\/grandascot.pl\/es\/wp-json\/wp\/v2\/pages\/1103\/revisions\/6886"}],"wp:attachment":[{"href":"https:\/\/grandascot.pl\/es\/wp-json\/wp\/v2\/media?parent=1103"}],"curies":[{"name":"wp","href":"https:\/\/api.w.org\/{rel}","templated":true}]}}