{"id":231,"date":"2017-06-09T15:04:55","date_gmt":"2017-06-09T13:04:55","guid":{"rendered":"http:\/\/test.grandascot.pl\/?page_id=231"},"modified":"2025-10-31T14:50:05","modified_gmt":"2025-10-31T13:50:05","slug":"contact","status":"publish","type":"page","link":"https:\/\/grandascot.pl\/en\/contact\/","title":{"rendered":"Contact us &#8211; we&#8217;re here for you"},"content":{"rendered":"\t<div class=\"section article article--align-center section--default\">\n\t\t<div class=\"section__content\">\n<p class=\"supheading\">We are waiting for you<\/p>\n<h2 class=\"heading\">Contact us<\/h2>\n<p>We will answer your questions and help you choose the best possible option<br \/>\n<\/div>\n\t<\/div>\n\t\t<div class=\"contactform\">\n\t\t<div class=\"row contactform__row\">\n\t\t\t<div class=\"col contactform__col contactform__col--content\">\n\t\t\t\t<div class=\"contactform__content\">\n\t\t\t\t\t<div class=\"contactform__content-body\">\n\t\t\t\t\t\t<\/p>\n<h3 class=\"heading-h3\">Grand Ascot Hotel<\/h3>\n<p>ul. J\u00f3zefa Szujskiego 4<br \/>\n31-123 Krak\u00f3w<\/p>\n<h3 class=\"heading-h3\">Reception<\/h3>\n<p>Telephone: <a style=\"text-decoration: underline;\" href=\"tel:+48124467600\">+48 12 446 76 00<\/a><br \/>\nE-mail: <a style=\"text-decoration: underline;\" href=\"mailto:recepcja@grandascot.pl\">recepcja@grandascot.pl<\/a><\/p>\n<h3 class=\"heading-h3\">Reservations<\/h3>\n<p>Telephone: <a style=\"text-decoration: underline;\" href=\"tel:+48124467600\">+48 12 446 76 00<\/a><br \/>\nE-mail: <a style=\"text-decoration: underline;\" href=\"mailto:rezerwacja@grandascot.pl\">rezerwacja@grandascot.pl<\/a><\/p>\n<h3 class=\"heading-h3\">Marketing<\/h3>\n<p>Telephone: <a style=\"text-decoration: underline;\" href=\"tel:+48690158988\">+48 690\u00a0158\u00a0988<\/a><br \/>\nE-mail: <a style=\"text-decoration: underline;\" href=\"mailto:marketing@grandascot.pl\">marketing@grandascot.pl<\/a><\/p>\n<h3 class=\"heading-h3\">Conferences<\/h3>\n<p>Telephone: <a style=\"text-decoration: underline;\" href=\"tel:+48789397311\">+48 789\u00a0397\u00a0311<\/a><br \/>\nE-mail: <a style=\"text-decoration: underline;\" href=\"mailto:konferencje@grandascot.pl\">konferencje@grandascot.pl<\/a><\/p>\n<h3 class=\"heading-h3\">Bar and restaurant<\/h3>\n<p>Telephone: <a style=\"text-decoration: underline;\" href=\"tel:+48453257721\">+48 453 257 721<\/a><br \/>\nE-mail: <a style=\"text-decoration: underline;\" href=\"mailto:kontakt@restauracjafour.pl\">kontakt@restauracjafour.pl<\/a><br \/>\nManager: <a style=\"text-decoration: underline;\" href=\"tel:+48789317375\">+48 789 317\u00a0375<\/a><\/p>\n<h3 class=\"heading-h3\">Social media<\/h3>\n<p>\t<a class=\"link-icon\" rel=\"nofollow\" href=\"https:\/\/www.facebook.com\/grandascothotel\/\" target=\"_blank\">\n\t\t<svg viewBox=\"0 0 100 100\" class=\"icon icon-facebook\"><use xlink:href=\"https:\/\/grandascot.pl\/wp-content\/themes\/ascot\/assets\/images\/icons.svg#icon-facebook\"><\/use><\/svg>\t<\/a>\n\t\t<a class=\"link-icon\" rel=\"nofollow\" href=\"https:\/\/www.instagram.com\/grandascot\/\" target=\"_blank\">\n\t\t<svg viewBox=\"0 0 100 100\" class=\"icon icon-instagram\"><use xlink:href=\"https:\/\/grandascot.pl\/wp-content\/themes\/ascot\/assets\/images\/icons.svg#icon-instagram\"><\/use><\/svg>\t<\/a>\n\t\t<a class=\"link-icon\" rel=\"nofollow\" href=\"https:\/\/www.linkedin.com\/company\/grandascothotel\/\" target=\"_blank\">\n\t\t<svg viewBox=\"0 0 100 100\" class=\"icon icon-linkedin\"><use xlink:href=\"https:\/\/grandascot.pl\/wp-content\/themes\/ascot\/assets\/images\/icons.svg#icon-linkedin\"><\/use><\/svg>\t<\/a>\n\t<br \/>\n\t\t\t\t\t<\/div>\n\t\t\t\t<\/div>\n\t\t\t<\/div>\n\t\t\t<div class=\"col contactform__col contactform__col--form\">\n\t\t\t\t<div class=\"contactform__form\">\n\t\t\t\t\t\n<div class=\"wpcf7 no-js\" id=\"wpcf7-f342-o1\" lang=\"pl-PL\" dir=\"ltr\" data-wpcf7-id=\"342\">\n<div class=\"screen-reader-response\"><p role=\"status\" aria-live=\"polite\" aria-atomic=\"true\"><\/p> <ul><\/ul><\/div>\n<form action=\"\/en\/wp-json\/wp\/v2\/pages\/231#wpcf7-f342-o1\" method=\"post\" class=\"wpcf7-form init\" aria-label=\"Formularz kontaktowy\" novalidate=\"novalidate\" data-status=\"init\">\n<fieldset class=\"hidden-fields-container\"><input type=\"hidden\" name=\"_wpcf7\" value=\"342\" \/><input type=\"hidden\" name=\"_wpcf7_version\" value=\"6.1.5\" \/><input type=\"hidden\" name=\"_wpcf7_locale\" value=\"pl_PL\" \/><input type=\"hidden\" name=\"_wpcf7_unit_tag\" value=\"wpcf7-f342-o1\" \/><input type=\"hidden\" name=\"_wpcf7_container_post\" value=\"0\" \/><input type=\"hidden\" name=\"_wpcf7_posted_data_hash\" value=\"\" \/><input type=\"hidden\" name=\"_wpcf7_recaptcha_response\" value=\"\" \/>\n<\/fieldset>\n<p>\t<div class=\"grid row row--align-default\">\n\t\t\t<div class=\"col col-6\">\n\t\t<label> First and last name <span class=\"wpcf7-form-control-wrap\" data-name=\"your-name\"><input size=\"40\" maxlength=\"400\" class=\"wpcf7-form-control wpcf7-text wpcf7-validates-as-required\" aria-required=\"true\" aria-invalid=\"false\" value=\"\" type=\"text\" name=\"your-name\" \/><\/span> <\/label> \t<\/div>\n\t\t<div class=\"col col-6\">\n\t\t <label> Email address <span class=\"wpcf7-form-control-wrap\" data-name=\"your-email\"><input size=\"40\" maxlength=\"400\" class=\"wpcf7-form-control wpcf7-email wpcf7-validates-as-required wpcf7-text wpcf7-validates-as-email\" aria-required=\"true\" aria-invalid=\"false\" value=\"\" type=\"email\" name=\"your-email\" \/><\/span> <\/label> \t<\/div>\n\t\t<div class=\"col col-2\">\n\t\t <label> Prefix <span class=\"wpcf7-form-control-wrap\" data-name=\"form-prefix\"><select class=\"wpcf7-form-control wpcf7-select form-control\" id=\"form-prefix\" aria-invalid=\"false\" multiple=\"multiple\" name=\"form-prefix&#091;&#093;\"><option value=\"+48\">+48<\/option><option value=\"+1\">+1<\/option><option value=\"+7\">+7<\/option><option value=\"+20\">+20<\/option><option value=\"+27\">+27<\/option><option value=\"+30\">+30<\/option><option value=\"+31\">+31<\/option><option value=\"+32\">+32<\/option><option value=\"+33\">+33<\/option><option value=\"+34\">+34<\/option><option value=\"+36\">+36<\/option><option value=\"+39\">+39<\/option><option value=\"+40\">+40<\/option><option value=\"+41\">+41<\/option><option value=\"+43\">+43<\/option><option value=\"+44\">+44<\/option><option value=\"+45\">+45<\/option><option value=\"+46\">+46<\/option><option value=\"+47\">+47<\/option><option value=\"+48\">+48<\/option><option value=\"+49\">+49<\/option><option value=\"+51\">+51<\/option><option value=\"+52\">+52<\/option><option value=\"+53\">+53<\/option><option value=\"+54\">+54<\/option><option value=\"+55\">+55<\/option><option value=\"+56\">+56<\/option><option value=\"+57\">+57<\/option><option value=\"+58\">+58<\/option><option value=\"+60\">+60<\/option><option value=\"+61\">+61<\/option><option value=\"+62\">+62<\/option><option value=\"+63\">+63<\/option><option value=\"+64\">+64<\/option><option value=\"+65\">+65<\/option><option value=\"+66\">+66<\/option><option value=\"+81\">+81<\/option><option value=\"+82\">+82<\/option><option value=\"+84\">+84<\/option><option value=\"+86\">+86<\/option><option value=\"+90\">+90<\/option><option value=\"+91\">+91<\/option><option value=\"+92\">+92<\/option><option value=\"+93\">+93<\/option><option value=\"+94\">+94<\/option><option value=\"+95\">+95<\/option><option value=\"+98\">+98<\/option><option value=\"+211\">+211<\/option><option value=\"+212\">+212<\/option><option value=\"+213\">+213<\/option><option value=\"+216\">+216<\/option><option value=\"+218\">+218<\/option><option value=\"+220\">+220<\/option><option value=\"+221\">+221<\/option><option value=\"+223\">+223<\/option><option value=\"+224\">+224<\/option><option value=\"+225\">+225<\/option><option value=\"+227\">+227<\/option><option value=\"+231\">+231<\/option><option value=\"+232\">+232<\/option><option value=\"+233\">+233<\/option><option value=\"+234\">+234<\/option><option value=\"+235\">+235<\/option><option value=\"+236\">+236<\/option><option value=\"+237\">+237<\/option><option value=\"+240\">+240<\/option><option value=\"+242\">+242<\/option><option value=\"+243\">+243<\/option><option value=\"+244\">+244<\/option><option value=\"+250\">+250<\/option><option value=\"+251\">+251<\/option><option value=\"+252\">+252<\/option><option value=\"+254\">+254<\/option><option value=\"+255\">+255<\/option><option value=\"+256\">+256<\/option><option value=\"+258\">+258<\/option><option value=\"+260\">+260<\/option><option value=\"+261\">+261<\/option><option value=\"+263\">+263<\/option><option value=\"+264\">+264<\/option><option value=\"+265\">+265<\/option><option value=\"+266\">+266<\/option><option value=\"+267\">+267<\/option><option value=\"+291\">+291<\/option><option value=\"+297\">+297<\/option><option value=\"+299\">+299<\/option><option value=\"+350\">+350<\/option><option value=\"+351\">+351<\/option><option value=\"+352\">+352<\/option><option value=\"+353\">+353<\/option><option value=\"+354\">+354<\/option><option value=\"+355\">+355<\/option><option value=\"+356\">+356<\/option><option value=\"+357\">+357<\/option><option value=\"+358\">+358<\/option><option value=\"+359\">+359<\/option><option value=\"+370\">+370<\/option><option value=\"+371\">+371<\/option><option value=\"+372\">+372<\/option><option value=\"+373\">+373<\/option><option value=\"+374\">+374<\/option><option value=\"+375\">+375<\/option><option value=\"+376\">+376<\/option><option value=\"+377\">+377<\/option><option value=\"+378\">+378<\/option><option value=\"+380\">+380<\/option><option value=\"+381\">+381<\/option><option value=\"+382\">+382<\/option><option value=\"+383\">+383<\/option><option value=\"+385\">+385<\/option><option value=\"+386\">+386<\/option><option value=\"+387\">+387<\/option><option value=\"+389\">+389<\/option><option value=\"+420\">+420<\/option><option value=\"+421\">+421<\/option><option value=\"+423\">+423<\/option><option value=\"+500\">+500<\/option><option value=\"+502\">+502<\/option><option value=\"+503\">+503<\/option><option value=\"+504\">+504<\/option><option value=\"+505\">+505<\/option><option value=\"+506\">+506<\/option><option value=\"+507\">+507<\/option><option value=\"+509\">+509<\/option><option value=\"+591\">+591<\/option><option value=\"+592\">+592<\/option><option value=\"+593\">+593<\/option><option value=\"+594\">+594<\/option><option value=\"+595\">+595<\/option><option value=\"+596\">+596<\/option><option value=\"+598\">+598<\/option><option value=\"+675\">+675<\/option><option value=\"+679\">+679<\/option><option value=\"+689\">+689<\/option><option value=\"+850\">+850<\/option><option value=\"+852\">+852<\/option><option value=\"+853\">+853<\/option><option value=\"+855\">+855<\/option><option value=\"+856\">+856<\/option><option value=\"+880\">+880<\/option><option value=\"+886\">+886<\/option><option value=\"+960\">+960<\/option><option value=\"+961\">+961<\/option><option value=\"+962\">+962<\/option><option value=\"+963\">+963<\/option><option value=\"+964\">+964<\/option><option value=\"+965\">+965<\/option><option value=\"+966\">+966<\/option><option value=\"+967\">+967<\/option><option value=\"+968\">+968<\/option><option value=\"+970\">+970<\/option><option value=\"+971\">+971<\/option><option value=\"+972\">+972<\/option><option value=\"+973\">+973<\/option><option value=\"+974\">+974<\/option><option value=\"+976\">+976<\/option><option value=\"+977\">+977<\/option><option value=\"+992\">+992<\/option><option value=\"+993\">+993<\/option><option value=\"+994\">+994<\/option><option value=\"+995\">+995<\/option><option value=\"+996\">+996<\/option><option value=\"+998\">+998<\/option><option value=\"+1 242\">+1 242<\/option><option value=\"+1 246\">+1 246<\/option><option value=\"+1 284\">+1 284<\/option><option value=\"+1 340\">+1 340<\/option><option value=\"+1 345\">+1 345<\/option><option value=\"+1 441\">+1 441<\/option><option value=\"+1 473\">+1 473<\/option><option value=\"+1 787\">+1 787<\/option><option value=\"+1 809\">+1 809<\/option><option value=\"+1 876\">+1 876<\/option><option value=\"+255 24\">+255 24<\/option><option value=\"+39 06 698\">+39 06 698<\/option><option value=\"+44 28\">+44 28<\/option><option value=\"+599 3\">+599 3<\/option><option value=\"+599 9\">+599 9<\/option><option value=\"+7 6\">+7 6<\/option><option value=\"+7 840\">+7 840<\/option><option value=\"+995 34\">+995 34<\/option><\/select><\/span><\/label>\t<\/div>\n\t\t<div class=\"col col-4\">\n\t\t <label> Telephone number <span class=\"wpcf7-form-control-wrap\" data-name=\"your-phone\"><input size=\"40\" maxlength=\"400\" class=\"wpcf7-form-control wpcf7-tel wpcf7-text wpcf7-validates-as-tel\" id=\"form-telephone\" aria-invalid=\"false\" value=\"\" type=\"tel\" name=\"your-phone\" \/><\/span> <\/label> \t<\/div>\n\t\t<div class=\"col col-6\">\n\t\t <label> Subject: <span class=\"wpcf7-form-control-wrap\" data-name=\"your-subject\"><select class=\"wpcf7-form-control wpcf7-select wpcf7-validates-as-required\" aria-required=\"true\" aria-invalid=\"false\" name=\"your-subject\"><option value=\"\">&#8212;Prosz\u0119 wybra\u0107 opcj\u0119&#8212;<\/option><option value=\"Room inquiry\">Room inquiry<\/option><option value=\"Price inquiry\">Price inquiry<\/option><option value=\"Co-operation\">Co-operation<\/option><option value=\"Other\">Other<\/option><\/select><\/span><\/label> \t<\/div>\n\t\t<div class=\"col col-12\">\n\t\t <label> Message <span class=\"wpcf7-form-control-wrap\" data-name=\"your-message\"><textarea cols=\"40\" rows=\"10\" maxlength=\"2000\" class=\"wpcf7-form-control wpcf7-textarea wpcf7-validates-as-required\" aria-required=\"true\" aria-invalid=\"false\" name=\"your-message\"><\/textarea><\/span> <\/label> \t<\/div>\n\t\t<div class=\"col col-12\">\n\t\t\n \t<\/div>\n\t\t<div class=\"col col-12\">\n\t\t <input class=\"wpcf7-form-control wpcf7-submit has-spinner\" type=\"submit\" value=\"Send\" \/> \t<\/div>\n\t\t<\/div>\n\t\n<\/p><div class=\"wpcf7-response-output\" aria-hidden=\"true\"><\/div>\n<\/form>\n<\/div>\n\t\t\t\t<\/div>\n\t\t\t<\/div>\n\t\t<\/div>\n\n\t<\/div>\n\t<span id=\"mapa\"><\/span>\t<div class=\"map\">\n\t\t<div class=\"googlemap\" data-lat=\"50.064041\" data-lng=\"19.929767\"><\/div>\n\t\t<div class=\"map__overlay\"><\/div>\n\t<\/div>\n\t\t<div class=\"section article article--align-center section--default\">\n\t\t<div class=\"section__content\"><\/p>\n<p class=\"supheading\">Useful information<\/p>\n<h2 class=\"heading\">How to get here?<\/h2>\n\t<div class=\"grid row row--align-left\">\n\t\t<br \/>\n\t<div class=\"col col-6\">\n\t\t<\/p>\n<h3 class=\"heading-h2\">From the airport<\/h3>\n<p>Distance between John Paul II International Airport Krakow-Balice and the Grand Ascot Hotel \u2013 12 km<\/p>\n<p><b>By car<\/b> \u2013 about 20 minutes. The Grand Ascot Hotel offers transfer to and from the airport. If you would like to request transfer to or from the hotel, please select appropriate options during your booking process, or contact the reception desk in advance (tel: <a style=\"text-decoration: underline;\" href=\"tel:+48124467600\">+48 12 446 76 00<\/a> or email: <a style=\"text-decoration: underline;\" href=\"mailto:recepcja@grandascot.pl\" target=\"_self\" rel=\"noopener noreferrer\">recepcja@grandascot.pl<\/a>).<\/p>\n<p><b>By train<\/b>\u00a0\u2013 about 45 minutes. After getting to Krakow-Balice Lotnisko\/Airport railway station, get on the train of Koleje Ma\u0142opolskie Sp. z o.o. and get off at Krak\u00f3w G\u0142\u00f3wny\/Krakow Central Station. Next, go to the tram stop at Lubicz street (on the corner with Pawia street) and get on tram number 2, 4, or 24. After two stops, get off at Bagatela Theatre. From there you can easily walk to the hotel, heading towards Krupnicza street, and 250 metres later turn right to Szujskiego street.<\/p>\n<p>\t<\/div>\n\t\t<div class=\"col col-6\">\n\t\t<\/p>\n<h3 class=\"heading-h2\">From the railway (train) station<\/h3>\n<p>Distance between Krakow Central Station and the Grand Ascot Hotel \u2013 1.5 km<\/p>\n<p><b>By tram (streetcar)<\/b> \u2013 after leaving the station, go to the tram stop at Lubicz street (on the corner with Pawia street) and get on tram number 2, 4, or 24. After two stops, get off at Bagatela Theatre. From there you can easily walk to the hotel, heading towards Krupnicza street, and 250 metres later turn right to Szujskiego street.<\/p>\n<p><b>By taxi<\/b> &#8211; the taxi stand is located in the parking over the platforms (level 1). Transfer to the hotel by taxi takes about 10 minutes.<\/p>\n<p><b>On foot<\/b> &#8211; a walk to the hotel takes about 20 minutes. After leaving the station, go to the corner of Lubicz street and Pawia street, pass through the pedestrian tunnel and turn left. Walk along Planty until the crossing of Dunajewskiego and Karmelicka streets, cross it and walk towards Krupnicza street. About 250 metres later turn right to Szujskiego street.<br \/>\n\t<\/div>\n\t<br \/>\n\t<\/div>\n\t\n<p><\/div>\n\t<\/div>\n\t<\/p>\n","protected":false},"excerpt":{"rendered":"","protected":false},"author":1,"featured_media":0,"parent":0,"menu_order":0,"comment_status":"closed","ping_status":"closed","template":"","meta":{"_acf_changed":false,"footnotes":""},"class_list":["post-231","page","type-page","status-publish","hentry"],"acf":[],"yoast_head":"<!-- This site is optimized with the Yoast SEO Premium plugin v26.8 (Yoast SEO v27.3) - https:\/\/yoast.com\/product\/yoast-seo-premium-wordpress\/ -->\n<title>Contact us and get the best offer | Grand Ascot Hotel<\/title>\n<meta name=\"description\" content=\"Contact us and book directly to save on the optimal offer. Located in the center of Krakow, just 600 meters from the Main Market Square.\" \/>\n<meta name=\"robots\" content=\"index, follow, max-snippet:-1, max-image-preview:large, max-video-preview:-1\" \/>\n<link rel=\"canonical\" href=\"https:\/\/grandascot.pl\/en\/contact\/\" \/>\n<meta property=\"og:locale\" content=\"en_US\" \/>\n<meta property=\"og:type\" content=\"article\" \/>\n<meta property=\"og:title\" content=\"Grand Ascot Hotel \u2013 Contact us and book direct for the best deal\" \/>\n<meta property=\"og:description\" content=\"Contact us and book directly to save on the optimal offer. Located in the center of Krakow, just 600 meters from the Main Market Square.\" \/>\n<meta property=\"og:url\" content=\"https:\/\/grandascot.pl\/en\/contact\/\" \/>\n<meta property=\"og:site_name\" content=\"Grand Ascot Hotel\" \/>\n<meta property=\"article:publisher\" content=\"https:\/\/www.facebook.com\/grandascothotel\/\" \/>\n<meta property=\"article:modified_time\" content=\"2025-10-31T13:50:05+00:00\" \/>\n<meta property=\"og:image\" content=\"https:\/\/grandascot.pl\/wp-content\/uploads\/2017\/07\/PM_04705.jpg\" \/>\n<meta name=\"twitter:card\" content=\"summary_large_image\" \/>\n<meta name=\"twitter:title\" content=\"Grand Ascot Hotel \u2013 Contact us and book direct for the best deal\" \/>\n<meta name=\"twitter:site\" content=\"@GrandAscot\" \/>\n<meta name=\"twitter:label1\" content=\"Est. reading time\" \/>\n\t<meta name=\"twitter:data1\" content=\"3 minutes\" \/>\n<script type=\"application\/ld+json\" class=\"yoast-schema-graph\">{\"@context\":\"https:\\\/\\\/schema.org\",\"@graph\":[{\"@type\":\"WebPage\",\"@id\":\"https:\\\/\\\/grandascot.pl\\\/en\\\/contact\\\/\",\"url\":\"https:\\\/\\\/grandascot.pl\\\/en\\\/contact\\\/\",\"name\":\"Contact us and get the best offer | Grand Ascot Hotel\",\"isPartOf\":{\"@id\":\"https:\\\/\\\/grandascot.pl\\\/#website\"},\"datePublished\":\"2017-06-09T13:04:55+00:00\",\"dateModified\":\"2025-10-31T13:50:05+00:00\",\"description\":\"Contact us and book directly to save on the optimal offer. Located in the center of Krakow, just 600 meters from the Main Market Square.\",\"breadcrumb\":{\"@id\":\"https:\\\/\\\/grandascot.pl\\\/en\\\/contact\\\/#breadcrumb\"},\"inLanguage\":\"en-US\",\"potentialAction\":[{\"@type\":\"ReadAction\",\"target\":[\"https:\\\/\\\/grandascot.pl\\\/en\\\/contact\\\/\"]}]},{\"@type\":\"BreadcrumbList\",\"@id\":\"https:\\\/\\\/grandascot.pl\\\/en\\\/contact\\\/#breadcrumb\",\"itemListElement\":[{\"@type\":\"ListItem\",\"position\":1,\"name\":\"Strona g\u0142\u00f3wna\",\"item\":\"https:\\\/\\\/grandascot.pl\\\/en\\\/\"},{\"@type\":\"ListItem\",\"position\":2,\"name\":\"Contact us &#8211; we&#8217;re here for you\"}]},{\"@type\":\"WebSite\",\"@id\":\"https:\\\/\\\/grandascot.pl\\\/#website\",\"url\":\"https:\\\/\\\/grandascot.pl\\\/\",\"name\":\"Grand Ascot Hotel\",\"description\":\"Twoje miejsce w sercu Krakowa\",\"publisher\":{\"@id\":\"https:\\\/\\\/grandascot.pl\\\/#organization\"},\"potentialAction\":[{\"@type\":\"SearchAction\",\"target\":{\"@type\":\"EntryPoint\",\"urlTemplate\":\"https:\\\/\\\/grandascot.pl\\\/?s={search_term_string}\"},\"query-input\":{\"@type\":\"PropertyValueSpecification\",\"valueRequired\":true,\"valueName\":\"search_term_string\"}}],\"inLanguage\":\"en-US\"},{\"@type\":\"Organization\",\"@id\":\"https:\\\/\\\/grandascot.pl\\\/#organization\",\"name\":\"Grand Ascot Hotel\",\"url\":\"https:\\\/\\\/grandascot.pl\\\/\",\"logo\":{\"@type\":\"ImageObject\",\"inLanguage\":\"en-US\",\"@id\":\"https:\\\/\\\/grandascot.pl\\\/#\\\/schema\\\/logo\\\/image\\\/\",\"url\":\"https:\\\/\\\/grandascot.pl\\\/wp-content\\\/uploads\\\/2017\\\/12\\\/Grand-Ascot-logo-04.jpg\",\"contentUrl\":\"https:\\\/\\\/grandascot.pl\\\/wp-content\\\/uploads\\\/2017\\\/12\\\/Grand-Ascot-logo-04.jpg\",\"width\":1667,\"height\":1667,\"caption\":\"Grand Ascot Hotel\"},\"image\":{\"@id\":\"https:\\\/\\\/grandascot.pl\\\/#\\\/schema\\\/logo\\\/image\\\/\"},\"sameAs\":[\"https:\\\/\\\/www.facebook.com\\\/grandascothotel\\\/\",\"https:\\\/\\\/x.com\\\/GrandAscot\",\"https:\\\/\\\/www.instagram.com\\\/grandascot\\\/\",\"https:\\\/\\\/www.linkedin.com\\\/in\\\/grandascothotel\",\"https:\\\/\\\/www.youtube.com\\\/channel\\\/UCg9pe9yfqzzna8MahLl5PMQ\\\/\"]}]}<\/script>\n<!-- \/ Yoast SEO Premium plugin. -->","yoast_head_json":{"title":"Contact us and get the best offer | Grand Ascot Hotel","description":"Contact us and book directly to save on the optimal offer. Located in the center of Krakow, just 600 meters from the Main Market Square.","robots":{"index":"index","follow":"follow","max-snippet":"max-snippet:-1","max-image-preview":"max-image-preview:large","max-video-preview":"max-video-preview:-1"},"canonical":"https:\/\/grandascot.pl\/en\/contact\/","og_locale":"en_US","og_type":"article","og_title":"Grand Ascot Hotel \u2013 Contact us and book direct for the best deal","og_description":"Contact us and book directly to save on the optimal offer. Located in the center of Krakow, just 600 meters from the Main Market Square.","og_url":"https:\/\/grandascot.pl\/en\/contact\/","og_site_name":"Grand Ascot Hotel","article_publisher":"https:\/\/www.facebook.com\/grandascothotel\/","article_modified_time":"2025-10-31T13:50:05+00:00","og_image":[{"url":"https:\/\/grandascot.pl\/wp-content\/uploads\/2017\/07\/PM_04705.jpg","type":"","width":"","height":""}],"twitter_card":"summary_large_image","twitter_title":"Grand Ascot Hotel \u2013 Contact us and book direct for the best deal","twitter_site":"@GrandAscot","twitter_misc":{"Est. reading time":"3 minutes"},"schema":{"@context":"https:\/\/schema.org","@graph":[{"@type":"WebPage","@id":"https:\/\/grandascot.pl\/en\/contact\/","url":"https:\/\/grandascot.pl\/en\/contact\/","name":"Contact us and get the best offer | Grand Ascot Hotel","isPartOf":{"@id":"https:\/\/grandascot.pl\/#website"},"datePublished":"2017-06-09T13:04:55+00:00","dateModified":"2025-10-31T13:50:05+00:00","description":"Contact us and book directly to save on the optimal offer. Located in the center of Krakow, just 600 meters from the Main Market Square.","breadcrumb":{"@id":"https:\/\/grandascot.pl\/en\/contact\/#breadcrumb"},"inLanguage":"en-US","potentialAction":[{"@type":"ReadAction","target":["https:\/\/grandascot.pl\/en\/contact\/"]}]},{"@type":"BreadcrumbList","@id":"https:\/\/grandascot.pl\/en\/contact\/#breadcrumb","itemListElement":[{"@type":"ListItem","position":1,"name":"Strona g\u0142\u00f3wna","item":"https:\/\/grandascot.pl\/en\/"},{"@type":"ListItem","position":2,"name":"Contact us &#8211; we&#8217;re here for you"}]},{"@type":"WebSite","@id":"https:\/\/grandascot.pl\/#website","url":"https:\/\/grandascot.pl\/","name":"Grand Ascot Hotel","description":"Twoje miejsce w sercu Krakowa","publisher":{"@id":"https:\/\/grandascot.pl\/#organization"},"potentialAction":[{"@type":"SearchAction","target":{"@type":"EntryPoint","urlTemplate":"https:\/\/grandascot.pl\/?s={search_term_string}"},"query-input":{"@type":"PropertyValueSpecification","valueRequired":true,"valueName":"search_term_string"}}],"inLanguage":"en-US"},{"@type":"Organization","@id":"https:\/\/grandascot.pl\/#organization","name":"Grand Ascot Hotel","url":"https:\/\/grandascot.pl\/","logo":{"@type":"ImageObject","inLanguage":"en-US","@id":"https:\/\/grandascot.pl\/#\/schema\/logo\/image\/","url":"https:\/\/grandascot.pl\/wp-content\/uploads\/2017\/12\/Grand-Ascot-logo-04.jpg","contentUrl":"https:\/\/grandascot.pl\/wp-content\/uploads\/2017\/12\/Grand-Ascot-logo-04.jpg","width":1667,"height":1667,"caption":"Grand Ascot Hotel"},"image":{"@id":"https:\/\/grandascot.pl\/#\/schema\/logo\/image\/"},"sameAs":["https:\/\/www.facebook.com\/grandascothotel\/","https:\/\/x.com\/GrandAscot","https:\/\/www.instagram.com\/grandascot\/","https:\/\/www.linkedin.com\/in\/grandascothotel","https:\/\/www.youtube.com\/channel\/UCg9pe9yfqzzna8MahLl5PMQ\/"]}]}},"_links":{"self":[{"href":"https:\/\/grandascot.pl\/en\/wp-json\/wp\/v2\/pages\/231","targetHints":{"allow":["GET"]}}],"collection":[{"href":"https:\/\/grandascot.pl\/en\/wp-json\/wp\/v2\/pages"}],"about":[{"href":"https:\/\/grandascot.pl\/en\/wp-json\/wp\/v2\/types\/page"}],"author":[{"embeddable":true,"href":"https:\/\/grandascot.pl\/en\/wp-json\/wp\/v2\/users\/1"}],"replies":[{"embeddable":true,"href":"https:\/\/grandascot.pl\/en\/wp-json\/wp\/v2\/comments?post=231"}],"version-history":[{"count":50,"href":"https:\/\/grandascot.pl\/en\/wp-json\/wp\/v2\/pages\/231\/revisions"}],"predecessor-version":[{"id":8564,"href":"https:\/\/grandascot.pl\/en\/wp-json\/wp\/v2\/pages\/231\/revisions\/8564"}],"wp:attachment":[{"href":"https:\/\/grandascot.pl\/en\/wp-json\/wp\/v2\/media?parent=231"}],"curies":[{"name":"wp","href":"https:\/\/api.w.org\/{rel}","templated":true}]}}