{"id":545,"date":"2017-07-17T03:31:29","date_gmt":"2017-07-17T01:31:29","guid":{"rendered":"http:\/\/test.grandascot.pl\/?page_id=545"},"modified":"2022-03-17T22:01:52","modified_gmt":"2022-03-17T21:01:52","slug":"uber-das-hotel","status":"publish","type":"page","link":"https:\/\/grandascot.pl\/de\/uber-das-hotel\/","title":{"rendered":"\u00dcber das Hotel"},"content":{"rendered":"\t<div class=\"section article article--align-center section--default\">\n\t\t<div class=\"section__content\"><\/p>\n<p class=\"supheading\">Grand Ascot steht f\u00fcr Prestige<\/p>\n<h2 class=\"heading\">Ihr Platz im Herzen Krakaus<\/h2>\n<p>Bei der Wahl des Hotels Grand Ascot k\u00f6nnen Sie immer mit einer herrlichen Atmosph\u00e4re und einer freundlichen Bedienung rechnen. Sie werden in einem modernen, eleganten Hotel mit dem h\u00f6chsten Standard untergebracht, wo der Komfort und das Wohlbefinden der G\u00e4ste die oberste Priorit\u00e4t haben. Unser Hotel ist an einem stillen und bezaubernden G\u00e4sschen direkt im Herzen Krakaus gelegen. Dadurch befinden Sie sich immer im Zentrum des Geschehens und der L\u00e4rm der pulsierenden Stadt wird Ihre Erholung nicht st\u00f6ren.<br \/>\nG\u00e4sten, die mit einem Auto anreisen, bieten wir die M\u00f6glichkeit an, eine geb\u00fchrenpflichtige Tiefgarage in Anspruch zu nehmen.<\/p>\n<p><\/div>\n\t<\/div>\n\t\n    <div class=\"side-image side-image--side-left side-image--color-default\">\n        <div class=\"side-image__content\">\n            <div class=\"row side-image__row\">\n                <div class=\"col side-image__col side-image__col--content\">\n\t\t\t\t\t<\/p>\n<p class=\"supheading\">Wir garantieren<\/p>\n<h2 class=\"heading\">den h\u00f6chsten Standard<\/h2>\n<p>Das Hotel Grand Ascot ist eine Boutique-Anlage mit h\u00f6chstem Standard. Die Kombination eines historischen, modernisierten Hauses mit einem neuen Geb\u00e4ude verbindet Eleganz mit Modernit\u00e4t. Geschmackvoll arrangierte Innenr\u00e4ume und bequeme Zimmer sorgen f\u00fcr eine komfortable Erholung. In ihrer Freizeit k\u00f6nnen sich G\u00e4ste in unserer Sauna oder auch in unserem vorbildlich ausgestatteten Fitnessraum entspannen.<br \/>\n                <\/div>\n                <div class=\"col side-image__col side-image__col--image\">\n\t\t\t\t\t                        <img decoding=\"async\" data-src=\"https:\/\/grandascot.pl\/wp-content\/uploads\/2019\/04\/GrandAscot_09195.jpg\" alt=\"Grand Ascot Hotel - ein Boutique-Hotel im Zentrum von Krakau\" height=\"420\" width=\"auto\" src=\"data:image\/svg+xml;base64,PHN2ZyB3aWR0aD0iMSIgaGVpZ2h0PSIxIiB4bWxucz0iaHR0cDovL3d3dy53My5vcmcvMjAwMC9zdmciPjwvc3ZnPg==\" class=\"lazyload\" style=\"--smush-placeholder-width: 1382px; --smush-placeholder-aspect-ratio: 1382\/922;\" \/>\n\t\t\t\t\t\n                <\/div>\n            <\/div>\n        <\/div>\n    <\/div>\n\t\n    <div class=\"side-image side-image--side-right side-image--color-white\">\n        <div class=\"side-image__content\">\n            <div class=\"row side-image__row\">\n                <div class=\"col side-image__col side-image__col--content\">\n\t\t\t\t\t<\/p>\n<p class=\"supheading\">Einmalige<\/p>\n<h2 class=\"heading\">Lage<\/h2>\n<p>Das Hotel Grand Ascot ist an einer stillen und bezaubernden Gasse im Herzen des historischen Zentrums von Krakau gelegen. Unsere optimale Lage l\u00e4sst die G\u00e4ste Zeit sparen und ihre Treffen im Freundeskreis viel geschickter organisieren. Die gr\u00f6\u00dften touristischen Sehensw\u00fcrdigkeiten wie der Krakauer Marktplatz (Rynek G\u0142\u00f3wny), die Tuchhallen (Sukiennice) oder das K\u00f6nigsschloss Wawel befinden sich in unmittelbarer N\u00e4he und die Magie der Altstadt und die einmalige Atmosph\u00e4re Krakaus kann man gleich nach dem Verlassen des Hotels sp\u00fcren.<\/p>\n<p class=\"extra\">Krakauer Marktplatz (Rynek G\u0142\u00f3wny) &#8211;\u00a0<strong>600 m<\/strong><br \/>\nK\u00f6nigsschloss Wawel &#8211;\u00a0<strong>1.3 km<\/strong><br \/>\nHauptbahnhof (Dworzec G\u0142\u00f3wny) &#8211;\u00a0<strong>1.5 km<\/strong><\/p>\n<p><a class=\"more\" href=\"https:\/\/grandascot.pl\/de\/kontakt\/#mapa\">Karte sehen<\/a><br \/>\n                <\/div>\n                <div class=\"col side-image__col side-image__col--image\">\n\t\t\t\t\t                        <img decoding=\"async\" data-src=\"https:\/\/grandascot.pl\/wp-content\/uploads\/2019\/04\/GrandAscot_04705.jpg\" alt=\"Grand Ascot Hotel - ein Boutique-Hotel im Zentrum von Krakau\" height=\"420\" width=\"auto\" src=\"data:image\/svg+xml;base64,PHN2ZyB3aWR0aD0iMSIgaGVpZ2h0PSIxIiB4bWxucz0iaHR0cDovL3d3dy53My5vcmcvMjAwMC9zdmciPjwvc3ZnPg==\" class=\"lazyload\" style=\"--smush-placeholder-width: 1382px; --smush-placeholder-aspect-ratio: 1382\/922;\" \/>\n\t\t\t\t\t\n                <\/div>\n            <\/div>\n        <\/div>\n    <\/div>\n\t\n    <div class=\"side-image side-image--side-left side-image--color-default\">\n        <div class=\"side-image__content\">\n            <div class=\"row side-image__row\">\n                <div class=\"col side-image__col side-image__col--content\">\n\t\t\t\t\t<\/p>\n<p class=\"supheading\">Hotel Grand Ascot steht f\u00fcr&#8230;<\/p>\n<h2 class=\"heading\">die beste Bedienung<\/h2>\n<p>Die Belegschaft des Hotels Grand Ascot gibt sich alle M\u00fche, damit sich der Gast au\u00dfergew\u00f6hnlich f\u00fchlt und der Aufenthalt im unseren Hotel keine seiner W\u00fcnsche offenl\u00e4sst. Wir sorgen f\u00fcr Komfort unserer G\u00e4ste, gepflegte Zimmer und schmackhafte Mahlzeiten. Gerne helfen wir unseren G\u00e4sten ihre Freizeit in Krakau und der Umgebung so zu organisieren, dass sie auf keine der zahlreichen Attraktionen verzichten m\u00fcssen \u2013 wir organisieren Ausfl\u00fcge und Eintrittskarten zu den meistbesuchten Sehensw\u00fcrdigkeiten. Wir beraten Sie gerne dar\u00fcber, was sehenswert ist und wo ein freier Abend angenehm verbracht werden kann.<br \/>\n                <\/div>\n                <div class=\"col side-image__col side-image__col--image\">\n\t\t\t\t\t                        <img decoding=\"async\" data-src=\"https:\/\/grandascot.pl\/wp-content\/uploads\/2019\/04\/GrandAscot_05878.jpg\" alt=\"Grand Ascot Hotel - ein Boutique-Hotel im Zentrum von Krakau\" height=\"420\" width=\"auto\" src=\"data:image\/svg+xml;base64,PHN2ZyB3aWR0aD0iMSIgaGVpZ2h0PSIxIiB4bWxucz0iaHR0cDovL3d3dy53My5vcmcvMjAwMC9zdmciPjwvc3ZnPg==\" class=\"lazyload\" style=\"--smush-placeholder-width: 1382px; --smush-placeholder-aspect-ratio: 1382\/922;\" \/>\n\t\t\t\t\t\n                <\/div>\n            <\/div>\n        <\/div>\n    <\/div>\n\t\n\t<div class=\"testimonials\">\n\t\t<div class=\"testimonials__slider owl-carousel\">\n\t\t\t\t<div class=\"testimonial\">\n\t\t<div class=\"testimonial__content\">\n\t\t\tWunderbares Hotel!\t\t<\/div>\n\t\t<div class=\"testimonial__author\">\n\t\t\t- Verena aus der Schweiz, via Booking.com\t\t<\/div>\n\t<\/div>\n\t\t<div class=\"testimonial\">\n\t\t<div class=\"testimonial__content\">\n\t\t\tAbsolut sch\u00f6nes Hotel, das Personal und das Ambiente sind erstklassig.\t\t<\/div>\n\t\t<div class=\"testimonial__author\">\n\t\t\t- DanDan9477 aus Gro\u00dfbritannien, via Tripadvisor\t\t<\/div>\n\t<\/div>\n\t\t<div class=\"testimonial\">\n\t\t<div class=\"testimonial__content\">\n\t\t\tDie Lage des Hotels ist sehr zentral, direkt in der Altstadt. Trotzdem ist es ruhig.\t\t<\/div>\n\t\t<div class=\"testimonial__author\">\n\t\t\t- Caspar aus Deutschland, via Booking.com\t\t<\/div>\n\t<\/div>\n\t\t<div class=\"testimonial\">\n\t\t<div class=\"testimonial__content\">\n\t\t\tWundersch\u00f6ne Zimmer in einer super Lage.\t\t<\/div>\n\t\t<div class=\"testimonial__author\">\n\t\t\t- Elisabeth aus Deutschland, via Booking.com\t\t<\/div>\n\t<\/div>\n\t\t<div class=\"testimonial\">\n\t\t<div class=\"testimonial__content\">\n\t\t\tModerne Geb\u00e4ude, gutes Fr\u00fchst\u00fcck, freundliches Servicepersonal, 5 Minuten vom Marktplatz.\t\t<\/div>\n\t\t<div class=\"testimonial__author\">\n\t\t\t- Antonino aus Italien, via Booking.com\t\t<\/div>\n\t<\/div>\n\t\t<div class=\"testimonial\">\n\t\t<div class=\"testimonial__content\">\n\t\t\tSehr freundliches Personal (&#8230;) Werden auf jeden Fall wieder hier \u00fcbernachten in Krakau!\t\t<\/div>\n\t\t<div class=\"testimonial__author\">\n\t\t\t- Iiiida90 aus Norwegen, via Tripadvisor\t\t<\/div>\n\t<\/div>\n\t\t\t<\/div>\n\t<\/div>\n\t\n    <div class=\"slide-gallery\">\n        <h2 class=\"slide-gallery__title\">Galerie<\/h2>\n        <ul class=\"slide-gallery__list owl-carousel\">\n\t\t\t                <li class=\"slide-gallery__item\">\n                    <img decoding=\"async\" data-src=\"https:\/\/grandascot.pl\/wp-content\/uploads\/2019\/04\/GrandAscot_04708.jpg\"\n                         alt=\"Fasada budynku hotelu Grand Ascot w Krakowie\"\n                         width=\"1382\" height=\"922\" src=\"data:image\/svg+xml;base64,PHN2ZyB3aWR0aD0iMSIgaGVpZ2h0PSIxIiB4bWxucz0iaHR0cDovL3d3dy53My5vcmcvMjAwMC9zdmciPjwvc3ZnPg==\" class=\"lazyload\" style=\"--smush-placeholder-width: 1382px; --smush-placeholder-aspect-ratio: 1382\/922;\">\n                <\/li>\n\t\t\t                <li class=\"slide-gallery__item\">\n                    <img decoding=\"async\" data-src=\"https:\/\/grandascot.pl\/wp-content\/uploads\/2022\/03\/Restauracja-Four-sala.jpg\"\n                         alt=\"Sala Four inny widok\"\n                         width=\"1376\" height=\"917\" src=\"data:image\/svg+xml;base64,PHN2ZyB3aWR0aD0iMSIgaGVpZ2h0PSIxIiB4bWxucz0iaHR0cDovL3d3dy53My5vcmcvMjAwMC9zdmciPjwvc3ZnPg==\" class=\"lazyload\" style=\"--smush-placeholder-width: 1376px; --smush-placeholder-aspect-ratio: 1376\/917;\">\n                <\/li>\n\t\t\t                <li class=\"slide-gallery__item\">\n                    <img decoding=\"async\" data-src=\"https:\/\/grandascot.pl\/wp-content\/uploads\/2022\/03\/GrandAscot-sniadania-bufet.jpg\"\n                         alt=\"Dania na \u015bniadanie\"\n                         width=\"1376\" height=\"917\" src=\"data:image\/svg+xml;base64,PHN2ZyB3aWR0aD0iMSIgaGVpZ2h0PSIxIiB4bWxucz0iaHR0cDovL3d3dy53My5vcmcvMjAwMC9zdmciPjwvc3ZnPg==\" class=\"lazyload\" style=\"--smush-placeholder-width: 1376px; --smush-placeholder-aspect-ratio: 1376\/917;\">\n                <\/li>\n\t\t\t                <li class=\"slide-gallery__item\">\n                    <img decoding=\"async\" data-src=\"https:\/\/grandascot.pl\/wp-content\/uploads\/2022\/03\/RestauracjaFour-danie4.jpg\"\n                         alt=\"Danie w Four\"\n                         width=\"1376\" height=\"917\" src=\"data:image\/svg+xml;base64,PHN2ZyB3aWR0aD0iMSIgaGVpZ2h0PSIxIiB4bWxucz0iaHR0cDovL3d3dy53My5vcmcvMjAwMC9zdmciPjwvc3ZnPg==\" class=\"lazyload\" style=\"--smush-placeholder-width: 1376px; --smush-placeholder-aspect-ratio: 1376\/917;\">\n                <\/li>\n\t\t\t                <li class=\"slide-gallery__item\">\n                    <img decoding=\"async\" data-src=\"https:\/\/grandascot.pl\/wp-content\/uploads\/2022\/03\/GrandAscot-Wine-Bar.jpg\"\n                         alt=\"Wine & Spirits Bar\"\n                         width=\"1376\" height=\"917\" src=\"data:image\/svg+xml;base64,PHN2ZyB3aWR0aD0iMSIgaGVpZ2h0PSIxIiB4bWxucz0iaHR0cDovL3d3dy53My5vcmcvMjAwMC9zdmciPjwvc3ZnPg==\" class=\"lazyload\" style=\"--smush-placeholder-width: 1376px; --smush-placeholder-aspect-ratio: 1376\/917;\">\n                <\/li>\n\t\t\t                <li class=\"slide-gallery__item\">\n                    <img decoding=\"async\" data-src=\"https:\/\/grandascot.pl\/wp-content\/uploads\/2019\/04\/GrandAscot_02513.jpg\"\n                         alt=\"Strefa fitness w hotelu Grand Ascot w Krakowie\"\n                         width=\"1382\" height=\"922\" src=\"data:image\/svg+xml;base64,PHN2ZyB3aWR0aD0iMSIgaGVpZ2h0PSIxIiB4bWxucz0iaHR0cDovL3d3dy53My5vcmcvMjAwMC9zdmciPjwvc3ZnPg==\" class=\"lazyload\" style=\"--smush-placeholder-width: 1382px; --smush-placeholder-aspect-ratio: 1382\/922;\">\n                <\/li>\n\t\t\t                <li class=\"slide-gallery__item\">\n                    <img decoding=\"async\" data-src=\"https:\/\/grandascot.pl\/wp-content\/uploads\/2019\/04\/GrandAscot_08997.jpg\"\n                         alt=\"Sala konferencyjna w hotelu Grand Ascot\"\n                         width=\"1376\" height=\"918\" src=\"data:image\/svg+xml;base64,PHN2ZyB3aWR0aD0iMSIgaGVpZ2h0PSIxIiB4bWxucz0iaHR0cDovL3d3dy53My5vcmcvMjAwMC9zdmciPjwvc3ZnPg==\" class=\"lazyload\" style=\"--smush-placeholder-width: 1376px; --smush-placeholder-aspect-ratio: 1376\/918;\">\n                <\/li>\n\t\t\t                <li class=\"slide-gallery__item\">\n                    <img decoding=\"async\" data-src=\"https:\/\/grandascot.pl\/wp-content\/uploads\/2019\/04\/GrandAscot_04914.jpg\"\n                         alt=\"Luksusowy pok\u00f3j hotelowy z tarasem w centrum Krakowa - hotel klasy premium Grand Ascot w Krakowie\"\n                         width=\"1382\" height=\"922\" src=\"data:image\/svg+xml;base64,PHN2ZyB3aWR0aD0iMSIgaGVpZ2h0PSIxIiB4bWxucz0iaHR0cDovL3d3dy53My5vcmcvMjAwMC9zdmciPjwvc3ZnPg==\" class=\"lazyload\" style=\"--smush-placeholder-width: 1382px; --smush-placeholder-aspect-ratio: 1382\/922;\">\n                <\/li>\n\t\t\t                <li class=\"slide-gallery__item\">\n                    <img decoding=\"async\" data-src=\"https:\/\/grandascot.pl\/wp-content\/uploads\/2019\/04\/GrandAscot_04683.jpg\"\n                         alt=\"Ogr\u00f3dek w Restauracji Four w Krakowie\"\n                         width=\"1366\" height=\"910\" src=\"data:image\/svg+xml;base64,PHN2ZyB3aWR0aD0iMSIgaGVpZ2h0PSIxIiB4bWxucz0iaHR0cDovL3d3dy53My5vcmcvMjAwMC9zdmciPjwvc3ZnPg==\" class=\"lazyload\" style=\"--smush-placeholder-width: 1366px; --smush-placeholder-aspect-ratio: 1366\/910;\">\n                <\/li>\n\t\t\t        <\/ul>\n\n\t\t            <div class=\"slide-gallery__more\">\n                <a href=\"https:\/\/grandascot.pl\/de\/galerie\" class=\"more\">Mehr Fotos ansehen<\/a>\n            <\/div>\n\t\t    <\/div>\n\t\n","protected":false},"excerpt":{"rendered":"","protected":false},"author":1,"featured_media":0,"parent":0,"menu_order":0,"comment_status":"closed","ping_status":"closed","template":"","meta":{"_acf_changed":false,"footnotes":""},"class_list":["post-545","page","type-page","status-publish","hentry"],"acf":[],"yoast_head":"<!-- This site is optimized with the Yoast SEO Premium plugin v26.8 (Yoast SEO v27.4) - https:\/\/yoast.com\/product\/yoast-seo-premium-wordpress\/ -->\n<title>Ein Boutique-Hotel im Zentrum von Krakau | Grand Ascot Hotel<\/title>\n<meta name=\"description\" content=\"Ein Boutique-Hotel im Zentrum von Krakau. Bei Grand Ascot k\u00f6nnen Sie immer auf eine tolle Atmosph\u00e4re und freundlichen Service z\u00e4hlen. In diesem modernen, eleganten Hotel steht der Komfort und das Wohlbefinden der G\u00e4ste an erster Stelle.\" \/>\n<meta name=\"robots\" content=\"index, follow, max-snippet:-1, max-image-preview:large, max-video-preview:-1\" \/>\n<link rel=\"canonical\" href=\"https:\/\/grandascot.pl\/de\/uber-das-hotel\/\" \/>\n<meta property=\"og:locale\" content=\"de_DE\" \/>\n<meta property=\"og:type\" content=\"article\" \/>\n<meta property=\"og:title\" content=\"Grand Ascot Hotel - ein Boutique-Hotel im Zentrum von Krakau\" \/>\n<meta property=\"og:description\" content=\"Ein Boutique-Hotel im Zentrum von Krakau. Bei Grand Ascot k\u00f6nnen Sie immer auf eine tolle Atmosph\u00e4re und freundlichen Service z\u00e4hlen. In diesem modernen, eleganten Hotel steht der Komfort und das Wohlbefinden der G\u00e4ste an erster Stelle.\" \/>\n<meta property=\"og:url\" content=\"https:\/\/grandascot.pl\/de\/uber-das-hotel\/\" \/>\n<meta property=\"og:site_name\" content=\"Grand Ascot Hotel\" \/>\n<meta property=\"article:publisher\" content=\"https:\/\/www.facebook.com\/grandascothotel\/\" \/>\n<meta property=\"article:modified_time\" content=\"2022-03-17T21:01:52+00:00\" \/>\n<meta property=\"og:image\" content=\"https:\/\/grandascot.pl\/wp-content\/uploads\/2017\/07\/PM_05878.jpg\" \/>\n<meta name=\"twitter:card\" content=\"summary_large_image\" \/>\n<meta name=\"twitter:title\" content=\"Grand Ascot Hotel - ein Boutique-Hotel im Zentrum von Krakau\" \/>\n<meta name=\"twitter:site\" content=\"@GrandAscot\" \/>\n<meta name=\"twitter:label1\" content=\"Gesch\u00e4tzte Lesezeit\" \/>\n\t<meta name=\"twitter:data1\" content=\"3\u00a0Minute\" \/>\n<script type=\"application\/ld+json\" class=\"yoast-schema-graph\">{\"@context\":\"https:\\\/\\\/schema.org\",\"@graph\":[{\"@type\":\"WebPage\",\"@id\":\"https:\\\/\\\/grandascot.pl\\\/de\\\/uber-das-hotel\\\/\",\"url\":\"https:\\\/\\\/grandascot.pl\\\/de\\\/uber-das-hotel\\\/\",\"name\":\"Ein Boutique-Hotel im Zentrum von Krakau | Grand Ascot Hotel\",\"isPartOf\":{\"@id\":\"https:\\\/\\\/grandascot.pl\\\/#website\"},\"datePublished\":\"2017-07-17T01:31:29+00:00\",\"dateModified\":\"2022-03-17T21:01:52+00:00\",\"description\":\"Ein Boutique-Hotel im Zentrum von Krakau. Bei Grand Ascot k\u00f6nnen Sie immer auf eine tolle Atmosph\u00e4re und freundlichen Service z\u00e4hlen. In diesem modernen, eleganten Hotel steht der Komfort und das Wohlbefinden der G\u00e4ste an erster Stelle.\",\"breadcrumb\":{\"@id\":\"https:\\\/\\\/grandascot.pl\\\/de\\\/uber-das-hotel\\\/#breadcrumb\"},\"inLanguage\":\"de\",\"potentialAction\":[{\"@type\":\"ReadAction\",\"target\":[\"https:\\\/\\\/grandascot.pl\\\/de\\\/uber-das-hotel\\\/\"]}]},{\"@type\":\"BreadcrumbList\",\"@id\":\"https:\\\/\\\/grandascot.pl\\\/de\\\/uber-das-hotel\\\/#breadcrumb\",\"itemListElement\":[{\"@type\":\"ListItem\",\"position\":1,\"name\":\"Strona g\u0142\u00f3wna\",\"item\":\"https:\\\/\\\/grandascot.pl\\\/de\\\/\"},{\"@type\":\"ListItem\",\"position\":2,\"name\":\"\u00dcber das Hotel\"}]},{\"@type\":\"WebSite\",\"@id\":\"https:\\\/\\\/grandascot.pl\\\/#website\",\"url\":\"https:\\\/\\\/grandascot.pl\\\/\",\"name\":\"Grand Ascot Hotel\",\"description\":\"Twoje miejsce w sercu Krakowa\",\"publisher\":{\"@id\":\"https:\\\/\\\/grandascot.pl\\\/#organization\"},\"potentialAction\":[{\"@type\":\"SearchAction\",\"target\":{\"@type\":\"EntryPoint\",\"urlTemplate\":\"https:\\\/\\\/grandascot.pl\\\/?s={search_term_string}\"},\"query-input\":{\"@type\":\"PropertyValueSpecification\",\"valueRequired\":true,\"valueName\":\"search_term_string\"}}],\"inLanguage\":\"de\"},{\"@type\":\"Organization\",\"@id\":\"https:\\\/\\\/grandascot.pl\\\/#organization\",\"name\":\"Grand Ascot Hotel\",\"url\":\"https:\\\/\\\/grandascot.pl\\\/\",\"logo\":{\"@type\":\"ImageObject\",\"inLanguage\":\"de\",\"@id\":\"https:\\\/\\\/grandascot.pl\\\/#\\\/schema\\\/logo\\\/image\\\/\",\"url\":\"https:\\\/\\\/grandascot.pl\\\/wp-content\\\/uploads\\\/2017\\\/12\\\/Grand-Ascot-logo-04.jpg\",\"contentUrl\":\"https:\\\/\\\/grandascot.pl\\\/wp-content\\\/uploads\\\/2017\\\/12\\\/Grand-Ascot-logo-04.jpg\",\"width\":1667,\"height\":1667,\"caption\":\"Grand Ascot Hotel\"},\"image\":{\"@id\":\"https:\\\/\\\/grandascot.pl\\\/#\\\/schema\\\/logo\\\/image\\\/\"},\"sameAs\":[\"https:\\\/\\\/www.facebook.com\\\/grandascothotel\\\/\",\"https:\\\/\\\/x.com\\\/GrandAscot\",\"https:\\\/\\\/www.instagram.com\\\/grandascot\\\/\",\"https:\\\/\\\/www.linkedin.com\\\/in\\\/grandascothotel\",\"https:\\\/\\\/www.youtube.com\\\/channel\\\/UCg9pe9yfqzzna8MahLl5PMQ\\\/\"]}]}<\/script>\n<!-- \/ Yoast SEO Premium plugin. -->","yoast_head_json":{"title":"Ein Boutique-Hotel im Zentrum von Krakau | Grand Ascot Hotel","description":"Ein Boutique-Hotel im Zentrum von Krakau. Bei Grand Ascot k\u00f6nnen Sie immer auf eine tolle Atmosph\u00e4re und freundlichen Service z\u00e4hlen. In diesem modernen, eleganten Hotel steht der Komfort und das Wohlbefinden der G\u00e4ste an erster Stelle.","robots":{"index":"index","follow":"follow","max-snippet":"max-snippet:-1","max-image-preview":"max-image-preview:large","max-video-preview":"max-video-preview:-1"},"canonical":"https:\/\/grandascot.pl\/de\/uber-das-hotel\/","og_locale":"de_DE","og_type":"article","og_title":"Grand Ascot Hotel - ein Boutique-Hotel im Zentrum von Krakau","og_description":"Ein Boutique-Hotel im Zentrum von Krakau. Bei Grand Ascot k\u00f6nnen Sie immer auf eine tolle Atmosph\u00e4re und freundlichen Service z\u00e4hlen. In diesem modernen, eleganten Hotel steht der Komfort und das Wohlbefinden der G\u00e4ste an erster Stelle.","og_url":"https:\/\/grandascot.pl\/de\/uber-das-hotel\/","og_site_name":"Grand Ascot Hotel","article_publisher":"https:\/\/www.facebook.com\/grandascothotel\/","article_modified_time":"2022-03-17T21:01:52+00:00","og_image":[{"url":"https:\/\/grandascot.pl\/wp-content\/uploads\/2017\/07\/PM_05878.jpg","type":"","width":"","height":""}],"twitter_card":"summary_large_image","twitter_title":"Grand Ascot Hotel - ein Boutique-Hotel im Zentrum von Krakau","twitter_site":"@GrandAscot","twitter_misc":{"Gesch\u00e4tzte Lesezeit":"3\u00a0Minute"},"schema":{"@context":"https:\/\/schema.org","@graph":[{"@type":"WebPage","@id":"https:\/\/grandascot.pl\/de\/uber-das-hotel\/","url":"https:\/\/grandascot.pl\/de\/uber-das-hotel\/","name":"Ein Boutique-Hotel im Zentrum von Krakau | Grand Ascot Hotel","isPartOf":{"@id":"https:\/\/grandascot.pl\/#website"},"datePublished":"2017-07-17T01:31:29+00:00","dateModified":"2022-03-17T21:01:52+00:00","description":"Ein Boutique-Hotel im Zentrum von Krakau. Bei Grand Ascot k\u00f6nnen Sie immer auf eine tolle Atmosph\u00e4re und freundlichen Service z\u00e4hlen. In diesem modernen, eleganten Hotel steht der Komfort und das Wohlbefinden der G\u00e4ste an erster Stelle.","breadcrumb":{"@id":"https:\/\/grandascot.pl\/de\/uber-das-hotel\/#breadcrumb"},"inLanguage":"de","potentialAction":[{"@type":"ReadAction","target":["https:\/\/grandascot.pl\/de\/uber-das-hotel\/"]}]},{"@type":"BreadcrumbList","@id":"https:\/\/grandascot.pl\/de\/uber-das-hotel\/#breadcrumb","itemListElement":[{"@type":"ListItem","position":1,"name":"Strona g\u0142\u00f3wna","item":"https:\/\/grandascot.pl\/de\/"},{"@type":"ListItem","position":2,"name":"\u00dcber das Hotel"}]},{"@type":"WebSite","@id":"https:\/\/grandascot.pl\/#website","url":"https:\/\/grandascot.pl\/","name":"Grand Ascot Hotel","description":"Twoje miejsce w sercu Krakowa","publisher":{"@id":"https:\/\/grandascot.pl\/#organization"},"potentialAction":[{"@type":"SearchAction","target":{"@type":"EntryPoint","urlTemplate":"https:\/\/grandascot.pl\/?s={search_term_string}"},"query-input":{"@type":"PropertyValueSpecification","valueRequired":true,"valueName":"search_term_string"}}],"inLanguage":"de"},{"@type":"Organization","@id":"https:\/\/grandascot.pl\/#organization","name":"Grand Ascot Hotel","url":"https:\/\/grandascot.pl\/","logo":{"@type":"ImageObject","inLanguage":"de","@id":"https:\/\/grandascot.pl\/#\/schema\/logo\/image\/","url":"https:\/\/grandascot.pl\/wp-content\/uploads\/2017\/12\/Grand-Ascot-logo-04.jpg","contentUrl":"https:\/\/grandascot.pl\/wp-content\/uploads\/2017\/12\/Grand-Ascot-logo-04.jpg","width":1667,"height":1667,"caption":"Grand Ascot Hotel"},"image":{"@id":"https:\/\/grandascot.pl\/#\/schema\/logo\/image\/"},"sameAs":["https:\/\/www.facebook.com\/grandascothotel\/","https:\/\/x.com\/GrandAscot","https:\/\/www.instagram.com\/grandascot\/","https:\/\/www.linkedin.com\/in\/grandascothotel","https:\/\/www.youtube.com\/channel\/UCg9pe9yfqzzna8MahLl5PMQ\/"]}]}},"_links":{"self":[{"href":"https:\/\/grandascot.pl\/de\/wp-json\/wp\/v2\/pages\/545","targetHints":{"allow":["GET"]}}],"collection":[{"href":"https:\/\/grandascot.pl\/de\/wp-json\/wp\/v2\/pages"}],"about":[{"href":"https:\/\/grandascot.pl\/de\/wp-json\/wp\/v2\/types\/page"}],"author":[{"embeddable":true,"href":"https:\/\/grandascot.pl\/de\/wp-json\/wp\/v2\/users\/1"}],"replies":[{"embeddable":true,"href":"https:\/\/grandascot.pl\/de\/wp-json\/wp\/v2\/comments?post=545"}],"version-history":[{"count":24,"href":"https:\/\/grandascot.pl\/de\/wp-json\/wp\/v2\/pages\/545\/revisions"}],"predecessor-version":[{"id":4398,"href":"https:\/\/grandascot.pl\/de\/wp-json\/wp\/v2\/pages\/545\/revisions\/4398"}],"wp:attachment":[{"href":"https:\/\/grandascot.pl\/de\/wp-json\/wp\/v2\/media?parent=545"}],"curies":[{"name":"wp","href":"https:\/\/api.w.org\/{rel}","templated":true}]}}