{"id":541,"date":"2017-07-17T03:25:18","date_gmt":"2017-07-17T01:25:18","guid":{"rendered":"http:\/\/test.grandascot.pl\/?page_id=541"},"modified":"2020-09-28T16:24:04","modified_gmt":"2020-09-28T14:24:04","slug":"empfange-und-konferenzen","status":"publish","type":"page","link":"https:\/\/grandascot.pl\/de\/empfange-und-konferenzen\/","title":{"rendered":"Empf\u00e4nge und Konferenzen"},"content":{"rendered":"\t<div class=\"section article article--align-center section--default\">\n\t\t<div class=\"section__content\"><\/p>\n<p class=\"supheading\">Ort der Begegnungen<\/p>\n<h2 class=\"heading\">Professioneller und aufmerksamer Service<\/h2>\n<p>Das Hotel Grand Ascot bietet einen professionell ausgestatteten Konferenzbereich, eine fachm\u00e4nnische Organisation von Konferenzen, Treffen und Familienfeiern sowie deren komplexe gastronomische Bedienung an.<br \/>\nUnsere modernen, eleganten und klimatisierten R\u00e4ume sind ideal f\u00fcr gro\u00dfe wie auch kleine Gesch\u00e4ftsempf\u00e4nge. Wir garantieren einen professionellen technischen Bereich \u2013 eine entsprechende Beleuchtung, hochklassige Multimedia-Ger\u00e4te und einen schnellen (Kabel- und kabellosen) Internet-Zugang. Wir sorgen f\u00fcr Getr\u00e4nke und schmackhafte Mahlzeiten und das Men\u00fc wird an den Bedarf des jeweiligen Treffens unter Aufsicht unseres anerkannten K\u00fcchenchefs angepasst.<\/p>\n<p class=\"subheading\">Wir stellen Ihnen zur Verf\u00fcgung:<\/p>\n<p>\t<div class=\"features\">\n\t\t<div class=\"owl-carousel\">\n\t\t\t\t<div class=\"feature\">\n\t\t<div class=\"feature__bg\">\n\t\t\t4\t\t<\/div>\n\t\t<div class=\"feature__body\">\n\t\t\t<div class=\"v-center\">\n\t\t\t\t<div class=\"v-center__content\">\n\t\t\t\t\t<div class=\"feature__content\">\n\t\t\t\t\t\tKonferenzr\u00e4ume\t\t\t\t\t<\/div>\n\t\t\t\t<\/div>\n\t\t\t<\/div>\n\t\t<\/div>\n\t<\/div>\n\t\t<div class=\"feature\">\n\t\t<div class=\"feature__bg\">\n\t\t\t130\t\t<\/div>\n\t\t<div class=\"feature__body\">\n\t\t\t<div class=\"v-center\">\n\t\t\t\t<div class=\"v-center__content\">\n\t\t\t\t\t<div class=\"feature__content\">\n\t\t\t\t\t\tSitzpl\u00e4tze\t\t\t\t\t<\/div>\n\t\t\t\t<\/div>\n\t\t\t<\/div>\n\t\t<\/div>\n\t<\/div>\n\t\t<div class=\"feature\">\n\t\t<div class=\"feature__bg\">\n\t\t\t3\t\t<\/div>\n\t\t<div class=\"feature__body\">\n\t\t\t<div class=\"v-center\">\n\t\t\t\t<div class=\"v-center__content\">\n\t\t\t\t\t<div class=\"feature__content\">\n\t\t\t\t\t\tVerzehrbereiche\t\t\t\t\t<\/div>\n\t\t\t\t<\/div>\n\t\t\t<\/div>\n\t\t<\/div>\n\t<\/div>\n\t\t\t<\/div>\n\t<\/div>\n\t<br \/>\n<\/div>\n\t<\/div>\n\t\n    <div class=\"side-image side-image--side-left side-image--color-default\">\n        <div class=\"side-image__content\">\n            <div class=\"row side-image__row\">\n                <div class=\"col side-image__col side-image__col--content\">\n\t\t\t\t\t<\/p>\n<p class=\"supheading\">Saal f\u00fcr 100 Personen<\/p>\n<h2 class=\"heading\">Copernicus<\/h2>\n<p>Ideal f\u00fcr gro\u00dfe Familienfeiern, Konferenzen und Schulungen. Hier finden sich s\u00e4mtliche Ger\u00e4te erforderlich f\u00fcr eine Pr\u00e4sentation: ein Multimedia-Beamer, Bildschirm, Steuerungspaneel f\u00fcr Ger\u00e4te und Beleuchtung, ein Beschallungs-Set und Flipchart. Die eleganten und klimatisierten R\u00e4ume sowie die Ausstattung h\u00f6chster Qualit\u00e4t werden die eingeladenen G\u00e4ste beeindrucken und die modernen Vorrichtungen sowie schnelle Internet-Interfaces sorgen f\u00fcr einen ungest\u00f6rten Ablauf der Zusammenk\u00fcnfte.<\/p>\n<p class=\"foot\"><a class=\"more\" href=\"#konferencje\">Bitte Verf\u00fcgbarkeit erfragen<\/a><\/p>\n<p>                <\/div>\n                <div class=\"col side-image__col side-image__col--image\">\n\t\t\t\t\t                        <ul class=\"side-image__slider owl-carousel\">\n\t\t\t\t\t\t\t                                <div class=\"side-image__slider-item\">\n                                    <img decoding=\"async\" data-src=\"https:\/\/grandascot.pl\/wp-content\/uploads\/2019\/04\/GrandAscot_08997.jpg\" alt=\"Sala konferencyjna w hotelu Grand Ascot\"\n                                         width=\"1376\" height=\"918\" src=\"data:image\/svg+xml;base64,PHN2ZyB3aWR0aD0iMSIgaGVpZ2h0PSIxIiB4bWxucz0iaHR0cDovL3d3dy53My5vcmcvMjAwMC9zdmciPjwvc3ZnPg==\" class=\"lazyload\" style=\"--smush-placeholder-width: 1376px; --smush-placeholder-aspect-ratio: 1376\/918;\">\n                                <\/div>\n\t\t\t\t\t\t\t\t                                <div class=\"side-image__slider-item\">\n                                    <img decoding=\"async\" data-src=\"https:\/\/grandascot.pl\/wp-content\/uploads\/2019\/04\/GrandAscot_09131.jpg\" alt=\"Materia\u0142y na konferencji w hotelu w centrum Krakowa\"\n                                         width=\"1382\" height=\"922\" src=\"data:image\/svg+xml;base64,PHN2ZyB3aWR0aD0iMSIgaGVpZ2h0PSIxIiB4bWxucz0iaHR0cDovL3d3dy53My5vcmcvMjAwMC9zdmciPjwvc3ZnPg==\" class=\"lazyload\" style=\"--smush-placeholder-width: 1382px; --smush-placeholder-aspect-ratio: 1382\/922;\">\n                                <\/div>\n\t\t\t\t\t\t\t\t                                <div class=\"side-image__slider-item\">\n                                    <img decoding=\"async\" data-src=\"https:\/\/grandascot.pl\/wp-content\/uploads\/2019\/04\/GrandAscot_09091.jpg\" alt=\"Sala konferencyjna w hotelu Grand Ascot\"\n                                         width=\"1382\" height=\"922\" src=\"data:image\/svg+xml;base64,PHN2ZyB3aWR0aD0iMSIgaGVpZ2h0PSIxIiB4bWxucz0iaHR0cDovL3d3dy53My5vcmcvMjAwMC9zdmciPjwvc3ZnPg==\" class=\"lazyload\" style=\"--smush-placeholder-width: 1382px; --smush-placeholder-aspect-ratio: 1382\/922;\">\n                                <\/div>\n\t\t\t\t\t\t\t\t                                <div class=\"side-image__slider-item\">\n                                    <img decoding=\"async\" data-src=\"https:\/\/grandascot.pl\/wp-content\/uploads\/2019\/04\/GrandAscot_08874.jpg\" alt=\"Sala konferencyjna w hotelu Grand Ascot w Krakowie\"\n                                         width=\"1371\" height=\"914\" src=\"data:image\/svg+xml;base64,PHN2ZyB3aWR0aD0iMSIgaGVpZ2h0PSIxIiB4bWxucz0iaHR0cDovL3d3dy53My5vcmcvMjAwMC9zdmciPjwvc3ZnPg==\" class=\"lazyload\" style=\"--smush-placeholder-width: 1371px; --smush-placeholder-aspect-ratio: 1371\/914;\">\n                                <\/div>\n\t\t\t\t\t\t\t\t                        <\/ul>\n\t\t\t\t\t\n                <\/div>\n            <\/div>\n        <\/div>\n    <\/div>\n\t\n    <div class=\"side-image side-image--side-right side-image--color-white\">\n        <div class=\"side-image__content\">\n            <div class=\"row side-image__row\">\n                <div class=\"col side-image__col side-image__col--content\">\n\t\t\t\t\t<\/p>\n<p class=\"supheading\">Saal f\u00fcr 24 Personen<\/p>\n<h2 class=\"heading\">Einstein<\/h2>\n<p>Ein eleganter, kleiner Raum, welcher sich bei kleineren Schulungen und gr\u00f6\u00dferen Gesch\u00e4ftsmeetings optimal bew\u00e4hrt. Der bequeme, klimatisierte Raum sorgt f\u00fcr Komfort der Teilnehmer selbst bei mehrst\u00fcndigen Treffen, die hochqualitativen audiovisuellen Ger\u00e4te und der schnelle Internet-Zugang verleihen einen modernen Charakter.<\/p>\n<p class=\"foot\"><a class=\"more\" href=\"#konferencje\">Bitte Verf\u00fcgbarkeit erfragen<\/a><\/p>\n<p>                <\/div>\n                <div class=\"col side-image__col side-image__col--image\">\n\t\t\t\t\t                        <ul class=\"side-image__slider owl-carousel\">\n\t\t\t\t\t\t\t                                <div class=\"side-image__slider-item\">\n                                    <img decoding=\"async\" data-src=\"https:\/\/grandascot.pl\/wp-content\/uploads\/2019\/04\/GrandAscot_03999.jpg\" alt=\"Kameralna sala konferencyjna w hotelu Grand Ascot\"\n                                         width=\"1200\" height=\"800\" src=\"data:image\/svg+xml;base64,PHN2ZyB3aWR0aD0iMSIgaGVpZ2h0PSIxIiB4bWxucz0iaHR0cDovL3d3dy53My5vcmcvMjAwMC9zdmciPjwvc3ZnPg==\" class=\"lazyload\" style=\"--smush-placeholder-width: 1200px; --smush-placeholder-aspect-ratio: 1200\/800;\">\n                                <\/div>\n\t\t\t\t\t\t\t\t                        <\/ul>\n\t\t\t\t\t\n                <\/div>\n            <\/div>\n        <\/div>\n    <\/div>\n\t\n    <div class=\"side-image side-image--side-left side-image--color-default\">\n        <div class=\"side-image__content\">\n            <div class=\"row side-image__row\">\n                <div class=\"col side-image__col side-image__col--content\">\n\t\t\t\t\t<\/p>\n<p class=\"supheading\">Raum f\u00fcr 6 Personen<\/p>\n<h2 class=\"heading\">Newton<\/h2>\n<p>Ein moderner, geschmackvoll eingerichteter Raum ist f\u00fcr Treffen in einem kleinen Kreis ideal. Mit einem Konferenztisch, bequemen Sitzpl\u00e4tzen und einem LCD-Fernseher ausgestattet, schafft der Raum ein ideales Klima f\u00fcr Gesch\u00e4ftspanels.<\/p>\n<p class=\"foot\"><a class=\"more\" href=\"#konferencje\">Bitte Verf\u00fcgbarkeit erfragen<\/a><\/p>\n<p>                <\/div>\n                <div class=\"col side-image__col side-image__col--image\">\n\t\t\t\t\t                        <ul class=\"side-image__slider owl-carousel\">\n\t\t\t\t\t\t\t                                <div class=\"side-image__slider-item\">\n                                    <img decoding=\"async\" data-src=\"https:\/\/grandascot.pl\/wp-content\/uploads\/2019\/04\/GrandAscot_04515.jpg\" alt=\"Meeting room w hotelu w centrum Krakowa\"\n                                         width=\"1200\" height=\"800\" src=\"data:image\/svg+xml;base64,PHN2ZyB3aWR0aD0iMSIgaGVpZ2h0PSIxIiB4bWxucz0iaHR0cDovL3d3dy53My5vcmcvMjAwMC9zdmciPjwvc3ZnPg==\" class=\"lazyload\" style=\"--smush-placeholder-width: 1200px; --smush-placeholder-aspect-ratio: 1200\/800;\">\n                                <\/div>\n\t\t\t\t\t\t\t\t                        <\/ul>\n\t\t\t\t\t\n                <\/div>\n            <\/div>\n        <\/div>\n    <\/div>\n\t\n    <div class=\"side-image side-image--side-right side-image--color-white\">\n        <div class=\"side-image__content\">\n            <div class=\"row side-image__row\">\n                <div class=\"col side-image__col side-image__col--content\">\n\t\t\t\t\t<\/p>\n<p class=\"supheading\">Raum f\u00fcr 4 Personen<\/p>\n<h2 class=\"heading\">Edison<\/h2>\n<p>Entspannen Sie sich in einem geschmackvoll eingerichteten Raum, der mit einem LCD-Fernsehger\u00e4t, Designer-Sofa und bequemen Sesseln ausgestattet ist. Der Raum ist ideal f\u00fcr private Treffen in einem kleinen Kreis.<\/p>\n<p class=\"foot\"><a class=\"more\" href=\"#konferencje\">Bitte Verf\u00fcgbarkeit erfragen<\/a><\/p>\n<p>                <\/div>\n                <div class=\"col side-image__col side-image__col--image\">\n\t\t\t\t\t                        <ul class=\"side-image__slider owl-carousel\">\n\t\t\t\t\t\t\t                                <div class=\"side-image__slider-item\">\n                                    <img decoding=\"async\" data-src=\"https:\/\/grandascot.pl\/wp-content\/uploads\/2019\/04\/GrandAscot_04419.jpg\" alt=\"Grand Ascot Edison room\"\n                                         width=\"1200\" height=\"800\" src=\"data:image\/svg+xml;base64,PHN2ZyB3aWR0aD0iMSIgaGVpZ2h0PSIxIiB4bWxucz0iaHR0cDovL3d3dy53My5vcmcvMjAwMC9zdmciPjwvc3ZnPg==\" class=\"lazyload\" style=\"--smush-placeholder-width: 1200px; --smush-placeholder-aspect-ratio: 1200\/800;\">\n                                <\/div>\n\t\t\t\t\t\t\t\t                        <\/ul>\n\t\t\t\t\t\n                <\/div>\n            <\/div>\n        <\/div>\n    <\/div>\n\t\n    <div class=\"side-image side-image--side-left side-image--color-default\">\n        <div class=\"side-image__content\">\n            <div class=\"row side-image__row\">\n                <div class=\"col side-image__col side-image__col--content\">\n\t\t\t\t\t<\/p>\n<p class=\"supheading\">Zus\u00e4tzlich<\/p>\n<h2 class=\"heading\">Catering<\/h2>\n<p>Das Hotel Grand Ascot ist ein Platz mit einer vorz\u00fcglichen K\u00fcche und einmaligem Klima. Die modernen, geschmackvollen R\u00e4umlichkeiten werden Ihre G\u00e4ste beeindrucken und das Men\u00fc mit Leckerbissen der europ\u00e4ischen K\u00fcche, beaufsichtigt von unserem K\u00fcchenchef, wird den Geschmack der Anh\u00e4nger der traditionellen polnischen Gerichte treffen und anderen etwas mehr exotischen Vorschl\u00e4ge.<br \/>\nUnser elegantes, ger\u00e4umiges Restaurant Four ist f\u00fcr bis zu 70 Personen vorgesehen, wodurch hier sowohl eine Hochzeits- oder Geburtstagsfeier als auch eine Integrationsveranstaltung organisiert werden k\u00f6nnen. Je nach Bedarf bieten wir ebenfalls die M\u00f6glichkeit f\u00fcr die Vorbereitung und das Servieren von Getr\u00e4nken und Mahlzeiten in der Wine &#038; Spirits Bar wie auch direkt in den Konferenz- und Empfangsr\u00e4umen an.<\/p>\n<p>                <\/div>\n                <div class=\"col side-image__col side-image__col--image\">\n\t\t\t\t\t                        <ul class=\"side-image__slider owl-carousel\">\n\t\t\t\t\t\t\t                                <div class=\"side-image__slider-item\">\n                                    <img decoding=\"async\" data-src=\"https:\/\/grandascot.pl\/wp-content\/uploads\/2019\/04\/GrandAscot_04059.jpg\" alt=\"Lunch w hotelu Grand Ascot w centrum Krakowa\"\n                                         width=\"1200\" height=\"800\" src=\"data:image\/svg+xml;base64,PHN2ZyB3aWR0aD0iMSIgaGVpZ2h0PSIxIiB4bWxucz0iaHR0cDovL3d3dy53My5vcmcvMjAwMC9zdmciPjwvc3ZnPg==\" class=\"lazyload\" style=\"--smush-placeholder-width: 1200px; --smush-placeholder-aspect-ratio: 1200\/800;\">\n                                <\/div>\n\t\t\t\t\t\t\t\t                        <\/ul>\n\t\t\t\t\t\n                <\/div>\n            <\/div>\n        <\/div>\n    <\/div>\n\t\n","protected":false},"excerpt":{"rendered":"","protected":false},"author":1,"featured_media":0,"parent":0,"menu_order":0,"comment_status":"closed","ping_status":"closed","template":"","meta":{"_acf_changed":false,"footnotes":""},"class_list":["post-541","page","type-page","status-publish","hentry"],"acf":[],"yoast_head":"<!-- This site is optimized with the Yoast SEO Premium plugin v26.8 (Yoast SEO v27.4) - https:\/\/yoast.com\/product\/yoast-seo-premium-wordpress\/ -->\n<title>Grand Ascot Hotel - Konferenzr\u00e4ume Krakau Zentrum<\/title>\n<meta name=\"description\" content=\"Konferenzr\u00e4ume Krakau Zentrum. Wir bieten moderne, elegante, klimatisierte Konferenz- und Bankettr\u00e4ume, ideal f\u00fcr gro\u00dfe Partys und intime Gesch\u00e4ftstreffen. Wir bieten gut ausgestattete Konferenzr\u00e4ume, professionelle Unterst\u00fctzung bei der Organisation von Konferenzen, Meetings und Familienfeiern sowie einen umfassenden Catering-Service.\" \/>\n<meta name=\"robots\" content=\"index, follow, max-snippet:-1, max-image-preview:large, max-video-preview:-1\" \/>\n<link rel=\"canonical\" href=\"https:\/\/grandascot.pl\/de\/empfange-und-konferenzen\/\" \/>\n<meta property=\"og:locale\" content=\"de_DE\" \/>\n<meta property=\"og:type\" content=\"article\" \/>\n<meta property=\"og:title\" content=\"Grand Ascot Hotel - Konferenzr\u00e4ume Krakau Zentrum\" \/>\n<meta property=\"og:description\" content=\"Konferenzr\u00e4ume Krakau Zentrum. Wir bieten moderne, elegante, klimatisierte Konferenz- und Bankettr\u00e4ume, ideal f\u00fcr gro\u00dfe Partys und intime Gesch\u00e4ftstreffen. Wir bieten gut ausgestattete Konferenzr\u00e4ume, professionelle Unterst\u00fctzung bei der Organisation von Konferenzen, Meetings und Familienfeiern sowie einen umfassenden Catering-Service.\" \/>\n<meta property=\"og:url\" content=\"https:\/\/grandascot.pl\/de\/empfange-und-konferenzen\/\" \/>\n<meta property=\"og:site_name\" content=\"Grand Ascot Hotel\" \/>\n<meta property=\"article:publisher\" content=\"https:\/\/www.facebook.com\/grandascothotel\/\" \/>\n<meta property=\"article:modified_time\" content=\"2020-09-28T14:24:04+00:00\" \/>\n<meta property=\"og:image\" content=\"https:\/\/grandascot.pl\/wp-content\/uploads\/2017\/07\/PM_08997-1.jpg\" \/>\n<meta name=\"twitter:card\" content=\"summary_large_image\" \/>\n<meta name=\"twitter:title\" content=\"Grand Ascot Hotel - Konferenzr\u00e4ume Krakau Zentrum\" \/>\n<meta name=\"twitter:site\" content=\"@GrandAscot\" \/>\n<meta name=\"twitter:label1\" content=\"Gesch\u00e4tzte Lesezeit\" \/>\n\t<meta name=\"twitter:data1\" content=\"2\u00a0Minute\" \/>\n<script type=\"application\/ld+json\" class=\"yoast-schema-graph\">{\"@context\":\"https:\\\/\\\/schema.org\",\"@graph\":[{\"@type\":\"WebPage\",\"@id\":\"https:\\\/\\\/grandascot.pl\\\/de\\\/empfange-und-konferenzen\\\/\",\"url\":\"https:\\\/\\\/grandascot.pl\\\/de\\\/empfange-und-konferenzen\\\/\",\"name\":\"Grand Ascot Hotel - Konferenzr\u00e4ume Krakau Zentrum\",\"isPartOf\":{\"@id\":\"https:\\\/\\\/grandascot.pl\\\/#website\"},\"datePublished\":\"2017-07-17T01:25:18+00:00\",\"dateModified\":\"2020-09-28T14:24:04+00:00\",\"description\":\"Konferenzr\u00e4ume Krakau Zentrum. Wir bieten moderne, elegante, klimatisierte Konferenz- und Bankettr\u00e4ume, ideal f\u00fcr gro\u00dfe Partys und intime Gesch\u00e4ftstreffen. Wir bieten gut ausgestattete Konferenzr\u00e4ume, professionelle Unterst\u00fctzung bei der Organisation von Konferenzen, Meetings und Familienfeiern sowie einen umfassenden Catering-Service.\",\"breadcrumb\":{\"@id\":\"https:\\\/\\\/grandascot.pl\\\/de\\\/empfange-und-konferenzen\\\/#breadcrumb\"},\"inLanguage\":\"de\",\"potentialAction\":[{\"@type\":\"ReadAction\",\"target\":[\"https:\\\/\\\/grandascot.pl\\\/de\\\/empfange-und-konferenzen\\\/\"]}]},{\"@type\":\"BreadcrumbList\",\"@id\":\"https:\\\/\\\/grandascot.pl\\\/de\\\/empfange-und-konferenzen\\\/#breadcrumb\",\"itemListElement\":[{\"@type\":\"ListItem\",\"position\":1,\"name\":\"Strona g\u0142\u00f3wna\",\"item\":\"https:\\\/\\\/grandascot.pl\\\/de\\\/\"},{\"@type\":\"ListItem\",\"position\":2,\"name\":\"Empf\u00e4nge und Konferenzen\"}]},{\"@type\":\"WebSite\",\"@id\":\"https:\\\/\\\/grandascot.pl\\\/#website\",\"url\":\"https:\\\/\\\/grandascot.pl\\\/\",\"name\":\"Grand Ascot Hotel\",\"description\":\"Twoje miejsce w sercu Krakowa\",\"publisher\":{\"@id\":\"https:\\\/\\\/grandascot.pl\\\/#organization\"},\"potentialAction\":[{\"@type\":\"SearchAction\",\"target\":{\"@type\":\"EntryPoint\",\"urlTemplate\":\"https:\\\/\\\/grandascot.pl\\\/?s={search_term_string}\"},\"query-input\":{\"@type\":\"PropertyValueSpecification\",\"valueRequired\":true,\"valueName\":\"search_term_string\"}}],\"inLanguage\":\"de\"},{\"@type\":\"Organization\",\"@id\":\"https:\\\/\\\/grandascot.pl\\\/#organization\",\"name\":\"Grand Ascot Hotel\",\"url\":\"https:\\\/\\\/grandascot.pl\\\/\",\"logo\":{\"@type\":\"ImageObject\",\"inLanguage\":\"de\",\"@id\":\"https:\\\/\\\/grandascot.pl\\\/#\\\/schema\\\/logo\\\/image\\\/\",\"url\":\"https:\\\/\\\/grandascot.pl\\\/wp-content\\\/uploads\\\/2017\\\/12\\\/Grand-Ascot-logo-04.jpg\",\"contentUrl\":\"https:\\\/\\\/grandascot.pl\\\/wp-content\\\/uploads\\\/2017\\\/12\\\/Grand-Ascot-logo-04.jpg\",\"width\":1667,\"height\":1667,\"caption\":\"Grand Ascot Hotel\"},\"image\":{\"@id\":\"https:\\\/\\\/grandascot.pl\\\/#\\\/schema\\\/logo\\\/image\\\/\"},\"sameAs\":[\"https:\\\/\\\/www.facebook.com\\\/grandascothotel\\\/\",\"https:\\\/\\\/x.com\\\/GrandAscot\",\"https:\\\/\\\/www.instagram.com\\\/grandascot\\\/\",\"https:\\\/\\\/www.linkedin.com\\\/in\\\/grandascothotel\",\"https:\\\/\\\/www.youtube.com\\\/channel\\\/UCg9pe9yfqzzna8MahLl5PMQ\\\/\"]}]}<\/script>\n<!-- \/ Yoast SEO Premium plugin. -->","yoast_head_json":{"title":"Grand Ascot Hotel - Konferenzr\u00e4ume Krakau Zentrum","description":"Konferenzr\u00e4ume Krakau Zentrum. Wir bieten moderne, elegante, klimatisierte Konferenz- und Bankettr\u00e4ume, ideal f\u00fcr gro\u00dfe Partys und intime Gesch\u00e4ftstreffen. Wir bieten gut ausgestattete Konferenzr\u00e4ume, professionelle Unterst\u00fctzung bei der Organisation von Konferenzen, Meetings und Familienfeiern sowie einen umfassenden Catering-Service.","robots":{"index":"index","follow":"follow","max-snippet":"max-snippet:-1","max-image-preview":"max-image-preview:large","max-video-preview":"max-video-preview:-1"},"canonical":"https:\/\/grandascot.pl\/de\/empfange-und-konferenzen\/","og_locale":"de_DE","og_type":"article","og_title":"Grand Ascot Hotel - Konferenzr\u00e4ume Krakau Zentrum","og_description":"Konferenzr\u00e4ume Krakau Zentrum. Wir bieten moderne, elegante, klimatisierte Konferenz- und Bankettr\u00e4ume, ideal f\u00fcr gro\u00dfe Partys und intime Gesch\u00e4ftstreffen. Wir bieten gut ausgestattete Konferenzr\u00e4ume, professionelle Unterst\u00fctzung bei der Organisation von Konferenzen, Meetings und Familienfeiern sowie einen umfassenden Catering-Service.","og_url":"https:\/\/grandascot.pl\/de\/empfange-und-konferenzen\/","og_site_name":"Grand Ascot Hotel","article_publisher":"https:\/\/www.facebook.com\/grandascothotel\/","article_modified_time":"2020-09-28T14:24:04+00:00","og_image":[{"url":"https:\/\/grandascot.pl\/wp-content\/uploads\/2017\/07\/PM_08997-1.jpg","type":"","width":"","height":""}],"twitter_card":"summary_large_image","twitter_title":"Grand Ascot Hotel - Konferenzr\u00e4ume Krakau Zentrum","twitter_site":"@GrandAscot","twitter_misc":{"Gesch\u00e4tzte Lesezeit":"2\u00a0Minute"},"schema":{"@context":"https:\/\/schema.org","@graph":[{"@type":"WebPage","@id":"https:\/\/grandascot.pl\/de\/empfange-und-konferenzen\/","url":"https:\/\/grandascot.pl\/de\/empfange-und-konferenzen\/","name":"Grand Ascot Hotel - Konferenzr\u00e4ume Krakau Zentrum","isPartOf":{"@id":"https:\/\/grandascot.pl\/#website"},"datePublished":"2017-07-17T01:25:18+00:00","dateModified":"2020-09-28T14:24:04+00:00","description":"Konferenzr\u00e4ume Krakau Zentrum. Wir bieten moderne, elegante, klimatisierte Konferenz- und Bankettr\u00e4ume, ideal f\u00fcr gro\u00dfe Partys und intime Gesch\u00e4ftstreffen. Wir bieten gut ausgestattete Konferenzr\u00e4ume, professionelle Unterst\u00fctzung bei der Organisation von Konferenzen, Meetings und Familienfeiern sowie einen umfassenden Catering-Service.","breadcrumb":{"@id":"https:\/\/grandascot.pl\/de\/empfange-und-konferenzen\/#breadcrumb"},"inLanguage":"de","potentialAction":[{"@type":"ReadAction","target":["https:\/\/grandascot.pl\/de\/empfange-und-konferenzen\/"]}]},{"@type":"BreadcrumbList","@id":"https:\/\/grandascot.pl\/de\/empfange-und-konferenzen\/#breadcrumb","itemListElement":[{"@type":"ListItem","position":1,"name":"Strona g\u0142\u00f3wna","item":"https:\/\/grandascot.pl\/de\/"},{"@type":"ListItem","position":2,"name":"Empf\u00e4nge und Konferenzen"}]},{"@type":"WebSite","@id":"https:\/\/grandascot.pl\/#website","url":"https:\/\/grandascot.pl\/","name":"Grand Ascot Hotel","description":"Twoje miejsce w sercu Krakowa","publisher":{"@id":"https:\/\/grandascot.pl\/#organization"},"potentialAction":[{"@type":"SearchAction","target":{"@type":"EntryPoint","urlTemplate":"https:\/\/grandascot.pl\/?s={search_term_string}"},"query-input":{"@type":"PropertyValueSpecification","valueRequired":true,"valueName":"search_term_string"}}],"inLanguage":"de"},{"@type":"Organization","@id":"https:\/\/grandascot.pl\/#organization","name":"Grand Ascot Hotel","url":"https:\/\/grandascot.pl\/","logo":{"@type":"ImageObject","inLanguage":"de","@id":"https:\/\/grandascot.pl\/#\/schema\/logo\/image\/","url":"https:\/\/grandascot.pl\/wp-content\/uploads\/2017\/12\/Grand-Ascot-logo-04.jpg","contentUrl":"https:\/\/grandascot.pl\/wp-content\/uploads\/2017\/12\/Grand-Ascot-logo-04.jpg","width":1667,"height":1667,"caption":"Grand Ascot Hotel"},"image":{"@id":"https:\/\/grandascot.pl\/#\/schema\/logo\/image\/"},"sameAs":["https:\/\/www.facebook.com\/grandascothotel\/","https:\/\/x.com\/GrandAscot","https:\/\/www.instagram.com\/grandascot\/","https:\/\/www.linkedin.com\/in\/grandascothotel","https:\/\/www.youtube.com\/channel\/UCg9pe9yfqzzna8MahLl5PMQ\/"]}]}},"_links":{"self":[{"href":"https:\/\/grandascot.pl\/de\/wp-json\/wp\/v2\/pages\/541","targetHints":{"allow":["GET"]}}],"collection":[{"href":"https:\/\/grandascot.pl\/de\/wp-json\/wp\/v2\/pages"}],"about":[{"href":"https:\/\/grandascot.pl\/de\/wp-json\/wp\/v2\/types\/page"}],"author":[{"embeddable":true,"href":"https:\/\/grandascot.pl\/de\/wp-json\/wp\/v2\/users\/1"}],"replies":[{"embeddable":true,"href":"https:\/\/grandascot.pl\/de\/wp-json\/wp\/v2\/comments?post=541"}],"version-history":[{"count":8,"href":"https:\/\/grandascot.pl\/de\/wp-json\/wp\/v2\/pages\/541\/revisions"}],"predecessor-version":[{"id":1988,"href":"https:\/\/grandascot.pl\/de\/wp-json\/wp\/v2\/pages\/541\/revisions\/1988"}],"wp:attachment":[{"href":"https:\/\/grandascot.pl\/de\/wp-json\/wp\/v2\/media?parent=541"}],"curies":[{"name":"wp","href":"https:\/\/api.w.org\/{rel}","templated":true}]}}