{"id":536,"date":"2017-07-17T02:02:39","date_gmt":"2017-07-17T00:02:39","guid":{"rendered":"http:\/\/test.grandascot.pl\/?page_id=536"},"modified":"2025-11-05T16:34:09","modified_gmt":"2025-11-05T15:34:09","slug":"bar-und-restaurant","status":"publish","type":"page","link":"https:\/\/grandascot.pl\/de\/bar-und-restaurant\/","title":{"rendered":"Restaurant Four in Krakau"},"content":{"rendered":"\t<div class=\"section article article--align-center section--default\">\n\t\t<div class=\"section__content\"><\/p>\n<p class=\"supheading\">Kulinarische Inspirationen im Herzen von Krakau<\/p>\n<h2 class=\"heading\">Einmalige Geschm\u00e4cker und Ambiente<\/h2>\n<p>Der K\u00fcchenchef wei\u00df es, ein wahres Festmahl f\u00fcr den Gaumen wie auch passend zum modernen und effektvoll arrangierten Raum  zuzubereiten \u2013 und bei Grand Ascot wissen wir, unsere G\u00e4ste zu verw\u00f6hnen, was wir auch gerne tun.<br \/>\nEin Fr\u00fchst\u00fcck aus frischen, qualitativ hochwertigen Produkten, interessante Ideen f\u00fcr Lunch und Abendessen, das in einer stimmungsvollen Atmosph\u00e4re serviert wird, sind Garantie f\u00fcr eine optimale Erg\u00e4nzung des Tages und die bequemen Innenr\u00e4ume und Erholung bei  guter Musik und einem Lieblingsdrink lassen sich von Problemen des zu Ende gehenden Tages distanzieren.<br \/>\n<\/div>\n\t<\/div>\n\t\n    <div class=\"side-image side-image--side-left side-image--color-default\">\n        <div class=\"side-image__content\">\n            <div class=\"row side-image__row\">\n                <div class=\"col side-image__col side-image__col--content\">\n\t\t\t\t\t<\/p>\n<p class=\"supheading\">Au\u00dfergew\u00f6hnliche K\u00fcche<\/p>\n<h2 class=\"heading\">Restaurant Four<\/h2>\n<p>Im Restaurant Four werden alle Ihren Sinne verw\u00f6hnt. In der Speisekarte finden Sie sowohl Klassiker der polnischen K\u00fcche als auch Speisen, f\u00fcr die die gr\u00f6\u00dften europ\u00e4ischen Hauptst\u00e4dte ber\u00fchmt sind. F\u00fcr Ihre Geschmacksknospen wird unser kulinarischer Meister sorgen und die eleganten R\u00e4ume mitsamt ihrer hochklassigen Ausstattung werden Ihnen die Zeit der Kostproben an weiteren Vorschl\u00e4gen aus unserem Men\u00fc zus\u00e4tzlich angenehmer machen.<br \/>\nDer K\u00fcchenchef, die erfahrenen Barkeeper und die freundliche Bedienung werden daf\u00fcr sorgen, dass die schmackhaften, einmalig zusammengesetzten Gerichte zum Fixpunkt Ihres Aufenthalts im Hotel Grand Ascot werden.<\/p>\n<p class=\"foot\"><a class=\"more\" href=\"https:\/\/restauracjafour.pl\" target=\"_blank\" title=\"Restaurant Four\" rel=\"noopener noreferrer\">Besuchen Sie die Webseite von Restaurant Four<\/a><\/p>\n<p>                <\/div>\n                <div class=\"col side-image__col side-image__col--image\">\n\t\t\t\t\t                        <ul class=\"side-image__slider owl-carousel\">\n\t\t\t\t\t\t\t                                <div class=\"side-image__slider-item\">\n                                    <img decoding=\"async\" data-src=\"https:\/\/grandascot.pl\/wp-content\/uploads\/2022\/02\/smaczne-dania-Four.jpg\" alt=\"Talerz a sa\u0142atk\u0105\"\n                                         width=\"700\" height=\"559\" src=\"data:image\/svg+xml;base64,PHN2ZyB3aWR0aD0iMSIgaGVpZ2h0PSIxIiB4bWxucz0iaHR0cDovL3d3dy53My5vcmcvMjAwMC9zdmciPjwvc3ZnPg==\" class=\"lazyload\" style=\"--smush-placeholder-width: 700px; --smush-placeholder-aspect-ratio: 700\/559;\">\n                                <\/div>\n\t\t\t\t\t\t\t\t                                <div class=\"side-image__slider-item\">\n                                    <img decoding=\"async\" data-src=\"https:\/\/grandascot.pl\/wp-content\/uploads\/2022\/02\/Restauracja-Four-w-Krakowie.jpg\" alt=\"Restauracja Four\"\n                                         width=\"699\" height=\"479\" src=\"data:image\/svg+xml;base64,PHN2ZyB3aWR0aD0iMSIgaGVpZ2h0PSIxIiB4bWxucz0iaHR0cDovL3d3dy53My5vcmcvMjAwMC9zdmciPjwvc3ZnPg==\" class=\"lazyload\" style=\"--smush-placeholder-width: 699px; --smush-placeholder-aspect-ratio: 699\/479;\">\n                                <\/div>\n\t\t\t\t\t\t\t\t                                <div class=\"side-image__slider-item\">\n                                    <img decoding=\"async\" data-src=\"https:\/\/grandascot.pl\/wp-content\/uploads\/2022\/02\/Pysznosci-w-Four.jpg\" alt=\"Pyszno\u015bci na talerzu\"\n                                         width=\"700\" height=\"466\" src=\"data:image\/svg+xml;base64,PHN2ZyB3aWR0aD0iMSIgaGVpZ2h0PSIxIiB4bWxucz0iaHR0cDovL3d3dy53My5vcmcvMjAwMC9zdmciPjwvc3ZnPg==\" class=\"lazyload\" style=\"--smush-placeholder-width: 700px; --smush-placeholder-aspect-ratio: 700\/466;\">\n                                <\/div>\n\t\t\t\t\t\t\t\t                                <div class=\"side-image__slider-item\">\n                                    <img decoding=\"async\" data-src=\"https:\/\/grandascot.pl\/wp-content\/uploads\/2022\/02\/Organizacja-uroczystosci-rodzinnych.jpg\" alt=\"Sala Four\"\n                                         width=\"700\" height=\"466\" src=\"data:image\/svg+xml;base64,PHN2ZyB3aWR0aD0iMSIgaGVpZ2h0PSIxIiB4bWxucz0iaHR0cDovL3d3dy53My5vcmcvMjAwMC9zdmciPjwvc3ZnPg==\" class=\"lazyload\" style=\"--smush-placeholder-width: 700px; --smush-placeholder-aspect-ratio: 700\/466;\">\n                                <\/div>\n\t\t\t\t\t\t\t\t                                <div class=\"side-image__slider-item\">\n                                    <img decoding=\"async\" data-src=\"https:\/\/grandascot.pl\/wp-content\/uploads\/2022\/02\/Urodziny-w-hotelu.jpg\" alt=\"Urodziny-w-hotelu\"\n                                         width=\"700\" height=\"466\" src=\"data:image\/svg+xml;base64,PHN2ZyB3aWR0aD0iMSIgaGVpZ2h0PSIxIiB4bWxucz0iaHR0cDovL3d3dy53My5vcmcvMjAwMC9zdmciPjwvc3ZnPg==\" class=\"lazyload\" style=\"--smush-placeholder-width: 700px; --smush-placeholder-aspect-ratio: 700\/466;\">\n                                <\/div>\n\t\t\t\t\t\t\t\t                                <div class=\"side-image__slider-item\">\n                                    <img decoding=\"async\" data-src=\"https:\/\/grandascot.pl\/wp-content\/uploads\/2022\/02\/Four-Restaurant-Krakow.jpg\" alt=\"Dania w Four\"\n                                         width=\"700\" height=\"495\" src=\"data:image\/svg+xml;base64,PHN2ZyB3aWR0aD0iMSIgaGVpZ2h0PSIxIiB4bWxucz0iaHR0cDovL3d3dy53My5vcmcvMjAwMC9zdmciPjwvc3ZnPg==\" class=\"lazyload\" style=\"--smush-placeholder-width: 700px; --smush-placeholder-aspect-ratio: 700\/495;\">\n                                <\/div>\n\t\t\t\t\t\t\t\t                        <\/ul>\n\t\t\t\t\t\n                <\/div>\n            <\/div>\n        <\/div>\n    <\/div>\n\t\n    <div class=\"side-image side-image--side-right side-image--color-white\">\n        <div class=\"side-image__content\">\n            <div class=\"row side-image__row\">\n                <div class=\"col side-image__col side-image__col--content\">\n\t\t\t\t\t<\/p>\n<p class=\"supheading\">Stimmungsvolle Begegnungen<\/p>\n<h2 class=\"heading\">Wine &#038; Spirits Bar <br \/>by Grand Ascot<\/h2>\n<p>Abgesehen davon, ob Sie Krakau gesch\u00e4ftlich oder touristisch besuchen, ist es angenehm, sich nach einem langen, anstrengenden Tag  bequem hinzusetzen und sich bei guter Musik und einem Lieblingsdrink zu erholen. Die reichhaltige Karte von  alkoholischen und alkoholfreien Getr\u00e4nken wird die Erwartungen von Freunden sowohl klassischer Geschm\u00e4cker als auch origineller Mixgetr\u00e4nke befriedigen. Eine Erg\u00e4nzung dazu bilden vorz\u00fcgliche Zwischenmahlzeiten, Desserts sowie erstklassiger Kaffee und Tee.<\/p>\n<p class=\"foot\"><!--<a class=\"more\" href=\"https:\/\/grandascot.pl\/wp-content\/uploads\/2017\/07\/Grand-Ascot-Lobby-Bar-Drink-Menu.pdf\">Aktuelles Men\u00fc ansehen<\/a>-->\n<\/p>\n<p>                <\/div>\n                <div class=\"col side-image__col side-image__col--image\">\n\t\t\t\t\t                        <ul class=\"side-image__slider owl-carousel\">\n\t\t\t\t\t\t\t                                <div class=\"side-image__slider-item\">\n                                    <img decoding=\"async\" data-src=\"https:\/\/grandascot.pl\/wp-content\/uploads\/2022\/02\/Four-wyjatkowe-spotkania.jpg\" alt=\"Widok baru Four\"\n                                         width=\"760\" height=\"440\" src=\"data:image\/svg+xml;base64,PHN2ZyB3aWR0aD0iMSIgaGVpZ2h0PSIxIiB4bWxucz0iaHR0cDovL3d3dy53My5vcmcvMjAwMC9zdmciPjwvc3ZnPg==\" class=\"lazyload\" style=\"--smush-placeholder-width: 760px; --smush-placeholder-aspect-ratio: 760\/440;\">\n                                <\/div>\n\t\t\t\t\t\t\t\t                                <div class=\"side-image__slider-item\">\n                                    <img decoding=\"async\" data-src=\"https:\/\/grandascot.pl\/wp-content\/uploads\/2022\/02\/Drink-Wine-Spirits-Bar-Four.jpg\" alt=\"Drink na barze\"\n                                         width=\"700\" height=\"466\" src=\"data:image\/svg+xml;base64,PHN2ZyB3aWR0aD0iMSIgaGVpZ2h0PSIxIiB4bWxucz0iaHR0cDovL3d3dy53My5vcmcvMjAwMC9zdmciPjwvc3ZnPg==\" class=\"lazyload\" style=\"--smush-placeholder-width: 700px; --smush-placeholder-aspect-ratio: 700\/466;\">\n                                <\/div>\n\t\t\t\t\t\t\t\t                                <div class=\"side-image__slider-item\">\n                                    <img decoding=\"async\" data-src=\"https:\/\/grandascot.pl\/wp-content\/uploads\/2019\/04\/GrandAscot_05356.jpg\" alt=\"Grand Ascot lobby bar\"\n                                         width=\"1382\" height=\"922\" src=\"data:image\/svg+xml;base64,PHN2ZyB3aWR0aD0iMSIgaGVpZ2h0PSIxIiB4bWxucz0iaHR0cDovL3d3dy53My5vcmcvMjAwMC9zdmciPjwvc3ZnPg==\" class=\"lazyload\" style=\"--smush-placeholder-width: 1382px; --smush-placeholder-aspect-ratio: 1382\/922;\">\n                                <\/div>\n\t\t\t\t\t\t\t\t                                <div class=\"side-image__slider-item\">\n                                    <img decoding=\"async\" data-src=\"https:\/\/grandascot.pl\/wp-content\/uploads\/2019\/04\/GrandAscot_05240.jpg\" alt=\"Lobby bar w hotelu Grand Ascot\"\n                                         width=\"1382\" height=\"922\" src=\"data:image\/svg+xml;base64,PHN2ZyB3aWR0aD0iMSIgaGVpZ2h0PSIxIiB4bWxucz0iaHR0cDovL3d3dy53My5vcmcvMjAwMC9zdmciPjwvc3ZnPg==\" class=\"lazyload\" style=\"--smush-placeholder-width: 1382px; --smush-placeholder-aspect-ratio: 1382\/922;\">\n                                <\/div>\n\t\t\t\t\t\t\t\t                                <div class=\"side-image__slider-item\">\n                                    <img decoding=\"async\" data-src=\"https:\/\/grandascot.pl\/wp-content\/uploads\/2022\/02\/Wine-Spirits-Bar-Drink.jpg\" alt=\"Kieliszek na barze\"\n                                         width=\"700\" height=\"466\" src=\"data:image\/svg+xml;base64,PHN2ZyB3aWR0aD0iMSIgaGVpZ2h0PSIxIiB4bWxucz0iaHR0cDovL3d3dy53My5vcmcvMjAwMC9zdmciPjwvc3ZnPg==\" class=\"lazyload\" style=\"--smush-placeholder-width: 700px; --smush-placeholder-aspect-ratio: 700\/466;\">\n                                <\/div>\n\t\t\t\t\t\t\t\t                                <div class=\"side-image__slider-item\">\n                                    <img decoding=\"async\" data-src=\"https:\/\/grandascot.pl\/wp-content\/uploads\/2019\/04\/GrandAscot_05271.jpg\" alt=\"Lobby bar w hotelu w centrum Krakowa\"\n                                         width=\"1382\" height=\"922\" src=\"data:image\/svg+xml;base64,PHN2ZyB3aWR0aD0iMSIgaGVpZ2h0PSIxIiB4bWxucz0iaHR0cDovL3d3dy53My5vcmcvMjAwMC9zdmciPjwvc3ZnPg==\" class=\"lazyload\" style=\"--smush-placeholder-width: 1382px; --smush-placeholder-aspect-ratio: 1382\/922;\">\n                                <\/div>\n\t\t\t\t\t\t\t\t                        <\/ul>\n\t\t\t\t\t\n                <\/div>\n            <\/div>\n        <\/div>\n    <\/div>\n\t\n","protected":false},"excerpt":{"rendered":"","protected":false},"author":1,"featured_media":0,"parent":0,"menu_order":0,"comment_status":"closed","ping_status":"closed","template":"","meta":{"_acf_changed":false,"footnotes":""},"class_list":["post-536","page","type-page","status-publish","hentry"],"acf":[],"yoast_head":"<!-- This site is optimized with the Yoast SEO Premium plugin v26.8 (Yoast SEO v27.4) - https:\/\/yoast.com\/product\/yoast-seo-premium-wordpress\/ -->\n<title>Einzigartige Aromen im Zentrum von Krakau | Grand Ascot Hotel<\/title>\n<meta name=\"description\" content=\"Einzigartige Aromen im Zentrum von Krakau. Im Four Restaurant verw\u00f6hnen wir Sie mit allen Sinnen - hier finden Sie Klassiker der polnischen K\u00fcche und Gerichte aus den bekanntesten europ\u00e4ischen St\u00e4dten. Eine gro\u00dfz\u00fcgige Auswahl an Spirituosen und Softdrinks wird sowohl G\u00e4ste, die klassische Geschmacksrichtungen suchen, als auch solche, die unerwartete Kombinationen sch\u00e4tzen, befriedigen.\" \/>\n<meta name=\"robots\" content=\"index, follow, max-snippet:-1, max-image-preview:large, max-video-preview:-1\" \/>\n<link rel=\"canonical\" href=\"https:\/\/grandascot.pl\/de\/bar-und-restaurant\/\" \/>\n<meta property=\"og:locale\" content=\"de_DE\" \/>\n<meta property=\"og:type\" content=\"article\" \/>\n<meta property=\"og:title\" content=\"Grand Ascot Hotel - Einzigartige Aromen im Zentrum von Krakau\" \/>\n<meta property=\"og:description\" content=\"Einzigartige Aromen im Zentrum von Krakau. Im Four Restaurant verw\u00f6hnen wir Sie mit allen Sinnen - hier finden Sie Klassiker der polnischen K\u00fcche und Gerichte aus den bekanntesten europ\u00e4ischen St\u00e4dten. Eine gro\u00dfz\u00fcgige Auswahl an Spirituosen und Softdrinks wird sowohl G\u00e4ste, die klassische Geschmacksrichtungen suchen, als auch solche, die unerwartete Kombinationen sch\u00e4tzen, befriedigen.\" \/>\n<meta property=\"og:url\" content=\"https:\/\/grandascot.pl\/de\/bar-und-restaurant\/\" \/>\n<meta property=\"og:site_name\" content=\"Grand Ascot Hotel\" \/>\n<meta property=\"article:publisher\" content=\"https:\/\/www.facebook.com\/grandascothotel\/\" \/>\n<meta property=\"article:modified_time\" content=\"2025-11-05T15:34:09+00:00\" \/>\n<meta property=\"og:image\" content=\"https:\/\/grandascot.pl\/wp-content\/uploads\/2017\/07\/PM_04133.jpg\" \/>\n<meta name=\"twitter:card\" content=\"summary_large_image\" \/>\n<meta name=\"twitter:title\" content=\"Grand Ascot Hotel - Einzigartige Aromen im Zentrum von Krakau\" \/>\n<meta name=\"twitter:site\" content=\"@GrandAscot\" \/>\n<meta name=\"twitter:label1\" content=\"Gesch\u00e4tzte Lesezeit\" \/>\n\t<meta name=\"twitter:data1\" content=\"2\u00a0Minute\" \/>\n<script type=\"application\/ld+json\" class=\"yoast-schema-graph\">{\"@context\":\"https:\\\/\\\/schema.org\",\"@graph\":[{\"@type\":\"WebPage\",\"@id\":\"https:\\\/\\\/grandascot.pl\\\/de\\\/bar-und-restaurant\\\/\",\"url\":\"https:\\\/\\\/grandascot.pl\\\/de\\\/bar-und-restaurant\\\/\",\"name\":\"Einzigartige Aromen im Zentrum von Krakau | Grand Ascot Hotel\",\"isPartOf\":{\"@id\":\"https:\\\/\\\/grandascot.pl\\\/#website\"},\"datePublished\":\"2017-07-17T00:02:39+00:00\",\"dateModified\":\"2025-11-05T15:34:09+00:00\",\"description\":\"Einzigartige Aromen im Zentrum von Krakau. Im Four Restaurant verw\u00f6hnen wir Sie mit allen Sinnen - hier finden Sie Klassiker der polnischen K\u00fcche und Gerichte aus den bekanntesten europ\u00e4ischen St\u00e4dten. Eine gro\u00dfz\u00fcgige Auswahl an Spirituosen und Softdrinks wird sowohl G\u00e4ste, die klassische Geschmacksrichtungen suchen, als auch solche, die unerwartete Kombinationen sch\u00e4tzen, befriedigen.\",\"breadcrumb\":{\"@id\":\"https:\\\/\\\/grandascot.pl\\\/de\\\/bar-und-restaurant\\\/#breadcrumb\"},\"inLanguage\":\"de\",\"potentialAction\":[{\"@type\":\"ReadAction\",\"target\":[\"https:\\\/\\\/grandascot.pl\\\/de\\\/bar-und-restaurant\\\/\"]}]},{\"@type\":\"BreadcrumbList\",\"@id\":\"https:\\\/\\\/grandascot.pl\\\/de\\\/bar-und-restaurant\\\/#breadcrumb\",\"itemListElement\":[{\"@type\":\"ListItem\",\"position\":1,\"name\":\"Strona g\u0142\u00f3wna\",\"item\":\"https:\\\/\\\/grandascot.pl\\\/de\\\/\"},{\"@type\":\"ListItem\",\"position\":2,\"name\":\"Restaurant Four in Krakau\"}]},{\"@type\":\"WebSite\",\"@id\":\"https:\\\/\\\/grandascot.pl\\\/#website\",\"url\":\"https:\\\/\\\/grandascot.pl\\\/\",\"name\":\"Grand Ascot Hotel\",\"description\":\"Twoje miejsce w sercu Krakowa\",\"publisher\":{\"@id\":\"https:\\\/\\\/grandascot.pl\\\/#organization\"},\"potentialAction\":[{\"@type\":\"SearchAction\",\"target\":{\"@type\":\"EntryPoint\",\"urlTemplate\":\"https:\\\/\\\/grandascot.pl\\\/?s={search_term_string}\"},\"query-input\":{\"@type\":\"PropertyValueSpecification\",\"valueRequired\":true,\"valueName\":\"search_term_string\"}}],\"inLanguage\":\"de\"},{\"@type\":\"Organization\",\"@id\":\"https:\\\/\\\/grandascot.pl\\\/#organization\",\"name\":\"Grand Ascot Hotel\",\"url\":\"https:\\\/\\\/grandascot.pl\\\/\",\"logo\":{\"@type\":\"ImageObject\",\"inLanguage\":\"de\",\"@id\":\"https:\\\/\\\/grandascot.pl\\\/#\\\/schema\\\/logo\\\/image\\\/\",\"url\":\"https:\\\/\\\/grandascot.pl\\\/wp-content\\\/uploads\\\/2017\\\/12\\\/Grand-Ascot-logo-04.jpg\",\"contentUrl\":\"https:\\\/\\\/grandascot.pl\\\/wp-content\\\/uploads\\\/2017\\\/12\\\/Grand-Ascot-logo-04.jpg\",\"width\":1667,\"height\":1667,\"caption\":\"Grand Ascot Hotel\"},\"image\":{\"@id\":\"https:\\\/\\\/grandascot.pl\\\/#\\\/schema\\\/logo\\\/image\\\/\"},\"sameAs\":[\"https:\\\/\\\/www.facebook.com\\\/grandascothotel\\\/\",\"https:\\\/\\\/x.com\\\/GrandAscot\",\"https:\\\/\\\/www.instagram.com\\\/grandascot\\\/\",\"https:\\\/\\\/www.linkedin.com\\\/in\\\/grandascothotel\",\"https:\\\/\\\/www.youtube.com\\\/channel\\\/UCg9pe9yfqzzna8MahLl5PMQ\\\/\"]}]}<\/script>\n<!-- \/ Yoast SEO Premium plugin. -->","yoast_head_json":{"title":"Einzigartige Aromen im Zentrum von Krakau | Grand Ascot Hotel","description":"Einzigartige Aromen im Zentrum von Krakau. Im Four Restaurant verw\u00f6hnen wir Sie mit allen Sinnen - hier finden Sie Klassiker der polnischen K\u00fcche und Gerichte aus den bekanntesten europ\u00e4ischen St\u00e4dten. Eine gro\u00dfz\u00fcgige Auswahl an Spirituosen und Softdrinks wird sowohl G\u00e4ste, die klassische Geschmacksrichtungen suchen, als auch solche, die unerwartete Kombinationen sch\u00e4tzen, befriedigen.","robots":{"index":"index","follow":"follow","max-snippet":"max-snippet:-1","max-image-preview":"max-image-preview:large","max-video-preview":"max-video-preview:-1"},"canonical":"https:\/\/grandascot.pl\/de\/bar-und-restaurant\/","og_locale":"de_DE","og_type":"article","og_title":"Grand Ascot Hotel - Einzigartige Aromen im Zentrum von Krakau","og_description":"Einzigartige Aromen im Zentrum von Krakau. Im Four Restaurant verw\u00f6hnen wir Sie mit allen Sinnen - hier finden Sie Klassiker der polnischen K\u00fcche und Gerichte aus den bekanntesten europ\u00e4ischen St\u00e4dten. Eine gro\u00dfz\u00fcgige Auswahl an Spirituosen und Softdrinks wird sowohl G\u00e4ste, die klassische Geschmacksrichtungen suchen, als auch solche, die unerwartete Kombinationen sch\u00e4tzen, befriedigen.","og_url":"https:\/\/grandascot.pl\/de\/bar-und-restaurant\/","og_site_name":"Grand Ascot Hotel","article_publisher":"https:\/\/www.facebook.com\/grandascothotel\/","article_modified_time":"2025-11-05T15:34:09+00:00","og_image":[{"url":"https:\/\/grandascot.pl\/wp-content\/uploads\/2017\/07\/PM_04133.jpg","type":"","width":"","height":""}],"twitter_card":"summary_large_image","twitter_title":"Grand Ascot Hotel - Einzigartige Aromen im Zentrum von Krakau","twitter_site":"@GrandAscot","twitter_misc":{"Gesch\u00e4tzte Lesezeit":"2\u00a0Minute"},"schema":{"@context":"https:\/\/schema.org","@graph":[{"@type":"WebPage","@id":"https:\/\/grandascot.pl\/de\/bar-und-restaurant\/","url":"https:\/\/grandascot.pl\/de\/bar-und-restaurant\/","name":"Einzigartige Aromen im Zentrum von Krakau | Grand Ascot Hotel","isPartOf":{"@id":"https:\/\/grandascot.pl\/#website"},"datePublished":"2017-07-17T00:02:39+00:00","dateModified":"2025-11-05T15:34:09+00:00","description":"Einzigartige Aromen im Zentrum von Krakau. Im Four Restaurant verw\u00f6hnen wir Sie mit allen Sinnen - hier finden Sie Klassiker der polnischen K\u00fcche und Gerichte aus den bekanntesten europ\u00e4ischen St\u00e4dten. Eine gro\u00dfz\u00fcgige Auswahl an Spirituosen und Softdrinks wird sowohl G\u00e4ste, die klassische Geschmacksrichtungen suchen, als auch solche, die unerwartete Kombinationen sch\u00e4tzen, befriedigen.","breadcrumb":{"@id":"https:\/\/grandascot.pl\/de\/bar-und-restaurant\/#breadcrumb"},"inLanguage":"de","potentialAction":[{"@type":"ReadAction","target":["https:\/\/grandascot.pl\/de\/bar-und-restaurant\/"]}]},{"@type":"BreadcrumbList","@id":"https:\/\/grandascot.pl\/de\/bar-und-restaurant\/#breadcrumb","itemListElement":[{"@type":"ListItem","position":1,"name":"Strona g\u0142\u00f3wna","item":"https:\/\/grandascot.pl\/de\/"},{"@type":"ListItem","position":2,"name":"Restaurant Four in Krakau"}]},{"@type":"WebSite","@id":"https:\/\/grandascot.pl\/#website","url":"https:\/\/grandascot.pl\/","name":"Grand Ascot Hotel","description":"Twoje miejsce w sercu Krakowa","publisher":{"@id":"https:\/\/grandascot.pl\/#organization"},"potentialAction":[{"@type":"SearchAction","target":{"@type":"EntryPoint","urlTemplate":"https:\/\/grandascot.pl\/?s={search_term_string}"},"query-input":{"@type":"PropertyValueSpecification","valueRequired":true,"valueName":"search_term_string"}}],"inLanguage":"de"},{"@type":"Organization","@id":"https:\/\/grandascot.pl\/#organization","name":"Grand Ascot Hotel","url":"https:\/\/grandascot.pl\/","logo":{"@type":"ImageObject","inLanguage":"de","@id":"https:\/\/grandascot.pl\/#\/schema\/logo\/image\/","url":"https:\/\/grandascot.pl\/wp-content\/uploads\/2017\/12\/Grand-Ascot-logo-04.jpg","contentUrl":"https:\/\/grandascot.pl\/wp-content\/uploads\/2017\/12\/Grand-Ascot-logo-04.jpg","width":1667,"height":1667,"caption":"Grand Ascot Hotel"},"image":{"@id":"https:\/\/grandascot.pl\/#\/schema\/logo\/image\/"},"sameAs":["https:\/\/www.facebook.com\/grandascothotel\/","https:\/\/x.com\/GrandAscot","https:\/\/www.instagram.com\/grandascot\/","https:\/\/www.linkedin.com\/in\/grandascothotel","https:\/\/www.youtube.com\/channel\/UCg9pe9yfqzzna8MahLl5PMQ\/"]}]}},"_links":{"self":[{"href":"https:\/\/grandascot.pl\/de\/wp-json\/wp\/v2\/pages\/536","targetHints":{"allow":["GET"]}}],"collection":[{"href":"https:\/\/grandascot.pl\/de\/wp-json\/wp\/v2\/pages"}],"about":[{"href":"https:\/\/grandascot.pl\/de\/wp-json\/wp\/v2\/types\/page"}],"author":[{"embeddable":true,"href":"https:\/\/grandascot.pl\/de\/wp-json\/wp\/v2\/users\/1"}],"replies":[{"embeddable":true,"href":"https:\/\/grandascot.pl\/de\/wp-json\/wp\/v2\/comments?post=536"}],"version-history":[{"count":16,"href":"https:\/\/grandascot.pl\/de\/wp-json\/wp\/v2\/pages\/536\/revisions"}],"predecessor-version":[{"id":8611,"href":"https:\/\/grandascot.pl\/de\/wp-json\/wp\/v2\/pages\/536\/revisions\/8611"}],"wp:attachment":[{"href":"https:\/\/grandascot.pl\/de\/wp-json\/wp\/v2\/media?parent=536"}],"curies":[{"name":"wp","href":"https:\/\/api.w.org\/{rel}","templated":true}]}}