{"id":1171,"date":"2019-03-27T13:44:01","date_gmt":"2019-03-27T12:44:01","guid":{"rendered":"http:\/\/grandascot.pl\/?page_id=1171"},"modified":"2025-12-05T17:29:31","modified_gmt":"2025-12-05T16:29:31","slug":"sonderangebote","status":"publish","type":"page","link":"https:\/\/grandascot.pl\/de\/sonderangebote\/","title":{"rendered":"Sonderangebote und Aktionen \u2013 Hotel in Krakau"},"content":{"rendered":"","protected":false},"excerpt":{"rendered":"","protected":false},"author":1,"featured_media":0,"parent":0,"menu_order":0,"comment_status":"closed","ping_status":"closed","template":"","meta":{"_acf_changed":false,"footnotes":""},"class_list":["post-1171","page","type-page","status-publish","hentry"],"acf":[],"yoast_head":"<!-- This site is optimized with the Yoast SEO Premium plugin v26.8 (Yoast SEO v27.4) - https:\/\/yoast.com\/product\/yoast-seo-premium-wordpress\/ -->\n<title>Sonderangebote und Aktionen | Krakauer Altstadt | Grand Ascot Hotel<\/title>\n<meta name=\"description\" content=\"Unsere Sonderangebote bieten Ihnen besonders g\u00fcnstige Buchungsbedingungen. Planen Sie Ihren Urlaub und genie\u00dfen Sie einen preiswerteren Aufenthalt im Zentrum von Krakau, in unmittelbarer N\u00e4he der wichtigsten Sehensw\u00fcrdigkeiten.\" \/>\n<meta name=\"robots\" content=\"index, follow, max-snippet:-1, max-image-preview:large, max-video-preview:-1\" \/>\n<link rel=\"canonical\" href=\"https:\/\/grandascot.pl\/de\/sonderangebote\/\" \/>\n<meta property=\"og:locale\" content=\"de_DE\" \/>\n<meta property=\"og:type\" content=\"article\" \/>\n<meta property=\"og:title\" content=\"Sonderangebote und Aktionen \u2013 Hotel in Krakau\" \/>\n<meta property=\"og:description\" content=\"Unsere Sonderangebote bieten Ihnen besonders g\u00fcnstige Buchungsbedingungen. Planen Sie Ihren Urlaub und genie\u00dfen Sie einen preiswerteren Aufenthalt im Zentrum von Krakau, in unmittelbarer N\u00e4he der wichtigsten Sehensw\u00fcrdigkeiten.\" \/>\n<meta property=\"og:url\" content=\"https:\/\/grandascot.pl\/de\/sonderangebote\/\" \/>\n<meta property=\"og:site_name\" content=\"Grand Ascot Hotel\" \/>\n<meta property=\"article:publisher\" content=\"https:\/\/www.facebook.com\/grandascothotel\/\" \/>\n<meta property=\"article:modified_time\" content=\"2025-12-05T16:29:31+00:00\" \/>\n<meta name=\"twitter:card\" content=\"summary_large_image\" \/>\n<meta name=\"twitter:site\" content=\"@GrandAscot\" \/>\n<script type=\"application\/ld+json\" class=\"yoast-schema-graph\">{\"@context\":\"https:\\\/\\\/schema.org\",\"@graph\":[{\"@type\":\"WebPage\",\"@id\":\"https:\\\/\\\/grandascot.pl\\\/de\\\/sonderangebote\\\/\",\"url\":\"https:\\\/\\\/grandascot.pl\\\/de\\\/sonderangebote\\\/\",\"name\":\"Sonderangebote und Aktionen | Krakauer Altstadt | Grand Ascot Hotel\",\"isPartOf\":{\"@id\":\"https:\\\/\\\/grandascot.pl\\\/#website\"},\"datePublished\":\"2019-03-27T12:44:01+00:00\",\"dateModified\":\"2025-12-05T16:29:31+00:00\",\"description\":\"Unsere Sonderangebote bieten Ihnen besonders g\u00fcnstige Buchungsbedingungen. Planen Sie Ihren Urlaub und genie\u00dfen Sie einen preiswerteren Aufenthalt im Zentrum von Krakau, in unmittelbarer N\u00e4he der wichtigsten Sehensw\u00fcrdigkeiten.\",\"breadcrumb\":{\"@id\":\"https:\\\/\\\/grandascot.pl\\\/de\\\/sonderangebote\\\/#breadcrumb\"},\"inLanguage\":\"de\",\"potentialAction\":[{\"@type\":\"ReadAction\",\"target\":[\"https:\\\/\\\/grandascot.pl\\\/de\\\/sonderangebote\\\/\"]}]},{\"@type\":\"BreadcrumbList\",\"@id\":\"https:\\\/\\\/grandascot.pl\\\/de\\\/sonderangebote\\\/#breadcrumb\",\"itemListElement\":[{\"@type\":\"ListItem\",\"position\":1,\"name\":\"Strona g\u0142\u00f3wna\",\"item\":\"https:\\\/\\\/grandascot.pl\\\/de\\\/\"},{\"@type\":\"ListItem\",\"position\":2,\"name\":\"Sonderangebote und Aktionen \u2013 Hotel in Krakau\"}]},{\"@type\":\"WebSite\",\"@id\":\"https:\\\/\\\/grandascot.pl\\\/#website\",\"url\":\"https:\\\/\\\/grandascot.pl\\\/\",\"name\":\"Grand Ascot Hotel\",\"description\":\"Twoje miejsce w sercu Krakowa\",\"publisher\":{\"@id\":\"https:\\\/\\\/grandascot.pl\\\/#organization\"},\"potentialAction\":[{\"@type\":\"SearchAction\",\"target\":{\"@type\":\"EntryPoint\",\"urlTemplate\":\"https:\\\/\\\/grandascot.pl\\\/?s={search_term_string}\"},\"query-input\":{\"@type\":\"PropertyValueSpecification\",\"valueRequired\":true,\"valueName\":\"search_term_string\"}}],\"inLanguage\":\"de\"},{\"@type\":\"Organization\",\"@id\":\"https:\\\/\\\/grandascot.pl\\\/#organization\",\"name\":\"Grand Ascot Hotel\",\"url\":\"https:\\\/\\\/grandascot.pl\\\/\",\"logo\":{\"@type\":\"ImageObject\",\"inLanguage\":\"de\",\"@id\":\"https:\\\/\\\/grandascot.pl\\\/#\\\/schema\\\/logo\\\/image\\\/\",\"url\":\"https:\\\/\\\/grandascot.pl\\\/wp-content\\\/uploads\\\/2017\\\/12\\\/Grand-Ascot-logo-04.jpg\",\"contentUrl\":\"https:\\\/\\\/grandascot.pl\\\/wp-content\\\/uploads\\\/2017\\\/12\\\/Grand-Ascot-logo-04.jpg\",\"width\":1667,\"height\":1667,\"caption\":\"Grand Ascot Hotel\"},\"image\":{\"@id\":\"https:\\\/\\\/grandascot.pl\\\/#\\\/schema\\\/logo\\\/image\\\/\"},\"sameAs\":[\"https:\\\/\\\/www.facebook.com\\\/grandascothotel\\\/\",\"https:\\\/\\\/x.com\\\/GrandAscot\",\"https:\\\/\\\/www.instagram.com\\\/grandascot\\\/\",\"https:\\\/\\\/www.linkedin.com\\\/in\\\/grandascothotel\",\"https:\\\/\\\/www.youtube.com\\\/channel\\\/UCg9pe9yfqzzna8MahLl5PMQ\\\/\"]}]}<\/script>\n<!-- \/ Yoast SEO Premium plugin. -->","yoast_head_json":{"title":"Sonderangebote und Aktionen | Krakauer Altstadt | Grand Ascot Hotel","description":"Unsere Sonderangebote bieten Ihnen besonders g\u00fcnstige Buchungsbedingungen. Planen Sie Ihren Urlaub und genie\u00dfen Sie einen preiswerteren Aufenthalt im Zentrum von Krakau, in unmittelbarer N\u00e4he der wichtigsten Sehensw\u00fcrdigkeiten.","robots":{"index":"index","follow":"follow","max-snippet":"max-snippet:-1","max-image-preview":"max-image-preview:large","max-video-preview":"max-video-preview:-1"},"canonical":"https:\/\/grandascot.pl\/de\/sonderangebote\/","og_locale":"de_DE","og_type":"article","og_title":"Sonderangebote und Aktionen \u2013 Hotel in Krakau","og_description":"Unsere Sonderangebote bieten Ihnen besonders g\u00fcnstige Buchungsbedingungen. Planen Sie Ihren Urlaub und genie\u00dfen Sie einen preiswerteren Aufenthalt im Zentrum von Krakau, in unmittelbarer N\u00e4he der wichtigsten Sehensw\u00fcrdigkeiten.","og_url":"https:\/\/grandascot.pl\/de\/sonderangebote\/","og_site_name":"Grand Ascot Hotel","article_publisher":"https:\/\/www.facebook.com\/grandascothotel\/","article_modified_time":"2025-12-05T16:29:31+00:00","twitter_card":"summary_large_image","twitter_site":"@GrandAscot","schema":{"@context":"https:\/\/schema.org","@graph":[{"@type":"WebPage","@id":"https:\/\/grandascot.pl\/de\/sonderangebote\/","url":"https:\/\/grandascot.pl\/de\/sonderangebote\/","name":"Sonderangebote und Aktionen | Krakauer Altstadt | Grand Ascot Hotel","isPartOf":{"@id":"https:\/\/grandascot.pl\/#website"},"datePublished":"2019-03-27T12:44:01+00:00","dateModified":"2025-12-05T16:29:31+00:00","description":"Unsere Sonderangebote bieten Ihnen besonders g\u00fcnstige Buchungsbedingungen. Planen Sie Ihren Urlaub und genie\u00dfen Sie einen preiswerteren Aufenthalt im Zentrum von Krakau, in unmittelbarer N\u00e4he der wichtigsten Sehensw\u00fcrdigkeiten.","breadcrumb":{"@id":"https:\/\/grandascot.pl\/de\/sonderangebote\/#breadcrumb"},"inLanguage":"de","potentialAction":[{"@type":"ReadAction","target":["https:\/\/grandascot.pl\/de\/sonderangebote\/"]}]},{"@type":"BreadcrumbList","@id":"https:\/\/grandascot.pl\/de\/sonderangebote\/#breadcrumb","itemListElement":[{"@type":"ListItem","position":1,"name":"Strona g\u0142\u00f3wna","item":"https:\/\/grandascot.pl\/de\/"},{"@type":"ListItem","position":2,"name":"Sonderangebote und Aktionen \u2013 Hotel in Krakau"}]},{"@type":"WebSite","@id":"https:\/\/grandascot.pl\/#website","url":"https:\/\/grandascot.pl\/","name":"Grand Ascot Hotel","description":"Twoje miejsce w sercu Krakowa","publisher":{"@id":"https:\/\/grandascot.pl\/#organization"},"potentialAction":[{"@type":"SearchAction","target":{"@type":"EntryPoint","urlTemplate":"https:\/\/grandascot.pl\/?s={search_term_string}"},"query-input":{"@type":"PropertyValueSpecification","valueRequired":true,"valueName":"search_term_string"}}],"inLanguage":"de"},{"@type":"Organization","@id":"https:\/\/grandascot.pl\/#organization","name":"Grand Ascot Hotel","url":"https:\/\/grandascot.pl\/","logo":{"@type":"ImageObject","inLanguage":"de","@id":"https:\/\/grandascot.pl\/#\/schema\/logo\/image\/","url":"https:\/\/grandascot.pl\/wp-content\/uploads\/2017\/12\/Grand-Ascot-logo-04.jpg","contentUrl":"https:\/\/grandascot.pl\/wp-content\/uploads\/2017\/12\/Grand-Ascot-logo-04.jpg","width":1667,"height":1667,"caption":"Grand Ascot Hotel"},"image":{"@id":"https:\/\/grandascot.pl\/#\/schema\/logo\/image\/"},"sameAs":["https:\/\/www.facebook.com\/grandascothotel\/","https:\/\/x.com\/GrandAscot","https:\/\/www.instagram.com\/grandascot\/","https:\/\/www.linkedin.com\/in\/grandascothotel","https:\/\/www.youtube.com\/channel\/UCg9pe9yfqzzna8MahLl5PMQ\/"]}]}},"_links":{"self":[{"href":"https:\/\/grandascot.pl\/de\/wp-json\/wp\/v2\/pages\/1171","targetHints":{"allow":["GET"]}}],"collection":[{"href":"https:\/\/grandascot.pl\/de\/wp-json\/wp\/v2\/pages"}],"about":[{"href":"https:\/\/grandascot.pl\/de\/wp-json\/wp\/v2\/types\/page"}],"author":[{"embeddable":true,"href":"https:\/\/grandascot.pl\/de\/wp-json\/wp\/v2\/users\/1"}],"replies":[{"embeddable":true,"href":"https:\/\/grandascot.pl\/de\/wp-json\/wp\/v2\/comments?post=1171"}],"version-history":[{"count":2,"href":"https:\/\/grandascot.pl\/de\/wp-json\/wp\/v2\/pages\/1171\/revisions"}],"predecessor-version":[{"id":8819,"href":"https:\/\/grandascot.pl\/de\/wp-json\/wp\/v2\/pages\/1171\/revisions\/8819"}],"wp:attachment":[{"href":"https:\/\/grandascot.pl\/de\/wp-json\/wp\/v2\/media?parent=1171"}],"curies":[{"name":"wp","href":"https:\/\/api.w.org\/{rel}","templated":true}]}}