{"id":1097,"date":"2018-06-28T15:12:27","date_gmt":"2018-06-28T13:12:27","guid":{"rendered":"http:\/\/grandascot.pl\/?page_id=1097"},"modified":"2024-03-12T19:15:13","modified_gmt":"2024-03-12T18:15:13","slug":"datenschutzrichtlinie","status":"publish","type":"page","link":"https:\/\/grandascot.pl\/de\/datenschutzrichtlinie\/","title":{"rendered":"Datenschutzrichtlinie"},"content":{"rendered":"<h2>1. Allgemeine Informationen<\/h2>\n<ol>\n<li>Der Betreiber des Service\u00a0<a href=\"https:\/\/grandascot.pl\/de\">grandascot.pl<\/a> (im Folgenden: Service) und der Verantwortliche der personenbezogenen Daten, die im Service gesammelt werden ist Grand Ascot Wrzecionek Sp\u00f3\u0142ka Jawna mit dem Sitz in Krak\u00f3w (31-123) an der Stra\u00dfe ul. J\u00f3zefa Szujskiego 4, eingetragen in das Unternehmerregister gef\u00fchrt durch das Amtsgericht f\u00fcr Krak\u00f3w \u2013 \u015ar\u00f3dmie\u015bcie in Krak\u00f3w, XI Wirtschaftsabteilung des Landesgerichtsregisters unter der Nummer KRS 0000768091 (im Folgenden: Servicebetreiber genannt).<\/li>\n<li>Der Servicebetreiber gew\u00e4hrleistet die \u00dcbereinstimmung der Verarbeitung personenbezogener Daten der Servicebenutzer (im Folgenden Benutzer) mit den geltenden Rechtsvorschriften, darunter mit der Verordnung (EU) 2016\/679 des Europ\u00e4ischen Parlaments und des Rates vom 27. April 2016 zum Schutz nat\u00fcrlicher Personen bei der Verarbeitung personenbezogener Daten.<\/li>\n<li>Der Service f\u00fchrt Funktionen zur Ansammlung von Informationen \u00fcber Benutzer und deren Verhalten auf folgende Weise aus:\n<ul>\n<li>durch freiwillige Eingabe von Informationen in Formularen,<\/li>\n<li>durch Speichern auf den Endger\u00e4ten der Cookies (sogenannte \u201eCookies\u201c),<\/li>\n<li>durch Sammeln von Protokollen eines Web-Servers, der unter\u00a0<a href=\"https:\/\/grandascot.pl\/de\">grandascot.pl<\/a>\u00a0funktioniert<\/li>\n<\/ul>\n<\/li>\n<li>Die Website enth\u00e4lt auch Links zu sozialen Netzwerken. Um sich mit den Datenschutzrichtlinien dieser Portale vertraut zu machen, empfehlen wir Ihnen, die Websites der Rechtssubjekte zu besuchen, die diese Service betreiben.<\/li>\n<li>Die Website trifft keine automatisierten Entscheidungen auf der Grundlage personenbezogener Daten durch und f\u00fchrt auch keine Profilierung aus.<\/li>\n<\/ol>\n<h2>2. Informationen in Formularen<\/h2>\n<ol>\n<li>Der Service sammelt Informationen, die der Nutzer freiwillig zur Verf\u00fcgung stellt.<\/li>\n<li>Der Service kann auch Informationen \u00fcber Verbindungsparameter (Zeitstempel, IP-Adresse) speichern.<\/li>\n<li>Die im Formular angegebenen Daten werden zu dem Zweck verarbeitet, der sich aus der Funktion eines bestimmten Formulars ergibt, z. B. zwecks Bearbeitung der Buchung von Hoteldienstleistungen und zus\u00e4tzlichen Dienstleistungen, Anfragen zur Zug\u00e4nglichkeit, Gesch\u00e4ftskontakt und Zahlungsabwicklung.<\/li>\n<\/ol>\n<h2>3. Zweck der Datenverarbeitung<\/h2>\n<ol>\n<li>Die Bereitstellung personenbezogener Daten durch den Benutzer ist freiwillig, aber notwendig, um eine Anfrage zur Verf\u00fcgbarkeit zu stellen, Dienstleistungen zu buchen und diese auszuf\u00fchren, in einem vom Servicebetreiber betriebenen Hotel einzuchecken (im Folgenden: Hotel), Dienstleistungen auf dem Hotelgel\u00e4nde zu erbringen, Fragen zu Dienstleistungen zu beantworten. Die Bereitstellung personenbezogener Daten ist eine vertragliche und gesetzliche Voraussetzung (bei der Dokumentation der Dienstleistung mit einer Rechnung mit ausgewiesener Mehrwertsteuer). Wenn keine personenbezogenen Daten angegeben werden, ist es nicht m\u00f6glich, eine Buchung vorzunehmen, einen Vertrag mit dem Hotel zu schlie\u00dfen, im Hotel einzuchecken, eine Rechnung auszustellen und zus\u00e4tzliche Dienstleistungen des Hotels zu erbringen.<\/li>\n<li>Die personenbezogenen Daten der Benutzer werden vom Servicebetreiber f\u00fcr Zwecke der Bereitstellung von Hoteldienstleistungen oder \u00e4hnlichen Dienstleistungen verarbeitet, die auf Wunsch des Benutzers im Hotel bereitgestellt werden, insbesondere zu folgenden Zwecken:\n<ul>\n<li>eine Anfrage \u00fcber die Verf\u00fcgbarkeit von Dienstleistungen zu stellen,<\/li>\n<li>das Erteilen von Antworten auf Fragen zu Dienstleistungen und deren Ausf\u00fchrung erm\u00f6glichen,<\/li>\n<li>Ausf\u00fchrung der Buchung von Dienstleistungen,<\/li>\n<li>Ausf\u00fchrung aller Dienstleistungen, die auf dem Hotelgel\u00e4nde erbracht werden,<\/li>\n<li>Gew\u00e4hrleistung der Sicherheit,<\/li>\n<li>der Abschluss oder die Ausf\u00fchrung eines Vertrags, deren Vertragspartei der Benutzer ist oder auf Verlangen des Benutzers vor Abschluss eines Vertrags t\u00e4tig zu werden, \u00dcbermittlung kommerzieller Informationen mittels elektronischer Kommunikation,<\/li>\n<li>Dokumentation der Erbringung von Dienstleistungen f\u00fcr Steuerzwecke,<\/li>\n<li>Geltendmachung von Anspr\u00fcchen,<\/li>\n<li>Erf\u00fcllung der rechtlichen Verpflichtung des Servicebetreibers,<\/li>\n<li>Senden von Werbe- und Marketingangeboten, wenn der Benutzer der Verarbeitung personenbezogener Daten zu Marketingzwecken zugestimmt hat.<\/li>\n<\/ul>\n<\/li>\n<li>Personenbezogene Daten k\u00f6nnen auch durch Video\u00fcberwachung verarbeitet werden, die vom Hotel zum Schutz des Eigentums und der Sicherheit von Hotelg\u00e4sten und Personen, die sich auf dem Hotelgel\u00e4nde aufhalten, verwendet wird. Die gesetzliche Grundlage f\u00fcr die Datenverarbeitung durch \u00dcberwachung ist der Schutz der lebenswichtigen Interessen von Hotelg\u00e4sten und anderen nat\u00fcrlichen Personen sowie das berechtigte Interesse des Servicebetreibers.<\/li>\n<\/ol>\n<h2>4. \u00dcbermittlung, Speicherung und Zugriff auf die Daten<\/h2>\n<ol>\n<li>Die Benutzerdaten werden nur im gesetzlich zul\u00e4ssigen Rahmen an Dritte weitergegeben.<\/li>\n<li>Die personenbezogenen Daten des Benutzers k\u00f6nnen insbesondere folgenden Empf\u00e4ngerkategorien zug\u00e4nglich gemacht werden:\n<ul>\n<li>Buchhaltungsunternehmen, Versicherungsunternehmen und Anwaltskanzleien, die mit dem Servicebetreiber zusammenarbeiten,<\/li>\n<li>Kurier- und Postunternehmen,<\/li>\n<li>Reiseb\u00fcros, die mit dem Servicebetreiber zusammenarbeiten,<\/li>\n<li>Hosting-Unternehmen, IT-Unternehmen und Unternehmen, die Unterst\u00fctzung bei der Verwaltung der IT-Infrastruktur des Servicebetreibers leisten,<\/li>\n<li>Rechtssubjekten, die an Unterst\u00fctzungsprozessen zur Durchf\u00fchrung von Hoteldienstleistungen beteiligt sind, einschlie\u00dflich Zahlungsdienstleistungen, elektronisch erbrachte Dienstleistungen,<\/li>\n<li>Mitarbeitern des Servicebetreibers, die Dienstleistungen erbringen, insbesondere solche im Zusammenhang mit Direktbedienung und Ausf\u00fchrung der Buchung,<\/li>\n<li>\u00f6ffentlichen Beh\u00f6rden oder Rechtssubjekten, die \u00f6ffentliche Aufgaben ausf\u00fchren, die berechtigt sind, personenbezogene Daten gem\u00e4\u00df den einschl\u00e4gigen Bestimmungen zu erhalten.<\/li>\n<\/ul>\n<\/li>\n<li>Der Servicebetreiber \u00fcbermittelt die Benutzerdaten nicht zu Marketingzwecke an Dritte, er \u00fcbermittelt die Daten auch nicht an Rechtssubjekte aus L\u00e4ndern au\u00dferhalb der Europ\u00e4ischen Union, es sei denn, diese L\u00e4nder garantieren einen gleichwertigen Schutz personenbezogener Daten.<\/li>\n<li>Der Servicebetreiber kooperiert mit Portalen zur Buchung von Online-Unterk\u00fcnften (z. <a href=\"https:\/\/www.booking.com\">booking.com<\/a>) und ist f\u00fcr den Inhalt der Seite verantwortlich, damit Hoteldienstleistungen direkt \u00fcber solche Portale gebucht werden k\u00f6nnen, Reservierungen werden aber von Buchungsportalen bearbeitet. Somit werden die Informationen, die von Benutzern auf den Buchungsportalen bereitgestellt werden, diesen Websites und ihren verbundenen Partnern zur Verf\u00fcgung gestellt.<\/li>\n<li>Wenn der Benutzer die Erlaubnis zur Verarbeitung von Daten erteilt, werden diese Daten vom Servicebetreiber bis zur R\u00fccknahme des Widerrufs gespeichert. In anderen F\u00e4llen speichert der Servicebetreiber die Daten f\u00fcr die Zeit, die notwendig ist, um den Zweck zu erreichen, f\u00fcr den sie gesammelt wurden, insbesondere bis zum Ablauf der Frist f\u00fcr Steuerforderungen oder zivilrechtliche Anspr\u00fcche im Zusammenhang mit den vom Servicebetreiber erbrachten Dienstleistungen.<\/li>\n<li>Der Benutzer hat das Rechts auf Folgendes:\n<ul>\n<li>Zugang zum Inhalt seiner personenbezogenen Daten, dadurch versteht man die M\u00f6glichkeit der Abgabe bei dem Servicebetreiber einer Anfrage \u00fcber die Art der verarbeiteten Daten des Benutzers und das Erlangen von Informationen \u00fcber den Zweck, Kategorie der verarbeiteten Daten oder Empf\u00e4nger der Benutzerdaten,<\/li>\n<li>Verlangen, dass seine Daten berichtigt werden, wenn sie falsch oder unvollst\u00e4ndig sind,<\/li>\n<li>Widerruf der Einwilligung f\u00fcr die Verarbeitung von Daten jederzeit, was die Rechtm\u00e4\u00dfigkeit der Verarbeitung vor dem Widerruf der Zustimmung nicht beeintr\u00e4chtigt,<\/li>\n<li>gegen die Verarbeitung seiner Daten Einspruch zu erheben, wenn der Servicebetreiber beabsichtigt, diese zu Marketingzwecken zu bearbeiten oder diese Daten an einen anderen Datenverantwortlichen zu \u00fcbermitteln,<\/li>\n<li>Verlangen, dass seine Daten gel\u00f6scht werden, wenn diese f\u00fcr den Zweck, zu dem sie erhoben wurden, nicht mehr erforderlich sind oder der Benutzer die der Verarbeitung zugrundeliegende Zustimmung widerrufen hat und es keine andere rechtliche Grundlage f\u00fcr die Verarbeitung gibt oder die Daten werden rechtswidrig verarbeitet,<\/li>\n<li>Verlangen der Einschr\u00e4nkung der Verarbeitung seiner Daten in dem gesetzlich festgelegten Umfang und Verlangen der \u00dcbertragung seiner Daten an einen anderen Verantwortlichen oder an Sie,<\/li>\n<li>\u00a0Beschwerde bei der Aufsichtsbeh\u00f6rde \u2013 dem Pr\u00e4sidenten des Amtes f\u00fcr den Schutz personenbezogener Daten \u2013 wegen Verletzung der Vorschriften \u00fcber den Schutz personenbezogener Daten einzureichen.<\/li>\n<\/ul>\n<\/li>\n<li>F\u00fcr die Verarbeitung Ihrer personenbezogenen Daten k\u00f6nnen Sie uns unter der folgenden E-Mail-Adresse kontaktieren: <a href=\"mailto:biuro@grandascot.pl\">biuro@grandascot.pl<\/a>.<\/li>\n<\/ol>\n<h2>5. Information \u00fcber Cookie-Dateien<\/h2>\n<ol>\n<li>Der Service verwendet Cookies.<\/li>\n<li>Cookies (sog. \u201eCookies\u201c) sind IT-Daten, insbesondere Textdateien, die im Endger\u00e4t des Benutzers gespeichert werden und zur Nutzung der Webseiten des Service bestimmt sind. Cookies enthalten in der Regel den Namen der Website, von der sie stammen, ihre Speicherzeit auf dem Endger\u00e4t und eine eindeutige Nummer.<\/li>\n<li>Das Rechtssubjekt, das Cookies auf dem Endger\u00e4t des Benutzers platziert und Zugang zu ihnen erh\u00e4lt, ist der Servicebetreiber.<\/li>\n<li>Cookies werden f\u00fcr folgende Zwecke verwendet:\n<ul>\n<li>Anpassung des Inhalts der Webseiten des Service an die Pr\u00e4ferenzen des Benutzers und Optimierung der Nutzung des Service; insbesondere erlauben diese Dateien, das Ger\u00e4t des Servicebenutzers zu erkennen und die Webseite an seine individuellen Bed\u00fcrfnisse angepasst anzuzeigen,<\/li>\n<li>statistische Zwecke, wodurch die Struktur und der Inhalt des Service verbessert werden k\u00f6nnen; die Analyse der Statistiken ist anonym und erlaubt es, den Service an die vorherrschenden Trends anzupassen und wird auch verwendet, um die Popularit\u00e4t der Webseite zu bewerten,<\/li>\n<li>Aufrechterhaltung der Sitzung des Benutzers des Service (nach dem Einloggen), dank der er nicht erneut den Benutzernamen und das Passwort auf jeder Unterseite des Service eingeben muss,<\/li>\n<li>M\u00f6glichkeiten des Unternehmens von Marketingaktivit\u00e4ten.<\/li>\n<li>Je nach Zweck der Verarbeitung vertrauen wir die erhobenen Daten unseren Partnern an:<\/li>\n<ul>\n<li>Delante Marketing Sp z o.o. \u2013 zur Optimierung unserer Website grandascot.pl<\/li>\n<li>Sojern Intl Ltd \u2013 zur Nutzung von Remarketing-Tools und -Kampagnen, einschlie\u00dflich sozialer Medien<\/li>\n<li>Google LLC \u2013 zur Nutzung von Diensten wie Google Analitics, Google Tag Manager, Google Search Console<\/li>\n<li>Meta, Inc. \u2013 um Remarketing-Dienste wie Meta Pixel zu nutzen<\/li>\n<\/ul>\n<\/ul>\n<\/li>\n<li>Die Webseite verwendet zwei grundlegende Arten von Cookies: \u201eSitzungscookies\u201c (session cookies) und \u201edauerhafte\u201c Cookies (persistent cookies). \u201eSitzungscookies\u201c sind tempor\u00e4re Dateien, die auf dem Endger\u00e4t des Benutzers gespeichert werden, bis er sich ausgeloggt hat, die Webseite verlassen hat oder die Software (Webbrowser) ausschaltet. \u201eDauerhafte\u201c Cookies werden f\u00fcr die in den Cookiedatei-Parametern angegebene Zeit auf dem Endger\u00e4t des Benutzers gespeichert oder bis sie vom Benutzer gel\u00f6scht werden.<\/li>\n<li>Die Software zum Browsen von Webseiten (Webbrowser) erlaubt standardm\u00e4\u00dfig das Speichern von Cookies auf dem Endger\u00e4t des Benutzers. Die Servicebenutzer k\u00f6nnen die Einstellungen in diesem Bereich \u00e4ndern. Der Webbrowser erlaubt das L\u00f6schen von Cookies. Es ist auch m\u00f6glich, Cookies automatisch zu sperren. Detaillierte Informationen zu diesem Thema finden Sie in der Hilfe oder Dokumentation des Webbrowsers.<\/li>\n<li>Einschr\u00e4nkungen bei der Verwendung von Cookies k\u00f6nnen einige der auf der Webseite verf\u00fcgbaren Funktionen beeintr\u00e4chtigen.<\/li>\n<li>Cookies, die auf dem Endger\u00e4t des Benutzers platziert werden, k\u00f6nnen auch von den mit dem Servicebetreiber zusammenarbeitenden Werbetreibern und Partnern genutzt werden \u2013 deren Webseiten arbeiten unabh\u00e4ngig von dem Service und werden vom Servicebetreiber in keiner Weise \u00fcberwacht und der Servicebetreiber haftet nicht f\u00fcr die Verhaltensregeln mit Daten auf diesen Seiten. Wir empfehlen Ihnen sich mit der Datenschutzrichtlinien dieser Unternehmen vertraut zu machen, um sich \u00fcber die Regeln f\u00fcr die Verwendung von Cookies in den Statistiken zu informieren: Google Analytics-Datenschutzrichtlinie.<\/li>\n<li>Cookies k\u00f6nnen von Werbenetzwerken, insbesondere dem Google-Netzwerk, verwendet werden, um Werbung anzuzeigen, die auf die Art und Weise zugeschnitten ist, in der der Benutzer den Service nutzt. Zu diesem Zweck k\u00f6nnen sie Informationen \u00fcber den Navigationspfad des Benutzers oder den Zeitpunkt des Aufenthalts auf einer bestimmten Seite speichern. In Bezug auf Informationen zu Benutzerpr\u00e4ferenzen, die vom Werbenetzwerk von Google erfasst werden, kann der Nutzer Informationen, die aus Cookies resultieren, mithilfe des Tool\u00a0<a href=\"https:\/\/www.google.com\/ads\/preferences\">https:\/\/www.google.com\/ads\/preferences<\/a>\u00a0anzeigen und bearbeiten.<\/li>\n<\/ol>\n<h2>6. Serviceprotokolle<\/h2>\n<ol>\n<li>Informationen \u00fcber bestimmte Verhaltensweisen von Benutzern unterliegen der Anmeldung auf der Serverebene. Diese Daten werden nur zur Verwaltung des Service und zur Gew\u00e4hrleistung der effizientesten Bedienung der erbrachten Hosting-Dienstleistungen verwendet.<\/li>\n<li>Die durchsuchten Ressourcen werden durch URL-Adressen identifiziert. Dar\u00fcber hinaus kann Folgendes einer Speicherung unterliegen:\n<ul>\n<li>Zeit des Eintreffens der Anfrage,<\/li>\n<li>Zeit des Versendens der Antwort,<\/li>\n<li>Name der Kundenstation \u2013 Identifikation, die durch das HTTP- oder HTTPS-Protokoll ausgef\u00fchrt wird,<\/li>\n<li>Informationen \u00fcber Fehler, die bei der Ausf\u00fchrung von HTTP- oder HTTPS-Transaktionen aufgetreten sind,<\/li>\n<li>URL-Adresse der Seite, die der Nutzer zuvor besucht hat (Referrer-Link) \u2013 wenn die Website \u00fcber einen Link aufgerufen wurde,<\/li>\n<li>Informationen \u00fcber den Webbrowser des Benutzers,<\/li>\n<li>Informationen \u00fcber die IP-Adresse des Benutzers.<\/li>\n<\/ul>\n<\/li>\n<li>Die oben genannten Daten sind nicht bestimmten Personen zugeordnet, die auf der Webseite surfen.<\/li>\n<li>Die oben genannten Daten werden nur f\u00fcr die Serververwaltung verwendet.<\/li>\n<\/ol>\n<h2>7. \u00c4nderung der Datenschutzrichtlinie<\/h2>\n<p>Die Datenschutzrichtlinie wird laufend \u00fcberpr\u00fcft und bei Bedarf aktualisiert. Wir behalten uns das Recht vor, die Datenschutzrichtlinie durch Ver\u00f6ffentlichung neuer Inhalte auf unserer Website zu \u00e4ndern und zu aktualisieren, wenn dies aufgrund geltender Gesetze oder technischer Bedingungen des Funktionierens des Service erforderlich wird. Wir empfehlen Ihnen, unsere Webseite regelm\u00e4\u00dfig auf m\u00f6gliche Aktualisierungen unserer Datenschutzrichtlinie zu \u00fcberpr\u00fcfen.<\/p>\n<p>Unsere Kontaktdaten, einschlie\u00dflich Angelegenheiten im Zusammenhang mit dieser Datenschutzrichtlinie, sind in dem Reiter\u00a0<a href=\"https:\/\/grandascot.pl\/de\/kontakt\/\">Kontakt<\/a> <span style=\"font-weight: 400;\">auf der Webseite enthalten.<\/span><\/p>\n","protected":false},"excerpt":{"rendered":"<p>1. Allgemeine Informationen Der Betreiber des Service\u00a0grandascot.pl (im Folgenden: Service) und der Verantwortliche der personenbezogenen Daten, die im Service gesammelt werden ist Grand Ascot Wrzecionek Sp\u00f3\u0142ka Jawna mit dem Sitz in Krak\u00f3w (31-123) an der Stra\u00dfe ul. J\u00f3zefa Szujskiego 4, eingetragen in das Unternehmerregister gef\u00fchrt durch das Amtsgericht f\u00fcr Krak\u00f3w \u2013 \u015ar\u00f3dmie\u015bcie in Krak\u00f3w, XI [&hellip;]<\/p>\n","protected":false},"author":2,"featured_media":0,"parent":0,"menu_order":0,"comment_status":"closed","ping_status":"closed","template":"polityka-prywatnosci.php","meta":{"_acf_changed":false,"footnotes":""},"class_list":["post-1097","page","type-page","status-publish","hentry"],"acf":[],"yoast_head":"<!-- This site is optimized with the Yoast SEO Premium plugin v26.8 (Yoast SEO v27.4) - https:\/\/yoast.com\/product\/yoast-seo-premium-wordpress\/ -->\n<title>Datenschutzrichtlinie | Grand Ascot Hotel<\/title>\n<meta name=\"description\" content=\"Datenschutzrichtlinie grandascot.pl\" \/>\n<meta name=\"robots\" content=\"noindex, nofollow\" \/>\n<meta property=\"og:locale\" content=\"de_DE\" \/>\n<meta property=\"og:type\" content=\"article\" \/>\n<meta property=\"og:title\" content=\"Datenschutzrichtlinie\" \/>\n<meta property=\"og:description\" content=\"Datenschutzrichtlinie grandascot.pl\" \/>\n<meta property=\"og:url\" content=\"https:\/\/grandascot.pl\/de\/datenschutzrichtlinie\/\" \/>\n<meta property=\"og:site_name\" content=\"Grand Ascot Hotel\" \/>\n<meta property=\"article:publisher\" content=\"https:\/\/www.facebook.com\/grandascothotel\/\" \/>\n<meta property=\"article:modified_time\" content=\"2024-03-12T18:15:13+00:00\" \/>\n<meta name=\"twitter:card\" content=\"summary_large_image\" \/>\n<meta name=\"twitter:site\" content=\"@GrandAscot\" \/>\n<meta name=\"twitter:label1\" content=\"Gesch\u00e4tzte Lesezeit\" \/>\n\t<meta name=\"twitter:data1\" content=\"11\u00a0Minute\" \/>\n<script type=\"application\/ld+json\" class=\"yoast-schema-graph\">{\"@context\":\"https:\\\/\\\/schema.org\",\"@graph\":[{\"@type\":\"WebPage\",\"@id\":\"https:\\\/\\\/grandascot.pl\\\/de\\\/datenschutzrichtlinie\\\/\",\"url\":\"https:\\\/\\\/grandascot.pl\\\/de\\\/datenschutzrichtlinie\\\/\",\"name\":\"Datenschutzrichtlinie | Grand Ascot Hotel\",\"isPartOf\":{\"@id\":\"https:\\\/\\\/grandascot.pl\\\/#website\"},\"datePublished\":\"2018-06-28T13:12:27+00:00\",\"dateModified\":\"2024-03-12T18:15:13+00:00\",\"description\":\"Datenschutzrichtlinie grandascot.pl\",\"breadcrumb\":{\"@id\":\"https:\\\/\\\/grandascot.pl\\\/de\\\/datenschutzrichtlinie\\\/#breadcrumb\"},\"inLanguage\":\"de\",\"potentialAction\":[{\"@type\":\"ReadAction\",\"target\":[\"https:\\\/\\\/grandascot.pl\\\/de\\\/datenschutzrichtlinie\\\/\"]}]},{\"@type\":\"BreadcrumbList\",\"@id\":\"https:\\\/\\\/grandascot.pl\\\/de\\\/datenschutzrichtlinie\\\/#breadcrumb\",\"itemListElement\":[{\"@type\":\"ListItem\",\"position\":1,\"name\":\"Strona g\u0142\u00f3wna\",\"item\":\"https:\\\/\\\/grandascot.pl\\\/de\\\/\"},{\"@type\":\"ListItem\",\"position\":2,\"name\":\"Datenschutzrichtlinie\"}]},{\"@type\":\"WebSite\",\"@id\":\"https:\\\/\\\/grandascot.pl\\\/#website\",\"url\":\"https:\\\/\\\/grandascot.pl\\\/\",\"name\":\"Grand Ascot Hotel\",\"description\":\"Twoje miejsce w sercu Krakowa\",\"publisher\":{\"@id\":\"https:\\\/\\\/grandascot.pl\\\/#organization\"},\"potentialAction\":[{\"@type\":\"SearchAction\",\"target\":{\"@type\":\"EntryPoint\",\"urlTemplate\":\"https:\\\/\\\/grandascot.pl\\\/?s={search_term_string}\"},\"query-input\":{\"@type\":\"PropertyValueSpecification\",\"valueRequired\":true,\"valueName\":\"search_term_string\"}}],\"inLanguage\":\"de\"},{\"@type\":\"Organization\",\"@id\":\"https:\\\/\\\/grandascot.pl\\\/#organization\",\"name\":\"Grand Ascot Hotel\",\"url\":\"https:\\\/\\\/grandascot.pl\\\/\",\"logo\":{\"@type\":\"ImageObject\",\"inLanguage\":\"de\",\"@id\":\"https:\\\/\\\/grandascot.pl\\\/#\\\/schema\\\/logo\\\/image\\\/\",\"url\":\"https:\\\/\\\/grandascot.pl\\\/wp-content\\\/uploads\\\/2017\\\/12\\\/Grand-Ascot-logo-04.jpg\",\"contentUrl\":\"https:\\\/\\\/grandascot.pl\\\/wp-content\\\/uploads\\\/2017\\\/12\\\/Grand-Ascot-logo-04.jpg\",\"width\":1667,\"height\":1667,\"caption\":\"Grand Ascot Hotel\"},\"image\":{\"@id\":\"https:\\\/\\\/grandascot.pl\\\/#\\\/schema\\\/logo\\\/image\\\/\"},\"sameAs\":[\"https:\\\/\\\/www.facebook.com\\\/grandascothotel\\\/\",\"https:\\\/\\\/x.com\\\/GrandAscot\",\"https:\\\/\\\/www.instagram.com\\\/grandascot\\\/\",\"https:\\\/\\\/www.linkedin.com\\\/in\\\/grandascothotel\",\"https:\\\/\\\/www.youtube.com\\\/channel\\\/UCg9pe9yfqzzna8MahLl5PMQ\\\/\"]}]}<\/script>\n<!-- \/ Yoast SEO Premium plugin. -->","yoast_head_json":{"title":"Datenschutzrichtlinie | Grand Ascot Hotel","description":"Datenschutzrichtlinie grandascot.pl","robots":{"index":"noindex","follow":"nofollow"},"og_locale":"de_DE","og_type":"article","og_title":"Datenschutzrichtlinie","og_description":"Datenschutzrichtlinie grandascot.pl","og_url":"https:\/\/grandascot.pl\/de\/datenschutzrichtlinie\/","og_site_name":"Grand Ascot Hotel","article_publisher":"https:\/\/www.facebook.com\/grandascothotel\/","article_modified_time":"2024-03-12T18:15:13+00:00","twitter_card":"summary_large_image","twitter_site":"@GrandAscot","twitter_misc":{"Gesch\u00e4tzte Lesezeit":"11\u00a0Minute"},"schema":{"@context":"https:\/\/schema.org","@graph":[{"@type":"WebPage","@id":"https:\/\/grandascot.pl\/de\/datenschutzrichtlinie\/","url":"https:\/\/grandascot.pl\/de\/datenschutzrichtlinie\/","name":"Datenschutzrichtlinie | Grand Ascot Hotel","isPartOf":{"@id":"https:\/\/grandascot.pl\/#website"},"datePublished":"2018-06-28T13:12:27+00:00","dateModified":"2024-03-12T18:15:13+00:00","description":"Datenschutzrichtlinie grandascot.pl","breadcrumb":{"@id":"https:\/\/grandascot.pl\/de\/datenschutzrichtlinie\/#breadcrumb"},"inLanguage":"de","potentialAction":[{"@type":"ReadAction","target":["https:\/\/grandascot.pl\/de\/datenschutzrichtlinie\/"]}]},{"@type":"BreadcrumbList","@id":"https:\/\/grandascot.pl\/de\/datenschutzrichtlinie\/#breadcrumb","itemListElement":[{"@type":"ListItem","position":1,"name":"Strona g\u0142\u00f3wna","item":"https:\/\/grandascot.pl\/de\/"},{"@type":"ListItem","position":2,"name":"Datenschutzrichtlinie"}]},{"@type":"WebSite","@id":"https:\/\/grandascot.pl\/#website","url":"https:\/\/grandascot.pl\/","name":"Grand Ascot Hotel","description":"Twoje miejsce w sercu Krakowa","publisher":{"@id":"https:\/\/grandascot.pl\/#organization"},"potentialAction":[{"@type":"SearchAction","target":{"@type":"EntryPoint","urlTemplate":"https:\/\/grandascot.pl\/?s={search_term_string}"},"query-input":{"@type":"PropertyValueSpecification","valueRequired":true,"valueName":"search_term_string"}}],"inLanguage":"de"},{"@type":"Organization","@id":"https:\/\/grandascot.pl\/#organization","name":"Grand Ascot Hotel","url":"https:\/\/grandascot.pl\/","logo":{"@type":"ImageObject","inLanguage":"de","@id":"https:\/\/grandascot.pl\/#\/schema\/logo\/image\/","url":"https:\/\/grandascot.pl\/wp-content\/uploads\/2017\/12\/Grand-Ascot-logo-04.jpg","contentUrl":"https:\/\/grandascot.pl\/wp-content\/uploads\/2017\/12\/Grand-Ascot-logo-04.jpg","width":1667,"height":1667,"caption":"Grand Ascot Hotel"},"image":{"@id":"https:\/\/grandascot.pl\/#\/schema\/logo\/image\/"},"sameAs":["https:\/\/www.facebook.com\/grandascothotel\/","https:\/\/x.com\/GrandAscot","https:\/\/www.instagram.com\/grandascot\/","https:\/\/www.linkedin.com\/in\/grandascothotel","https:\/\/www.youtube.com\/channel\/UCg9pe9yfqzzna8MahLl5PMQ\/"]}]}},"_links":{"self":[{"href":"https:\/\/grandascot.pl\/de\/wp-json\/wp\/v2\/pages\/1097","targetHints":{"allow":["GET"]}}],"collection":[{"href":"https:\/\/grandascot.pl\/de\/wp-json\/wp\/v2\/pages"}],"about":[{"href":"https:\/\/grandascot.pl\/de\/wp-json\/wp\/v2\/types\/page"}],"author":[{"embeddable":true,"href":"https:\/\/grandascot.pl\/de\/wp-json\/wp\/v2\/users\/2"}],"replies":[{"embeddable":true,"href":"https:\/\/grandascot.pl\/de\/wp-json\/wp\/v2\/comments?post=1097"}],"version-history":[{"count":10,"href":"https:\/\/grandascot.pl\/de\/wp-json\/wp\/v2\/pages\/1097\/revisions"}],"predecessor-version":[{"id":6887,"href":"https:\/\/grandascot.pl\/de\/wp-json\/wp\/v2\/pages\/1097\/revisions\/6887"}],"wp:attachment":[{"href":"https:\/\/grandascot.pl\/de\/wp-json\/wp\/v2\/media?parent=1097"}],"curies":[{"name":"wp","href":"https:\/\/api.w.org\/{rel}","templated":true}]}}